{"id":999,"date":"2020-11-09T13:15:15","date_gmt":"2020-11-09T13:15:15","guid":{"rendered":"https:\/\/www.ikonorm.com\/?post_type=product&#038;p=999"},"modified":"2020-11-09T13:15:15","modified_gmt":"2020-11-09T13:15:15","slug":"asme-bpvc-ii-c-codigo-asme-bpvc-ii-c-2019-2","status":"publish","type":"product","link":"https:\/\/www.ikonorm.com\/index.php\/producto\/asme-bpvc-ii-c-codigo-asme-bpvc-ii-c-2019-2\/","title":{"rendered":"ASME BPVC-II C  CODIGO ASME       BPVC.II.C-2019"},"content":{"rendered":"","protected":false},"excerpt":{"rendered":"<p>SE\u00c7\u00c3O II-C ESPECIFICA\u00c7\u00d5ES PARA SOLDAGENS, ELETRODOS E METAIS DE PREENCHIMENTO &#8211; MATERIAIS EM C\u00d3DIGO ASME PARA CALDEIRAS E VASOS DE PRESS\u00c3O SE\u00c7\u00c3O II: MATERIAIS PARTE C: ESPECIFICA\u00c7\u00d5ES PARA SOLDAS, ELETRODOS E ENCHIMENTO<\/p>\n<p>Esta Se\u00e7\u00e3o \u00e9 uma \u00abSe\u00e7\u00e3o de Servi\u00e7os\u00bb para as outras Se\u00e7\u00f5es de BPVC que fornecem especifica\u00e7\u00f5es de materiais para fabrica\u00e7\u00e3o, aceitabilidade, qu\u00edmica, mec\u00e2nica, revestimento, requisitos e procedimentos de testes, opera\u00e7\u00e3o e usos para barras de solda, eletrodos e metais de preenchimento. Esta Se\u00e7\u00e3o do c\u00f3digo asme pbcv edi\u00e7\u00e3o 2019 \u00e9 uma \u00abSe\u00e7\u00e3o de Servi\u00e7os\u00bb que fornece especifica\u00e7\u00f5es de materiais para fabrica\u00e7\u00e3o, aceitabilidade, produtos qu\u00edmicos, mec\u00e2nicos, revestimento, requisitos e procedimentos de testes e opera\u00e7\u00e3o.<\/p>\n","protected":false},"featured_media":494,"comment_status":"open","ping_status":"closed","template":"","meta":{"_monsterinsights_skip_tracking":false,"_monsterinsights_sitenote_active":false,"_monsterinsights_sitenote_note":"","_monsterinsights_sitenote_category":0},"class_list":["post-999","product","type-product","status-publish","has-post-thumbnail","hentry","product_cat-manuais","product_cat-vasos-de-pressao-manuais","col-xs-6 col-sm-4","col-mf-5","un--cols"],"yoast_head":"<!-- This site is optimized with the Yoast SEO plugin v15.9.2 - https:\/\/yoast.com\/wordpress\/plugins\/seo\/ -->\n<title>ASME BPVC-II C CODIGO ASME    BPVC.II.C-2019 - Tienda de normas e informaci\u00f3n t\u00e9cnica- IKONORM<\/title>\n<link rel=\"canonical\" href=\"https:\/\/www.ikonorm.com\/index.php\/producto\/asme-bpvc-ii-c-codigo-asme-bpvc-ii-c-2019-2\/\" \/>\n<meta property=\"og:locale\" content=\"es_ES\" \/>\n<meta property=\"og:type\" content=\"article\" \/>\n<meta property=\"og:title\" content=\"ASME BPVC-II C CODIGO ASME    BPVC.II.C-2019 - Tienda de normas e informaci\u00f3n t\u00e9cnica- IKONORM\" \/>\n<meta property=\"og:description\" content=\"SE\u00c7\u00c3O II-C ESPECIFICA\u00c7\u00d5ES PARA SOLDAGENS, ELETRODOS E METAIS DE PREENCHIMENTO - MATERIAIS EM C\u00d3DIGO ASME PARA CALDEIRAS E VASOS DE PRESS\u00c3O SE\u00c7\u00c3O II: MATERIAIS PARTE C: ESPECIFICA\u00c7\u00d5ES PARA SOLDAS, ELETRODOS E ENCHIMENTO  Esta Se\u00e7\u00e3o \u00e9 uma &quot;Se\u00e7\u00e3o de Servi\u00e7os&quot; para as outras Se\u00e7\u00f5es de BPVC que fornecem especifica\u00e7\u00f5es de materiais para fabrica\u00e7\u00e3o, aceitabilidade, qu\u00edmica, mec\u00e2nica, revestimento, requisitos e procedimentos de testes, opera\u00e7\u00e3o e usos para barras de solda, eletrodos e metais de preenchimento. Esta Se\u00e7\u00e3o do c\u00f3digo asme pbcv edi\u00e7\u00e3o 2019 \u00e9 uma &quot;Se\u00e7\u00e3o de Servi\u00e7os&quot; que fornece especifica\u00e7\u00f5es de materiais para fabrica\u00e7\u00e3o, aceitabilidade, produtos qu\u00edmicos, mec\u00e2nicos, revestimento, requisitos e procedimentos de testes e opera\u00e7\u00e3o.\" \/>\n<meta property=\"og:url\" content=\"https:\/\/www.ikonorm.com\/index.php\/producto\/asme-bpvc-ii-c-codigo-asme-bpvc-ii-c-2019-2\/\" \/>\n<meta property=\"og:site_name\" content=\"Tienda de normas e informaci\u00f3n t\u00e9cnica- IKONORM\" \/>\n<meta property=\"og:image\" content=\"https:\/\/www.ikonorm.com\/wp-content\/uploads\/2020\/05\/433x449-NORMAS-ASME-BPVC-II-C-IKONORM-1.jpg\" \/>\n\t<meta property=\"og:image:width\" content=\"433\" \/>\n\t<meta property=\"og:image:height\" content=\"449\" \/>\n<meta name=\"twitter:card\" content=\"summary_large_image\" \/>\n<script type=\"application\/ld+json\" class=\"yoast-schema-graph\">{\"@context\":\"https:\/\/schema.org\",\"@graph\":[{\"@type\":\"WebSite\",\"@id\":\"https:\/\/www.ikonorm.com\/#website\",\"url\":\"https:\/\/www.ikonorm.com\/\",\"name\":\"Tienda de normas e informaci\\u00f3n t\\u00e9cnica- IKONORM\",\"description\":\"\",\"potentialAction\":[{\"@type\":\"SearchAction\",\"target\":\"https:\/\/www.ikonorm.com\/?s={search_term_string}\",\"query-input\":\"required name=search_term_string\"}],\"inLanguage\":\"es\"},{\"@type\":\"ImageObject\",\"@id\":\"https:\/\/www.ikonorm.com\/index.php\/producto\/asme-bpvc-ii-c-codigo-asme-bpvc-ii-c-2019-2\/#primaryimage\",\"inLanguage\":\"es\",\"url\":\"https:\/\/www.ikonorm.com\/wp-content\/uploads\/2020\/05\/433x449-NORMAS-ASME-BPVC-II-C-IKONORM-1.jpg\",\"width\":433,\"height\":449},{\"@type\":\"WebPage\",\"@id\":\"https:\/\/www.ikonorm.com\/index.php\/producto\/asme-bpvc-ii-c-codigo-asme-bpvc-ii-c-2019-2\/#webpage\",\"url\":\"https:\/\/www.ikonorm.com\/index.php\/producto\/asme-bpvc-ii-c-codigo-asme-bpvc-ii-c-2019-2\/\",\"name\":\"ASME BPVC-II C CODIGO ASME BPVC.II.C-2019 - Tienda de normas e informaci\\u00f3n t\\u00e9cnica- IKONORM\",\"isPartOf\":{\"@id\":\"https:\/\/www.ikonorm.com\/#website\"},\"primaryImageOfPage\":{\"@id\":\"https:\/\/www.ikonorm.com\/index.php\/producto\/asme-bpvc-ii-c-codigo-asme-bpvc-ii-c-2019-2\/#primaryimage\"},\"datePublished\":\"2020-11-09T13:15:15+00:00\",\"dateModified\":\"2020-11-09T13:15:15+00:00\",\"breadcrumb\":{\"@id\":\"https:\/\/www.ikonorm.com\/index.php\/producto\/asme-bpvc-ii-c-codigo-asme-bpvc-ii-c-2019-2\/#breadcrumb\"},\"inLanguage\":\"es\",\"potentialAction\":[{\"@type\":\"ReadAction\",\"target\":[\"https:\/\/www.ikonorm.com\/index.php\/producto\/asme-bpvc-ii-c-codigo-asme-bpvc-ii-c-2019-2\/\"]}]},{\"@type\":\"BreadcrumbList\",\"@id\":\"https:\/\/www.ikonorm.com\/index.php\/producto\/asme-bpvc-ii-c-codigo-asme-bpvc-ii-c-2019-2\/#breadcrumb\",\"itemListElement\":[{\"@type\":\"ListItem\",\"position\":1,\"item\":{\"@type\":\"WebPage\",\"@id\":\"https:\/\/www.ikonorm.com\/\",\"url\":\"https:\/\/www.ikonorm.com\/\",\"name\":\"Portada\"}},{\"@type\":\"ListItem\",\"position\":2,\"item\":{\"@type\":\"WebPage\",\"@id\":\"https:\/\/www.ikonorm.com\/index.php\/shop\/\",\"url\":\"https:\/\/www.ikonorm.com\/index.php\/shop\/\",\"name\":\"Productos\"}},{\"@type\":\"ListItem\",\"position\":3,\"item\":{\"@type\":\"WebPage\",\"@id\":\"https:\/\/www.ikonorm.com\/index.php\/producto\/asme-bpvc-ii-c-codigo-asme-bpvc-ii-c-2019-2\/\",\"url\":\"https:\/\/www.ikonorm.com\/index.php\/producto\/asme-bpvc-ii-c-codigo-asme-bpvc-ii-c-2019-2\/\",\"name\":\"ASME BPVC-II C CODIGO ASME BPVC.II.C-2019\"}}]}]}<\/script>\n<!-- \/ Yoast SEO plugin. -->","_links":{"self":[{"href":"https:\/\/www.ikonorm.com\/index.php\/wp-json\/wp\/v2\/product\/999","targetHints":{"allow":["GET"]}}],"collection":[{"href":"https:\/\/www.ikonorm.com\/index.php\/wp-json\/wp\/v2\/product"}],"about":[{"href":"https:\/\/www.ikonorm.com\/index.php\/wp-json\/wp\/v2\/types\/product"}],"replies":[{"embeddable":true,"href":"https:\/\/www.ikonorm.com\/index.php\/wp-json\/wp\/v2\/comments?post=999"}],"wp:featuredmedia":[{"embeddable":true,"href":"https:\/\/www.ikonorm.com\/index.php\/wp-json\/wp\/v2\/media\/494"}],"wp:attachment":[{"href":"https:\/\/www.ikonorm.com\/index.php\/wp-json\/wp\/v2\/media?parent=999"}],"curies":[{"name":"wp","href":"https:\/\/api.w.org\/{rel}","templated":true}]}}