{"id":977,"date":"2020-11-09T12:25:15","date_gmt":"2020-11-09T12:25:15","guid":{"rendered":"https:\/\/www.ikonorm.com\/?post_type=product&#038;p=977"},"modified":"2020-11-09T12:25:15","modified_gmt":"2020-11-09T12:25:15","slug":"astm-d790-metodos-de-teste-padrao","status":"publish","type":"product","link":"https:\/\/www.ikonorm.com\/index.php\/producto\/astm-d790-metodos-de-teste-padrao\/","title":{"rendered":"ASTM D790 M\u00e9todos de Teste Padr\u00e3o"},"content":{"rendered":"","protected":false},"excerpt":{"rendered":"<p>M\u00e9todos de Teste Padr\u00e3o para Propriedades Flexurais de Pl\u00e1sticos N\u00e3o Refor\u00e7ados, Pl\u00e1sticos Refor\u00e7ados e Materiais Isolantes El\u00e9tricos<\/p>\n<p>As propriedades de flex\u00e3o determinadas por este m\u00e9todo de teste s\u00e3o especialmente \u00fateis para fins de controle de qualidade e especifica\u00e7\u00e3o<\/p>\n","protected":false},"featured_media":191,"comment_status":"open","ping_status":"closed","template":"","meta":{"_monsterinsights_skip_tracking":false,"_monsterinsights_sitenote_active":false,"_monsterinsights_sitenote_note":"","_monsterinsights_sitenote_category":0},"class_list":["post-977","product","type-product","status-publish","has-post-thumbnail","hentry","product_cat-materiais-regras","product_cat-regras","col-xs-6 col-sm-4","col-mf-5","un--cols"],"yoast_head":"<!-- This site is optimized with the Yoast SEO plugin v15.9.2 - https:\/\/yoast.com\/wordpress\/plugins\/seo\/ -->\n<title>ASTM D790 M\u00e9todos de Teste Padr\u00e3o - Tienda de normas e informaci\u00f3n t\u00e9cnica- IKONORM<\/title>\n<link rel=\"canonical\" href=\"https:\/\/www.ikonorm.com\/index.php\/producto\/astm-d790-metodos-de-teste-padrao\/\" \/>\n<meta property=\"og:locale\" content=\"es_ES\" \/>\n<meta property=\"og:type\" content=\"article\" \/>\n<meta property=\"og:title\" content=\"ASTM D790 M\u00e9todos de Teste Padr\u00e3o - Tienda de normas e informaci\u00f3n t\u00e9cnica- IKONORM\" \/>\n<meta property=\"og:description\" content=\"M\u00e9todos de Teste Padr\u00e3o para Propriedades Flexurais de Pl\u00e1sticos N\u00e3o Refor\u00e7ados, Pl\u00e1sticos Refor\u00e7ados e Materiais Isolantes El\u00e9tricos  As propriedades de flex\u00e3o determinadas por este m\u00e9todo de teste s\u00e3o especialmente \u00fateis para fins de controle de qualidade e especifica\u00e7\u00e3o\" \/>\n<meta property=\"og:url\" content=\"https:\/\/www.ikonorm.com\/index.php\/producto\/astm-d790-metodos-de-teste-padrao\/\" \/>\n<meta property=\"og:site_name\" content=\"Tienda de normas e informaci\u00f3n t\u00e9cnica- IKONORM\" \/>\n<meta property=\"og:image\" content=\"https:\/\/www.ikonorm.com\/wp-content\/uploads\/2020\/05\/433x449-NORMAS-ASTMD790-IKONORM.jpg\" \/>\n\t<meta property=\"og:image:width\" content=\"433\" \/>\n\t<meta property=\"og:image:height\" content=\"449\" \/>\n<meta name=\"twitter:card\" content=\"summary_large_image\" \/>\n<script type=\"application\/ld+json\" class=\"yoast-schema-graph\">{\"@context\":\"https:\/\/schema.org\",\"@graph\":[{\"@type\":\"WebSite\",\"@id\":\"https:\/\/www.ikonorm.com\/#website\",\"url\":\"https:\/\/www.ikonorm.com\/\",\"name\":\"Tienda de normas e informaci\\u00f3n t\\u00e9cnica- IKONORM\",\"description\":\"\",\"potentialAction\":[{\"@type\":\"SearchAction\",\"target\":\"https:\/\/www.ikonorm.com\/?s={search_term_string}\",\"query-input\":\"required name=search_term_string\"}],\"inLanguage\":\"es\"},{\"@type\":\"ImageObject\",\"@id\":\"https:\/\/www.ikonorm.com\/index.php\/producto\/astm-d790-metodos-de-teste-padrao\/#primaryimage\",\"inLanguage\":\"es\",\"url\":\"https:\/\/www.ikonorm.com\/wp-content\/uploads\/2020\/05\/433x449-NORMAS-ASTMD790-IKONORM.jpg\",\"width\":433,\"height\":449},{\"@type\":\"WebPage\",\"@id\":\"https:\/\/www.ikonorm.com\/index.php\/producto\/astm-d790-metodos-de-teste-padrao\/#webpage\",\"url\":\"https:\/\/www.ikonorm.com\/index.php\/producto\/astm-d790-metodos-de-teste-padrao\/\",\"name\":\"ASTM D790 M\\u00e9todos de Teste Padr\\u00e3o - Tienda de normas e informaci\\u00f3n t\\u00e9cnica- IKONORM\",\"isPartOf\":{\"@id\":\"https:\/\/www.ikonorm.com\/#website\"},\"primaryImageOfPage\":{\"@id\":\"https:\/\/www.ikonorm.com\/index.php\/producto\/astm-d790-metodos-de-teste-padrao\/#primaryimage\"},\"datePublished\":\"2020-11-09T12:25:15+00:00\",\"dateModified\":\"2020-11-09T12:25:15+00:00\",\"breadcrumb\":{\"@id\":\"https:\/\/www.ikonorm.com\/index.php\/producto\/astm-d790-metodos-de-teste-padrao\/#breadcrumb\"},\"inLanguage\":\"es\",\"potentialAction\":[{\"@type\":\"ReadAction\",\"target\":[\"https:\/\/www.ikonorm.com\/index.php\/producto\/astm-d790-metodos-de-teste-padrao\/\"]}]},{\"@type\":\"BreadcrumbList\",\"@id\":\"https:\/\/www.ikonorm.com\/index.php\/producto\/astm-d790-metodos-de-teste-padrao\/#breadcrumb\",\"itemListElement\":[{\"@type\":\"ListItem\",\"position\":1,\"item\":{\"@type\":\"WebPage\",\"@id\":\"https:\/\/www.ikonorm.com\/\",\"url\":\"https:\/\/www.ikonorm.com\/\",\"name\":\"Portada\"}},{\"@type\":\"ListItem\",\"position\":2,\"item\":{\"@type\":\"WebPage\",\"@id\":\"https:\/\/www.ikonorm.com\/index.php\/shop\/\",\"url\":\"https:\/\/www.ikonorm.com\/index.php\/shop\/\",\"name\":\"Productos\"}},{\"@type\":\"ListItem\",\"position\":3,\"item\":{\"@type\":\"WebPage\",\"@id\":\"https:\/\/www.ikonorm.com\/index.php\/producto\/astm-d790-metodos-de-teste-padrao\/\",\"url\":\"https:\/\/www.ikonorm.com\/index.php\/producto\/astm-d790-metodos-de-teste-padrao\/\",\"name\":\"ASTM D790 M\\u00e9todos de Teste Padr\\u00e3o\"}}]}]}<\/script>\n<!-- \/ Yoast SEO plugin. -->","_links":{"self":[{"href":"https:\/\/www.ikonorm.com\/index.php\/wp-json\/wp\/v2\/product\/977","targetHints":{"allow":["GET"]}}],"collection":[{"href":"https:\/\/www.ikonorm.com\/index.php\/wp-json\/wp\/v2\/product"}],"about":[{"href":"https:\/\/www.ikonorm.com\/index.php\/wp-json\/wp\/v2\/types\/product"}],"replies":[{"embeddable":true,"href":"https:\/\/www.ikonorm.com\/index.php\/wp-json\/wp\/v2\/comments?post=977"}],"wp:featuredmedia":[{"embeddable":true,"href":"https:\/\/www.ikonorm.com\/index.php\/wp-json\/wp\/v2\/media\/191"}],"wp:attachment":[{"href":"https:\/\/www.ikonorm.com\/index.php\/wp-json\/wp\/v2\/media?parent=977"}],"curies":[{"name":"wp","href":"https:\/\/api.w.org\/{rel}","templated":true}]}}