{"id":976,"date":"2020-11-09T12:23:17","date_gmt":"2020-11-09T12:23:17","guid":{"rendered":"https:\/\/www.ikonorm.com\/?post_type=product&#038;p=976"},"modified":"2020-11-09T12:23:17","modified_gmt":"2020-11-09T12:23:17","slug":"api-571-mecanismos-de-danos-2","status":"publish","type":"product","link":"https:\/\/www.ikonorm.com\/index.php\/producto\/api-571-mecanismos-de-danos-2\/","title":{"rendered":"API 571 Mecanismos de danos"},"content":{"rendered":"","protected":false},"excerpt":{"rendered":"<p>Mecanismos de danos que afetam os equipamentos fixos na ind\u00fastria de refina\u00e7\u00e3o<\/p>\n<p>Esta melhor pr\u00e1tica fornece orienta\u00e7\u00f5es gerais sobre os mecanismos de danos mais prov\u00e1veis que afetam as ligas comuns utilizadas na ind\u00fastria petroqu\u00edmica e de refina\u00e7\u00e3o.<\/p>\n","protected":false},"featured_media":189,"comment_status":"open","ping_status":"closed","template":"","meta":{"_monsterinsights_skip_tracking":false,"_monsterinsights_sitenote_active":false,"_monsterinsights_sitenote_note":"","_monsterinsights_sitenote_category":0},"class_list":["post-976","product","type-product","status-publish","has-post-thumbnail","hentry","product_cat-materiais-regras","product_cat-regras","col-xs-6 col-sm-4","col-mf-5","un--cols"],"yoast_head":"<!-- This site is optimized with the Yoast SEO plugin v15.9.2 - https:\/\/yoast.com\/wordpress\/plugins\/seo\/ -->\n<title>API 571 Mecanismos de danos - Tienda de normas e informaci\u00f3n t\u00e9cnica- IKONORM<\/title>\n<link rel=\"canonical\" href=\"https:\/\/www.ikonorm.com\/index.php\/producto\/api-571-mecanismos-de-danos-2\/\" \/>\n<meta property=\"og:locale\" content=\"es_ES\" \/>\n<meta property=\"og:type\" content=\"article\" \/>\n<meta property=\"og:title\" content=\"API 571 Mecanismos de danos - Tienda de normas e informaci\u00f3n t\u00e9cnica- IKONORM\" \/>\n<meta property=\"og:description\" content=\"Mecanismos de danos que afetam os equipamentos fixos na ind\u00fastria de refina\u00e7\u00e3o  Esta melhor pr\u00e1tica fornece orienta\u00e7\u00f5es gerais sobre os mecanismos de danos mais prov\u00e1veis que afetam as ligas comuns utilizadas na ind\u00fastria petroqu\u00edmica e de refina\u00e7\u00e3o.\" \/>\n<meta property=\"og:url\" content=\"https:\/\/www.ikonorm.com\/index.php\/producto\/api-571-mecanismos-de-danos-2\/\" \/>\n<meta property=\"og:site_name\" content=\"Tienda de normas e informaci\u00f3n t\u00e9cnica- IKONORM\" \/>\n<meta property=\"og:image\" content=\"https:\/\/www.ikonorm.com\/wp-content\/uploads\/2020\/05\/433x449-NORMAS-API571-IKONORM.jpg\" \/>\n\t<meta property=\"og:image:width\" content=\"433\" \/>\n\t<meta property=\"og:image:height\" content=\"449\" \/>\n<meta name=\"twitter:card\" content=\"summary_large_image\" \/>\n<script type=\"application\/ld+json\" class=\"yoast-schema-graph\">{\"@context\":\"https:\/\/schema.org\",\"@graph\":[{\"@type\":\"WebSite\",\"@id\":\"https:\/\/www.ikonorm.com\/#website\",\"url\":\"https:\/\/www.ikonorm.com\/\",\"name\":\"Tienda de normas e informaci\\u00f3n t\\u00e9cnica- IKONORM\",\"description\":\"\",\"potentialAction\":[{\"@type\":\"SearchAction\",\"target\":\"https:\/\/www.ikonorm.com\/?s={search_term_string}\",\"query-input\":\"required name=search_term_string\"}],\"inLanguage\":\"es\"},{\"@type\":\"ImageObject\",\"@id\":\"https:\/\/www.ikonorm.com\/index.php\/producto\/api-571-mecanismos-de-danos-2\/#primaryimage\",\"inLanguage\":\"es\",\"url\":\"https:\/\/www.ikonorm.com\/wp-content\/uploads\/2020\/05\/433x449-NORMAS-API571-IKONORM.jpg\",\"width\":433,\"height\":449},{\"@type\":\"WebPage\",\"@id\":\"https:\/\/www.ikonorm.com\/index.php\/producto\/api-571-mecanismos-de-danos-2\/#webpage\",\"url\":\"https:\/\/www.ikonorm.com\/index.php\/producto\/api-571-mecanismos-de-danos-2\/\",\"name\":\"API 571 Mecanismos de danos - Tienda de normas e informaci\\u00f3n t\\u00e9cnica- IKONORM\",\"isPartOf\":{\"@id\":\"https:\/\/www.ikonorm.com\/#website\"},\"primaryImageOfPage\":{\"@id\":\"https:\/\/www.ikonorm.com\/index.php\/producto\/api-571-mecanismos-de-danos-2\/#primaryimage\"},\"datePublished\":\"2020-11-09T12:23:17+00:00\",\"dateModified\":\"2020-11-09T12:23:17+00:00\",\"breadcrumb\":{\"@id\":\"https:\/\/www.ikonorm.com\/index.php\/producto\/api-571-mecanismos-de-danos-2\/#breadcrumb\"},\"inLanguage\":\"es\",\"potentialAction\":[{\"@type\":\"ReadAction\",\"target\":[\"https:\/\/www.ikonorm.com\/index.php\/producto\/api-571-mecanismos-de-danos-2\/\"]}]},{\"@type\":\"BreadcrumbList\",\"@id\":\"https:\/\/www.ikonorm.com\/index.php\/producto\/api-571-mecanismos-de-danos-2\/#breadcrumb\",\"itemListElement\":[{\"@type\":\"ListItem\",\"position\":1,\"item\":{\"@type\":\"WebPage\",\"@id\":\"https:\/\/www.ikonorm.com\/\",\"url\":\"https:\/\/www.ikonorm.com\/\",\"name\":\"Portada\"}},{\"@type\":\"ListItem\",\"position\":2,\"item\":{\"@type\":\"WebPage\",\"@id\":\"https:\/\/www.ikonorm.com\/index.php\/shop\/\",\"url\":\"https:\/\/www.ikonorm.com\/index.php\/shop\/\",\"name\":\"Productos\"}},{\"@type\":\"ListItem\",\"position\":3,\"item\":{\"@type\":\"WebPage\",\"@id\":\"https:\/\/www.ikonorm.com\/index.php\/producto\/api-571-mecanismos-de-danos-2\/\",\"url\":\"https:\/\/www.ikonorm.com\/index.php\/producto\/api-571-mecanismos-de-danos-2\/\",\"name\":\"API 571 Mecanismos de danos\"}}]}]}<\/script>\n<!-- \/ Yoast SEO plugin. -->","_links":{"self":[{"href":"https:\/\/www.ikonorm.com\/index.php\/wp-json\/wp\/v2\/product\/976","targetHints":{"allow":["GET"]}}],"collection":[{"href":"https:\/\/www.ikonorm.com\/index.php\/wp-json\/wp\/v2\/product"}],"about":[{"href":"https:\/\/www.ikonorm.com\/index.php\/wp-json\/wp\/v2\/types\/product"}],"replies":[{"embeddable":true,"href":"https:\/\/www.ikonorm.com\/index.php\/wp-json\/wp\/v2\/comments?post=976"}],"wp:featuredmedia":[{"embeddable":true,"href":"https:\/\/www.ikonorm.com\/index.php\/wp-json\/wp\/v2\/media\/189"}],"wp:attachment":[{"href":"https:\/\/www.ikonorm.com\/index.php\/wp-json\/wp\/v2\/media?parent=976"}],"curies":[{"name":"wp","href":"https:\/\/api.w.org\/{rel}","templated":true}]}}