{"id":958,"date":"2020-11-08T04:31:48","date_gmt":"2020-11-08T04:31:48","guid":{"rendered":"https:\/\/www.ikonorm.com\/?post_type=product&#038;p=958"},"modified":"2020-11-08T04:31:48","modified_gmt":"2020-11-08T04:31:48","slug":"indicacoes-falsas-e-nao-relevantes","status":"publish","type":"product","link":"https:\/\/www.ikonorm.com\/index.php\/producto\/indicacoes-falsas-e-nao-relevantes\/","title":{"rendered":"Indica\u00e7\u00f5es falsas e n\u00e3o relevantes"},"content":{"rendered":"","protected":false},"excerpt":{"rendered":"<p>oferece uma cobertura abrangente de indica\u00e7\u00f5es falsas e n\u00e3o relevantes para cinco m\u00e9todos principais: testes eletromagn\u00e9ticos, de penetra\u00e7\u00e3o de l\u00edquidos, de part\u00edculas magn\u00e9ticas, de raios X e ultra-s\u00f4nicos<\/p>\n","protected":false},"featured_media":384,"comment_status":"open","ping_status":"closed","template":"","meta":{"_monsterinsights_skip_tracking":false,"_monsterinsights_sitenote_active":false,"_monsterinsights_sitenote_note":"","_monsterinsights_sitenote_category":0},"class_list":["post-958","product","type-product","status-publish","has-post-thumbnail","hentry","product_cat-ensaios-livros-e-guias","product_cat-livros-e-guias","col-xs-6 col-sm-4","col-mf-5","un--cols"],"yoast_head":"<!-- This site is optimized with the Yoast SEO plugin v15.9.2 - https:\/\/yoast.com\/wordpress\/plugins\/seo\/ -->\n<title>Indica\u00e7\u00f5es falsas e n\u00e3o relevantes - Tienda de normas e informaci\u00f3n t\u00e9cnica- IKONORM<\/title>\n<link rel=\"canonical\" href=\"https:\/\/www.ikonorm.com\/index.php\/producto\/indicacoes-falsas-e-nao-relevantes\/\" \/>\n<meta property=\"og:locale\" content=\"es_ES\" \/>\n<meta property=\"og:type\" content=\"article\" \/>\n<meta property=\"og:title\" content=\"Indica\u00e7\u00f5es falsas e n\u00e3o relevantes - Tienda de normas e informaci\u00f3n t\u00e9cnica- IKONORM\" \/>\n<meta property=\"og:description\" content=\"oferece uma cobertura abrangente de indica\u00e7\u00f5es falsas e n\u00e3o relevantes para cinco m\u00e9todos principais: testes eletromagn\u00e9ticos, de penetra\u00e7\u00e3o de l\u00edquidos, de part\u00edculas magn\u00e9ticas, de raios X e ultra-s\u00f4nicos\" \/>\n<meta property=\"og:url\" content=\"https:\/\/www.ikonorm.com\/index.php\/producto\/indicacoes-falsas-e-nao-relevantes\/\" \/>\n<meta property=\"og:site_name\" content=\"Tienda de normas e informaci\u00f3n t\u00e9cnica- IKONORM\" \/>\n<meta property=\"og:image\" content=\"https:\/\/www.ikonorm.com\/wp-content\/uploads\/2020\/05\/433x449-LIBROS-Nonrelevant-and-False-Indications-IKONORM.jpg\" \/>\n\t<meta property=\"og:image:width\" content=\"433\" \/>\n\t<meta property=\"og:image:height\" content=\"449\" \/>\n<meta name=\"twitter:card\" content=\"summary_large_image\" \/>\n<script type=\"application\/ld+json\" class=\"yoast-schema-graph\">{\"@context\":\"https:\/\/schema.org\",\"@graph\":[{\"@type\":\"WebSite\",\"@id\":\"https:\/\/www.ikonorm.com\/#website\",\"url\":\"https:\/\/www.ikonorm.com\/\",\"name\":\"Tienda de normas e informaci\\u00f3n t\\u00e9cnica- IKONORM\",\"description\":\"\",\"potentialAction\":[{\"@type\":\"SearchAction\",\"target\":\"https:\/\/www.ikonorm.com\/?s={search_term_string}\",\"query-input\":\"required name=search_term_string\"}],\"inLanguage\":\"es\"},{\"@type\":\"ImageObject\",\"@id\":\"https:\/\/www.ikonorm.com\/index.php\/producto\/indicacoes-falsas-e-nao-relevantes\/#primaryimage\",\"inLanguage\":\"es\",\"url\":\"https:\/\/www.ikonorm.com\/wp-content\/uploads\/2020\/05\/433x449-LIBROS-Nonrelevant-and-False-Indications-IKONORM.jpg\",\"width\":433,\"height\":449},{\"@type\":\"WebPage\",\"@id\":\"https:\/\/www.ikonorm.com\/index.php\/producto\/indicacoes-falsas-e-nao-relevantes\/#webpage\",\"url\":\"https:\/\/www.ikonorm.com\/index.php\/producto\/indicacoes-falsas-e-nao-relevantes\/\",\"name\":\"Indica\\u00e7\\u00f5es falsas e n\\u00e3o relevantes - Tienda de normas e informaci\\u00f3n t\\u00e9cnica- IKONORM\",\"isPartOf\":{\"@id\":\"https:\/\/www.ikonorm.com\/#website\"},\"primaryImageOfPage\":{\"@id\":\"https:\/\/www.ikonorm.com\/index.php\/producto\/indicacoes-falsas-e-nao-relevantes\/#primaryimage\"},\"datePublished\":\"2020-11-08T04:31:48+00:00\",\"dateModified\":\"2020-11-08T04:31:48+00:00\",\"breadcrumb\":{\"@id\":\"https:\/\/www.ikonorm.com\/index.php\/producto\/indicacoes-falsas-e-nao-relevantes\/#breadcrumb\"},\"inLanguage\":\"es\",\"potentialAction\":[{\"@type\":\"ReadAction\",\"target\":[\"https:\/\/www.ikonorm.com\/index.php\/producto\/indicacoes-falsas-e-nao-relevantes\/\"]}]},{\"@type\":\"BreadcrumbList\",\"@id\":\"https:\/\/www.ikonorm.com\/index.php\/producto\/indicacoes-falsas-e-nao-relevantes\/#breadcrumb\",\"itemListElement\":[{\"@type\":\"ListItem\",\"position\":1,\"item\":{\"@type\":\"WebPage\",\"@id\":\"https:\/\/www.ikonorm.com\/\",\"url\":\"https:\/\/www.ikonorm.com\/\",\"name\":\"Portada\"}},{\"@type\":\"ListItem\",\"position\":2,\"item\":{\"@type\":\"WebPage\",\"@id\":\"https:\/\/www.ikonorm.com\/index.php\/shop\/\",\"url\":\"https:\/\/www.ikonorm.com\/index.php\/shop\/\",\"name\":\"Productos\"}},{\"@type\":\"ListItem\",\"position\":3,\"item\":{\"@type\":\"WebPage\",\"@id\":\"https:\/\/www.ikonorm.com\/index.php\/producto\/indicacoes-falsas-e-nao-relevantes\/\",\"url\":\"https:\/\/www.ikonorm.com\/index.php\/producto\/indicacoes-falsas-e-nao-relevantes\/\",\"name\":\"Indica\\u00e7\\u00f5es falsas e n\\u00e3o relevantes\"}}]}]}<\/script>\n<!-- \/ Yoast SEO plugin. -->","_links":{"self":[{"href":"https:\/\/www.ikonorm.com\/index.php\/wp-json\/wp\/v2\/product\/958","targetHints":{"allow":["GET"]}}],"collection":[{"href":"https:\/\/www.ikonorm.com\/index.php\/wp-json\/wp\/v2\/product"}],"about":[{"href":"https:\/\/www.ikonorm.com\/index.php\/wp-json\/wp\/v2\/types\/product"}],"replies":[{"embeddable":true,"href":"https:\/\/www.ikonorm.com\/index.php\/wp-json\/wp\/v2\/comments?post=958"}],"wp:featuredmedia":[{"embeddable":true,"href":"https:\/\/www.ikonorm.com\/index.php\/wp-json\/wp\/v2\/media\/384"}],"wp:attachment":[{"href":"https:\/\/www.ikonorm.com\/index.php\/wp-json\/wp\/v2\/media?parent=958"}],"curies":[{"name":"wp","href":"https:\/\/api.w.org\/{rel}","templated":true}]}}