{"id":956,"date":"2020-11-08T04:28:37","date_gmt":"2020-11-08T04:28:37","guid":{"rendered":"https:\/\/www.ikonorm.com\/?post_type=product&#038;p=956"},"modified":"2020-11-08T04:28:37","modified_gmt":"2020-11-08T04:28:37","slug":"manual-asm-avaliacao-nao-destrutiva-e-controle-de-qualidade","status":"publish","type":"product","link":"https:\/\/www.ikonorm.com\/index.php\/producto\/manual-asm-avaliacao-nao-destrutiva-e-controle-de-qualidade\/","title":{"rendered":"Manual ASM: Avalia\u00e7\u00e3o n\u00e3o destrutiva e controle de qualidade"},"content":{"rendered":"","protected":false},"excerpt":{"rendered":"<p>Uma refer\u00eancia valiosa e de f\u00e1cil compreens\u00e3o para m\u00e9todos modernos de ECM e an\u00e1lise estat\u00edstica<\/p>\n","protected":false},"featured_media":380,"comment_status":"open","ping_status":"closed","template":"","meta":{"_monsterinsights_skip_tracking":false,"_monsterinsights_sitenote_active":false,"_monsterinsights_sitenote_note":"","_monsterinsights_sitenote_category":0},"class_list":["post-956","product","type-product","status-publish","has-post-thumbnail","hentry","product_cat-ensaios-manuais","product_cat-manuais","col-xs-6 col-sm-4","col-mf-5","un--cols"],"yoast_head":"<!-- This site is optimized with the Yoast SEO plugin v15.9.2 - https:\/\/yoast.com\/wordpress\/plugins\/seo\/ -->\n<title>Manual ASM: Avalia\u00e7\u00e3o n\u00e3o destrutiva e controle de qualidade - Tienda de normas e informaci\u00f3n t\u00e9cnica- IKONORM<\/title>\n<link rel=\"canonical\" href=\"https:\/\/www.ikonorm.com\/index.php\/producto\/manual-asm-avaliacao-nao-destrutiva-e-controle-de-qualidade\/\" \/>\n<meta property=\"og:locale\" content=\"es_ES\" \/>\n<meta property=\"og:type\" content=\"article\" \/>\n<meta property=\"og:title\" content=\"Manual ASM: Avalia\u00e7\u00e3o n\u00e3o destrutiva e controle de qualidade - Tienda de normas e informaci\u00f3n t\u00e9cnica- IKONORM\" \/>\n<meta property=\"og:description\" content=\"Uma refer\u00eancia valiosa e de f\u00e1cil compreens\u00e3o para m\u00e9todos modernos de ECM e an\u00e1lise estat\u00edstica\" \/>\n<meta property=\"og:url\" content=\"https:\/\/www.ikonorm.com\/index.php\/producto\/manual-asm-avaliacao-nao-destrutiva-e-controle-de-qualidade\/\" \/>\n<meta property=\"og:site_name\" content=\"Tienda de normas e informaci\u00f3n t\u00e9cnica- IKONORM\" \/>\n<meta property=\"og:image\" content=\"https:\/\/www.ikonorm.com\/wp-content\/uploads\/2020\/05\/433x449-HANDBOOK-ASM-Nondestructive-Evaluation-Quality-Control-IKONORM.jpg\" \/>\n\t<meta property=\"og:image:width\" content=\"433\" \/>\n\t<meta property=\"og:image:height\" content=\"449\" \/>\n<meta name=\"twitter:card\" content=\"summary_large_image\" \/>\n<script type=\"application\/ld+json\" class=\"yoast-schema-graph\">{\"@context\":\"https:\/\/schema.org\",\"@graph\":[{\"@type\":\"WebSite\",\"@id\":\"https:\/\/www.ikonorm.com\/#website\",\"url\":\"https:\/\/www.ikonorm.com\/\",\"name\":\"Tienda de normas e informaci\\u00f3n t\\u00e9cnica- IKONORM\",\"description\":\"\",\"potentialAction\":[{\"@type\":\"SearchAction\",\"target\":\"https:\/\/www.ikonorm.com\/?s={search_term_string}\",\"query-input\":\"required name=search_term_string\"}],\"inLanguage\":\"es\"},{\"@type\":\"ImageObject\",\"@id\":\"https:\/\/www.ikonorm.com\/index.php\/producto\/manual-asm-avaliacao-nao-destrutiva-e-controle-de-qualidade\/#primaryimage\",\"inLanguage\":\"es\",\"url\":\"https:\/\/www.ikonorm.com\/wp-content\/uploads\/2020\/05\/433x449-HANDBOOK-ASM-Nondestructive-Evaluation-Quality-Control-IKONORM.jpg\",\"width\":433,\"height\":449},{\"@type\":\"WebPage\",\"@id\":\"https:\/\/www.ikonorm.com\/index.php\/producto\/manual-asm-avaliacao-nao-destrutiva-e-controle-de-qualidade\/#webpage\",\"url\":\"https:\/\/www.ikonorm.com\/index.php\/producto\/manual-asm-avaliacao-nao-destrutiva-e-controle-de-qualidade\/\",\"name\":\"Manual ASM: Avalia\\u00e7\\u00e3o n\\u00e3o destrutiva e controle de qualidade - Tienda de normas e informaci\\u00f3n t\\u00e9cnica- IKONORM\",\"isPartOf\":{\"@id\":\"https:\/\/www.ikonorm.com\/#website\"},\"primaryImageOfPage\":{\"@id\":\"https:\/\/www.ikonorm.com\/index.php\/producto\/manual-asm-avaliacao-nao-destrutiva-e-controle-de-qualidade\/#primaryimage\"},\"datePublished\":\"2020-11-08T04:28:37+00:00\",\"dateModified\":\"2020-11-08T04:28:37+00:00\",\"breadcrumb\":{\"@id\":\"https:\/\/www.ikonorm.com\/index.php\/producto\/manual-asm-avaliacao-nao-destrutiva-e-controle-de-qualidade\/#breadcrumb\"},\"inLanguage\":\"es\",\"potentialAction\":[{\"@type\":\"ReadAction\",\"target\":[\"https:\/\/www.ikonorm.com\/index.php\/producto\/manual-asm-avaliacao-nao-destrutiva-e-controle-de-qualidade\/\"]}]},{\"@type\":\"BreadcrumbList\",\"@id\":\"https:\/\/www.ikonorm.com\/index.php\/producto\/manual-asm-avaliacao-nao-destrutiva-e-controle-de-qualidade\/#breadcrumb\",\"itemListElement\":[{\"@type\":\"ListItem\",\"position\":1,\"item\":{\"@type\":\"WebPage\",\"@id\":\"https:\/\/www.ikonorm.com\/\",\"url\":\"https:\/\/www.ikonorm.com\/\",\"name\":\"Portada\"}},{\"@type\":\"ListItem\",\"position\":2,\"item\":{\"@type\":\"WebPage\",\"@id\":\"https:\/\/www.ikonorm.com\/index.php\/shop\/\",\"url\":\"https:\/\/www.ikonorm.com\/index.php\/shop\/\",\"name\":\"Productos\"}},{\"@type\":\"ListItem\",\"position\":3,\"item\":{\"@type\":\"WebPage\",\"@id\":\"https:\/\/www.ikonorm.com\/index.php\/producto\/manual-asm-avaliacao-nao-destrutiva-e-controle-de-qualidade\/\",\"url\":\"https:\/\/www.ikonorm.com\/index.php\/producto\/manual-asm-avaliacao-nao-destrutiva-e-controle-de-qualidade\/\",\"name\":\"Manual ASM: Avalia\\u00e7\\u00e3o n\\u00e3o destrutiva e controle de qualidade\"}}]}]}<\/script>\n<!-- \/ Yoast SEO plugin. -->","_links":{"self":[{"href":"https:\/\/www.ikonorm.com\/index.php\/wp-json\/wp\/v2\/product\/956","targetHints":{"allow":["GET"]}}],"collection":[{"href":"https:\/\/www.ikonorm.com\/index.php\/wp-json\/wp\/v2\/product"}],"about":[{"href":"https:\/\/www.ikonorm.com\/index.php\/wp-json\/wp\/v2\/types\/product"}],"replies":[{"embeddable":true,"href":"https:\/\/www.ikonorm.com\/index.php\/wp-json\/wp\/v2\/comments?post=956"}],"wp:featuredmedia":[{"embeddable":true,"href":"https:\/\/www.ikonorm.com\/index.php\/wp-json\/wp\/v2\/media\/380"}],"wp:attachment":[{"href":"https:\/\/www.ikonorm.com\/index.php\/wp-json\/wp\/v2\/media?parent=956"}],"curies":[{"name":"wp","href":"https:\/\/api.w.org\/{rel}","templated":true}]}}