{"id":947,"date":"2020-11-08T04:15:58","date_gmt":"2020-11-08T04:15:58","guid":{"rendered":"https:\/\/www.ikonorm.com\/?post_type=product&#038;p=947"},"modified":"2020-11-08T04:15:58","modified_gmt":"2020-11-08T04:15:58","slug":"manual-de-inspecao-de-seguranca-contra-incendio-e-vida-util-oitava-edicao","status":"publish","type":"product","link":"https:\/\/www.ikonorm.com\/index.php\/producto\/manual-de-inspecao-de-seguranca-contra-incendio-e-vida-util-oitava-edicao\/","title":{"rendered":"Manual de Inspe\u00e7\u00e3o de Seguran\u00e7a contra Inc\u00eandio e Vida \u00datil, Oitava Edi\u00e7\u00e3o"},"content":{"rendered":"","protected":false},"excerpt":{"rendered":"<p>Uma guia completa para o processo de inspe\u00e7\u00e3o de inc\u00eandio, com \u00eanfase especial nas considera\u00e7\u00f5es de seguran\u00e7a humana O Manual cobre todo o espectro de perigos, fornecendo dicas importantes para a identifica\u00e7\u00e3o e corre\u00e7\u00e3o de problemas.<\/p>\n","protected":false},"featured_media":363,"comment_status":"open","ping_status":"closed","template":"","meta":{"_monsterinsights_skip_tracking":false,"_monsterinsights_sitenote_active":false,"_monsterinsights_sitenote_note":"","_monsterinsights_sitenote_category":0},"class_list":["post-947","product","type-product","status-publish","has-post-thumbnail","hentry","product_cat-manuais","product_cat-pratica-de-engenharia-manuais","col-xs-6 col-sm-4","col-mf-5","un--cols"],"yoast_head":"<!-- This site is optimized with the Yoast SEO plugin v15.9.2 - https:\/\/yoast.com\/wordpress\/plugins\/seo\/ -->\n<title>Manual de Inspe\u00e7\u00e3o de Seguran\u00e7a contra Inc\u00eandio e Vida \u00datil, Oitava Edi\u00e7\u00e3o - Tienda de normas e informaci\u00f3n t\u00e9cnica- IKONORM<\/title>\n<link rel=\"canonical\" href=\"https:\/\/www.ikonorm.com\/index.php\/producto\/manual-de-inspecao-de-seguranca-contra-incendio-e-vida-util-oitava-edicao\/\" \/>\n<meta property=\"og:locale\" content=\"es_ES\" \/>\n<meta property=\"og:type\" content=\"article\" \/>\n<meta property=\"og:title\" content=\"Manual de Inspe\u00e7\u00e3o de Seguran\u00e7a contra Inc\u00eandio e Vida \u00datil, Oitava Edi\u00e7\u00e3o - Tienda de normas e informaci\u00f3n t\u00e9cnica- IKONORM\" \/>\n<meta property=\"og:description\" content=\"Uma guia completa para o processo de inspe\u00e7\u00e3o de inc\u00eandio, com \u00eanfase especial nas considera\u00e7\u00f5es de seguran\u00e7a humana O Manual cobre todo o espectro de perigos, fornecendo dicas importantes para a identifica\u00e7\u00e3o e corre\u00e7\u00e3o de problemas.\" \/>\n<meta property=\"og:url\" content=\"https:\/\/www.ikonorm.com\/index.php\/producto\/manual-de-inspecao-de-seguranca-contra-incendio-e-vida-util-oitava-edicao\/\" \/>\n<meta property=\"og:site_name\" content=\"Tienda de normas e informaci\u00f3n t\u00e9cnica- IKONORM\" \/>\n<meta property=\"og:image\" content=\"https:\/\/www.ikonorm.com\/wp-content\/uploads\/2020\/05\/433x449-MANUAL-Inspeccion-Seguridad-Incendios-Vidas-IKONORM.jpg\" \/>\n\t<meta property=\"og:image:width\" content=\"433\" \/>\n\t<meta property=\"og:image:height\" content=\"449\" \/>\n<meta name=\"twitter:card\" content=\"summary_large_image\" \/>\n<script type=\"application\/ld+json\" class=\"yoast-schema-graph\">{\"@context\":\"https:\/\/schema.org\",\"@graph\":[{\"@type\":\"WebSite\",\"@id\":\"https:\/\/www.ikonorm.com\/#website\",\"url\":\"https:\/\/www.ikonorm.com\/\",\"name\":\"Tienda de normas e informaci\\u00f3n t\\u00e9cnica- IKONORM\",\"description\":\"\",\"potentialAction\":[{\"@type\":\"SearchAction\",\"target\":\"https:\/\/www.ikonorm.com\/?s={search_term_string}\",\"query-input\":\"required name=search_term_string\"}],\"inLanguage\":\"es\"},{\"@type\":\"ImageObject\",\"@id\":\"https:\/\/www.ikonorm.com\/index.php\/producto\/manual-de-inspecao-de-seguranca-contra-incendio-e-vida-util-oitava-edicao\/#primaryimage\",\"inLanguage\":\"es\",\"url\":\"https:\/\/www.ikonorm.com\/wp-content\/uploads\/2020\/05\/433x449-MANUAL-Inspeccion-Seguridad-Incendios-Vidas-IKONORM.jpg\",\"width\":433,\"height\":449},{\"@type\":\"WebPage\",\"@id\":\"https:\/\/www.ikonorm.com\/index.php\/producto\/manual-de-inspecao-de-seguranca-contra-incendio-e-vida-util-oitava-edicao\/#webpage\",\"url\":\"https:\/\/www.ikonorm.com\/index.php\/producto\/manual-de-inspecao-de-seguranca-contra-incendio-e-vida-util-oitava-edicao\/\",\"name\":\"Manual de Inspe\\u00e7\\u00e3o de Seguran\\u00e7a contra Inc\\u00eandio e Vida \\u00datil, Oitava Edi\\u00e7\\u00e3o - Tienda de normas e informaci\\u00f3n t\\u00e9cnica- IKONORM\",\"isPartOf\":{\"@id\":\"https:\/\/www.ikonorm.com\/#website\"},\"primaryImageOfPage\":{\"@id\":\"https:\/\/www.ikonorm.com\/index.php\/producto\/manual-de-inspecao-de-seguranca-contra-incendio-e-vida-util-oitava-edicao\/#primaryimage\"},\"datePublished\":\"2020-11-08T04:15:58+00:00\",\"dateModified\":\"2020-11-08T04:15:58+00:00\",\"breadcrumb\":{\"@id\":\"https:\/\/www.ikonorm.com\/index.php\/producto\/manual-de-inspecao-de-seguranca-contra-incendio-e-vida-util-oitava-edicao\/#breadcrumb\"},\"inLanguage\":\"es\",\"potentialAction\":[{\"@type\":\"ReadAction\",\"target\":[\"https:\/\/www.ikonorm.com\/index.php\/producto\/manual-de-inspecao-de-seguranca-contra-incendio-e-vida-util-oitava-edicao\/\"]}]},{\"@type\":\"BreadcrumbList\",\"@id\":\"https:\/\/www.ikonorm.com\/index.php\/producto\/manual-de-inspecao-de-seguranca-contra-incendio-e-vida-util-oitava-edicao\/#breadcrumb\",\"itemListElement\":[{\"@type\":\"ListItem\",\"position\":1,\"item\":{\"@type\":\"WebPage\",\"@id\":\"https:\/\/www.ikonorm.com\/\",\"url\":\"https:\/\/www.ikonorm.com\/\",\"name\":\"Portada\"}},{\"@type\":\"ListItem\",\"position\":2,\"item\":{\"@type\":\"WebPage\",\"@id\":\"https:\/\/www.ikonorm.com\/index.php\/shop\/\",\"url\":\"https:\/\/www.ikonorm.com\/index.php\/shop\/\",\"name\":\"Productos\"}},{\"@type\":\"ListItem\",\"position\":3,\"item\":{\"@type\":\"WebPage\",\"@id\":\"https:\/\/www.ikonorm.com\/index.php\/producto\/manual-de-inspecao-de-seguranca-contra-incendio-e-vida-util-oitava-edicao\/\",\"url\":\"https:\/\/www.ikonorm.com\/index.php\/producto\/manual-de-inspecao-de-seguranca-contra-incendio-e-vida-util-oitava-edicao\/\",\"name\":\"Manual de Inspe\\u00e7\\u00e3o de Seguran\\u00e7a contra Inc\\u00eandio e Vida \\u00datil, Oitava Edi\\u00e7\\u00e3o\"}}]}]}<\/script>\n<!-- \/ Yoast SEO plugin. -->","_links":{"self":[{"href":"https:\/\/www.ikonorm.com\/index.php\/wp-json\/wp\/v2\/product\/947","targetHints":{"allow":["GET"]}}],"collection":[{"href":"https:\/\/www.ikonorm.com\/index.php\/wp-json\/wp\/v2\/product"}],"about":[{"href":"https:\/\/www.ikonorm.com\/index.php\/wp-json\/wp\/v2\/types\/product"}],"replies":[{"embeddable":true,"href":"https:\/\/www.ikonorm.com\/index.php\/wp-json\/wp\/v2\/comments?post=947"}],"wp:featuredmedia":[{"embeddable":true,"href":"https:\/\/www.ikonorm.com\/index.php\/wp-json\/wp\/v2\/media\/363"}],"wp:attachment":[{"href":"https:\/\/www.ikonorm.com\/index.php\/wp-json\/wp\/v2\/media?parent=947"}],"curies":[{"name":"wp","href":"https:\/\/api.w.org\/{rel}","templated":true}]}}