{"id":941,"date":"2020-11-08T04:06:19","date_gmt":"2020-11-08T04:06:19","guid":{"rendered":"https:\/\/www.ikonorm.com\/?post_type=product&#038;p=941"},"modified":"2020-11-08T04:06:19","modified_gmt":"2020-11-08T04:06:19","slug":"continuing-and-changing-priorities-of-the-asme-boiler-pressure-vessel-codes-and-standards-prioridades-continuas-e-mutaveis-dos-codigos-e-normas-da-caldeira-asme-e-dos-vasos-de-pressao","status":"publish","type":"product","link":"https:\/\/www.ikonorm.com\/index.php\/producto\/continuing-and-changing-priorities-of-the-asme-boiler-pressure-vessel-codes-and-standards-prioridades-continuas-e-mutaveis-dos-codigos-e-normas-da-caldeira-asme-e-dos-vasos-de-pressao\/","title":{"rendered":"Continuing and Changing Priorities of the ASME Boiler &#038; Pressure Vessel Codes and Standards  Prioridades cont\u00ednuas e mut\u00e1veis dos c\u00f3digos e normas da caldeira ASME e dos vasos de press\u00e3o"},"content":{"rendered":"","protected":false},"excerpt":{"rendered":"<p>Este trabalho abrangente escrito pelos especialistas em c\u00f3digo e normas da ASME foi originalmente publicado como parte do Volume 3 do Guia Suplementar do C\u00f3digo ASME para Caldeiras e Vasos de Press\u00e3o.<\/p>\n","protected":false},"featured_media":312,"comment_status":"open","ping_status":"closed","template":"","meta":{"_monsterinsights_skip_tracking":false,"_monsterinsights_sitenote_active":false,"_monsterinsights_sitenote_note":"","_monsterinsights_sitenote_category":0},"class_list":["post-941","product","type-product","status-publish","has-post-thumbnail","hentry","product_cat-livros-e-guias","product_cat-vasos-de-pressao-livros-e-guias","col-xs-6 col-sm-4","col-mf-5","un--cols"],"yoast_head":"<!-- This site is optimized with the Yoast SEO plugin v15.9.2 - https:\/\/yoast.com\/wordpress\/plugins\/seo\/ -->\n<title>Continuing and Changing Priorities of the ASME Boiler &amp; Pressure Vessel Codes and Standards Prioridades cont\u00ednuas e mut\u00e1veis dos c\u00f3digos e normas da caldeira ASME e dos vasos de press\u00e3o - Tienda de normas e informaci\u00f3n t\u00e9cnica- IKONORM<\/title>\n<link rel=\"canonical\" href=\"https:\/\/www.ikonorm.com\/index.php\/producto\/continuing-and-changing-priorities-of-the-asme-boiler-pressure-vessel-codes-and-standards-prioridades-continuas-e-mutaveis-dos-codigos-e-normas-da-caldeira-asme-e-dos-vasos-de-pressao\/\" \/>\n<meta property=\"og:locale\" content=\"es_ES\" \/>\n<meta property=\"og:type\" content=\"article\" \/>\n<meta property=\"og:title\" content=\"Continuing and Changing Priorities of the ASME Boiler &amp; Pressure Vessel Codes and Standards Prioridades cont\u00ednuas e mut\u00e1veis dos c\u00f3digos e normas da caldeira ASME e dos vasos de press\u00e3o - Tienda de normas e informaci\u00f3n t\u00e9cnica- IKONORM\" \/>\n<meta property=\"og:description\" content=\"Este trabalho abrangente escrito pelos especialistas em c\u00f3digo e normas da ASME foi originalmente publicado como parte do Volume 3 do Guia Suplementar do C\u00f3digo ASME para Caldeiras e Vasos de Press\u00e3o.\" \/>\n<meta property=\"og:url\" content=\"https:\/\/www.ikonorm.com\/index.php\/producto\/continuing-and-changing-priorities-of-the-asme-boiler-pressure-vessel-codes-and-standards-prioridades-continuas-e-mutaveis-dos-codigos-e-normas-da-caldeira-asme-e-dos-vasos-de-pressao\/\" \/>\n<meta property=\"og:site_name\" content=\"Tienda de normas e informaci\u00f3n t\u00e9cnica- IKONORM\" \/>\n<meta property=\"og:image\" content=\"https:\/\/www.ikonorm.com\/wp-content\/uploads\/2020\/05\/433x449-LIBROS-Continuing-Changing-Priorities-ASME-Boiler-IKONORM.jpg\" \/>\n\t<meta property=\"og:image:width\" content=\"433\" \/>\n\t<meta property=\"og:image:height\" content=\"449\" \/>\n<meta name=\"twitter:card\" content=\"summary_large_image\" \/>\n<script type=\"application\/ld+json\" class=\"yoast-schema-graph\">{\"@context\":\"https:\/\/schema.org\",\"@graph\":[{\"@type\":\"WebSite\",\"@id\":\"https:\/\/www.ikonorm.com\/#website\",\"url\":\"https:\/\/www.ikonorm.com\/\",\"name\":\"Tienda de normas e informaci\\u00f3n t\\u00e9cnica- IKONORM\",\"description\":\"\",\"potentialAction\":[{\"@type\":\"SearchAction\",\"target\":\"https:\/\/www.ikonorm.com\/?s={search_term_string}\",\"query-input\":\"required name=search_term_string\"}],\"inLanguage\":\"es\"},{\"@type\":\"ImageObject\",\"@id\":\"https:\/\/www.ikonorm.com\/index.php\/producto\/continuing-and-changing-priorities-of-the-asme-boiler-pressure-vessel-codes-and-standards-prioridades-continuas-e-mutaveis-dos-codigos-e-normas-da-caldeira-asme-e-dos-vasos-de-pressao\/#primaryimage\",\"inLanguage\":\"es\",\"url\":\"https:\/\/www.ikonorm.com\/wp-content\/uploads\/2020\/05\/433x449-LIBROS-Continuing-Changing-Priorities-ASME-Boiler-IKONORM.jpg\",\"width\":433,\"height\":449},{\"@type\":\"WebPage\",\"@id\":\"https:\/\/www.ikonorm.com\/index.php\/producto\/continuing-and-changing-priorities-of-the-asme-boiler-pressure-vessel-codes-and-standards-prioridades-continuas-e-mutaveis-dos-codigos-e-normas-da-caldeira-asme-e-dos-vasos-de-pressao\/#webpage\",\"url\":\"https:\/\/www.ikonorm.com\/index.php\/producto\/continuing-and-changing-priorities-of-the-asme-boiler-pressure-vessel-codes-and-standards-prioridades-continuas-e-mutaveis-dos-codigos-e-normas-da-caldeira-asme-e-dos-vasos-de-pressao\/\",\"name\":\"Continuing and Changing Priorities of the ASME Boiler & Pressure Vessel Codes and Standards Prioridades cont\\u00ednuas e mut\\u00e1veis dos c\\u00f3digos e normas da caldeira ASME e dos vasos de press\\u00e3o - Tienda de normas e informaci\\u00f3n t\\u00e9cnica- IKONORM\",\"isPartOf\":{\"@id\":\"https:\/\/www.ikonorm.com\/#website\"},\"primaryImageOfPage\":{\"@id\":\"https:\/\/www.ikonorm.com\/index.php\/producto\/continuing-and-changing-priorities-of-the-asme-boiler-pressure-vessel-codes-and-standards-prioridades-continuas-e-mutaveis-dos-codigos-e-normas-da-caldeira-asme-e-dos-vasos-de-pressao\/#primaryimage\"},\"datePublished\":\"2020-11-08T04:06:19+00:00\",\"dateModified\":\"2020-11-08T04:06:19+00:00\",\"breadcrumb\":{\"@id\":\"https:\/\/www.ikonorm.com\/index.php\/producto\/continuing-and-changing-priorities-of-the-asme-boiler-pressure-vessel-codes-and-standards-prioridades-continuas-e-mutaveis-dos-codigos-e-normas-da-caldeira-asme-e-dos-vasos-de-pressao\/#breadcrumb\"},\"inLanguage\":\"es\",\"potentialAction\":[{\"@type\":\"ReadAction\",\"target\":[\"https:\/\/www.ikonorm.com\/index.php\/producto\/continuing-and-changing-priorities-of-the-asme-boiler-pressure-vessel-codes-and-standards-prioridades-continuas-e-mutaveis-dos-codigos-e-normas-da-caldeira-asme-e-dos-vasos-de-pressao\/\"]}]},{\"@type\":\"BreadcrumbList\",\"@id\":\"https:\/\/www.ikonorm.com\/index.php\/producto\/continuing-and-changing-priorities-of-the-asme-boiler-pressure-vessel-codes-and-standards-prioridades-continuas-e-mutaveis-dos-codigos-e-normas-da-caldeira-asme-e-dos-vasos-de-pressao\/#breadcrumb\",\"itemListElement\":[{\"@type\":\"ListItem\",\"position\":1,\"item\":{\"@type\":\"WebPage\",\"@id\":\"https:\/\/www.ikonorm.com\/\",\"url\":\"https:\/\/www.ikonorm.com\/\",\"name\":\"Portada\"}},{\"@type\":\"ListItem\",\"position\":2,\"item\":{\"@type\":\"WebPage\",\"@id\":\"https:\/\/www.ikonorm.com\/index.php\/shop\/\",\"url\":\"https:\/\/www.ikonorm.com\/index.php\/shop\/\",\"name\":\"Productos\"}},{\"@type\":\"ListItem\",\"position\":3,\"item\":{\"@type\":\"WebPage\",\"@id\":\"https:\/\/www.ikonorm.com\/index.php\/producto\/continuing-and-changing-priorities-of-the-asme-boiler-pressure-vessel-codes-and-standards-prioridades-continuas-e-mutaveis-dos-codigos-e-normas-da-caldeira-asme-e-dos-vasos-de-pressao\/\",\"url\":\"https:\/\/www.ikonorm.com\/index.php\/producto\/continuing-and-changing-priorities-of-the-asme-boiler-pressure-vessel-codes-and-standards-prioridades-continuas-e-mutaveis-dos-codigos-e-normas-da-caldeira-asme-e-dos-vasos-de-pressao\/\",\"name\":\"Continuing and Changing Priorities of the ASME Boiler &#038; Pressure Vessel Codes and Standards Prioridades cont\\u00ednuas e mut\\u00e1veis dos c\\u00f3digos e normas da caldeira ASME e dos vasos de press\\u00e3o\"}}]}]}<\/script>\n<!-- \/ Yoast SEO plugin. -->","_links":{"self":[{"href":"https:\/\/www.ikonorm.com\/index.php\/wp-json\/wp\/v2\/product\/941","targetHints":{"allow":["GET"]}}],"collection":[{"href":"https:\/\/www.ikonorm.com\/index.php\/wp-json\/wp\/v2\/product"}],"about":[{"href":"https:\/\/www.ikonorm.com\/index.php\/wp-json\/wp\/v2\/types\/product"}],"replies":[{"embeddable":true,"href":"https:\/\/www.ikonorm.com\/index.php\/wp-json\/wp\/v2\/comments?post=941"}],"wp:featuredmedia":[{"embeddable":true,"href":"https:\/\/www.ikonorm.com\/index.php\/wp-json\/wp\/v2\/media\/312"}],"wp:attachment":[{"href":"https:\/\/www.ikonorm.com\/index.php\/wp-json\/wp\/v2\/media?parent=941"}],"curies":[{"name":"wp","href":"https:\/\/api.w.org\/{rel}","templated":true}]}}