{"id":936,"date":"2020-11-08T02:43:59","date_gmt":"2020-11-08T02:43:59","guid":{"rendered":"https:\/\/www.ikonorm.com\/?post_type=product&#038;p=936"},"modified":"2020-11-08T02:43:59","modified_gmt":"2020-11-08T02:43:59","slug":"wpacen-principios-e-aplicacoes-da-soldagem","status":"publish","type":"product","link":"https:\/\/www.ikonorm.com\/index.php\/producto\/wpacen-principios-e-aplicacoes-da-soldagem\/","title":{"rendered":"WPACEN &#8211; Princ\u00edpios e aplica\u00e7\u00f5es da soldagem"},"content":{"rendered":"","protected":false},"excerpt":{"rendered":"<p>Esta guia comprovada fornece os conhecimentos e habilidades necess\u00e1rios para completar os programas AWS SENSE N\u00edvel I e N\u00edvel II, criar amostras de qualifica\u00e7\u00e3o da for\u00e7a de trabalho e obter certifica\u00e7\u00e3o profissional.<\/p>\n","protected":false},"featured_media":302,"comment_status":"open","ping_status":"closed","template":"","meta":{"_monsterinsights_skip_tracking":false,"_monsterinsights_sitenote_active":false,"_monsterinsights_sitenote_note":"","_monsterinsights_sitenote_category":0},"class_list":["post-936","product","type-product","status-publish","has-post-thumbnail","hentry","product_cat-livros-e-guias","product_cat-vasos-de-pressao-livros-e-guias","col-xs-6 col-sm-4","col-mf-5","un--cols"],"yoast_head":"<!-- This site is optimized with the Yoast SEO plugin v15.9.2 - https:\/\/yoast.com\/wordpress\/plugins\/seo\/ -->\n<title>WPACEN - Princ\u00edpios e aplica\u00e7\u00f5es da soldagem - Tienda de normas e informaci\u00f3n t\u00e9cnica- IKONORM<\/title>\n<link rel=\"canonical\" href=\"https:\/\/www.ikonorm.com\/index.php\/producto\/wpacen-principios-e-aplicacoes-da-soldagem\/\" \/>\n<meta property=\"og:locale\" content=\"es_ES\" \/>\n<meta property=\"og:type\" content=\"article\" \/>\n<meta property=\"og:title\" content=\"WPACEN - Princ\u00edpios e aplica\u00e7\u00f5es da soldagem - Tienda de normas e informaci\u00f3n t\u00e9cnica- IKONORM\" \/>\n<meta property=\"og:description\" content=\"Esta guia comprovada fornece os conhecimentos e habilidades necess\u00e1rios para completar os programas AWS SENSE N\u00edvel I e N\u00edvel II, criar amostras de qualifica\u00e7\u00e3o da for\u00e7a de trabalho e obter certifica\u00e7\u00e3o profissional.\" \/>\n<meta property=\"og:url\" content=\"https:\/\/www.ikonorm.com\/index.php\/producto\/wpacen-principios-e-aplicacoes-da-soldagem\/\" \/>\n<meta property=\"og:site_name\" content=\"Tienda de normas e informaci\u00f3n t\u00e9cnica- IKONORM\" \/>\n<meta property=\"og:image\" content=\"https:\/\/www.ikonorm.com\/wp-content\/uploads\/2020\/05\/433x449-LIBROS-WPACEN-Principios-aplicaciones-soldadura-IKONORM.jpg\" \/>\n\t<meta property=\"og:image:width\" content=\"433\" \/>\n\t<meta property=\"og:image:height\" content=\"449\" \/>\n<meta name=\"twitter:card\" content=\"summary_large_image\" \/>\n<script type=\"application\/ld+json\" class=\"yoast-schema-graph\">{\"@context\":\"https:\/\/schema.org\",\"@graph\":[{\"@type\":\"WebSite\",\"@id\":\"https:\/\/www.ikonorm.com\/#website\",\"url\":\"https:\/\/www.ikonorm.com\/\",\"name\":\"Tienda de normas e informaci\\u00f3n t\\u00e9cnica- IKONORM\",\"description\":\"\",\"potentialAction\":[{\"@type\":\"SearchAction\",\"target\":\"https:\/\/www.ikonorm.com\/?s={search_term_string}\",\"query-input\":\"required name=search_term_string\"}],\"inLanguage\":\"es\"},{\"@type\":\"ImageObject\",\"@id\":\"https:\/\/www.ikonorm.com\/index.php\/producto\/wpacen-principios-e-aplicacoes-da-soldagem\/#primaryimage\",\"inLanguage\":\"es\",\"url\":\"https:\/\/www.ikonorm.com\/wp-content\/uploads\/2020\/05\/433x449-LIBROS-WPACEN-Principios-aplicaciones-soldadura-IKONORM.jpg\",\"width\":433,\"height\":449},{\"@type\":\"WebPage\",\"@id\":\"https:\/\/www.ikonorm.com\/index.php\/producto\/wpacen-principios-e-aplicacoes-da-soldagem\/#webpage\",\"url\":\"https:\/\/www.ikonorm.com\/index.php\/producto\/wpacen-principios-e-aplicacoes-da-soldagem\/\",\"name\":\"WPACEN - Princ\\u00edpios e aplica\\u00e7\\u00f5es da soldagem - Tienda de normas e informaci\\u00f3n t\\u00e9cnica- IKONORM\",\"isPartOf\":{\"@id\":\"https:\/\/www.ikonorm.com\/#website\"},\"primaryImageOfPage\":{\"@id\":\"https:\/\/www.ikonorm.com\/index.php\/producto\/wpacen-principios-e-aplicacoes-da-soldagem\/#primaryimage\"},\"datePublished\":\"2020-11-08T02:43:59+00:00\",\"dateModified\":\"2020-11-08T02:43:59+00:00\",\"breadcrumb\":{\"@id\":\"https:\/\/www.ikonorm.com\/index.php\/producto\/wpacen-principios-e-aplicacoes-da-soldagem\/#breadcrumb\"},\"inLanguage\":\"es\",\"potentialAction\":[{\"@type\":\"ReadAction\",\"target\":[\"https:\/\/www.ikonorm.com\/index.php\/producto\/wpacen-principios-e-aplicacoes-da-soldagem\/\"]}]},{\"@type\":\"BreadcrumbList\",\"@id\":\"https:\/\/www.ikonorm.com\/index.php\/producto\/wpacen-principios-e-aplicacoes-da-soldagem\/#breadcrumb\",\"itemListElement\":[{\"@type\":\"ListItem\",\"position\":1,\"item\":{\"@type\":\"WebPage\",\"@id\":\"https:\/\/www.ikonorm.com\/\",\"url\":\"https:\/\/www.ikonorm.com\/\",\"name\":\"Portada\"}},{\"@type\":\"ListItem\",\"position\":2,\"item\":{\"@type\":\"WebPage\",\"@id\":\"https:\/\/www.ikonorm.com\/index.php\/shop\/\",\"url\":\"https:\/\/www.ikonorm.com\/index.php\/shop\/\",\"name\":\"Productos\"}},{\"@type\":\"ListItem\",\"position\":3,\"item\":{\"@type\":\"WebPage\",\"@id\":\"https:\/\/www.ikonorm.com\/index.php\/producto\/wpacen-principios-e-aplicacoes-da-soldagem\/\",\"url\":\"https:\/\/www.ikonorm.com\/index.php\/producto\/wpacen-principios-e-aplicacoes-da-soldagem\/\",\"name\":\"WPACEN &#8211; Princ\\u00edpios e aplica\\u00e7\\u00f5es da soldagem\"}}]}]}<\/script>\n<!-- \/ Yoast SEO plugin. -->","_links":{"self":[{"href":"https:\/\/www.ikonorm.com\/index.php\/wp-json\/wp\/v2\/product\/936","targetHints":{"allow":["GET"]}}],"collection":[{"href":"https:\/\/www.ikonorm.com\/index.php\/wp-json\/wp\/v2\/product"}],"about":[{"href":"https:\/\/www.ikonorm.com\/index.php\/wp-json\/wp\/v2\/types\/product"}],"replies":[{"embeddable":true,"href":"https:\/\/www.ikonorm.com\/index.php\/wp-json\/wp\/v2\/comments?post=936"}],"wp:featuredmedia":[{"embeddable":true,"href":"https:\/\/www.ikonorm.com\/index.php\/wp-json\/wp\/v2\/media\/302"}],"wp:attachment":[{"href":"https:\/\/www.ikonorm.com\/index.php\/wp-json\/wp\/v2\/media?parent=936"}],"curies":[{"name":"wp","href":"https:\/\/api.w.org\/{rel}","templated":true}]}}