{"id":571,"date":"2020-10-06T01:55:44","date_gmt":"2020-10-06T01:55:44","guid":{"rendered":"https:\/\/www.ikonorm.com\/?post_type=product&#038;p=571"},"modified":"2026-04-09T07:17:42","modified_gmt":"2026-04-09T07:17:42","slug":"visum-studio","status":"publish","type":"product","link":"https:\/\/www.ikonorm.com\/index.php\/producto\/visum-studio\/","title":{"rendered":"Visum Studio"},"content":{"rendered":"<p>VISUM es una herramienta de estad\u00edsticas avanzadas que se enfoca a transparentar el proceso editorial de la revista, a la vez que brinda informaci\u00f3n de visibilidad de la publicaci\u00f3n y de sus autores, a trav\u00e9s de la obtenci\u00f3n de m\u00e9tricas a partir del OJS de la revista.<\/p>\n<p>Ofreciendo 6 gr\u00e1ficas b\u00e1sicas:<\/p>\n<ol>\n<li>Art\u00edculos m\u00e1s descargados<\/li>\n<li>Res\u00famenes m\u00e1s consultados<\/li>\n<li>Estatus editorial de los art\u00edculos.<\/li>\n<li>Tipos de usuarios (lectores, autores, revisores y otros).<\/li>\n<li>Internacionalidad de los autores.<\/li>\n<li>Autores con ORCID de la revista.<\/li>\n<\/ol>\n<p><strong><em>Mejore sus tiempos de publicaci\u00f3n y aumente la visibilidad de sus publicaciones!<\/em><\/strong><\/p>\n","protected":false},"excerpt":{"rendered":"<p>VISUM es una herramienta de estad\u00edsticas avanzadas que se enfoca a transparentar el proceso editorial de la revista, a la vez que brinda informaci\u00f3n de visibilidad de la publicaci\u00f3n y de sus autores, a trav\u00e9s de la obtenci\u00f3n de m\u00e9tricas a partir del OJS de la revista.<\/p>\n<p>Ofreciendo 6 gr\u00e1ficas b\u00e1sicas:<\/p>\n<ol>\n<li>Art\u00edculos m\u00e1s descargados<\/li>\n<li>Res\u00famenes m\u00e1s consultados<\/li>\n<li>Estatus editorial de los art\u00edculos.<\/li>\n<li>Tipos de usuarios (lectores, autores, revisores y otros).<\/li>\n<li>Internacionalidad de los autores.<\/li>\n<li>Autores con ORCID de la revista.<\/li>\n<\/ol>\n<p><strong><em>Mejore sus tiempos de publicaci\u00f3n y aumente la visibilidad de sus publicaciones!<\/em><\/strong><\/p>\n","protected":false},"featured_media":583,"comment_status":"open","ping_status":"closed","template":"","meta":{"_monsterinsights_skip_tracking":false,"_monsterinsights_sitenote_active":false,"_monsterinsights_sitenote_note":"","_monsterinsights_sitenote_category":0},"class_list":["post-571","product","type-product","status-publish","has-post-thumbnail","hentry","product_cat-packs","col-xs-6 col-sm-4","col-mf-5","un--cols"],"yoast_head":"<!-- This site is optimized with the Yoast SEO plugin v15.9.2 - https:\/\/yoast.com\/wordpress\/plugins\/seo\/ -->\n<title>Visum Studio - Tienda de normas e informaci\u00f3n t\u00e9cnica- IKONORM<\/title>\n<link rel=\"canonical\" href=\"https:\/\/www.ikonorm.com\/index.php\/producto\/visum-studio\/\" \/>\n<meta property=\"og:locale\" content=\"es_ES\" \/>\n<meta property=\"og:type\" content=\"article\" \/>\n<meta property=\"og:title\" content=\"Visum Studio - Tienda de normas e informaci\u00f3n t\u00e9cnica- IKONORM\" \/>\n<meta property=\"og:description\" content=\"VISUM es una herramienta de estad\u00edsticas avanzadas que se enfoca a transparentar el proceso editorial de la revista, a la vez que brinda informaci\u00f3n de visibilidad de la publicaci\u00f3n y de sus autores, a trav\u00e9s de la obtenci\u00f3n de m\u00e9tricas a partir del OJS de la revista.  Ofreciendo 6 gr\u00e1ficas b\u00e1sicas:   Art\u00edculos m\u00e1s descargados  Res\u00famenes m\u00e1s consultados  Estatus editorial de los art\u00edculos.  Tipos de usuarios (lectores, autores, revisores y otros).  Internacionalidad de los autores.  Autores con ORCID de la revista.  Mejore sus tiempos de publicaci\u00f3n y aumente la visibilidad de sus publicaciones!\" \/>\n<meta property=\"og:url\" content=\"https:\/\/www.ikonorm.com\/index.php\/producto\/visum-studio\/\" \/>\n<meta property=\"og:site_name\" content=\"Tienda de normas e informaci\u00f3n t\u00e9cnica- IKONORM\" \/>\n<meta property=\"article:modified_time\" content=\"2026-04-09T07:17:42+00:00\" \/>\n<meta property=\"og:image\" content=\"https:\/\/www.ikonorm.com\/wp-content\/uploads\/2020\/10\/Visum-producto-ikonorm.png\" \/>\n\t<meta property=\"og:image:width\" content=\"576\" \/>\n\t<meta property=\"og:image:height\" content=\"576\" \/>\n<meta name=\"twitter:card\" content=\"summary_large_image\" \/>\n<meta name=\"twitter:label1\" content=\"Tiempo estimado de lectura\">\n\t<meta name=\"twitter:data1\" content=\"1 minuto\">\n<script type=\"application\/ld+json\" class=\"yoast-schema-graph\">{\"@context\":\"https:\/\/schema.org\",\"@graph\":[{\"@type\":\"WebSite\",\"@id\":\"https:\/\/www.ikonorm.com\/#website\",\"url\":\"https:\/\/www.ikonorm.com\/\",\"name\":\"Tienda de normas e informaci\\u00f3n t\\u00e9cnica- IKONORM\",\"description\":\"\",\"potentialAction\":[{\"@type\":\"SearchAction\",\"target\":\"https:\/\/www.ikonorm.com\/?s={search_term_string}\",\"query-input\":\"required name=search_term_string\"}],\"inLanguage\":\"es\"},{\"@type\":\"ImageObject\",\"@id\":\"https:\/\/www.ikonorm.com\/index.php\/producto\/visum-studio\/#primaryimage\",\"inLanguage\":\"es\",\"url\":\"https:\/\/www.ikonorm.com\/wp-content\/uploads\/2020\/10\/Visum-producto-ikonorm.png\",\"width\":576,\"height\":576},{\"@type\":\"WebPage\",\"@id\":\"https:\/\/www.ikonorm.com\/index.php\/producto\/visum-studio\/#webpage\",\"url\":\"https:\/\/www.ikonorm.com\/index.php\/producto\/visum-studio\/\",\"name\":\"Visum Studio - Tienda de normas e informaci\\u00f3n t\\u00e9cnica- IKONORM\",\"isPartOf\":{\"@id\":\"https:\/\/www.ikonorm.com\/#website\"},\"primaryImageOfPage\":{\"@id\":\"https:\/\/www.ikonorm.com\/index.php\/producto\/visum-studio\/#primaryimage\"},\"datePublished\":\"2020-10-06T01:55:44+00:00\",\"dateModified\":\"2026-04-09T07:17:42+00:00\",\"breadcrumb\":{\"@id\":\"https:\/\/www.ikonorm.com\/index.php\/producto\/visum-studio\/#breadcrumb\"},\"inLanguage\":\"es\",\"potentialAction\":[{\"@type\":\"ReadAction\",\"target\":[\"https:\/\/www.ikonorm.com\/index.php\/producto\/visum-studio\/\"]}]},{\"@type\":\"BreadcrumbList\",\"@id\":\"https:\/\/www.ikonorm.com\/index.php\/producto\/visum-studio\/#breadcrumb\",\"itemListElement\":[{\"@type\":\"ListItem\",\"position\":1,\"item\":{\"@type\":\"WebPage\",\"@id\":\"https:\/\/www.ikonorm.com\/\",\"url\":\"https:\/\/www.ikonorm.com\/\",\"name\":\"Portada\"}},{\"@type\":\"ListItem\",\"position\":2,\"item\":{\"@type\":\"WebPage\",\"@id\":\"https:\/\/www.ikonorm.com\/index.php\/shop\/\",\"url\":\"https:\/\/www.ikonorm.com\/index.php\/shop\/\",\"name\":\"Productos\"}},{\"@type\":\"ListItem\",\"position\":3,\"item\":{\"@type\":\"WebPage\",\"@id\":\"https:\/\/www.ikonorm.com\/index.php\/producto\/visum-studio\/\",\"url\":\"https:\/\/www.ikonorm.com\/index.php\/producto\/visum-studio\/\",\"name\":\"Visum Studio\"}}]}]}<\/script>\n<!-- \/ Yoast SEO plugin. -->","_links":{"self":[{"href":"https:\/\/www.ikonorm.com\/index.php\/wp-json\/wp\/v2\/product\/571","targetHints":{"allow":["GET"]}}],"collection":[{"href":"https:\/\/www.ikonorm.com\/index.php\/wp-json\/wp\/v2\/product"}],"about":[{"href":"https:\/\/www.ikonorm.com\/index.php\/wp-json\/wp\/v2\/types\/product"}],"replies":[{"embeddable":true,"href":"https:\/\/www.ikonorm.com\/index.php\/wp-json\/wp\/v2\/comments?post=571"}],"wp:featuredmedia":[{"embeddable":true,"href":"https:\/\/www.ikonorm.com\/index.php\/wp-json\/wp\/v2\/media\/583"}],"wp:attachment":[{"href":"https:\/\/www.ikonorm.com\/index.php\/wp-json\/wp\/v2\/media?parent=571"}],"curies":[{"name":"wp","href":"https:\/\/api.w.org\/{rel}","templated":true}]}}