{"id":539,"date":"2020-05-18T15:00:29","date_gmt":"2020-05-18T15:00:29","guid":{"rendered":"https:\/\/www.ikonorm.com\/?post_type=product&#038;p=539"},"modified":"2026-05-05T18:42:12","modified_gmt":"2026-05-05T18:42:12","slug":"calidad-2","status":"publish","type":"product","link":"https:\/\/www.ikonorm.com\/index.php\/producto\/calidad-2\/","title":{"rendered":"NORMAS DE CALIDAD Y GU\u00cdAS DE IMPLEMENTACI\u00d3N CLAVES PARA MEDIANAS EMPRESAS"},"content":{"rendered":"<p>Contiene las normas Internacionales de calidad y gu\u00edas de implementaci\u00f3n claves que rigen la planeaci\u00f3n, implementaci\u00f3n, verificaci\u00f3n y mejora continua que requiere todo sistema de Gesti\u00f3n de Calidad exitoso y a la vanguardia. Este Pack de calidad esta especialmente dirigido a compa\u00f1\u00edas que est\u00e1n comenzando o tienen dudas entorno a la implementacion de la calidad en sus procesos.<\/p>\n","protected":false},"excerpt":{"rendered":"<p>Contiene las normas Internacionales de calidad y gu\u00edas de implementaci\u00f3n claves que rigen la planeaci\u00f3n, implementaci\u00f3n, verificaci\u00f3n y mejora continua que requiere todo sistema de Gesti\u00f3n de Calidad exitoso y a la vanguardia. Este Pack de calidad esta especialmente dirigido a compa\u00f1\u00edas que est\u00e1n comenzando o tienen dudas entorno a la implementacion de la calidad en sus procesos.<\/p>\n","protected":false},"featured_media":540,"comment_status":"open","ping_status":"closed","template":"","meta":{"_monsterinsights_skip_tracking":false,"_monsterinsights_sitenote_active":false,"_monsterinsights_sitenote_note":"","_monsterinsights_sitenote_category":0},"class_list":["post-539","product","type-product","status-publish","has-post-thumbnail","hentry","product_cat-packs","col-xs-6 col-sm-4","col-mf-5","un--cols"],"yoast_head":"<!-- This site is optimized with the Yoast SEO plugin v15.9.2 - https:\/\/yoast.com\/wordpress\/plugins\/seo\/ -->\n<title>NORMAS DE CALIDAD Y GU\u00cdAS DE IMPLEMENTACI\u00d3N CLAVES PARA MEDIANAS EMPRESAS - Tienda de normas e informaci\u00f3n t\u00e9cnica- IKONORM<\/title>\n<link rel=\"canonical\" href=\"https:\/\/www.ikonorm.com\/index.php\/producto\/calidad-2\/\" \/>\n<meta property=\"og:locale\" content=\"es_ES\" \/>\n<meta property=\"og:type\" content=\"article\" \/>\n<meta property=\"og:title\" content=\"NORMAS DE CALIDAD Y GU\u00cdAS DE IMPLEMENTACI\u00d3N CLAVES PARA MEDIANAS EMPRESAS - Tienda de normas e informaci\u00f3n t\u00e9cnica- IKONORM\" \/>\n<meta property=\"og:description\" content=\"Contiene las normas Internacionales de calidad y gu\u00edas de implementaci\u00f3n claves que rigen la planeaci\u00f3n, implementaci\u00f3n, verificaci\u00f3n y mejora continua que requiere todo sistema de Gesti\u00f3n de Calidad exitoso y a la vanguardia. Este Pack de calidad esta especialmente dirigido a compa\u00f1\u00edas que est\u00e1n comenzando o tienen dudas entorno a la implementacion de la calidad en sus procesos.\" \/>\n<meta property=\"og:url\" content=\"https:\/\/www.ikonorm.com\/index.php\/producto\/calidad-2\/\" \/>\n<meta property=\"og:site_name\" content=\"Tienda de normas e informaci\u00f3n t\u00e9cnica- IKONORM\" \/>\n<meta property=\"article:modified_time\" content=\"2026-05-05T18:42:12+00:00\" \/>\n<meta property=\"og:image\" content=\"https:\/\/www.ikonorm.com\/wp-content\/uploads\/2020\/05\/Pack-02.jpg\" \/>\n\t<meta property=\"og:image:width\" content=\"370\" \/>\n\t<meta property=\"og:image:height\" content=\"292\" \/>\n<meta name=\"twitter:card\" content=\"summary_large_image\" \/>\n<script type=\"application\/ld+json\" class=\"yoast-schema-graph\">{\"@context\":\"https:\/\/schema.org\",\"@graph\":[{\"@type\":\"WebSite\",\"@id\":\"https:\/\/www.ikonorm.com\/#website\",\"url\":\"https:\/\/www.ikonorm.com\/\",\"name\":\"Tienda de normas e informaci\\u00f3n t\\u00e9cnica- IKONORM\",\"description\":\"\",\"potentialAction\":[{\"@type\":\"SearchAction\",\"target\":\"https:\/\/www.ikonorm.com\/?s={search_term_string}\",\"query-input\":\"required name=search_term_string\"}],\"inLanguage\":\"es\"},{\"@type\":\"ImageObject\",\"@id\":\"https:\/\/www.ikonorm.com\/index.php\/producto\/calidad-2\/#primaryimage\",\"inLanguage\":\"es\",\"url\":\"https:\/\/www.ikonorm.com\/wp-content\/uploads\/2020\/05\/Pack-02.jpg\",\"width\":370,\"height\":292},{\"@type\":\"WebPage\",\"@id\":\"https:\/\/www.ikonorm.com\/index.php\/producto\/calidad-2\/#webpage\",\"url\":\"https:\/\/www.ikonorm.com\/index.php\/producto\/calidad-2\/\",\"name\":\"NORMAS DE CALIDAD Y GU\\u00cdAS DE IMPLEMENTACI\\u00d3N CLAVES PARA MEDIANAS EMPRESAS - Tienda de normas e informaci\\u00f3n t\\u00e9cnica- IKONORM\",\"isPartOf\":{\"@id\":\"https:\/\/www.ikonorm.com\/#website\"},\"primaryImageOfPage\":{\"@id\":\"https:\/\/www.ikonorm.com\/index.php\/producto\/calidad-2\/#primaryimage\"},\"datePublished\":\"2020-05-18T15:00:29+00:00\",\"dateModified\":\"2026-05-05T18:42:12+00:00\",\"breadcrumb\":{\"@id\":\"https:\/\/www.ikonorm.com\/index.php\/producto\/calidad-2\/#breadcrumb\"},\"inLanguage\":\"es\",\"potentialAction\":[{\"@type\":\"ReadAction\",\"target\":[\"https:\/\/www.ikonorm.com\/index.php\/producto\/calidad-2\/\"]}]},{\"@type\":\"BreadcrumbList\",\"@id\":\"https:\/\/www.ikonorm.com\/index.php\/producto\/calidad-2\/#breadcrumb\",\"itemListElement\":[{\"@type\":\"ListItem\",\"position\":1,\"item\":{\"@type\":\"WebPage\",\"@id\":\"https:\/\/www.ikonorm.com\/\",\"url\":\"https:\/\/www.ikonorm.com\/\",\"name\":\"Portada\"}},{\"@type\":\"ListItem\",\"position\":2,\"item\":{\"@type\":\"WebPage\",\"@id\":\"https:\/\/www.ikonorm.com\/index.php\/shop\/\",\"url\":\"https:\/\/www.ikonorm.com\/index.php\/shop\/\",\"name\":\"Productos\"}},{\"@type\":\"ListItem\",\"position\":3,\"item\":{\"@type\":\"WebPage\",\"@id\":\"https:\/\/www.ikonorm.com\/index.php\/producto\/calidad-2\/\",\"url\":\"https:\/\/www.ikonorm.com\/index.php\/producto\/calidad-2\/\",\"name\":\"NORMAS DE CALIDAD Y GU\\u00cdAS DE IMPLEMENTACI\\u00d3N CLAVES PARA MEDIANAS EMPRESAS\"}}]}]}<\/script>\n<!-- \/ Yoast SEO plugin. -->","_links":{"self":[{"href":"https:\/\/www.ikonorm.com\/index.php\/wp-json\/wp\/v2\/product\/539","targetHints":{"allow":["GET"]}}],"collection":[{"href":"https:\/\/www.ikonorm.com\/index.php\/wp-json\/wp\/v2\/product"}],"about":[{"href":"https:\/\/www.ikonorm.com\/index.php\/wp-json\/wp\/v2\/types\/product"}],"replies":[{"embeddable":true,"href":"https:\/\/www.ikonorm.com\/index.php\/wp-json\/wp\/v2\/comments?post=539"}],"wp:featuredmedia":[{"embeddable":true,"href":"https:\/\/www.ikonorm.com\/index.php\/wp-json\/wp\/v2\/media\/540"}],"wp:attachment":[{"href":"https:\/\/www.ikonorm.com\/index.php\/wp-json\/wp\/v2\/media?parent=539"}],"curies":[{"name":"wp","href":"https:\/\/api.w.org\/{rel}","templated":true}]}}