{"id":395,"date":"2020-05-13T02:20:00","date_gmt":"2020-05-13T02:20:00","guid":{"rendered":"https:\/\/www.ikonorm.com\/?post_type=product&#038;p=395"},"modified":"2026-04-09T07:11:36","modified_gmt":"2026-04-09T07:11:36","slug":"handbook-asm-vol-10-caracterizacion-de-materiales","status":"publish","type":"product","link":"https:\/\/www.ikonorm.com\/index.php\/producto\/handbook-asm-vol-10-caracterizacion-de-materiales\/","title":{"rendered":"HandBook ASM vol 10:  Caracterizacion de materiales"},"content":{"rendered":"<p>HandBook ASM vol 10: Caracterizacion de materiales<\/p>\n<p>Conozca las nuevas t\u00e9cnicas anal\u00edticas que sean apropiadas para su problema, tama\u00f1o de muestras, requisitos para la preparaci\u00f3n, tablas y gr\u00e1ficos de m\u00e9todos de caracterizaci\u00f3n. La nueva edici\u00f3n 2019 del handbook ASM vol 10: Caracterizaci\u00f3n de Materiales. Proporciona informaci\u00f3n t\u00e9cnica detallada muy f\u00e1cil de utilizar<\/p>\n<p>Fecha: 2019 Idioma: ingl\u00e9s Publicado por: ASM Internacional p\u00e1ginas:807 formato: digital\/ online ISBN: 9781627082112<\/p>\n","protected":false},"excerpt":{"rendered":"<p>Conozca las nuevas t\u00e9cnicas anal\u00edticas que sean apropiadas para su problema, tama\u00f1o de muestras, requisitos para la preparaci\u00f3n, tablas y gr\u00e1ficos de m\u00e9todos de caracterizaci\u00f3n. La nueva edici\u00f3n 2019 del handbook ASM vol 10: Caracterizaci\u00f3n de Materiales. Proporciona informaci\u00f3n t\u00e9cnica detallada muy f\u00e1cil de utilizar<\/p>\n","protected":false},"featured_media":396,"comment_status":"open","ping_status":"closed","template":"","meta":{"_monsterinsights_skip_tracking":false,"_monsterinsights_sitenote_active":false,"_monsterinsights_sitenote_note":"","_monsterinsights_sitenote_category":0},"class_list":["post-395","product","type-product","status-publish","has-post-thumbnail","hentry","product_cat-manuales","col-xs-6 col-sm-4","col-mf-5","un--cols"],"yoast_head":"<!-- This site is optimized with the Yoast SEO plugin v15.9.2 - https:\/\/yoast.com\/wordpress\/plugins\/seo\/ -->\n<title>HandBook ASM vol 10: Caracterizacion de materiales - Tienda de normas e informaci\u00f3n t\u00e9cnica- IKONORM<\/title>\n<link rel=\"canonical\" href=\"https:\/\/www.ikonorm.com\/index.php\/producto\/handbook-asm-vol-10-caracterizacion-de-materiales\/\" \/>\n<meta property=\"og:locale\" content=\"es_ES\" \/>\n<meta property=\"og:type\" content=\"article\" \/>\n<meta property=\"og:title\" content=\"HandBook ASM vol 10: Caracterizacion de materiales - Tienda de normas e informaci\u00f3n t\u00e9cnica- IKONORM\" \/>\n<meta property=\"og:description\" content=\"Conozca las nuevas t\u00e9cnicas anal\u00edticas que sean apropiadas para su problema, tama\u00f1o de muestras, requisitos para la preparaci\u00f3n, tablas y gr\u00e1ficos de m\u00e9todos de caracterizaci\u00f3n. La nueva edici\u00f3n 2019 del handbook ASM vol 10: Caracterizaci\u00f3n de Materiales. Proporciona informaci\u00f3n t\u00e9cnica detallada muy f\u00e1cil de utilizar\" \/>\n<meta property=\"og:url\" content=\"https:\/\/www.ikonorm.com\/index.php\/producto\/handbook-asm-vol-10-caracterizacion-de-materiales\/\" \/>\n<meta property=\"og:site_name\" content=\"Tienda de normas e informaci\u00f3n t\u00e9cnica- IKONORM\" \/>\n<meta property=\"article:modified_time\" content=\"2026-04-09T07:11:36+00:00\" \/>\n<meta property=\"og:image\" content=\"https:\/\/www.ikonorm.com\/wp-content\/uploads\/2020\/05\/433x449-HANDBOOK-ASM-Vol-10-IKONORM.jpg\" \/>\n\t<meta property=\"og:image:width\" content=\"433\" \/>\n\t<meta property=\"og:image:height\" content=\"449\" \/>\n<meta name=\"twitter:card\" content=\"summary_large_image\" \/>\n<script type=\"application\/ld+json\" class=\"yoast-schema-graph\">{\"@context\":\"https:\/\/schema.org\",\"@graph\":[{\"@type\":\"WebSite\",\"@id\":\"https:\/\/www.ikonorm.com\/#website\",\"url\":\"https:\/\/www.ikonorm.com\/\",\"name\":\"Tienda de normas e informaci\\u00f3n t\\u00e9cnica- IKONORM\",\"description\":\"\",\"potentialAction\":[{\"@type\":\"SearchAction\",\"target\":\"https:\/\/www.ikonorm.com\/?s={search_term_string}\",\"query-input\":\"required name=search_term_string\"}],\"inLanguage\":\"es\"},{\"@type\":\"ImageObject\",\"@id\":\"https:\/\/www.ikonorm.com\/index.php\/producto\/handbook-asm-vol-10-caracterizacion-de-materiales\/#primaryimage\",\"inLanguage\":\"es\",\"url\":\"https:\/\/www.ikonorm.com\/wp-content\/uploads\/2020\/05\/433x449-HANDBOOK-ASM-Vol-10-IKONORM.jpg\",\"width\":433,\"height\":449},{\"@type\":\"WebPage\",\"@id\":\"https:\/\/www.ikonorm.com\/index.php\/producto\/handbook-asm-vol-10-caracterizacion-de-materiales\/#webpage\",\"url\":\"https:\/\/www.ikonorm.com\/index.php\/producto\/handbook-asm-vol-10-caracterizacion-de-materiales\/\",\"name\":\"HandBook ASM vol 10: Caracterizacion de materiales - Tienda de normas e informaci\\u00f3n t\\u00e9cnica- IKONORM\",\"isPartOf\":{\"@id\":\"https:\/\/www.ikonorm.com\/#website\"},\"primaryImageOfPage\":{\"@id\":\"https:\/\/www.ikonorm.com\/index.php\/producto\/handbook-asm-vol-10-caracterizacion-de-materiales\/#primaryimage\"},\"datePublished\":\"2020-05-13T02:20:00+00:00\",\"dateModified\":\"2026-04-09T07:11:36+00:00\",\"breadcrumb\":{\"@id\":\"https:\/\/www.ikonorm.com\/index.php\/producto\/handbook-asm-vol-10-caracterizacion-de-materiales\/#breadcrumb\"},\"inLanguage\":\"es\",\"potentialAction\":[{\"@type\":\"ReadAction\",\"target\":[\"https:\/\/www.ikonorm.com\/index.php\/producto\/handbook-asm-vol-10-caracterizacion-de-materiales\/\"]}]},{\"@type\":\"BreadcrumbList\",\"@id\":\"https:\/\/www.ikonorm.com\/index.php\/producto\/handbook-asm-vol-10-caracterizacion-de-materiales\/#breadcrumb\",\"itemListElement\":[{\"@type\":\"ListItem\",\"position\":1,\"item\":{\"@type\":\"WebPage\",\"@id\":\"https:\/\/www.ikonorm.com\/\",\"url\":\"https:\/\/www.ikonorm.com\/\",\"name\":\"Portada\"}},{\"@type\":\"ListItem\",\"position\":2,\"item\":{\"@type\":\"WebPage\",\"@id\":\"https:\/\/www.ikonorm.com\/index.php\/shop\/\",\"url\":\"https:\/\/www.ikonorm.com\/index.php\/shop\/\",\"name\":\"Productos\"}},{\"@type\":\"ListItem\",\"position\":3,\"item\":{\"@type\":\"WebPage\",\"@id\":\"https:\/\/www.ikonorm.com\/index.php\/producto\/handbook-asm-vol-10-caracterizacion-de-materiales\/\",\"url\":\"https:\/\/www.ikonorm.com\/index.php\/producto\/handbook-asm-vol-10-caracterizacion-de-materiales\/\",\"name\":\"HandBook ASM vol 10: Caracterizacion de materiales\"}}]}]}<\/script>\n<!-- \/ Yoast SEO plugin. -->","_links":{"self":[{"href":"https:\/\/www.ikonorm.com\/index.php\/wp-json\/wp\/v2\/product\/395","targetHints":{"allow":["GET"]}}],"collection":[{"href":"https:\/\/www.ikonorm.com\/index.php\/wp-json\/wp\/v2\/product"}],"about":[{"href":"https:\/\/www.ikonorm.com\/index.php\/wp-json\/wp\/v2\/types\/product"}],"replies":[{"embeddable":true,"href":"https:\/\/www.ikonorm.com\/index.php\/wp-json\/wp\/v2\/comments?post=395"}],"wp:featuredmedia":[{"embeddable":true,"href":"https:\/\/www.ikonorm.com\/index.php\/wp-json\/wp\/v2\/media\/396"}],"wp:attachment":[{"href":"https:\/\/www.ikonorm.com\/index.php\/wp-json\/wp\/v2\/media?parent=395"}],"curies":[{"name":"wp","href":"https:\/\/api.w.org\/{rel}","templated":true}]}}