{"id":389,"date":"2020-05-13T01:51:33","date_gmt":"2020-05-13T01:51:33","guid":{"rendered":"https:\/\/www.ikonorm.com\/?post_type=product&#038;p=389"},"modified":"2026-04-09T07:10:32","modified_gmt":"2026-04-09T07:10:32","slug":"atlas-de-curvas-de-tension-estres","status":"publish","type":"product","link":"https:\/\/www.ikonorm.com\/index.php\/producto\/atlas-de-curvas-de-tension-estres\/","title":{"rendered":"Atlas de curvas de tensi\u00f3n-estr\u00e9s"},"content":{"rendered":"<p>Atlas of Stress-Strain Curves Atlas de curvas de tensi\u00f3n-estr\u00e9s<\/p>\n<p>Presenta m\u00e1s de 1400 curvas de esfuerzo y tensi\u00f3n de fuentes autorizadas. La presentaci\u00f3n de las curvas se normaliza para ayudar a hacer comparaciones entre los materiales<\/p>\n<p>fecha: 2002 Editorial: ASM International P\u00e1ginas: 816 idioma: ingl\u00e9s formato: tapa dura ISBN: 978-0-87170-739-0<\/p>\n","protected":false},"excerpt":{"rendered":"<p>Presenta m\u00e1s de 1400 curvas de esfuerzo y tensi\u00f3n de fuentes autorizadas. La presentaci\u00f3n de las curvas se normaliza para ayudar a hacer comparaciones entre los materiales<\/p>\n","protected":false},"featured_media":390,"comment_status":"open","ping_status":"closed","template":"","meta":{"_monsterinsights_skip_tracking":false,"_monsterinsights_sitenote_active":false,"_monsterinsights_sitenote_note":"","_monsterinsights_sitenote_category":0},"class_list":["post-389","product","type-product","status-publish","has-post-thumbnail","hentry","product_cat-ensayos-libros-y-guias","product_cat-libros-y-guias","col-xs-6 col-sm-4","col-mf-5","un--cols"],"yoast_head":"<!-- This site is optimized with the Yoast SEO plugin v15.9.2 - https:\/\/yoast.com\/wordpress\/plugins\/seo\/ -->\n<title>Atlas de curvas de tensi\u00f3n-estr\u00e9s - Tienda de normas e informaci\u00f3n t\u00e9cnica- IKONORM<\/title>\n<link rel=\"canonical\" href=\"https:\/\/www.ikonorm.com\/index.php\/producto\/atlas-de-curvas-de-tension-estres\/\" \/>\n<meta property=\"og:locale\" content=\"es_ES\" \/>\n<meta property=\"og:type\" content=\"article\" \/>\n<meta property=\"og:title\" content=\"Atlas de curvas de tensi\u00f3n-estr\u00e9s - Tienda de normas e informaci\u00f3n t\u00e9cnica- IKONORM\" \/>\n<meta property=\"og:description\" content=\"Presenta m\u00e1s de 1400 curvas de esfuerzo y tensi\u00f3n de fuentes autorizadas. La presentaci\u00f3n de las curvas se normaliza para ayudar a hacer comparaciones entre los materiales\" \/>\n<meta property=\"og:url\" content=\"https:\/\/www.ikonorm.com\/index.php\/producto\/atlas-de-curvas-de-tension-estres\/\" \/>\n<meta property=\"og:site_name\" content=\"Tienda de normas e informaci\u00f3n t\u00e9cnica- IKONORM\" \/>\n<meta property=\"article:modified_time\" content=\"2026-04-09T07:10:32+00:00\" \/>\n<meta property=\"og:image\" content=\"https:\/\/www.ikonorm.com\/wp-content\/uploads\/2020\/05\/433x449-LIBROS-Atlas-of-Stress-Strain-Curves-IKONORM.jpg\" \/>\n\t<meta property=\"og:image:width\" content=\"433\" \/>\n\t<meta property=\"og:image:height\" content=\"449\" \/>\n<meta name=\"twitter:card\" content=\"summary_large_image\" \/>\n<script type=\"application\/ld+json\" class=\"yoast-schema-graph\">{\"@context\":\"https:\/\/schema.org\",\"@graph\":[{\"@type\":\"WebSite\",\"@id\":\"https:\/\/www.ikonorm.com\/#website\",\"url\":\"https:\/\/www.ikonorm.com\/\",\"name\":\"Tienda de normas e informaci\\u00f3n t\\u00e9cnica- IKONORM\",\"description\":\"\",\"potentialAction\":[{\"@type\":\"SearchAction\",\"target\":\"https:\/\/www.ikonorm.com\/?s={search_term_string}\",\"query-input\":\"required name=search_term_string\"}],\"inLanguage\":\"es\"},{\"@type\":\"ImageObject\",\"@id\":\"https:\/\/www.ikonorm.com\/index.php\/producto\/atlas-de-curvas-de-tension-estres\/#primaryimage\",\"inLanguage\":\"es\",\"url\":\"https:\/\/www.ikonorm.com\/wp-content\/uploads\/2020\/05\/433x449-LIBROS-Atlas-of-Stress-Strain-Curves-IKONORM.jpg\",\"width\":433,\"height\":449},{\"@type\":\"WebPage\",\"@id\":\"https:\/\/www.ikonorm.com\/index.php\/producto\/atlas-de-curvas-de-tension-estres\/#webpage\",\"url\":\"https:\/\/www.ikonorm.com\/index.php\/producto\/atlas-de-curvas-de-tension-estres\/\",\"name\":\"Atlas de curvas de tensi\\u00f3n-estr\\u00e9s - Tienda de normas e informaci\\u00f3n t\\u00e9cnica- IKONORM\",\"isPartOf\":{\"@id\":\"https:\/\/www.ikonorm.com\/#website\"},\"primaryImageOfPage\":{\"@id\":\"https:\/\/www.ikonorm.com\/index.php\/producto\/atlas-de-curvas-de-tension-estres\/#primaryimage\"},\"datePublished\":\"2020-05-13T01:51:33+00:00\",\"dateModified\":\"2026-04-09T07:10:32+00:00\",\"breadcrumb\":{\"@id\":\"https:\/\/www.ikonorm.com\/index.php\/producto\/atlas-de-curvas-de-tension-estres\/#breadcrumb\"},\"inLanguage\":\"es\",\"potentialAction\":[{\"@type\":\"ReadAction\",\"target\":[\"https:\/\/www.ikonorm.com\/index.php\/producto\/atlas-de-curvas-de-tension-estres\/\"]}]},{\"@type\":\"BreadcrumbList\",\"@id\":\"https:\/\/www.ikonorm.com\/index.php\/producto\/atlas-de-curvas-de-tension-estres\/#breadcrumb\",\"itemListElement\":[{\"@type\":\"ListItem\",\"position\":1,\"item\":{\"@type\":\"WebPage\",\"@id\":\"https:\/\/www.ikonorm.com\/\",\"url\":\"https:\/\/www.ikonorm.com\/\",\"name\":\"Portada\"}},{\"@type\":\"ListItem\",\"position\":2,\"item\":{\"@type\":\"WebPage\",\"@id\":\"https:\/\/www.ikonorm.com\/index.php\/shop\/\",\"url\":\"https:\/\/www.ikonorm.com\/index.php\/shop\/\",\"name\":\"Productos\"}},{\"@type\":\"ListItem\",\"position\":3,\"item\":{\"@type\":\"WebPage\",\"@id\":\"https:\/\/www.ikonorm.com\/index.php\/producto\/atlas-de-curvas-de-tension-estres\/\",\"url\":\"https:\/\/www.ikonorm.com\/index.php\/producto\/atlas-de-curvas-de-tension-estres\/\",\"name\":\"Atlas de curvas de tensi\\u00f3n-estr\\u00e9s\"}}]}]}<\/script>\n<!-- \/ Yoast SEO plugin. -->","_links":{"self":[{"href":"https:\/\/www.ikonorm.com\/index.php\/wp-json\/wp\/v2\/product\/389","targetHints":{"allow":["GET"]}}],"collection":[{"href":"https:\/\/www.ikonorm.com\/index.php\/wp-json\/wp\/v2\/product"}],"about":[{"href":"https:\/\/www.ikonorm.com\/index.php\/wp-json\/wp\/v2\/types\/product"}],"replies":[{"embeddable":true,"href":"https:\/\/www.ikonorm.com\/index.php\/wp-json\/wp\/v2\/comments?post=389"}],"wp:featuredmedia":[{"embeddable":true,"href":"https:\/\/www.ikonorm.com\/index.php\/wp-json\/wp\/v2\/media\/390"}],"wp:attachment":[{"href":"https:\/\/www.ikonorm.com\/index.php\/wp-json\/wp\/v2\/media?parent=389"}],"curies":[{"name":"wp","href":"https:\/\/api.w.org\/{rel}","templated":true}]}}