{"id":383,"date":"2020-05-13T01:24:23","date_gmt":"2020-05-13T01:24:23","guid":{"rendered":"https:\/\/www.ikonorm.com\/?post_type=product&#038;p=383"},"modified":"2026-04-08T18:52:35","modified_gmt":"2026-04-08T18:52:35","slug":"indicaciones-no-relevantes-y-falsas","status":"publish","type":"product","link":"https:\/\/www.ikonorm.com\/index.php\/producto\/indicaciones-no-relevantes-y-falsas\/","title":{"rendered":"Indicaciones no relevantes y falsas"},"content":{"rendered":"<p>Nonrelevant and False Indications Indicaciones no relevantes y falsas<\/p>\n<p>Proporciona una cobertura completa de indicaciones falsas y no relevantes para cinco m\u00e9todos principales: electromagn\u00e9tica, penetrante de l\u00edquidos, part\u00edculas magn\u00e9ticas, radiograf\u00edas y pruebas ultras\u00f3nicas.<\/p>\n<p>autor: Joe Mackin, Publicado:2010 Edici\u00f3n: ASNT P\u00e1ginas: 17 idioma: ingl\u00e9s formato:PDF ISBN: 978-1-57117-277-8<\/p>\n","protected":false},"excerpt":{"rendered":"<p>Proporciona una cobertura completa de indicaciones falsas y no relevantes para cinco m\u00e9todos principales: electromagn\u00e9tica, penetrante de l\u00edquidos, part\u00edculas magn\u00e9ticas, radiograf\u00edas y pruebas ultras\u00f3nicas.<\/p>\n","protected":false},"featured_media":384,"comment_status":"open","ping_status":"closed","template":"","meta":{"_monsterinsights_skip_tracking":false,"_monsterinsights_sitenote_active":false,"_monsterinsights_sitenote_note":"","_monsterinsights_sitenote_category":0},"class_list":["post-383","product","type-product","status-publish","has-post-thumbnail","hentry","product_cat-ensayos-libros-y-guias","product_cat-libros-y-guias","col-xs-6 col-sm-4","col-mf-5","un--cols"],"yoast_head":"<!-- This site is optimized with the Yoast SEO plugin v15.9.2 - https:\/\/yoast.com\/wordpress\/plugins\/seo\/ -->\n<title>Indicaciones no relevantes y falsas - Tienda de normas e informaci\u00f3n t\u00e9cnica- IKONORM<\/title>\n<link rel=\"canonical\" href=\"https:\/\/www.ikonorm.com\/index.php\/producto\/indicaciones-no-relevantes-y-falsas\/\" \/>\n<meta property=\"og:locale\" content=\"es_ES\" \/>\n<meta property=\"og:type\" content=\"article\" \/>\n<meta property=\"og:title\" content=\"Indicaciones no relevantes y falsas - Tienda de normas e informaci\u00f3n t\u00e9cnica- IKONORM\" \/>\n<meta property=\"og:description\" content=\"Proporciona una cobertura completa de indicaciones falsas y no relevantes para cinco m\u00e9todos principales: electromagn\u00e9tica, penetrante de l\u00edquidos, part\u00edculas magn\u00e9ticas, radiograf\u00edas y pruebas ultras\u00f3nicas.\" \/>\n<meta property=\"og:url\" content=\"https:\/\/www.ikonorm.com\/index.php\/producto\/indicaciones-no-relevantes-y-falsas\/\" \/>\n<meta property=\"og:site_name\" content=\"Tienda de normas e informaci\u00f3n t\u00e9cnica- IKONORM\" \/>\n<meta property=\"article:modified_time\" content=\"2026-04-08T18:52:35+00:00\" \/>\n<meta property=\"og:image\" content=\"https:\/\/www.ikonorm.com\/wp-content\/uploads\/2020\/05\/433x449-LIBROS-Nonrelevant-and-False-Indications-IKONORM.jpg\" \/>\n\t<meta property=\"og:image:width\" content=\"433\" \/>\n\t<meta property=\"og:image:height\" content=\"449\" \/>\n<meta name=\"twitter:card\" content=\"summary_large_image\" \/>\n<script type=\"application\/ld+json\" class=\"yoast-schema-graph\">{\"@context\":\"https:\/\/schema.org\",\"@graph\":[{\"@type\":\"WebSite\",\"@id\":\"https:\/\/www.ikonorm.com\/#website\",\"url\":\"https:\/\/www.ikonorm.com\/\",\"name\":\"Tienda de normas e informaci\\u00f3n t\\u00e9cnica- IKONORM\",\"description\":\"\",\"potentialAction\":[{\"@type\":\"SearchAction\",\"target\":\"https:\/\/www.ikonorm.com\/?s={search_term_string}\",\"query-input\":\"required name=search_term_string\"}],\"inLanguage\":\"es\"},{\"@type\":\"ImageObject\",\"@id\":\"https:\/\/www.ikonorm.com\/index.php\/producto\/indicaciones-no-relevantes-y-falsas\/#primaryimage\",\"inLanguage\":\"es\",\"url\":\"https:\/\/www.ikonorm.com\/wp-content\/uploads\/2020\/05\/433x449-LIBROS-Nonrelevant-and-False-Indications-IKONORM.jpg\",\"width\":433,\"height\":449},{\"@type\":\"WebPage\",\"@id\":\"https:\/\/www.ikonorm.com\/index.php\/producto\/indicaciones-no-relevantes-y-falsas\/#webpage\",\"url\":\"https:\/\/www.ikonorm.com\/index.php\/producto\/indicaciones-no-relevantes-y-falsas\/\",\"name\":\"Indicaciones no relevantes y falsas - Tienda de normas e informaci\\u00f3n t\\u00e9cnica- IKONORM\",\"isPartOf\":{\"@id\":\"https:\/\/www.ikonorm.com\/#website\"},\"primaryImageOfPage\":{\"@id\":\"https:\/\/www.ikonorm.com\/index.php\/producto\/indicaciones-no-relevantes-y-falsas\/#primaryimage\"},\"datePublished\":\"2020-05-13T01:24:23+00:00\",\"dateModified\":\"2026-04-08T18:52:35+00:00\",\"breadcrumb\":{\"@id\":\"https:\/\/www.ikonorm.com\/index.php\/producto\/indicaciones-no-relevantes-y-falsas\/#breadcrumb\"},\"inLanguage\":\"es\",\"potentialAction\":[{\"@type\":\"ReadAction\",\"target\":[\"https:\/\/www.ikonorm.com\/index.php\/producto\/indicaciones-no-relevantes-y-falsas\/\"]}]},{\"@type\":\"BreadcrumbList\",\"@id\":\"https:\/\/www.ikonorm.com\/index.php\/producto\/indicaciones-no-relevantes-y-falsas\/#breadcrumb\",\"itemListElement\":[{\"@type\":\"ListItem\",\"position\":1,\"item\":{\"@type\":\"WebPage\",\"@id\":\"https:\/\/www.ikonorm.com\/\",\"url\":\"https:\/\/www.ikonorm.com\/\",\"name\":\"Portada\"}},{\"@type\":\"ListItem\",\"position\":2,\"item\":{\"@type\":\"WebPage\",\"@id\":\"https:\/\/www.ikonorm.com\/index.php\/shop\/\",\"url\":\"https:\/\/www.ikonorm.com\/index.php\/shop\/\",\"name\":\"Productos\"}},{\"@type\":\"ListItem\",\"position\":3,\"item\":{\"@type\":\"WebPage\",\"@id\":\"https:\/\/www.ikonorm.com\/index.php\/producto\/indicaciones-no-relevantes-y-falsas\/\",\"url\":\"https:\/\/www.ikonorm.com\/index.php\/producto\/indicaciones-no-relevantes-y-falsas\/\",\"name\":\"Indicaciones no relevantes y falsas\"}}]}]}<\/script>\n<!-- \/ Yoast SEO plugin. -->","_links":{"self":[{"href":"https:\/\/www.ikonorm.com\/index.php\/wp-json\/wp\/v2\/product\/383","targetHints":{"allow":["GET"]}}],"collection":[{"href":"https:\/\/www.ikonorm.com\/index.php\/wp-json\/wp\/v2\/product"}],"about":[{"href":"https:\/\/www.ikonorm.com\/index.php\/wp-json\/wp\/v2\/types\/product"}],"replies":[{"embeddable":true,"href":"https:\/\/www.ikonorm.com\/index.php\/wp-json\/wp\/v2\/comments?post=383"}],"wp:featuredmedia":[{"embeddable":true,"href":"https:\/\/www.ikonorm.com\/index.php\/wp-json\/wp\/v2\/media\/384"}],"wp:attachment":[{"href":"https:\/\/www.ikonorm.com\/index.php\/wp-json\/wp\/v2\/media?parent=383"}],"curies":[{"name":"wp","href":"https:\/\/api.w.org\/{rel}","templated":true}]}}