{"id":379,"date":"2020-05-13T01:16:39","date_gmt":"2020-05-13T01:16:39","guid":{"rendered":"https:\/\/www.ikonorm.com\/?post_type=product&#038;p=379"},"modified":"2026-04-09T07:13:57","modified_gmt":"2026-04-09T07:13:57","slug":"manual-asm-evaluacion-no-destructiva-y-control-de-calidad","status":"publish","type":"product","link":"https:\/\/www.ikonorm.com\/index.php\/producto\/manual-asm-evaluacion-no-destructiva-y-control-de-calidad\/","title":{"rendered":"Manual ASM: Evaluaci\u00f3n no destructiva y control de calidad"},"content":{"rendered":"<p>ASM Handbook: Nondestructive Evaluation and Quality Control Manual ASM: Evaluaci\u00f3n no destructiva y control de calidad<\/p>\n<p>Una referencia valiosa y f\u00e1cilmente comprensible para los m\u00e9todos modernos de ECM y an\u00e1lisis estad\u00edstico.<\/p>\n<p>a\u00f1o: 1989 editorial: ASM idioma: ingl\u00e9s P\u00e1ginas: 750 Formato: impreso ISBN: 0-87170-023-9<\/p>\n","protected":false},"excerpt":{"rendered":"<p>Una referencia valiosa y f\u00e1cilmente comprensible para los m\u00e9todos modernos de ECM y an\u00e1lisis estad\u00edstico.<\/p>\n","protected":false},"featured_media":380,"comment_status":"open","ping_status":"closed","template":"","meta":{"_monsterinsights_skip_tracking":false,"_monsterinsights_sitenote_active":false,"_monsterinsights_sitenote_note":"","_monsterinsights_sitenote_category":0},"class_list":["post-379","product","type-product","status-publish","has-post-thumbnail","hentry","product_cat-ensayos-manuales","product_cat-manuales","col-xs-6 col-sm-4","col-mf-5","un--cols"],"yoast_head":"<!-- This site is optimized with the Yoast SEO plugin v15.9.2 - https:\/\/yoast.com\/wordpress\/plugins\/seo\/ -->\n<title>Manual ASM: Evaluaci\u00f3n no destructiva y control de calidad - Tienda de normas e informaci\u00f3n t\u00e9cnica- IKONORM<\/title>\n<link rel=\"canonical\" href=\"https:\/\/www.ikonorm.com\/index.php\/producto\/manual-asm-evaluacion-no-destructiva-y-control-de-calidad\/\" \/>\n<meta property=\"og:locale\" content=\"es_ES\" \/>\n<meta property=\"og:type\" content=\"article\" \/>\n<meta property=\"og:title\" content=\"Manual ASM: Evaluaci\u00f3n no destructiva y control de calidad - Tienda de normas e informaci\u00f3n t\u00e9cnica- IKONORM\" \/>\n<meta property=\"og:description\" content=\"Una referencia valiosa y f\u00e1cilmente comprensible para los m\u00e9todos modernos de ECM y an\u00e1lisis estad\u00edstico.\" \/>\n<meta property=\"og:url\" content=\"https:\/\/www.ikonorm.com\/index.php\/producto\/manual-asm-evaluacion-no-destructiva-y-control-de-calidad\/\" \/>\n<meta property=\"og:site_name\" content=\"Tienda de normas e informaci\u00f3n t\u00e9cnica- IKONORM\" \/>\n<meta property=\"article:modified_time\" content=\"2026-04-09T07:13:57+00:00\" \/>\n<meta property=\"og:image\" content=\"https:\/\/www.ikonorm.com\/wp-content\/uploads\/2020\/05\/433x449-HANDBOOK-ASM-Nondestructive-Evaluation-Quality-Control-IKONORM.jpg\" \/>\n\t<meta property=\"og:image:width\" content=\"433\" \/>\n\t<meta property=\"og:image:height\" content=\"449\" \/>\n<meta name=\"twitter:card\" content=\"summary_large_image\" \/>\n<script type=\"application\/ld+json\" class=\"yoast-schema-graph\">{\"@context\":\"https:\/\/schema.org\",\"@graph\":[{\"@type\":\"WebSite\",\"@id\":\"https:\/\/www.ikonorm.com\/#website\",\"url\":\"https:\/\/www.ikonorm.com\/\",\"name\":\"Tienda de normas e informaci\\u00f3n t\\u00e9cnica- IKONORM\",\"description\":\"\",\"potentialAction\":[{\"@type\":\"SearchAction\",\"target\":\"https:\/\/www.ikonorm.com\/?s={search_term_string}\",\"query-input\":\"required name=search_term_string\"}],\"inLanguage\":\"es\"},{\"@type\":\"ImageObject\",\"@id\":\"https:\/\/www.ikonorm.com\/index.php\/producto\/manual-asm-evaluacion-no-destructiva-y-control-de-calidad\/#primaryimage\",\"inLanguage\":\"es\",\"url\":\"https:\/\/www.ikonorm.com\/wp-content\/uploads\/2020\/05\/433x449-HANDBOOK-ASM-Nondestructive-Evaluation-Quality-Control-IKONORM.jpg\",\"width\":433,\"height\":449},{\"@type\":\"WebPage\",\"@id\":\"https:\/\/www.ikonorm.com\/index.php\/producto\/manual-asm-evaluacion-no-destructiva-y-control-de-calidad\/#webpage\",\"url\":\"https:\/\/www.ikonorm.com\/index.php\/producto\/manual-asm-evaluacion-no-destructiva-y-control-de-calidad\/\",\"name\":\"Manual ASM: Evaluaci\\u00f3n no destructiva y control de calidad - Tienda de normas e informaci\\u00f3n t\\u00e9cnica- IKONORM\",\"isPartOf\":{\"@id\":\"https:\/\/www.ikonorm.com\/#website\"},\"primaryImageOfPage\":{\"@id\":\"https:\/\/www.ikonorm.com\/index.php\/producto\/manual-asm-evaluacion-no-destructiva-y-control-de-calidad\/#primaryimage\"},\"datePublished\":\"2020-05-13T01:16:39+00:00\",\"dateModified\":\"2026-04-09T07:13:57+00:00\",\"breadcrumb\":{\"@id\":\"https:\/\/www.ikonorm.com\/index.php\/producto\/manual-asm-evaluacion-no-destructiva-y-control-de-calidad\/#breadcrumb\"},\"inLanguage\":\"es\",\"potentialAction\":[{\"@type\":\"ReadAction\",\"target\":[\"https:\/\/www.ikonorm.com\/index.php\/producto\/manual-asm-evaluacion-no-destructiva-y-control-de-calidad\/\"]}]},{\"@type\":\"BreadcrumbList\",\"@id\":\"https:\/\/www.ikonorm.com\/index.php\/producto\/manual-asm-evaluacion-no-destructiva-y-control-de-calidad\/#breadcrumb\",\"itemListElement\":[{\"@type\":\"ListItem\",\"position\":1,\"item\":{\"@type\":\"WebPage\",\"@id\":\"https:\/\/www.ikonorm.com\/\",\"url\":\"https:\/\/www.ikonorm.com\/\",\"name\":\"Portada\"}},{\"@type\":\"ListItem\",\"position\":2,\"item\":{\"@type\":\"WebPage\",\"@id\":\"https:\/\/www.ikonorm.com\/index.php\/shop\/\",\"url\":\"https:\/\/www.ikonorm.com\/index.php\/shop\/\",\"name\":\"Productos\"}},{\"@type\":\"ListItem\",\"position\":3,\"item\":{\"@type\":\"WebPage\",\"@id\":\"https:\/\/www.ikonorm.com\/index.php\/producto\/manual-asm-evaluacion-no-destructiva-y-control-de-calidad\/\",\"url\":\"https:\/\/www.ikonorm.com\/index.php\/producto\/manual-asm-evaluacion-no-destructiva-y-control-de-calidad\/\",\"name\":\"Manual ASM: Evaluaci\\u00f3n no destructiva y control de calidad\"}}]}]}<\/script>\n<!-- \/ Yoast SEO plugin. -->","_links":{"self":[{"href":"https:\/\/www.ikonorm.com\/index.php\/wp-json\/wp\/v2\/product\/379","targetHints":{"allow":["GET"]}}],"collection":[{"href":"https:\/\/www.ikonorm.com\/index.php\/wp-json\/wp\/v2\/product"}],"about":[{"href":"https:\/\/www.ikonorm.com\/index.php\/wp-json\/wp\/v2\/types\/product"}],"replies":[{"embeddable":true,"href":"https:\/\/www.ikonorm.com\/index.php\/wp-json\/wp\/v2\/comments?post=379"}],"wp:featuredmedia":[{"embeddable":true,"href":"https:\/\/www.ikonorm.com\/index.php\/wp-json\/wp\/v2\/media\/380"}],"wp:attachment":[{"href":"https:\/\/www.ikonorm.com\/index.php\/wp-json\/wp\/v2\/media?parent=379"}],"curies":[{"name":"wp","href":"https:\/\/api.w.org\/{rel}","templated":true}]}}