{"id":375,"date":"2020-05-13T01:04:17","date_gmt":"2020-05-13T01:04:17","guid":{"rendered":"https:\/\/www.ikonorm.com\/?post_type=product&#038;p=375"},"modified":"2026-04-09T07:15:01","modified_gmt":"2026-04-09T07:15:01","slug":"materiales-y-procesos-para-tecnologia-ndt-segunda-edicion","status":"publish","type":"product","link":"https:\/\/www.ikonorm.com\/index.php\/producto\/materiales-y-procesos-para-tecnologia-ndt-segunda-edicion\/","title":{"rendered":"Materiales y procesos para tecnolog\u00eda NDT, segunda edici\u00f3n"},"content":{"rendered":"<p>Materials and Processes for NDT Technology, Second Edition Materiales y procesos para tecnolog\u00eda NDT, segunda edici\u00f3n<\/p>\n<p>Proporciona una referencia completa para el personal involucrado en el dise\u00f1o, uso o evaluaci\u00f3n de pruebas no destructivas (NDT) de productos y estructuras.<\/p>\n<p>Publicado: 2016 P\u00e1ginas: 406 Edici\u00f3n: Segunda ISBN: 978-1-57117-329-4 formato: PDF<\/p>\n","protected":false},"excerpt":{"rendered":"<p>Proporciona una referencia completa para el personal involucrado en el dise\u00f1o, uso o evaluaci\u00f3n de pruebas no destructivas (NDT) de productos y estructuras.<\/p>\n","protected":false},"featured_media":376,"comment_status":"open","ping_status":"closed","template":"","meta":{"_monsterinsights_skip_tracking":false,"_monsterinsights_sitenote_active":false,"_monsterinsights_sitenote_note":"","_monsterinsights_sitenote_category":0},"class_list":["post-375","product","type-product","status-publish","has-post-thumbnail","hentry","product_cat-ensayos-libros-y-guias","product_cat-libros-y-guias","col-xs-6 col-sm-4","col-mf-5","un--cols"],"yoast_head":"<!-- This site is optimized with the Yoast SEO plugin v15.9.2 - https:\/\/yoast.com\/wordpress\/plugins\/seo\/ -->\n<title>Materiales y procesos para tecnolog\u00eda NDT, segunda edici\u00f3n - Tienda de normas e informaci\u00f3n t\u00e9cnica- IKONORM<\/title>\n<link rel=\"canonical\" href=\"https:\/\/www.ikonorm.com\/index.php\/producto\/materiales-y-procesos-para-tecnologia-ndt-segunda-edicion\/\" \/>\n<meta property=\"og:locale\" content=\"es_ES\" \/>\n<meta property=\"og:type\" content=\"article\" \/>\n<meta property=\"og:title\" content=\"Materiales y procesos para tecnolog\u00eda NDT, segunda edici\u00f3n - Tienda de normas e informaci\u00f3n t\u00e9cnica- IKONORM\" \/>\n<meta property=\"og:description\" content=\"Proporciona una referencia completa para el personal involucrado en el dise\u00f1o, uso o evaluaci\u00f3n de pruebas no destructivas (NDT) de productos y estructuras.\" \/>\n<meta property=\"og:url\" content=\"https:\/\/www.ikonorm.com\/index.php\/producto\/materiales-y-procesos-para-tecnologia-ndt-segunda-edicion\/\" \/>\n<meta property=\"og:site_name\" content=\"Tienda de normas e informaci\u00f3n t\u00e9cnica- IKONORM\" \/>\n<meta property=\"article:modified_time\" content=\"2026-04-09T07:15:01+00:00\" \/>\n<meta property=\"og:image\" content=\"https:\/\/www.ikonorm.com\/wp-content\/uploads\/2020\/05\/433x449-LIBROS-Materials-Processes-NDT-Technology-IKONORM.jpg\" \/>\n\t<meta property=\"og:image:width\" content=\"433\" \/>\n\t<meta property=\"og:image:height\" content=\"449\" \/>\n<meta name=\"twitter:card\" content=\"summary_large_image\" \/>\n<script type=\"application\/ld+json\" class=\"yoast-schema-graph\">{\"@context\":\"https:\/\/schema.org\",\"@graph\":[{\"@type\":\"WebSite\",\"@id\":\"https:\/\/www.ikonorm.com\/#website\",\"url\":\"https:\/\/www.ikonorm.com\/\",\"name\":\"Tienda de normas e informaci\\u00f3n t\\u00e9cnica- IKONORM\",\"description\":\"\",\"potentialAction\":[{\"@type\":\"SearchAction\",\"target\":\"https:\/\/www.ikonorm.com\/?s={search_term_string}\",\"query-input\":\"required name=search_term_string\"}],\"inLanguage\":\"es\"},{\"@type\":\"ImageObject\",\"@id\":\"https:\/\/www.ikonorm.com\/index.php\/producto\/materiales-y-procesos-para-tecnologia-ndt-segunda-edicion\/#primaryimage\",\"inLanguage\":\"es\",\"url\":\"https:\/\/www.ikonorm.com\/wp-content\/uploads\/2020\/05\/433x449-LIBROS-Materials-Processes-NDT-Technology-IKONORM.jpg\",\"width\":433,\"height\":449},{\"@type\":\"WebPage\",\"@id\":\"https:\/\/www.ikonorm.com\/index.php\/producto\/materiales-y-procesos-para-tecnologia-ndt-segunda-edicion\/#webpage\",\"url\":\"https:\/\/www.ikonorm.com\/index.php\/producto\/materiales-y-procesos-para-tecnologia-ndt-segunda-edicion\/\",\"name\":\"Materiales y procesos para tecnolog\\u00eda NDT, segunda edici\\u00f3n - Tienda de normas e informaci\\u00f3n t\\u00e9cnica- IKONORM\",\"isPartOf\":{\"@id\":\"https:\/\/www.ikonorm.com\/#website\"},\"primaryImageOfPage\":{\"@id\":\"https:\/\/www.ikonorm.com\/index.php\/producto\/materiales-y-procesos-para-tecnologia-ndt-segunda-edicion\/#primaryimage\"},\"datePublished\":\"2020-05-13T01:04:17+00:00\",\"dateModified\":\"2026-04-09T07:15:01+00:00\",\"breadcrumb\":{\"@id\":\"https:\/\/www.ikonorm.com\/index.php\/producto\/materiales-y-procesos-para-tecnologia-ndt-segunda-edicion\/#breadcrumb\"},\"inLanguage\":\"es\",\"potentialAction\":[{\"@type\":\"ReadAction\",\"target\":[\"https:\/\/www.ikonorm.com\/index.php\/producto\/materiales-y-procesos-para-tecnologia-ndt-segunda-edicion\/\"]}]},{\"@type\":\"BreadcrumbList\",\"@id\":\"https:\/\/www.ikonorm.com\/index.php\/producto\/materiales-y-procesos-para-tecnologia-ndt-segunda-edicion\/#breadcrumb\",\"itemListElement\":[{\"@type\":\"ListItem\",\"position\":1,\"item\":{\"@type\":\"WebPage\",\"@id\":\"https:\/\/www.ikonorm.com\/\",\"url\":\"https:\/\/www.ikonorm.com\/\",\"name\":\"Portada\"}},{\"@type\":\"ListItem\",\"position\":2,\"item\":{\"@type\":\"WebPage\",\"@id\":\"https:\/\/www.ikonorm.com\/index.php\/shop\/\",\"url\":\"https:\/\/www.ikonorm.com\/index.php\/shop\/\",\"name\":\"Productos\"}},{\"@type\":\"ListItem\",\"position\":3,\"item\":{\"@type\":\"WebPage\",\"@id\":\"https:\/\/www.ikonorm.com\/index.php\/producto\/materiales-y-procesos-para-tecnologia-ndt-segunda-edicion\/\",\"url\":\"https:\/\/www.ikonorm.com\/index.php\/producto\/materiales-y-procesos-para-tecnologia-ndt-segunda-edicion\/\",\"name\":\"Materiales y procesos para tecnolog\\u00eda NDT, segunda edici\\u00f3n\"}}]}]}<\/script>\n<!-- \/ Yoast SEO plugin. -->","_links":{"self":[{"href":"https:\/\/www.ikonorm.com\/index.php\/wp-json\/wp\/v2\/product\/375","targetHints":{"allow":["GET"]}}],"collection":[{"href":"https:\/\/www.ikonorm.com\/index.php\/wp-json\/wp\/v2\/product"}],"about":[{"href":"https:\/\/www.ikonorm.com\/index.php\/wp-json\/wp\/v2\/types\/product"}],"replies":[{"embeddable":true,"href":"https:\/\/www.ikonorm.com\/index.php\/wp-json\/wp\/v2\/comments?post=375"}],"wp:featuredmedia":[{"embeddable":true,"href":"https:\/\/www.ikonorm.com\/index.php\/wp-json\/wp\/v2\/media\/376"}],"wp:attachment":[{"href":"https:\/\/www.ikonorm.com\/index.php\/wp-json\/wp\/v2\/media?parent=375"}],"curies":[{"name":"wp","href":"https:\/\/api.w.org\/{rel}","templated":true}]}}