{"id":371,"date":"2020-05-12T17:01:00","date_gmt":"2020-05-12T17:01:00","guid":{"rendered":"https:\/\/www.ikonorm.com\/?post_type=product&#038;p=371"},"modified":"2026-04-06T19:55:31","modified_gmt":"2026-04-06T19:55:31","slug":"sistemas-de-gestion-ambiental","status":"publish","type":"product","link":"https:\/\/www.ikonorm.com\/index.php\/producto\/sistemas-de-gestion-ambiental\/","title":{"rendered":"Sistemas de gesti\u00f3n ambiental"},"content":{"rendered":"<p>Environmental Management Systems Sistemas de gesti\u00f3n ambiental<\/p>\n<p>Este libro proporciona a los gerentes de operaciones; gestores ambientales, cient\u00edficos e ingenieros; y reguladores ambientales (y aquellos que tienen un inter\u00e9s p\u00fablico) con las caracter\u00edsticas espec\u00edficas de las pol\u00edticas y procedimientos ambientales que deben existir a nivel de planta.<\/p>\n<p>fecha: 1991 Autor: B. Marguglio Publicado: CRC Press (CRC) Idioma: ingl\u00e9s p\u00e1ginas: 206<\/p>\n","protected":false},"excerpt":{"rendered":"<p>Este libro proporciona a los gerentes de operaciones; gestores ambientales, cient\u00edficos e ingenieros; y reguladores ambientales (y aquellos que tienen un inter\u00e9s p\u00fablico) con las caracter\u00edsticas espec\u00edficas de las pol\u00edticas y procedimientos ambientales que deben existir a nivel de planta.<\/p>\n","protected":false},"featured_media":372,"comment_status":"open","ping_status":"closed","template":"","meta":{"_monsterinsights_skip_tracking":false,"_monsterinsights_sitenote_active":false,"_monsterinsights_sitenote_note":"","_monsterinsights_sitenote_category":0},"class_list":["post-371","product","type-product","status-publish","has-post-thumbnail","hentry","product_cat-libros-y-guias","product_cat-practica-de-ingenieria-libros-y-guias","col-xs-6 col-sm-4","col-mf-5","un--cols"],"yoast_head":"<!-- This site is optimized with the Yoast SEO plugin v15.9.2 - https:\/\/yoast.com\/wordpress\/plugins\/seo\/ -->\n<title>Sistemas de gesti\u00f3n ambiental - Tienda de normas e informaci\u00f3n t\u00e9cnica- IKONORM<\/title>\n<link rel=\"canonical\" href=\"https:\/\/www.ikonorm.com\/index.php\/producto\/sistemas-de-gestion-ambiental\/\" \/>\n<meta property=\"og:locale\" content=\"es_ES\" \/>\n<meta property=\"og:type\" content=\"article\" \/>\n<meta property=\"og:title\" content=\"Sistemas de gesti\u00f3n ambiental - Tienda de normas e informaci\u00f3n t\u00e9cnica- IKONORM\" \/>\n<meta property=\"og:description\" content=\"Este libro proporciona a los gerentes de operaciones; gestores ambientales, cient\u00edficos e ingenieros; y reguladores ambientales (y aquellos que tienen un inter\u00e9s p\u00fablico) con las caracter\u00edsticas espec\u00edficas de las pol\u00edticas y procedimientos ambientales que deben existir a nivel de planta.\" \/>\n<meta property=\"og:url\" content=\"https:\/\/www.ikonorm.com\/index.php\/producto\/sistemas-de-gestion-ambiental\/\" \/>\n<meta property=\"og:site_name\" content=\"Tienda de normas e informaci\u00f3n t\u00e9cnica- IKONORM\" \/>\n<meta property=\"article:modified_time\" content=\"2026-04-06T19:55:31+00:00\" \/>\n<meta property=\"og:image\" content=\"https:\/\/www.ikonorm.com\/wp-content\/uploads\/2020\/05\/433x449-LIBROS-Environmental-ManagemenT-Systems-IKONORM.jpg\" \/>\n\t<meta property=\"og:image:width\" content=\"433\" \/>\n\t<meta property=\"og:image:height\" content=\"449\" \/>\n<meta name=\"twitter:card\" content=\"summary_large_image\" \/>\n<script type=\"application\/ld+json\" class=\"yoast-schema-graph\">{\"@context\":\"https:\/\/schema.org\",\"@graph\":[{\"@type\":\"WebSite\",\"@id\":\"https:\/\/www.ikonorm.com\/#website\",\"url\":\"https:\/\/www.ikonorm.com\/\",\"name\":\"Tienda de normas e informaci\\u00f3n t\\u00e9cnica- IKONORM\",\"description\":\"\",\"potentialAction\":[{\"@type\":\"SearchAction\",\"target\":\"https:\/\/www.ikonorm.com\/?s={search_term_string}\",\"query-input\":\"required name=search_term_string\"}],\"inLanguage\":\"es\"},{\"@type\":\"ImageObject\",\"@id\":\"https:\/\/www.ikonorm.com\/index.php\/producto\/sistemas-de-gestion-ambiental\/#primaryimage\",\"inLanguage\":\"es\",\"url\":\"https:\/\/www.ikonorm.com\/wp-content\/uploads\/2020\/05\/433x449-LIBROS-Environmental-ManagemenT-Systems-IKONORM.jpg\",\"width\":433,\"height\":449},{\"@type\":\"WebPage\",\"@id\":\"https:\/\/www.ikonorm.com\/index.php\/producto\/sistemas-de-gestion-ambiental\/#webpage\",\"url\":\"https:\/\/www.ikonorm.com\/index.php\/producto\/sistemas-de-gestion-ambiental\/\",\"name\":\"Sistemas de gesti\\u00f3n ambiental - Tienda de normas e informaci\\u00f3n t\\u00e9cnica- IKONORM\",\"isPartOf\":{\"@id\":\"https:\/\/www.ikonorm.com\/#website\"},\"primaryImageOfPage\":{\"@id\":\"https:\/\/www.ikonorm.com\/index.php\/producto\/sistemas-de-gestion-ambiental\/#primaryimage\"},\"datePublished\":\"2020-05-12T17:01:00+00:00\",\"dateModified\":\"2026-04-06T19:55:31+00:00\",\"breadcrumb\":{\"@id\":\"https:\/\/www.ikonorm.com\/index.php\/producto\/sistemas-de-gestion-ambiental\/#breadcrumb\"},\"inLanguage\":\"es\",\"potentialAction\":[{\"@type\":\"ReadAction\",\"target\":[\"https:\/\/www.ikonorm.com\/index.php\/producto\/sistemas-de-gestion-ambiental\/\"]}]},{\"@type\":\"BreadcrumbList\",\"@id\":\"https:\/\/www.ikonorm.com\/index.php\/producto\/sistemas-de-gestion-ambiental\/#breadcrumb\",\"itemListElement\":[{\"@type\":\"ListItem\",\"position\":1,\"item\":{\"@type\":\"WebPage\",\"@id\":\"https:\/\/www.ikonorm.com\/\",\"url\":\"https:\/\/www.ikonorm.com\/\",\"name\":\"Portada\"}},{\"@type\":\"ListItem\",\"position\":2,\"item\":{\"@type\":\"WebPage\",\"@id\":\"https:\/\/www.ikonorm.com\/index.php\/shop\/\",\"url\":\"https:\/\/www.ikonorm.com\/index.php\/shop\/\",\"name\":\"Productos\"}},{\"@type\":\"ListItem\",\"position\":3,\"item\":{\"@type\":\"WebPage\",\"@id\":\"https:\/\/www.ikonorm.com\/index.php\/producto\/sistemas-de-gestion-ambiental\/\",\"url\":\"https:\/\/www.ikonorm.com\/index.php\/producto\/sistemas-de-gestion-ambiental\/\",\"name\":\"Sistemas de gesti\\u00f3n ambiental\"}}]}]}<\/script>\n<!-- \/ Yoast SEO plugin. -->","_links":{"self":[{"href":"https:\/\/www.ikonorm.com\/index.php\/wp-json\/wp\/v2\/product\/371","targetHints":{"allow":["GET"]}}],"collection":[{"href":"https:\/\/www.ikonorm.com\/index.php\/wp-json\/wp\/v2\/product"}],"about":[{"href":"https:\/\/www.ikonorm.com\/index.php\/wp-json\/wp\/v2\/types\/product"}],"replies":[{"embeddable":true,"href":"https:\/\/www.ikonorm.com\/index.php\/wp-json\/wp\/v2\/comments?post=371"}],"wp:featuredmedia":[{"embeddable":true,"href":"https:\/\/www.ikonorm.com\/index.php\/wp-json\/wp\/v2\/media\/372"}],"wp:attachment":[{"href":"https:\/\/www.ikonorm.com\/index.php\/wp-json\/wp\/v2\/media?parent=371"}],"curies":[{"name":"wp","href":"https:\/\/api.w.org\/{rel}","templated":true}]}}