{"id":366,"date":"2020-05-12T16:57:23","date_gmt":"2020-05-12T16:57:23","guid":{"rendered":"https:\/\/www.ikonorm.com\/?post_type=product&#038;p=366"},"modified":"2026-04-19T11:48:27","modified_gmt":"2026-04-19T11:48:27","slug":"guia-de-ingenieria-sfpe-de-proteccion-contra-incendios-basada-en-la-eficacia","status":"publish","type":"product","link":"https:\/\/www.ikonorm.com\/index.php\/producto\/guia-de-ingenieria-sfpe-de-proteccion-contra-incendios-basada-en-la-eficacia\/","title":{"rendered":"Gu\u00eda de Ingenier\u00eda SFPE de Protecci\u00f3n Contra Incendios Basada en la Eficacia"},"content":{"rendered":"<p>Gu\u00eda de Ingenier\u00eda SFPE de Protecci\u00f3n Contra Incendios Basada en la Eficacia<\/p>\n<p>Mant\u00e9ngase a la vanguardia de la seguridad contra incendios y de la seguridad humana con la 2da edici\u00f3n de la Gu\u00eda de Ingenier\u00eda SFPE de la Sociedad de Ingenieros de Protecci\u00f3n contra Incendios para la protecci\u00f3n contra incendios basada en el desempe\u00f1o<\/p>\n<p>Fecha: 2006 idioma: espa\u00f1ol publicado por: NFPA paginas: Formato: PDF<\/p>\n","protected":false},"excerpt":{"rendered":"<p>Mant\u00e9ngase a la vanguardia de la seguridad contra incendios y de la seguridad humana con la 2da edici\u00f3n de la Gu\u00eda de Ingenier\u00eda SFPE de la Sociedad de Ingenieros de Protecci\u00f3n contra Incendios para la protecci\u00f3n contra incendios basada en el desempe\u00f1o<\/p>\n","protected":false},"featured_media":367,"comment_status":"open","ping_status":"closed","template":"","meta":{"_monsterinsights_skip_tracking":false,"_monsterinsights_sitenote_active":false,"_monsterinsights_sitenote_note":"","_monsterinsights_sitenote_category":0},"class_list":["post-366","product","type-product","status-publish","has-post-thumbnail","hentry","product_cat-manuales","product_cat-practica-de-ingenieria-manuales","col-xs-6 col-sm-4","col-mf-5","un--cols"],"yoast_head":"<!-- This site is optimized with the Yoast SEO plugin v15.9.2 - https:\/\/yoast.com\/wordpress\/plugins\/seo\/ -->\n<title>Gu\u00eda de Ingenier\u00eda SFPE de Protecci\u00f3n Contra Incendios Basada en la Eficacia - Tienda de normas e informaci\u00f3n t\u00e9cnica- IKONORM<\/title>\n<link rel=\"canonical\" href=\"https:\/\/www.ikonorm.com\/index.php\/producto\/guia-de-ingenieria-sfpe-de-proteccion-contra-incendios-basada-en-la-eficacia\/\" \/>\n<meta property=\"og:locale\" content=\"es_ES\" \/>\n<meta property=\"og:type\" content=\"article\" \/>\n<meta property=\"og:title\" content=\"Gu\u00eda de Ingenier\u00eda SFPE de Protecci\u00f3n Contra Incendios Basada en la Eficacia - Tienda de normas e informaci\u00f3n t\u00e9cnica- IKONORM\" \/>\n<meta property=\"og:description\" content=\"Mant\u00e9ngase a la vanguardia de la seguridad contra incendios y de la seguridad humana con la 2da edici\u00f3n de la Gu\u00eda de Ingenier\u00eda SFPE de la Sociedad de Ingenieros de Protecci\u00f3n contra Incendios para la protecci\u00f3n contra incendios basada en el desempe\u00f1o\" \/>\n<meta property=\"og:url\" content=\"https:\/\/www.ikonorm.com\/index.php\/producto\/guia-de-ingenieria-sfpe-de-proteccion-contra-incendios-basada-en-la-eficacia\/\" \/>\n<meta property=\"og:site_name\" content=\"Tienda de normas e informaci\u00f3n t\u00e9cnica- IKONORM\" \/>\n<meta property=\"article:modified_time\" content=\"2026-04-19T11:48:27+00:00\" \/>\n<meta property=\"og:image\" content=\"https:\/\/www.ikonorm.com\/wp-content\/uploads\/2020\/05\/433x449-GUIA-SFPE-Proteccion-Contra-Incendios-IKONORM.jpg\" \/>\n\t<meta property=\"og:image:width\" content=\"433\" \/>\n\t<meta property=\"og:image:height\" content=\"449\" \/>\n<meta name=\"twitter:card\" content=\"summary_large_image\" \/>\n<script type=\"application\/ld+json\" class=\"yoast-schema-graph\">{\"@context\":\"https:\/\/schema.org\",\"@graph\":[{\"@type\":\"WebSite\",\"@id\":\"https:\/\/www.ikonorm.com\/#website\",\"url\":\"https:\/\/www.ikonorm.com\/\",\"name\":\"Tienda de normas e informaci\\u00f3n t\\u00e9cnica- IKONORM\",\"description\":\"\",\"potentialAction\":[{\"@type\":\"SearchAction\",\"target\":\"https:\/\/www.ikonorm.com\/?s={search_term_string}\",\"query-input\":\"required name=search_term_string\"}],\"inLanguage\":\"es\"},{\"@type\":\"ImageObject\",\"@id\":\"https:\/\/www.ikonorm.com\/index.php\/producto\/guia-de-ingenieria-sfpe-de-proteccion-contra-incendios-basada-en-la-eficacia\/#primaryimage\",\"inLanguage\":\"es\",\"url\":\"https:\/\/www.ikonorm.com\/wp-content\/uploads\/2020\/05\/433x449-GUIA-SFPE-Proteccion-Contra-Incendios-IKONORM.jpg\",\"width\":433,\"height\":449},{\"@type\":\"WebPage\",\"@id\":\"https:\/\/www.ikonorm.com\/index.php\/producto\/guia-de-ingenieria-sfpe-de-proteccion-contra-incendios-basada-en-la-eficacia\/#webpage\",\"url\":\"https:\/\/www.ikonorm.com\/index.php\/producto\/guia-de-ingenieria-sfpe-de-proteccion-contra-incendios-basada-en-la-eficacia\/\",\"name\":\"Gu\\u00eda de Ingenier\\u00eda SFPE de Protecci\\u00f3n Contra Incendios Basada en la Eficacia - Tienda de normas e informaci\\u00f3n t\\u00e9cnica- IKONORM\",\"isPartOf\":{\"@id\":\"https:\/\/www.ikonorm.com\/#website\"},\"primaryImageOfPage\":{\"@id\":\"https:\/\/www.ikonorm.com\/index.php\/producto\/guia-de-ingenieria-sfpe-de-proteccion-contra-incendios-basada-en-la-eficacia\/#primaryimage\"},\"datePublished\":\"2020-05-12T16:57:23+00:00\",\"dateModified\":\"2026-04-19T11:48:27+00:00\",\"breadcrumb\":{\"@id\":\"https:\/\/www.ikonorm.com\/index.php\/producto\/guia-de-ingenieria-sfpe-de-proteccion-contra-incendios-basada-en-la-eficacia\/#breadcrumb\"},\"inLanguage\":\"es\",\"potentialAction\":[{\"@type\":\"ReadAction\",\"target\":[\"https:\/\/www.ikonorm.com\/index.php\/producto\/guia-de-ingenieria-sfpe-de-proteccion-contra-incendios-basada-en-la-eficacia\/\"]}]},{\"@type\":\"BreadcrumbList\",\"@id\":\"https:\/\/www.ikonorm.com\/index.php\/producto\/guia-de-ingenieria-sfpe-de-proteccion-contra-incendios-basada-en-la-eficacia\/#breadcrumb\",\"itemListElement\":[{\"@type\":\"ListItem\",\"position\":1,\"item\":{\"@type\":\"WebPage\",\"@id\":\"https:\/\/www.ikonorm.com\/\",\"url\":\"https:\/\/www.ikonorm.com\/\",\"name\":\"Portada\"}},{\"@type\":\"ListItem\",\"position\":2,\"item\":{\"@type\":\"WebPage\",\"@id\":\"https:\/\/www.ikonorm.com\/index.php\/shop\/\",\"url\":\"https:\/\/www.ikonorm.com\/index.php\/shop\/\",\"name\":\"Productos\"}},{\"@type\":\"ListItem\",\"position\":3,\"item\":{\"@type\":\"WebPage\",\"@id\":\"https:\/\/www.ikonorm.com\/index.php\/producto\/guia-de-ingenieria-sfpe-de-proteccion-contra-incendios-basada-en-la-eficacia\/\",\"url\":\"https:\/\/www.ikonorm.com\/index.php\/producto\/guia-de-ingenieria-sfpe-de-proteccion-contra-incendios-basada-en-la-eficacia\/\",\"name\":\"Gu\\u00eda de Ingenier\\u00eda SFPE de Protecci\\u00f3n Contra Incendios Basada en la Eficacia\"}}]}]}<\/script>\n<!-- \/ Yoast SEO plugin. -->","_links":{"self":[{"href":"https:\/\/www.ikonorm.com\/index.php\/wp-json\/wp\/v2\/product\/366","targetHints":{"allow":["GET"]}}],"collection":[{"href":"https:\/\/www.ikonorm.com\/index.php\/wp-json\/wp\/v2\/product"}],"about":[{"href":"https:\/\/www.ikonorm.com\/index.php\/wp-json\/wp\/v2\/types\/product"}],"replies":[{"embeddable":true,"href":"https:\/\/www.ikonorm.com\/index.php\/wp-json\/wp\/v2\/comments?post=366"}],"wp:featuredmedia":[{"embeddable":true,"href":"https:\/\/www.ikonorm.com\/index.php\/wp-json\/wp\/v2\/media\/367"}],"wp:attachment":[{"href":"https:\/\/www.ikonorm.com\/index.php\/wp-json\/wp\/v2\/media?parent=366"}],"curies":[{"name":"wp","href":"https:\/\/api.w.org\/{rel}","templated":true}]}}