{"id":364,"date":"2020-05-12T16:55:52","date_gmt":"2020-05-12T16:55:52","guid":{"rendered":"https:\/\/www.ikonorm.com\/?post_type=product&#038;p=364"},"modified":"2026-04-09T07:12:04","modified_gmt":"2026-04-09T07:12:04","slug":"iso-14001-2015-sistemas-de-gestion-ambiental-una-guia-practica-para-las-pyme","status":"publish","type":"product","link":"https:\/\/www.ikonorm.com\/index.php\/producto\/iso-14001-2015-sistemas-de-gestion-ambiental-una-guia-practica-para-las-pyme\/","title":{"rendered":"ISO 14001: 2015- Sistemas de gesti\u00f3n ambiental: una gu\u00eda pr\u00e1ctica para las PYME"},"content":{"rendered":"<p>ISO 14001:2015 &#8211; Environmental management systems &#8211; A practical guide for SMEs ISO 14001: 2015- Sistemas de gesti\u00f3n ambiental: una gu\u00eda pr\u00e1ctica para las PYME<\/p>\n<p>Su objetivo es ayudar a las peque\u00f1as empresas a comprender los requisitos de un sistema de gesti\u00f3n ambiental y ayudarlos a implementar con \u00e9xito la norma ISO 14001.<\/p>\n<p>fecha: 2017 Autor: ISO Publicado: Organizaci\u00f3n Internacional de Normalizaci\u00f3n (ISO) Idioma: ingl\u00e9s p\u00e1ginas: 223<\/p>\n","protected":false},"excerpt":{"rendered":"<p>Su objetivo es ayudar a las peque\u00f1as empresas a comprender los requisitos de un sistema de gesti\u00f3n ambiental y ayudarlos a implementar con \u00e9xito la norma ISO 14001.<\/p>\n","protected":false},"featured_media":365,"comment_status":"open","ping_status":"closed","template":"","meta":{"_monsterinsights_skip_tracking":false,"_monsterinsights_sitenote_active":false,"_monsterinsights_sitenote_note":"","_monsterinsights_sitenote_category":0},"class_list":["post-364","product","type-product","status-publish","has-post-thumbnail","hentry","product_cat-manuales","product_cat-practica-de-ingenieria-manuales","col-xs-6 col-sm-4","col-mf-5","un--cols"],"yoast_head":"<!-- This site is optimized with the Yoast SEO plugin v15.9.2 - https:\/\/yoast.com\/wordpress\/plugins\/seo\/ -->\n<title>ISO 14001: 2015- Sistemas de gesti\u00f3n ambiental: una gu\u00eda pr\u00e1ctica para las PYME - Tienda de normas e informaci\u00f3n t\u00e9cnica- IKONORM<\/title>\n<link rel=\"canonical\" href=\"https:\/\/www.ikonorm.com\/index.php\/producto\/iso-14001-2015-sistemas-de-gestion-ambiental-una-guia-practica-para-las-pyme\/\" \/>\n<meta property=\"og:locale\" content=\"es_ES\" \/>\n<meta property=\"og:type\" content=\"article\" \/>\n<meta property=\"og:title\" content=\"ISO 14001: 2015- Sistemas de gesti\u00f3n ambiental: una gu\u00eda pr\u00e1ctica para las PYME - Tienda de normas e informaci\u00f3n t\u00e9cnica- IKONORM\" \/>\n<meta property=\"og:description\" content=\"Su objetivo es ayudar a las peque\u00f1as empresas a comprender los requisitos de un sistema de gesti\u00f3n ambiental y ayudarlos a implementar con \u00e9xito la norma ISO 14001.\" \/>\n<meta property=\"og:url\" content=\"https:\/\/www.ikonorm.com\/index.php\/producto\/iso-14001-2015-sistemas-de-gestion-ambiental-una-guia-practica-para-las-pyme\/\" \/>\n<meta property=\"og:site_name\" content=\"Tienda de normas e informaci\u00f3n t\u00e9cnica- IKONORM\" \/>\n<meta property=\"article:modified_time\" content=\"2026-04-09T07:12:04+00:00\" \/>\n<meta property=\"og:image\" content=\"https:\/\/www.ikonorm.com\/wp-content\/uploads\/2020\/05\/433x449-MANUAL-ISO-14001-2015-Environmental-management-systems-IKONORM.jpg\" \/>\n\t<meta property=\"og:image:width\" content=\"433\" \/>\n\t<meta property=\"og:image:height\" content=\"449\" \/>\n<meta name=\"twitter:card\" content=\"summary_large_image\" \/>\n<script type=\"application\/ld+json\" class=\"yoast-schema-graph\">{\"@context\":\"https:\/\/schema.org\",\"@graph\":[{\"@type\":\"WebSite\",\"@id\":\"https:\/\/www.ikonorm.com\/#website\",\"url\":\"https:\/\/www.ikonorm.com\/\",\"name\":\"Tienda de normas e informaci\\u00f3n t\\u00e9cnica- IKONORM\",\"description\":\"\",\"potentialAction\":[{\"@type\":\"SearchAction\",\"target\":\"https:\/\/www.ikonorm.com\/?s={search_term_string}\",\"query-input\":\"required name=search_term_string\"}],\"inLanguage\":\"es\"},{\"@type\":\"ImageObject\",\"@id\":\"https:\/\/www.ikonorm.com\/index.php\/producto\/iso-14001-2015-sistemas-de-gestion-ambiental-una-guia-practica-para-las-pyme\/#primaryimage\",\"inLanguage\":\"es\",\"url\":\"https:\/\/www.ikonorm.com\/wp-content\/uploads\/2020\/05\/433x449-MANUAL-ISO-14001-2015-Environmental-management-systems-IKONORM.jpg\",\"width\":433,\"height\":449},{\"@type\":\"WebPage\",\"@id\":\"https:\/\/www.ikonorm.com\/index.php\/producto\/iso-14001-2015-sistemas-de-gestion-ambiental-una-guia-practica-para-las-pyme\/#webpage\",\"url\":\"https:\/\/www.ikonorm.com\/index.php\/producto\/iso-14001-2015-sistemas-de-gestion-ambiental-una-guia-practica-para-las-pyme\/\",\"name\":\"ISO 14001: 2015- Sistemas de gesti\\u00f3n ambiental: una gu\\u00eda pr\\u00e1ctica para las PYME - Tienda de normas e informaci\\u00f3n t\\u00e9cnica- IKONORM\",\"isPartOf\":{\"@id\":\"https:\/\/www.ikonorm.com\/#website\"},\"primaryImageOfPage\":{\"@id\":\"https:\/\/www.ikonorm.com\/index.php\/producto\/iso-14001-2015-sistemas-de-gestion-ambiental-una-guia-practica-para-las-pyme\/#primaryimage\"},\"datePublished\":\"2020-05-12T16:55:52+00:00\",\"dateModified\":\"2026-04-09T07:12:04+00:00\",\"breadcrumb\":{\"@id\":\"https:\/\/www.ikonorm.com\/index.php\/producto\/iso-14001-2015-sistemas-de-gestion-ambiental-una-guia-practica-para-las-pyme\/#breadcrumb\"},\"inLanguage\":\"es\",\"potentialAction\":[{\"@type\":\"ReadAction\",\"target\":[\"https:\/\/www.ikonorm.com\/index.php\/producto\/iso-14001-2015-sistemas-de-gestion-ambiental-una-guia-practica-para-las-pyme\/\"]}]},{\"@type\":\"BreadcrumbList\",\"@id\":\"https:\/\/www.ikonorm.com\/index.php\/producto\/iso-14001-2015-sistemas-de-gestion-ambiental-una-guia-practica-para-las-pyme\/#breadcrumb\",\"itemListElement\":[{\"@type\":\"ListItem\",\"position\":1,\"item\":{\"@type\":\"WebPage\",\"@id\":\"https:\/\/www.ikonorm.com\/\",\"url\":\"https:\/\/www.ikonorm.com\/\",\"name\":\"Portada\"}},{\"@type\":\"ListItem\",\"position\":2,\"item\":{\"@type\":\"WebPage\",\"@id\":\"https:\/\/www.ikonorm.com\/index.php\/shop\/\",\"url\":\"https:\/\/www.ikonorm.com\/index.php\/shop\/\",\"name\":\"Productos\"}},{\"@type\":\"ListItem\",\"position\":3,\"item\":{\"@type\":\"WebPage\",\"@id\":\"https:\/\/www.ikonorm.com\/index.php\/producto\/iso-14001-2015-sistemas-de-gestion-ambiental-una-guia-practica-para-las-pyme\/\",\"url\":\"https:\/\/www.ikonorm.com\/index.php\/producto\/iso-14001-2015-sistemas-de-gestion-ambiental-una-guia-practica-para-las-pyme\/\",\"name\":\"ISO 14001: 2015- Sistemas de gesti\\u00f3n ambiental: una gu\\u00eda pr\\u00e1ctica para las PYME\"}}]}]}<\/script>\n<!-- \/ Yoast SEO plugin. -->","_links":{"self":[{"href":"https:\/\/www.ikonorm.com\/index.php\/wp-json\/wp\/v2\/product\/364","targetHints":{"allow":["GET"]}}],"collection":[{"href":"https:\/\/www.ikonorm.com\/index.php\/wp-json\/wp\/v2\/product"}],"about":[{"href":"https:\/\/www.ikonorm.com\/index.php\/wp-json\/wp\/v2\/types\/product"}],"replies":[{"embeddable":true,"href":"https:\/\/www.ikonorm.com\/index.php\/wp-json\/wp\/v2\/comments?post=364"}],"wp:featuredmedia":[{"embeddable":true,"href":"https:\/\/www.ikonorm.com\/index.php\/wp-json\/wp\/v2\/media\/365"}],"wp:attachment":[{"href":"https:\/\/www.ikonorm.com\/index.php\/wp-json\/wp\/v2\/media?parent=364"}],"curies":[{"name":"wp","href":"https:\/\/api.w.org\/{rel}","templated":true}]}}