{"id":359,"date":"2020-05-12T16:45:34","date_gmt":"2020-05-12T16:45:34","guid":{"rendered":"https:\/\/www.ikonorm.com\/?post_type=product&#038;p=359"},"modified":"2026-04-08T18:52:59","modified_gmt":"2026-04-08T18:52:59","slug":"jurans-quality-handbook-seventh-edition","status":"publish","type":"product","link":"https:\/\/www.ikonorm.com\/index.php\/producto\/jurans-quality-handbook-seventh-edition\/","title":{"rendered":"Juran&#8217;s Quality Handbook, Seventh Edition"},"content":{"rendered":"<p>Juran&#8217;s Quality Handbook, Seventh Edition: The Complete Guide to Performance Excellence<\/p>\n<p>El Manual de calidad de Juran ha sido la referencia en la gesti\u00f3n de la calidad y la ingenier\u00eda, fuente de respuestas autorizada sobre aplicaciones, procedimientos, t\u00e9cnicas y estrategias universales para lograr resultados empresariales superiores y sostenibles a trav\u00e9s de la calidad<\/p>\n<p>Fecha: 2010 Autor: Joseph M. Juran, y Joseph A. De Feo P\u00e1ginas: 1168 p\u00e1ginas. Formato: impreso\/PDF ISBN-13: 978-1259643613 ISBN-10: 1259643611<\/p>\n","protected":false},"excerpt":{"rendered":"<p>El Manual de calidad de Juran ha sido la referencia en la gesti\u00f3n de la calidad y la ingenier\u00eda, fuente de respuestas autorizada sobre aplicaciones, procedimientos, t\u00e9cnicas y estrategias universales para lograr resultados empresariales superiores y sostenibles a trav\u00e9s de la calidad<\/p>\n","protected":false},"featured_media":360,"comment_status":"open","ping_status":"closed","template":"","meta":{"_monsterinsights_skip_tracking":false,"_monsterinsights_sitenote_active":false,"_monsterinsights_sitenote_note":"","_monsterinsights_sitenote_category":0},"class_list":["post-359","product","type-product","status-publish","has-post-thumbnail","hentry","product_cat-manuales","product_cat-practica-de-ingenieria-manuales","col-xs-6 col-sm-4","col-mf-5","un--cols"],"yoast_head":"<!-- This site is optimized with the Yoast SEO plugin v15.9.2 - https:\/\/yoast.com\/wordpress\/plugins\/seo\/ -->\n<title>Juran&#039;s Quality Handbook, Seventh Edition - Tienda de normas e informaci\u00f3n t\u00e9cnica- IKONORM<\/title>\n<link rel=\"canonical\" href=\"https:\/\/www.ikonorm.com\/index.php\/producto\/jurans-quality-handbook-seventh-edition\/\" \/>\n<meta property=\"og:locale\" content=\"es_ES\" \/>\n<meta property=\"og:type\" content=\"article\" \/>\n<meta property=\"og:title\" content=\"Juran&#039;s Quality Handbook, Seventh Edition - Tienda de normas e informaci\u00f3n t\u00e9cnica- IKONORM\" \/>\n<meta property=\"og:description\" content=\"El Manual de calidad de Juran ha sido la referencia en la gesti\u00f3n de la calidad y la ingenier\u00eda, fuente de respuestas autorizada sobre aplicaciones, procedimientos, t\u00e9cnicas y estrategias universales para lograr resultados empresariales superiores y sostenibles a trav\u00e9s de la calidad\" \/>\n<meta property=\"og:url\" content=\"https:\/\/www.ikonorm.com\/index.php\/producto\/jurans-quality-handbook-seventh-edition\/\" \/>\n<meta property=\"og:site_name\" content=\"Tienda de normas e informaci\u00f3n t\u00e9cnica- IKONORM\" \/>\n<meta property=\"article:modified_time\" content=\"2026-04-08T18:52:59+00:00\" \/>\n<meta property=\"og:image\" content=\"https:\/\/www.ikonorm.com\/wp-content\/uploads\/2020\/05\/433x449-LIBROS-Jurans-Quality-Handbook-The-Complete-Guide-Performance-Excellence-IKONORM.jpg\" \/>\n\t<meta property=\"og:image:width\" content=\"433\" \/>\n\t<meta property=\"og:image:height\" content=\"449\" \/>\n<meta name=\"twitter:card\" content=\"summary_large_image\" \/>\n<script type=\"application\/ld+json\" class=\"yoast-schema-graph\">{\"@context\":\"https:\/\/schema.org\",\"@graph\":[{\"@type\":\"WebSite\",\"@id\":\"https:\/\/www.ikonorm.com\/#website\",\"url\":\"https:\/\/www.ikonorm.com\/\",\"name\":\"Tienda de normas e informaci\\u00f3n t\\u00e9cnica- IKONORM\",\"description\":\"\",\"potentialAction\":[{\"@type\":\"SearchAction\",\"target\":\"https:\/\/www.ikonorm.com\/?s={search_term_string}\",\"query-input\":\"required name=search_term_string\"}],\"inLanguage\":\"es\"},{\"@type\":\"ImageObject\",\"@id\":\"https:\/\/www.ikonorm.com\/index.php\/producto\/jurans-quality-handbook-seventh-edition\/#primaryimage\",\"inLanguage\":\"es\",\"url\":\"https:\/\/www.ikonorm.com\/wp-content\/uploads\/2020\/05\/433x449-LIBROS-Jurans-Quality-Handbook-The-Complete-Guide-Performance-Excellence-IKONORM.jpg\",\"width\":433,\"height\":449},{\"@type\":\"WebPage\",\"@id\":\"https:\/\/www.ikonorm.com\/index.php\/producto\/jurans-quality-handbook-seventh-edition\/#webpage\",\"url\":\"https:\/\/www.ikonorm.com\/index.php\/producto\/jurans-quality-handbook-seventh-edition\/\",\"name\":\"Juran's Quality Handbook, Seventh Edition - Tienda de normas e informaci\\u00f3n t\\u00e9cnica- IKONORM\",\"isPartOf\":{\"@id\":\"https:\/\/www.ikonorm.com\/#website\"},\"primaryImageOfPage\":{\"@id\":\"https:\/\/www.ikonorm.com\/index.php\/producto\/jurans-quality-handbook-seventh-edition\/#primaryimage\"},\"datePublished\":\"2020-05-12T16:45:34+00:00\",\"dateModified\":\"2026-04-08T18:52:59+00:00\",\"breadcrumb\":{\"@id\":\"https:\/\/www.ikonorm.com\/index.php\/producto\/jurans-quality-handbook-seventh-edition\/#breadcrumb\"},\"inLanguage\":\"es\",\"potentialAction\":[{\"@type\":\"ReadAction\",\"target\":[\"https:\/\/www.ikonorm.com\/index.php\/producto\/jurans-quality-handbook-seventh-edition\/\"]}]},{\"@type\":\"BreadcrumbList\",\"@id\":\"https:\/\/www.ikonorm.com\/index.php\/producto\/jurans-quality-handbook-seventh-edition\/#breadcrumb\",\"itemListElement\":[{\"@type\":\"ListItem\",\"position\":1,\"item\":{\"@type\":\"WebPage\",\"@id\":\"https:\/\/www.ikonorm.com\/\",\"url\":\"https:\/\/www.ikonorm.com\/\",\"name\":\"Portada\"}},{\"@type\":\"ListItem\",\"position\":2,\"item\":{\"@type\":\"WebPage\",\"@id\":\"https:\/\/www.ikonorm.com\/index.php\/shop\/\",\"url\":\"https:\/\/www.ikonorm.com\/index.php\/shop\/\",\"name\":\"Productos\"}},{\"@type\":\"ListItem\",\"position\":3,\"item\":{\"@type\":\"WebPage\",\"@id\":\"https:\/\/www.ikonorm.com\/index.php\/producto\/jurans-quality-handbook-seventh-edition\/\",\"url\":\"https:\/\/www.ikonorm.com\/index.php\/producto\/jurans-quality-handbook-seventh-edition\/\",\"name\":\"Juran&#8217;s Quality Handbook, Seventh Edition\"}}]}]}<\/script>\n<!-- \/ Yoast SEO plugin. -->","_links":{"self":[{"href":"https:\/\/www.ikonorm.com\/index.php\/wp-json\/wp\/v2\/product\/359","targetHints":{"allow":["GET"]}}],"collection":[{"href":"https:\/\/www.ikonorm.com\/index.php\/wp-json\/wp\/v2\/product"}],"about":[{"href":"https:\/\/www.ikonorm.com\/index.php\/wp-json\/wp\/v2\/types\/product"}],"replies":[{"embeddable":true,"href":"https:\/\/www.ikonorm.com\/index.php\/wp-json\/wp\/v2\/comments?post=359"}],"wp:featuredmedia":[{"embeddable":true,"href":"https:\/\/www.ikonorm.com\/index.php\/wp-json\/wp\/v2\/media\/360"}],"wp:attachment":[{"href":"https:\/\/www.ikonorm.com\/index.php\/wp-json\/wp\/v2\/media?parent=359"}],"curies":[{"name":"wp","href":"https:\/\/api.w.org\/{rel}","templated":true}]}}