{"id":346,"date":"2020-05-12T16:37:06","date_gmt":"2020-05-12T16:37:06","guid":{"rendered":"https:\/\/www.ikonorm.com\/?post_type=product&#038;p=346"},"modified":"2026-02-21T10:11:14","modified_gmt":"2026-02-21T10:11:14","slug":"materiales-compuestos-y-procesamiento","status":"publish","type":"product","link":"https:\/\/www.ikonorm.com\/index.php\/producto\/materiales-compuestos-y-procesamiento\/","title":{"rendered":"Materiales compuestos y procesamiento"},"content":{"rendered":"<p>Composite Materials and Processing Materiales compuestos y procesamiento<\/p>\n<p>Proporciona la ciencia y tecnolog\u00eda del procesamiento de varios materiales compuestos utilizando diferentes m\u00e9todos de procesamiento, e incluye la informaci\u00f3n recogida sobre el procesamiento de materiales compuestos comunes y avanzadas.<\/p>\n<p>Publicado: 2013 Autor: M. Balasubramanian Editorial: CRC Press Idioma: ingl\u00e9s P\u00e1ginas: 648. Formato: tapa dura\/PDF ISBN: 9781439880548<\/p>\n","protected":false},"excerpt":{"rendered":"<p>Proporciona la ciencia y tecnolog\u00eda del procesamiento de varios materiales compuestos utilizando diferentes m\u00e9todos de procesamiento, e incluye la informaci\u00f3n recogida sobre el procesamiento de materiales compuestos comunes y avanzadas.<\/p>\n","protected":false},"featured_media":347,"comment_status":"open","ping_status":"closed","template":"","meta":{"_monsterinsights_skip_tracking":false,"_monsterinsights_sitenote_active":false,"_monsterinsights_sitenote_note":"","_monsterinsights_sitenote_category":0},"class_list":["post-346","product","type-product","status-publish","has-post-thumbnail","hentry","product_cat-libros-y-guias","product_cat-materiales-libros-y-guias","col-xs-6 col-sm-4","col-mf-5","un--cols"],"yoast_head":"<!-- This site is optimized with the Yoast SEO plugin v15.9.2 - https:\/\/yoast.com\/wordpress\/plugins\/seo\/ -->\n<title>Materiales compuestos y procesamiento - Tienda de normas e informaci\u00f3n t\u00e9cnica- IKONORM<\/title>\n<link rel=\"canonical\" href=\"https:\/\/www.ikonorm.com\/index.php\/producto\/materiales-compuestos-y-procesamiento\/\" \/>\n<meta property=\"og:locale\" content=\"es_ES\" \/>\n<meta property=\"og:type\" content=\"article\" \/>\n<meta property=\"og:title\" content=\"Materiales compuestos y procesamiento - Tienda de normas e informaci\u00f3n t\u00e9cnica- IKONORM\" \/>\n<meta property=\"og:description\" content=\"Proporciona la ciencia y tecnolog\u00eda del procesamiento de varios materiales compuestos utilizando diferentes m\u00e9todos de procesamiento, e incluye la informaci\u00f3n recogida sobre el procesamiento de materiales compuestos comunes y avanzadas.\" \/>\n<meta property=\"og:url\" content=\"https:\/\/www.ikonorm.com\/index.php\/producto\/materiales-compuestos-y-procesamiento\/\" \/>\n<meta property=\"og:site_name\" content=\"Tienda de normas e informaci\u00f3n t\u00e9cnica- IKONORM\" \/>\n<meta property=\"article:modified_time\" content=\"2026-02-21T10:11:14+00:00\" \/>\n<meta property=\"og:image\" content=\"https:\/\/www.ikonorm.com\/wp-content\/uploads\/2020\/05\/433x449-LIBROS-Composite-Materials-and-Processing-IKONORM.jpg\" \/>\n\t<meta property=\"og:image:width\" content=\"433\" \/>\n\t<meta property=\"og:image:height\" content=\"449\" \/>\n<meta name=\"twitter:card\" content=\"summary_large_image\" \/>\n<script type=\"application\/ld+json\" class=\"yoast-schema-graph\">{\"@context\":\"https:\/\/schema.org\",\"@graph\":[{\"@type\":\"WebSite\",\"@id\":\"https:\/\/www.ikonorm.com\/#website\",\"url\":\"https:\/\/www.ikonorm.com\/\",\"name\":\"Tienda de normas e informaci\\u00f3n t\\u00e9cnica- IKONORM\",\"description\":\"\",\"potentialAction\":[{\"@type\":\"SearchAction\",\"target\":\"https:\/\/www.ikonorm.com\/?s={search_term_string}\",\"query-input\":\"required name=search_term_string\"}],\"inLanguage\":\"es\"},{\"@type\":\"ImageObject\",\"@id\":\"https:\/\/www.ikonorm.com\/index.php\/producto\/materiales-compuestos-y-procesamiento\/#primaryimage\",\"inLanguage\":\"es\",\"url\":\"https:\/\/www.ikonorm.com\/wp-content\/uploads\/2020\/05\/433x449-LIBROS-Composite-Materials-and-Processing-IKONORM.jpg\",\"width\":433,\"height\":449},{\"@type\":\"WebPage\",\"@id\":\"https:\/\/www.ikonorm.com\/index.php\/producto\/materiales-compuestos-y-procesamiento\/#webpage\",\"url\":\"https:\/\/www.ikonorm.com\/index.php\/producto\/materiales-compuestos-y-procesamiento\/\",\"name\":\"Materiales compuestos y procesamiento - Tienda de normas e informaci\\u00f3n t\\u00e9cnica- IKONORM\",\"isPartOf\":{\"@id\":\"https:\/\/www.ikonorm.com\/#website\"},\"primaryImageOfPage\":{\"@id\":\"https:\/\/www.ikonorm.com\/index.php\/producto\/materiales-compuestos-y-procesamiento\/#primaryimage\"},\"datePublished\":\"2020-05-12T16:37:06+00:00\",\"dateModified\":\"2026-02-21T10:11:14+00:00\",\"breadcrumb\":{\"@id\":\"https:\/\/www.ikonorm.com\/index.php\/producto\/materiales-compuestos-y-procesamiento\/#breadcrumb\"},\"inLanguage\":\"es\",\"potentialAction\":[{\"@type\":\"ReadAction\",\"target\":[\"https:\/\/www.ikonorm.com\/index.php\/producto\/materiales-compuestos-y-procesamiento\/\"]}]},{\"@type\":\"BreadcrumbList\",\"@id\":\"https:\/\/www.ikonorm.com\/index.php\/producto\/materiales-compuestos-y-procesamiento\/#breadcrumb\",\"itemListElement\":[{\"@type\":\"ListItem\",\"position\":1,\"item\":{\"@type\":\"WebPage\",\"@id\":\"https:\/\/www.ikonorm.com\/\",\"url\":\"https:\/\/www.ikonorm.com\/\",\"name\":\"Portada\"}},{\"@type\":\"ListItem\",\"position\":2,\"item\":{\"@type\":\"WebPage\",\"@id\":\"https:\/\/www.ikonorm.com\/index.php\/shop\/\",\"url\":\"https:\/\/www.ikonorm.com\/index.php\/shop\/\",\"name\":\"Productos\"}},{\"@type\":\"ListItem\",\"position\":3,\"item\":{\"@type\":\"WebPage\",\"@id\":\"https:\/\/www.ikonorm.com\/index.php\/producto\/materiales-compuestos-y-procesamiento\/\",\"url\":\"https:\/\/www.ikonorm.com\/index.php\/producto\/materiales-compuestos-y-procesamiento\/\",\"name\":\"Materiales compuestos y procesamiento\"}}]}]}<\/script>\n<!-- \/ Yoast SEO plugin. -->","_links":{"self":[{"href":"https:\/\/www.ikonorm.com\/index.php\/wp-json\/wp\/v2\/product\/346","targetHints":{"allow":["GET"]}}],"collection":[{"href":"https:\/\/www.ikonorm.com\/index.php\/wp-json\/wp\/v2\/product"}],"about":[{"href":"https:\/\/www.ikonorm.com\/index.php\/wp-json\/wp\/v2\/types\/product"}],"replies":[{"embeddable":true,"href":"https:\/\/www.ikonorm.com\/index.php\/wp-json\/wp\/v2\/comments?post=346"}],"wp:featuredmedia":[{"embeddable":true,"href":"https:\/\/www.ikonorm.com\/index.php\/wp-json\/wp\/v2\/media\/347"}],"wp:attachment":[{"href":"https:\/\/www.ikonorm.com\/index.php\/wp-json\/wp\/v2\/media?parent=346"}],"curies":[{"name":"wp","href":"https:\/\/api.w.org\/{rel}","templated":true}]}}