{"id":344,"date":"2020-05-12T16:35:12","date_gmt":"2020-05-12T16:35:12","guid":{"rendered":"https:\/\/www.ikonorm.com\/?post_type=product&#038;p=344"},"modified":"2026-04-08T18:54:28","modified_gmt":"2026-04-08T18:54:28","slug":"manual-de-ensayos-para-polimeros-metodos-fisicos","status":"publish","type":"product","link":"https:\/\/www.ikonorm.com\/index.php\/producto\/manual-de-ensayos-para-polimeros-metodos-fisicos\/","title":{"rendered":"Manual de ensayos para pol\u00edmeros: m\u00e9todos f\u00edsicos."},"content":{"rendered":"<p>Handbook of Polymer Testing: Physical Methods manual de ensayos para polimeros: metodos fisicos.<\/p>\n<p>Proporciona las t\u00e9cnicas utilizadas en la actualidad para medir y probar las propiedades f\u00edsicas de los pol\u00edmeros. Una gu\u00eda t\u00e9cnica concisa pero detallada sobre los m\u00e9todos de prueba f\u00edsica de los pol\u00edmeros<\/p>\n<p>autor: Roger Brown Fecha: 1999 Idioma: Ingl\u00e9s paginas: 869 Publicado por: CRC Press (CRC) formato: EBook ISBN 9780429177446<\/p>\n","protected":false},"excerpt":{"rendered":"<p>Proporciona las t\u00e9cnicas utilizadas en la actualidad para medir y probar las propiedades f\u00edsicas de los pol\u00edmeros. Una gu\u00eda t\u00e9cnica concisa pero detallada sobre los m\u00e9todos de prueba f\u00edsica de los pol\u00edmeros<\/p>\n","protected":false},"featured_media":345,"comment_status":"open","ping_status":"closed","template":"","meta":{"_monsterinsights_skip_tracking":false,"_monsterinsights_sitenote_active":false,"_monsterinsights_sitenote_note":"","_monsterinsights_sitenote_category":0},"class_list":["post-344","product","type-product","status-publish","has-post-thumbnail","hentry","product_cat-manuales","product_cat-materiales-manuales","col-xs-6 col-sm-4","col-mf-5","un--cols"],"yoast_head":"<!-- This site is optimized with the Yoast SEO plugin v15.9.2 - https:\/\/yoast.com\/wordpress\/plugins\/seo\/ -->\n<title>Manual de ensayos para pol\u00edmeros: m\u00e9todos f\u00edsicos. - Tienda de normas e informaci\u00f3n t\u00e9cnica- IKONORM<\/title>\n<link rel=\"canonical\" href=\"https:\/\/www.ikonorm.com\/index.php\/producto\/manual-de-ensayos-para-polimeros-metodos-fisicos\/\" \/>\n<meta property=\"og:locale\" content=\"es_ES\" \/>\n<meta property=\"og:type\" content=\"article\" \/>\n<meta property=\"og:title\" content=\"Manual de ensayos para pol\u00edmeros: m\u00e9todos f\u00edsicos. - Tienda de normas e informaci\u00f3n t\u00e9cnica- IKONORM\" \/>\n<meta property=\"og:description\" content=\"Proporciona las t\u00e9cnicas utilizadas en la actualidad para medir y probar las propiedades f\u00edsicas de los pol\u00edmeros. Una gu\u00eda t\u00e9cnica concisa pero detallada sobre los m\u00e9todos de prueba f\u00edsica de los pol\u00edmeros\" \/>\n<meta property=\"og:url\" content=\"https:\/\/www.ikonorm.com\/index.php\/producto\/manual-de-ensayos-para-polimeros-metodos-fisicos\/\" \/>\n<meta property=\"og:site_name\" content=\"Tienda de normas e informaci\u00f3n t\u00e9cnica- IKONORM\" \/>\n<meta property=\"article:modified_time\" content=\"2026-04-08T18:54:28+00:00\" \/>\n<meta property=\"og:image\" content=\"https:\/\/www.ikonorm.com\/wp-content\/uploads\/2020\/05\/433x449-HANDBOOK-Handbook-Polymer-Testing-Physical-Methods-IKONORM.jpg\" \/>\n\t<meta property=\"og:image:width\" content=\"433\" \/>\n\t<meta property=\"og:image:height\" content=\"449\" \/>\n<meta name=\"twitter:card\" content=\"summary_large_image\" \/>\n<script type=\"application\/ld+json\" class=\"yoast-schema-graph\">{\"@context\":\"https:\/\/schema.org\",\"@graph\":[{\"@type\":\"WebSite\",\"@id\":\"https:\/\/www.ikonorm.com\/#website\",\"url\":\"https:\/\/www.ikonorm.com\/\",\"name\":\"Tienda de normas e informaci\\u00f3n t\\u00e9cnica- IKONORM\",\"description\":\"\",\"potentialAction\":[{\"@type\":\"SearchAction\",\"target\":\"https:\/\/www.ikonorm.com\/?s={search_term_string}\",\"query-input\":\"required name=search_term_string\"}],\"inLanguage\":\"es\"},{\"@type\":\"ImageObject\",\"@id\":\"https:\/\/www.ikonorm.com\/index.php\/producto\/manual-de-ensayos-para-polimeros-metodos-fisicos\/#primaryimage\",\"inLanguage\":\"es\",\"url\":\"https:\/\/www.ikonorm.com\/wp-content\/uploads\/2020\/05\/433x449-HANDBOOK-Handbook-Polymer-Testing-Physical-Methods-IKONORM.jpg\",\"width\":433,\"height\":449},{\"@type\":\"WebPage\",\"@id\":\"https:\/\/www.ikonorm.com\/index.php\/producto\/manual-de-ensayos-para-polimeros-metodos-fisicos\/#webpage\",\"url\":\"https:\/\/www.ikonorm.com\/index.php\/producto\/manual-de-ensayos-para-polimeros-metodos-fisicos\/\",\"name\":\"Manual de ensayos para pol\\u00edmeros: m\\u00e9todos f\\u00edsicos. - Tienda de normas e informaci\\u00f3n t\\u00e9cnica- IKONORM\",\"isPartOf\":{\"@id\":\"https:\/\/www.ikonorm.com\/#website\"},\"primaryImageOfPage\":{\"@id\":\"https:\/\/www.ikonorm.com\/index.php\/producto\/manual-de-ensayos-para-polimeros-metodos-fisicos\/#primaryimage\"},\"datePublished\":\"2020-05-12T16:35:12+00:00\",\"dateModified\":\"2026-04-08T18:54:28+00:00\",\"breadcrumb\":{\"@id\":\"https:\/\/www.ikonorm.com\/index.php\/producto\/manual-de-ensayos-para-polimeros-metodos-fisicos\/#breadcrumb\"},\"inLanguage\":\"es\",\"potentialAction\":[{\"@type\":\"ReadAction\",\"target\":[\"https:\/\/www.ikonorm.com\/index.php\/producto\/manual-de-ensayos-para-polimeros-metodos-fisicos\/\"]}]},{\"@type\":\"BreadcrumbList\",\"@id\":\"https:\/\/www.ikonorm.com\/index.php\/producto\/manual-de-ensayos-para-polimeros-metodos-fisicos\/#breadcrumb\",\"itemListElement\":[{\"@type\":\"ListItem\",\"position\":1,\"item\":{\"@type\":\"WebPage\",\"@id\":\"https:\/\/www.ikonorm.com\/\",\"url\":\"https:\/\/www.ikonorm.com\/\",\"name\":\"Portada\"}},{\"@type\":\"ListItem\",\"position\":2,\"item\":{\"@type\":\"WebPage\",\"@id\":\"https:\/\/www.ikonorm.com\/index.php\/shop\/\",\"url\":\"https:\/\/www.ikonorm.com\/index.php\/shop\/\",\"name\":\"Productos\"}},{\"@type\":\"ListItem\",\"position\":3,\"item\":{\"@type\":\"WebPage\",\"@id\":\"https:\/\/www.ikonorm.com\/index.php\/producto\/manual-de-ensayos-para-polimeros-metodos-fisicos\/\",\"url\":\"https:\/\/www.ikonorm.com\/index.php\/producto\/manual-de-ensayos-para-polimeros-metodos-fisicos\/\",\"name\":\"Manual de ensayos para pol\\u00edmeros: m\\u00e9todos f\\u00edsicos.\"}}]}]}<\/script>\n<!-- \/ Yoast SEO plugin. -->","_links":{"self":[{"href":"https:\/\/www.ikonorm.com\/index.php\/wp-json\/wp\/v2\/product\/344","targetHints":{"allow":["GET"]}}],"collection":[{"href":"https:\/\/www.ikonorm.com\/index.php\/wp-json\/wp\/v2\/product"}],"about":[{"href":"https:\/\/www.ikonorm.com\/index.php\/wp-json\/wp\/v2\/types\/product"}],"replies":[{"embeddable":true,"href":"https:\/\/www.ikonorm.com\/index.php\/wp-json\/wp\/v2\/comments?post=344"}],"wp:featuredmedia":[{"embeddable":true,"href":"https:\/\/www.ikonorm.com\/index.php\/wp-json\/wp\/v2\/media\/345"}],"wp:attachment":[{"href":"https:\/\/www.ikonorm.com\/index.php\/wp-json\/wp\/v2\/media?parent=344"}],"curies":[{"name":"wp","href":"https:\/\/api.w.org\/{rel}","templated":true}]}}