{"id":335,"date":"2020-05-12T16:29:50","date_gmt":"2020-05-12T16:29:50","guid":{"rendered":"https:\/\/www.ikonorm.com\/?post_type=product&#038;p=335"},"modified":"2026-03-16T12:52:03","modified_gmt":"2026-03-16T12:52:03","slug":"polimeros-y-textiles-de-memoria-de-forma","status":"publish","type":"product","link":"https:\/\/www.ikonorm.com\/index.php\/producto\/polimeros-y-textiles-de-memoria-de-forma\/","title":{"rendered":"Pol\u00edmeros y textiles de memoria de forma"},"content":{"rendered":"<p>Shape Memory Polymers and Textiles Pol\u00edmeros y textiles de memoria de forma<\/p>\n<p>Gu\u00eda valiosa para el personal de investigaci\u00f3n y desarrollo en \u00e1reas tales como prendas textiles para desarrollar una nueva generaci\u00f3n de textiles inteligentes y otros productos.<\/p>\n<p>Autor: Jinlian Hu Fecha: 207 Editorial: elseiver P\u00e1ginas: 360 Idioma: ingl\u00e9s formato: PDF\/Ebook Ebook ISBN:9781845693060<\/p>\n","protected":false},"excerpt":{"rendered":"<p>Gu\u00eda valiosa para el personal de investigaci\u00f3n y desarrollo en \u00e1reas tales como prendas textiles para desarrollar una nueva generaci\u00f3n de textiles inteligentes y otros productos.<\/p>\n","protected":false},"featured_media":336,"comment_status":"open","ping_status":"closed","template":"","meta":{"_monsterinsights_skip_tracking":false,"_monsterinsights_sitenote_active":false,"_monsterinsights_sitenote_note":"","_monsterinsights_sitenote_category":0},"class_list":["post-335","product","type-product","status-publish","has-post-thumbnail","hentry","product_cat-libros-y-guias","product_cat-materiales-libros-y-guias","col-xs-6 col-sm-4","col-mf-5","un--cols"],"yoast_head":"<!-- This site is optimized with the Yoast SEO plugin v15.9.2 - https:\/\/yoast.com\/wordpress\/plugins\/seo\/ -->\n<title>Pol\u00edmeros y textiles de memoria de forma - Tienda de normas e informaci\u00f3n t\u00e9cnica- IKONORM<\/title>\n<link rel=\"canonical\" href=\"https:\/\/www.ikonorm.com\/index.php\/producto\/polimeros-y-textiles-de-memoria-de-forma\/\" \/>\n<meta property=\"og:locale\" content=\"es_ES\" \/>\n<meta property=\"og:type\" content=\"article\" \/>\n<meta property=\"og:title\" content=\"Pol\u00edmeros y textiles de memoria de forma - Tienda de normas e informaci\u00f3n t\u00e9cnica- IKONORM\" \/>\n<meta property=\"og:description\" content=\"Gu\u00eda valiosa para el personal de investigaci\u00f3n y desarrollo en \u00e1reas tales como prendas textiles para desarrollar una nueva generaci\u00f3n de textiles inteligentes y otros productos.\" \/>\n<meta property=\"og:url\" content=\"https:\/\/www.ikonorm.com\/index.php\/producto\/polimeros-y-textiles-de-memoria-de-forma\/\" \/>\n<meta property=\"og:site_name\" content=\"Tienda de normas e informaci\u00f3n t\u00e9cnica- IKONORM\" \/>\n<meta property=\"article:modified_time\" content=\"2026-03-16T12:52:03+00:00\" \/>\n<meta property=\"og:image\" content=\"https:\/\/www.ikonorm.com\/wp-content\/uploads\/2020\/05\/433x449-LIBROS-Shape-Memory-Polymers-Textiles-IKONORM.jpg\" \/>\n\t<meta property=\"og:image:width\" content=\"433\" \/>\n\t<meta property=\"og:image:height\" content=\"449\" \/>\n<meta name=\"twitter:card\" content=\"summary_large_image\" \/>\n<script type=\"application\/ld+json\" class=\"yoast-schema-graph\">{\"@context\":\"https:\/\/schema.org\",\"@graph\":[{\"@type\":\"WebSite\",\"@id\":\"https:\/\/www.ikonorm.com\/#website\",\"url\":\"https:\/\/www.ikonorm.com\/\",\"name\":\"Tienda de normas e informaci\\u00f3n t\\u00e9cnica- IKONORM\",\"description\":\"\",\"potentialAction\":[{\"@type\":\"SearchAction\",\"target\":\"https:\/\/www.ikonorm.com\/?s={search_term_string}\",\"query-input\":\"required name=search_term_string\"}],\"inLanguage\":\"es\"},{\"@type\":\"ImageObject\",\"@id\":\"https:\/\/www.ikonorm.com\/index.php\/producto\/polimeros-y-textiles-de-memoria-de-forma\/#primaryimage\",\"inLanguage\":\"es\",\"url\":\"https:\/\/www.ikonorm.com\/wp-content\/uploads\/2020\/05\/433x449-LIBROS-Shape-Memory-Polymers-Textiles-IKONORM.jpg\",\"width\":433,\"height\":449},{\"@type\":\"WebPage\",\"@id\":\"https:\/\/www.ikonorm.com\/index.php\/producto\/polimeros-y-textiles-de-memoria-de-forma\/#webpage\",\"url\":\"https:\/\/www.ikonorm.com\/index.php\/producto\/polimeros-y-textiles-de-memoria-de-forma\/\",\"name\":\"Pol\\u00edmeros y textiles de memoria de forma - Tienda de normas e informaci\\u00f3n t\\u00e9cnica- IKONORM\",\"isPartOf\":{\"@id\":\"https:\/\/www.ikonorm.com\/#website\"},\"primaryImageOfPage\":{\"@id\":\"https:\/\/www.ikonorm.com\/index.php\/producto\/polimeros-y-textiles-de-memoria-de-forma\/#primaryimage\"},\"datePublished\":\"2020-05-12T16:29:50+00:00\",\"dateModified\":\"2026-03-16T12:52:03+00:00\",\"breadcrumb\":{\"@id\":\"https:\/\/www.ikonorm.com\/index.php\/producto\/polimeros-y-textiles-de-memoria-de-forma\/#breadcrumb\"},\"inLanguage\":\"es\",\"potentialAction\":[{\"@type\":\"ReadAction\",\"target\":[\"https:\/\/www.ikonorm.com\/index.php\/producto\/polimeros-y-textiles-de-memoria-de-forma\/\"]}]},{\"@type\":\"BreadcrumbList\",\"@id\":\"https:\/\/www.ikonorm.com\/index.php\/producto\/polimeros-y-textiles-de-memoria-de-forma\/#breadcrumb\",\"itemListElement\":[{\"@type\":\"ListItem\",\"position\":1,\"item\":{\"@type\":\"WebPage\",\"@id\":\"https:\/\/www.ikonorm.com\/\",\"url\":\"https:\/\/www.ikonorm.com\/\",\"name\":\"Portada\"}},{\"@type\":\"ListItem\",\"position\":2,\"item\":{\"@type\":\"WebPage\",\"@id\":\"https:\/\/www.ikonorm.com\/index.php\/shop\/\",\"url\":\"https:\/\/www.ikonorm.com\/index.php\/shop\/\",\"name\":\"Productos\"}},{\"@type\":\"ListItem\",\"position\":3,\"item\":{\"@type\":\"WebPage\",\"@id\":\"https:\/\/www.ikonorm.com\/index.php\/producto\/polimeros-y-textiles-de-memoria-de-forma\/\",\"url\":\"https:\/\/www.ikonorm.com\/index.php\/producto\/polimeros-y-textiles-de-memoria-de-forma\/\",\"name\":\"Pol\\u00edmeros y textiles de memoria de forma\"}}]}]}<\/script>\n<!-- \/ Yoast SEO plugin. -->","_links":{"self":[{"href":"https:\/\/www.ikonorm.com\/index.php\/wp-json\/wp\/v2\/product\/335","targetHints":{"allow":["GET"]}}],"collection":[{"href":"https:\/\/www.ikonorm.com\/index.php\/wp-json\/wp\/v2\/product"}],"about":[{"href":"https:\/\/www.ikonorm.com\/index.php\/wp-json\/wp\/v2\/types\/product"}],"replies":[{"embeddable":true,"href":"https:\/\/www.ikonorm.com\/index.php\/wp-json\/wp\/v2\/comments?post=335"}],"wp:featuredmedia":[{"embeddable":true,"href":"https:\/\/www.ikonorm.com\/index.php\/wp-json\/wp\/v2\/media\/336"}],"wp:attachment":[{"href":"https:\/\/www.ikonorm.com\/index.php\/wp-json\/wp\/v2\/media?parent=335"}],"curies":[{"name":"wp","href":"https:\/\/api.w.org\/{rel}","templated":true}]}}