{"id":321,"date":"2020-05-12T16:22:01","date_gmt":"2020-05-12T16:22:01","guid":{"rendered":"https:\/\/www.ikonorm.com\/?post_type=product&#038;p=321"},"modified":"2026-03-16T15:08:08","modified_gmt":"2026-03-16T15:08:08","slug":"los-elementos-del-diseno-mecanico","status":"publish","type":"product","link":"https:\/\/www.ikonorm.com\/index.php\/producto\/los-elementos-del-diseno-mecanico\/","title":{"rendered":"Los elementos del dise\u00f1o mec\u00e1nico"},"content":{"rendered":"<p>The Elements of Mechanical Design Los elementos del dise\u00f1o mec\u00e1nico<\/p>\n<p>Este libro conciso y legible es un excelente resumen o actualizaci\u00f3n para cualquier profesional interesado en los principios b\u00e1sicos y las pr\u00e1cticas del buen dise\u00f1o mec\u00e1nico.<\/p>\n<p>autor: James G. Skakoon Fecha: 2008 Editorial: ASME Idioma: ingl\u00e9s formato: PDF\/Ebook ISBN: 9780791802670<\/p>\n","protected":false},"excerpt":{"rendered":"<p>Este libro conciso y legible es un excelente resumen o actualizaci\u00f3n para cualquier profesional interesado en los principios b\u00e1sicos y las pr\u00e1cticas del buen dise\u00f1o mec\u00e1nico.<\/p>\n","protected":false},"featured_media":322,"comment_status":"open","ping_status":"closed","template":"","meta":{"_monsterinsights_skip_tracking":false,"_monsterinsights_sitenote_active":false,"_monsterinsights_sitenote_note":"","_monsterinsights_sitenote_category":0},"class_list":["post-321","product","type-product","status-publish","has-post-thumbnail","hentry","product_cat-libros-y-guias","product_cat-materiales-libros-y-guias","col-xs-6 col-sm-4","col-mf-5","un--cols"],"yoast_head":"<!-- This site is optimized with the Yoast SEO plugin v15.9.2 - https:\/\/yoast.com\/wordpress\/plugins\/seo\/ -->\n<title>Los elementos del dise\u00f1o mec\u00e1nico - Tienda de normas e informaci\u00f3n t\u00e9cnica- IKONORM<\/title>\n<link rel=\"canonical\" href=\"https:\/\/www.ikonorm.com\/index.php\/producto\/los-elementos-del-diseno-mecanico\/\" \/>\n<meta property=\"og:locale\" content=\"es_ES\" \/>\n<meta property=\"og:type\" content=\"article\" \/>\n<meta property=\"og:title\" content=\"Los elementos del dise\u00f1o mec\u00e1nico - Tienda de normas e informaci\u00f3n t\u00e9cnica- IKONORM\" \/>\n<meta property=\"og:description\" content=\"Este libro conciso y legible es un excelente resumen o actualizaci\u00f3n para cualquier profesional interesado en los principios b\u00e1sicos y las pr\u00e1cticas del buen dise\u00f1o mec\u00e1nico.\" \/>\n<meta property=\"og:url\" content=\"https:\/\/www.ikonorm.com\/index.php\/producto\/los-elementos-del-diseno-mecanico\/\" \/>\n<meta property=\"og:site_name\" content=\"Tienda de normas e informaci\u00f3n t\u00e9cnica- IKONORM\" \/>\n<meta property=\"article:modified_time\" content=\"2026-03-16T15:08:08+00:00\" \/>\n<meta property=\"og:image\" content=\"https:\/\/www.ikonorm.com\/wp-content\/uploads\/2020\/05\/433x449-LIBROS-The-Elements-of-Mechanical-Design-IKONORM.jpg\" \/>\n\t<meta property=\"og:image:width\" content=\"433\" \/>\n\t<meta property=\"og:image:height\" content=\"449\" \/>\n<meta name=\"twitter:card\" content=\"summary_large_image\" \/>\n<script type=\"application\/ld+json\" class=\"yoast-schema-graph\">{\"@context\":\"https:\/\/schema.org\",\"@graph\":[{\"@type\":\"WebSite\",\"@id\":\"https:\/\/www.ikonorm.com\/#website\",\"url\":\"https:\/\/www.ikonorm.com\/\",\"name\":\"Tienda de normas e informaci\\u00f3n t\\u00e9cnica- IKONORM\",\"description\":\"\",\"potentialAction\":[{\"@type\":\"SearchAction\",\"target\":\"https:\/\/www.ikonorm.com\/?s={search_term_string}\",\"query-input\":\"required name=search_term_string\"}],\"inLanguage\":\"es\"},{\"@type\":\"ImageObject\",\"@id\":\"https:\/\/www.ikonorm.com\/index.php\/producto\/los-elementos-del-diseno-mecanico\/#primaryimage\",\"inLanguage\":\"es\",\"url\":\"https:\/\/www.ikonorm.com\/wp-content\/uploads\/2020\/05\/433x449-LIBROS-The-Elements-of-Mechanical-Design-IKONORM.jpg\",\"width\":433,\"height\":449},{\"@type\":\"WebPage\",\"@id\":\"https:\/\/www.ikonorm.com\/index.php\/producto\/los-elementos-del-diseno-mecanico\/#webpage\",\"url\":\"https:\/\/www.ikonorm.com\/index.php\/producto\/los-elementos-del-diseno-mecanico\/\",\"name\":\"Los elementos del dise\\u00f1o mec\\u00e1nico - Tienda de normas e informaci\\u00f3n t\\u00e9cnica- IKONORM\",\"isPartOf\":{\"@id\":\"https:\/\/www.ikonorm.com\/#website\"},\"primaryImageOfPage\":{\"@id\":\"https:\/\/www.ikonorm.com\/index.php\/producto\/los-elementos-del-diseno-mecanico\/#primaryimage\"},\"datePublished\":\"2020-05-12T16:22:01+00:00\",\"dateModified\":\"2026-03-16T15:08:08+00:00\",\"breadcrumb\":{\"@id\":\"https:\/\/www.ikonorm.com\/index.php\/producto\/los-elementos-del-diseno-mecanico\/#breadcrumb\"},\"inLanguage\":\"es\",\"potentialAction\":[{\"@type\":\"ReadAction\",\"target\":[\"https:\/\/www.ikonorm.com\/index.php\/producto\/los-elementos-del-diseno-mecanico\/\"]}]},{\"@type\":\"BreadcrumbList\",\"@id\":\"https:\/\/www.ikonorm.com\/index.php\/producto\/los-elementos-del-diseno-mecanico\/#breadcrumb\",\"itemListElement\":[{\"@type\":\"ListItem\",\"position\":1,\"item\":{\"@type\":\"WebPage\",\"@id\":\"https:\/\/www.ikonorm.com\/\",\"url\":\"https:\/\/www.ikonorm.com\/\",\"name\":\"Portada\"}},{\"@type\":\"ListItem\",\"position\":2,\"item\":{\"@type\":\"WebPage\",\"@id\":\"https:\/\/www.ikonorm.com\/index.php\/shop\/\",\"url\":\"https:\/\/www.ikonorm.com\/index.php\/shop\/\",\"name\":\"Productos\"}},{\"@type\":\"ListItem\",\"position\":3,\"item\":{\"@type\":\"WebPage\",\"@id\":\"https:\/\/www.ikonorm.com\/index.php\/producto\/los-elementos-del-diseno-mecanico\/\",\"url\":\"https:\/\/www.ikonorm.com\/index.php\/producto\/los-elementos-del-diseno-mecanico\/\",\"name\":\"Los elementos del dise\\u00f1o mec\\u00e1nico\"}}]}]}<\/script>\n<!-- \/ Yoast SEO plugin. -->","_links":{"self":[{"href":"https:\/\/www.ikonorm.com\/index.php\/wp-json\/wp\/v2\/product\/321","targetHints":{"allow":["GET"]}}],"collection":[{"href":"https:\/\/www.ikonorm.com\/index.php\/wp-json\/wp\/v2\/product"}],"about":[{"href":"https:\/\/www.ikonorm.com\/index.php\/wp-json\/wp\/v2\/types\/product"}],"replies":[{"embeddable":true,"href":"https:\/\/www.ikonorm.com\/index.php\/wp-json\/wp\/v2\/comments?post=321"}],"wp:featuredmedia":[{"embeddable":true,"href":"https:\/\/www.ikonorm.com\/index.php\/wp-json\/wp\/v2\/media\/322"}],"wp:attachment":[{"href":"https:\/\/www.ikonorm.com\/index.php\/wp-json\/wp\/v2\/media?parent=321"}],"curies":[{"name":"wp","href":"https:\/\/api.w.org\/{rel}","templated":true}]}}