{"id":319,"date":"2020-05-12T16:20:32","date_gmt":"2020-05-12T16:20:32","guid":{"rendered":"https:\/\/www.ikonorm.com\/?post_type=product&#038;p=319"},"modified":"2026-05-05T13:44:51","modified_gmt":"2026-05-05T13:44:51","slug":"proceso-de-tuberias-la-guia-completa-de-asme-b31-3-tercera-edicion","status":"publish","type":"product","link":"https:\/\/www.ikonorm.com\/index.php\/producto\/proceso-de-tuberias-la-guia-completa-de-asme-b31-3-tercera-edicion\/","title":{"rendered":"Proceso de tuber\u00edas: la gu\u00eda completa de ASME B31.3, tercera edici\u00f3n"},"content":{"rendered":"<p>Process Piping: The Complete Guide to ASME B31.3, Third Edition Proceso de tuber\u00edas: la gu\u00eda completa de ASME B31.3, tercera edici\u00f3n<\/p>\n<p>Proporciona informaci\u00f3n de antecedentes, perspectiva hist\u00f3rica y comentarios de expertos sobre los requisitos del C\u00f3digo ASME B31.3 para el dise\u00f1o y la construcci\u00f3n de tuber\u00edas de procesos.<\/p>\n<p>Autor: Charles Becht IV Fecha: 2009 Editorial: ASME P\u00e1ginas: 282 Idioma: ingles formato: PDF\/Ebook ISBN: 9780791802861<\/p>\n","protected":false},"excerpt":{"rendered":"<p>Proporciona informaci\u00f3n de antecedentes, perspectiva hist\u00f3rica y comentarios de expertos sobre los requisitos del C\u00f3digo ASME B31.3 para el dise\u00f1o y la construcci\u00f3n de tuber\u00edas de procesos.<\/p>\n","protected":false},"featured_media":320,"comment_status":"open","ping_status":"closed","template":"","meta":{"_monsterinsights_skip_tracking":false,"_monsterinsights_sitenote_active":false,"_monsterinsights_sitenote_note":"","_monsterinsights_sitenote_category":0},"class_list":["post-319","product","type-product","status-publish","has-post-thumbnail","hentry","product_cat-libros-y-guias","product_cat-materiales-libros-y-guias","col-xs-6 col-sm-4","col-mf-5","un--cols"],"yoast_head":"<!-- This site is optimized with the Yoast SEO plugin v15.9.2 - https:\/\/yoast.com\/wordpress\/plugins\/seo\/ -->\n<title>Proceso de tuber\u00edas: la gu\u00eda completa de ASME B31.3, tercera edici\u00f3n - Tienda de normas e informaci\u00f3n t\u00e9cnica- IKONORM<\/title>\n<link rel=\"canonical\" href=\"https:\/\/www.ikonorm.com\/index.php\/producto\/proceso-de-tuberias-la-guia-completa-de-asme-b31-3-tercera-edicion\/\" \/>\n<meta property=\"og:locale\" content=\"es_ES\" \/>\n<meta property=\"og:type\" content=\"article\" \/>\n<meta property=\"og:title\" content=\"Proceso de tuber\u00edas: la gu\u00eda completa de ASME B31.3, tercera edici\u00f3n - Tienda de normas e informaci\u00f3n t\u00e9cnica- IKONORM\" \/>\n<meta property=\"og:description\" content=\"Proporciona informaci\u00f3n de antecedentes, perspectiva hist\u00f3rica y comentarios de expertos sobre los requisitos del C\u00f3digo ASME B31.3 para el dise\u00f1o y la construcci\u00f3n de tuber\u00edas de procesos.\" \/>\n<meta property=\"og:url\" content=\"https:\/\/www.ikonorm.com\/index.php\/producto\/proceso-de-tuberias-la-guia-completa-de-asme-b31-3-tercera-edicion\/\" \/>\n<meta property=\"og:site_name\" content=\"Tienda de normas e informaci\u00f3n t\u00e9cnica- IKONORM\" \/>\n<meta property=\"article:modified_time\" content=\"2026-05-05T13:44:51+00:00\" \/>\n<meta property=\"og:image\" content=\"https:\/\/www.ikonorm.com\/wp-content\/uploads\/2020\/05\/433x449-LIBROS-Process-Piping-IKONORM.jpg\" \/>\n\t<meta property=\"og:image:width\" content=\"433\" \/>\n\t<meta property=\"og:image:height\" content=\"449\" \/>\n<meta name=\"twitter:card\" content=\"summary_large_image\" \/>\n<script type=\"application\/ld+json\" class=\"yoast-schema-graph\">{\"@context\":\"https:\/\/schema.org\",\"@graph\":[{\"@type\":\"WebSite\",\"@id\":\"https:\/\/www.ikonorm.com\/#website\",\"url\":\"https:\/\/www.ikonorm.com\/\",\"name\":\"Tienda de normas e informaci\\u00f3n t\\u00e9cnica- IKONORM\",\"description\":\"\",\"potentialAction\":[{\"@type\":\"SearchAction\",\"target\":\"https:\/\/www.ikonorm.com\/?s={search_term_string}\",\"query-input\":\"required name=search_term_string\"}],\"inLanguage\":\"es\"},{\"@type\":\"ImageObject\",\"@id\":\"https:\/\/www.ikonorm.com\/index.php\/producto\/proceso-de-tuberias-la-guia-completa-de-asme-b31-3-tercera-edicion\/#primaryimage\",\"inLanguage\":\"es\",\"url\":\"https:\/\/www.ikonorm.com\/wp-content\/uploads\/2020\/05\/433x449-LIBROS-Process-Piping-IKONORM.jpg\",\"width\":433,\"height\":449},{\"@type\":\"WebPage\",\"@id\":\"https:\/\/www.ikonorm.com\/index.php\/producto\/proceso-de-tuberias-la-guia-completa-de-asme-b31-3-tercera-edicion\/#webpage\",\"url\":\"https:\/\/www.ikonorm.com\/index.php\/producto\/proceso-de-tuberias-la-guia-completa-de-asme-b31-3-tercera-edicion\/\",\"name\":\"Proceso de tuber\\u00edas: la gu\\u00eda completa de ASME B31.3, tercera edici\\u00f3n - Tienda de normas e informaci\\u00f3n t\\u00e9cnica- IKONORM\",\"isPartOf\":{\"@id\":\"https:\/\/www.ikonorm.com\/#website\"},\"primaryImageOfPage\":{\"@id\":\"https:\/\/www.ikonorm.com\/index.php\/producto\/proceso-de-tuberias-la-guia-completa-de-asme-b31-3-tercera-edicion\/#primaryimage\"},\"datePublished\":\"2020-05-12T16:20:32+00:00\",\"dateModified\":\"2026-05-05T13:44:51+00:00\",\"breadcrumb\":{\"@id\":\"https:\/\/www.ikonorm.com\/index.php\/producto\/proceso-de-tuberias-la-guia-completa-de-asme-b31-3-tercera-edicion\/#breadcrumb\"},\"inLanguage\":\"es\",\"potentialAction\":[{\"@type\":\"ReadAction\",\"target\":[\"https:\/\/www.ikonorm.com\/index.php\/producto\/proceso-de-tuberias-la-guia-completa-de-asme-b31-3-tercera-edicion\/\"]}]},{\"@type\":\"BreadcrumbList\",\"@id\":\"https:\/\/www.ikonorm.com\/index.php\/producto\/proceso-de-tuberias-la-guia-completa-de-asme-b31-3-tercera-edicion\/#breadcrumb\",\"itemListElement\":[{\"@type\":\"ListItem\",\"position\":1,\"item\":{\"@type\":\"WebPage\",\"@id\":\"https:\/\/www.ikonorm.com\/\",\"url\":\"https:\/\/www.ikonorm.com\/\",\"name\":\"Portada\"}},{\"@type\":\"ListItem\",\"position\":2,\"item\":{\"@type\":\"WebPage\",\"@id\":\"https:\/\/www.ikonorm.com\/index.php\/shop\/\",\"url\":\"https:\/\/www.ikonorm.com\/index.php\/shop\/\",\"name\":\"Productos\"}},{\"@type\":\"ListItem\",\"position\":3,\"item\":{\"@type\":\"WebPage\",\"@id\":\"https:\/\/www.ikonorm.com\/index.php\/producto\/proceso-de-tuberias-la-guia-completa-de-asme-b31-3-tercera-edicion\/\",\"url\":\"https:\/\/www.ikonorm.com\/index.php\/producto\/proceso-de-tuberias-la-guia-completa-de-asme-b31-3-tercera-edicion\/\",\"name\":\"Proceso de tuber\\u00edas: la gu\\u00eda completa de ASME B31.3, tercera edici\\u00f3n\"}}]}]}<\/script>\n<!-- \/ Yoast SEO plugin. -->","_links":{"self":[{"href":"https:\/\/www.ikonorm.com\/index.php\/wp-json\/wp\/v2\/product\/319","targetHints":{"allow":["GET"]}}],"collection":[{"href":"https:\/\/www.ikonorm.com\/index.php\/wp-json\/wp\/v2\/product"}],"about":[{"href":"https:\/\/www.ikonorm.com\/index.php\/wp-json\/wp\/v2\/types\/product"}],"replies":[{"embeddable":true,"href":"https:\/\/www.ikonorm.com\/index.php\/wp-json\/wp\/v2\/comments?post=319"}],"wp:featuredmedia":[{"embeddable":true,"href":"https:\/\/www.ikonorm.com\/index.php\/wp-json\/wp\/v2\/media\/320"}],"wp:attachment":[{"href":"https:\/\/www.ikonorm.com\/index.php\/wp-json\/wp\/v2\/media?parent=319"}],"curies":[{"name":"wp","href":"https:\/\/api.w.org\/{rel}","templated":true}]}}