{"id":311,"date":"2020-05-12T16:12:14","date_gmt":"2020-05-12T16:12:14","guid":{"rendered":"https:\/\/www.ikonorm.com\/?post_type=product&#038;p=311"},"modified":"2026-04-17T16:11:18","modified_gmt":"2026-04-17T16:11:18","slug":"prioridades-continuas-y-cambiantes-de-los-codigos-y-estandares-de-calderas-y-recipientes-a-presion-de-asme","status":"publish","type":"product","link":"https:\/\/www.ikonorm.com\/index.php\/producto\/prioridades-continuas-y-cambiantes-de-los-codigos-y-estandares-de-calderas-y-recipientes-a-presion-de-asme\/","title":{"rendered":"Prioridades continuas y cambiantes de los c\u00f3digos y est\u00e1ndares de calderas y recipientes a presi\u00f3n de ASME"},"content":{"rendered":"<p>Continuing and Changing Priorities of the ASME Boiler &amp; Pressure Vessel Codes and Standards Prioridades continuas y cambiantes de los c\u00f3digos y est\u00e1ndares de calderas y recipientes a presi\u00f3n de ASME<\/p>\n<p>Este trabajo integral escrito por los expertos en c\u00f3digos y normas de ASME se public\u00f3 originalmente como parte del Volumen 3 de la Gu\u00eda complementaria del C\u00f3digo de calderas y recipientes a presi\u00f3n de ASME.<\/p>\n<p>utor: K.R. Rao; Deepak Rao Fecha: 2014 Editorial: ASME Idioma: ingl\u00e9s ISBN: 9780791860199<\/p>\n","protected":false},"excerpt":{"rendered":"<p>Este trabajo integral escrito por los expertos en c\u00f3digos y normas de ASME se public\u00f3 originalmente como parte del Volumen 3 de la Gu\u00eda complementaria del C\u00f3digo de calderas y recipientes a presi\u00f3n de ASME.<\/p>\n","protected":false},"featured_media":312,"comment_status":"open","ping_status":"closed","template":"","meta":{"_monsterinsights_skip_tracking":false,"_monsterinsights_sitenote_active":false,"_monsterinsights_sitenote_note":"","_monsterinsights_sitenote_category":0},"class_list":["post-311","product","type-product","status-publish","has-post-thumbnail","hentry","product_cat-libros-y-guias","product_cat-recipientes-presion","col-xs-6 col-sm-4","col-mf-5","un--cols"],"yoast_head":"<!-- This site is optimized with the Yoast SEO plugin v15.9.2 - https:\/\/yoast.com\/wordpress\/plugins\/seo\/ -->\n<title>Prioridades continuas y cambiantes de los c\u00f3digos y est\u00e1ndares de calderas y recipientes a presi\u00f3n de ASME - Tienda de normas e informaci\u00f3n t\u00e9cnica- IKONORM<\/title>\n<link rel=\"canonical\" href=\"https:\/\/www.ikonorm.com\/index.php\/producto\/prioridades-continuas-y-cambiantes-de-los-codigos-y-estandares-de-calderas-y-recipientes-a-presion-de-asme\/\" \/>\n<meta property=\"og:locale\" content=\"es_ES\" \/>\n<meta property=\"og:type\" content=\"article\" \/>\n<meta property=\"og:title\" content=\"Prioridades continuas y cambiantes de los c\u00f3digos y est\u00e1ndares de calderas y recipientes a presi\u00f3n de ASME - Tienda de normas e informaci\u00f3n t\u00e9cnica- IKONORM\" \/>\n<meta property=\"og:description\" content=\"Este trabajo integral escrito por los expertos en c\u00f3digos y normas de ASME se public\u00f3 originalmente como parte del Volumen 3 de la Gu\u00eda complementaria del C\u00f3digo de calderas y recipientes a presi\u00f3n de ASME.\" \/>\n<meta property=\"og:url\" content=\"https:\/\/www.ikonorm.com\/index.php\/producto\/prioridades-continuas-y-cambiantes-de-los-codigos-y-estandares-de-calderas-y-recipientes-a-presion-de-asme\/\" \/>\n<meta property=\"og:site_name\" content=\"Tienda de normas e informaci\u00f3n t\u00e9cnica- IKONORM\" \/>\n<meta property=\"article:modified_time\" content=\"2026-04-17T16:11:18+00:00\" \/>\n<meta property=\"og:image\" content=\"https:\/\/www.ikonorm.com\/wp-content\/uploads\/2020\/05\/433x449-LIBROS-Continuing-Changing-Priorities-ASME-Boiler-IKONORM.jpg\" \/>\n\t<meta property=\"og:image:width\" content=\"433\" \/>\n\t<meta property=\"og:image:height\" content=\"449\" \/>\n<meta name=\"twitter:card\" content=\"summary_large_image\" \/>\n<script type=\"application\/ld+json\" class=\"yoast-schema-graph\">{\"@context\":\"https:\/\/schema.org\",\"@graph\":[{\"@type\":\"WebSite\",\"@id\":\"https:\/\/www.ikonorm.com\/#website\",\"url\":\"https:\/\/www.ikonorm.com\/\",\"name\":\"Tienda de normas e informaci\\u00f3n t\\u00e9cnica- IKONORM\",\"description\":\"\",\"potentialAction\":[{\"@type\":\"SearchAction\",\"target\":\"https:\/\/www.ikonorm.com\/?s={search_term_string}\",\"query-input\":\"required name=search_term_string\"}],\"inLanguage\":\"es\"},{\"@type\":\"ImageObject\",\"@id\":\"https:\/\/www.ikonorm.com\/index.php\/producto\/prioridades-continuas-y-cambiantes-de-los-codigos-y-estandares-de-calderas-y-recipientes-a-presion-de-asme\/#primaryimage\",\"inLanguage\":\"es\",\"url\":\"https:\/\/www.ikonorm.com\/wp-content\/uploads\/2020\/05\/433x449-LIBROS-Continuing-Changing-Priorities-ASME-Boiler-IKONORM.jpg\",\"width\":433,\"height\":449},{\"@type\":\"WebPage\",\"@id\":\"https:\/\/www.ikonorm.com\/index.php\/producto\/prioridades-continuas-y-cambiantes-de-los-codigos-y-estandares-de-calderas-y-recipientes-a-presion-de-asme\/#webpage\",\"url\":\"https:\/\/www.ikonorm.com\/index.php\/producto\/prioridades-continuas-y-cambiantes-de-los-codigos-y-estandares-de-calderas-y-recipientes-a-presion-de-asme\/\",\"name\":\"Prioridades continuas y cambiantes de los c\\u00f3digos y est\\u00e1ndares de calderas y recipientes a presi\\u00f3n de ASME - Tienda de normas e informaci\\u00f3n t\\u00e9cnica- IKONORM\",\"isPartOf\":{\"@id\":\"https:\/\/www.ikonorm.com\/#website\"},\"primaryImageOfPage\":{\"@id\":\"https:\/\/www.ikonorm.com\/index.php\/producto\/prioridades-continuas-y-cambiantes-de-los-codigos-y-estandares-de-calderas-y-recipientes-a-presion-de-asme\/#primaryimage\"},\"datePublished\":\"2020-05-12T16:12:14+00:00\",\"dateModified\":\"2026-04-17T16:11:18+00:00\",\"breadcrumb\":{\"@id\":\"https:\/\/www.ikonorm.com\/index.php\/producto\/prioridades-continuas-y-cambiantes-de-los-codigos-y-estandares-de-calderas-y-recipientes-a-presion-de-asme\/#breadcrumb\"},\"inLanguage\":\"es\",\"potentialAction\":[{\"@type\":\"ReadAction\",\"target\":[\"https:\/\/www.ikonorm.com\/index.php\/producto\/prioridades-continuas-y-cambiantes-de-los-codigos-y-estandares-de-calderas-y-recipientes-a-presion-de-asme\/\"]}]},{\"@type\":\"BreadcrumbList\",\"@id\":\"https:\/\/www.ikonorm.com\/index.php\/producto\/prioridades-continuas-y-cambiantes-de-los-codigos-y-estandares-de-calderas-y-recipientes-a-presion-de-asme\/#breadcrumb\",\"itemListElement\":[{\"@type\":\"ListItem\",\"position\":1,\"item\":{\"@type\":\"WebPage\",\"@id\":\"https:\/\/www.ikonorm.com\/\",\"url\":\"https:\/\/www.ikonorm.com\/\",\"name\":\"Portada\"}},{\"@type\":\"ListItem\",\"position\":2,\"item\":{\"@type\":\"WebPage\",\"@id\":\"https:\/\/www.ikonorm.com\/index.php\/shop\/\",\"url\":\"https:\/\/www.ikonorm.com\/index.php\/shop\/\",\"name\":\"Productos\"}},{\"@type\":\"ListItem\",\"position\":3,\"item\":{\"@type\":\"WebPage\",\"@id\":\"https:\/\/www.ikonorm.com\/index.php\/producto\/prioridades-continuas-y-cambiantes-de-los-codigos-y-estandares-de-calderas-y-recipientes-a-presion-de-asme\/\",\"url\":\"https:\/\/www.ikonorm.com\/index.php\/producto\/prioridades-continuas-y-cambiantes-de-los-codigos-y-estandares-de-calderas-y-recipientes-a-presion-de-asme\/\",\"name\":\"Prioridades continuas y cambiantes de los c\\u00f3digos y est\\u00e1ndares de calderas y recipientes a presi\\u00f3n de ASME\"}}]}]}<\/script>\n<!-- \/ Yoast SEO plugin. -->","_links":{"self":[{"href":"https:\/\/www.ikonorm.com\/index.php\/wp-json\/wp\/v2\/product\/311","targetHints":{"allow":["GET"]}}],"collection":[{"href":"https:\/\/www.ikonorm.com\/index.php\/wp-json\/wp\/v2\/product"}],"about":[{"href":"https:\/\/www.ikonorm.com\/index.php\/wp-json\/wp\/v2\/types\/product"}],"replies":[{"embeddable":true,"href":"https:\/\/www.ikonorm.com\/index.php\/wp-json\/wp\/v2\/comments?post=311"}],"wp:featuredmedia":[{"embeddable":true,"href":"https:\/\/www.ikonorm.com\/index.php\/wp-json\/wp\/v2\/media\/312"}],"wp:attachment":[{"href":"https:\/\/www.ikonorm.com\/index.php\/wp-json\/wp\/v2\/media?parent=311"}],"curies":[{"name":"wp","href":"https:\/\/api.w.org\/{rel}","templated":true}]}}