{"id":305,"date":"2020-05-12T15:43:05","date_gmt":"2020-05-12T15:43:05","guid":{"rendered":"https:\/\/www.ikonorm.com\/?post_type=product&#038;p=305"},"modified":"2026-04-24T01:15:09","modified_gmt":"2026-04-24T01:15:09","slug":"wm1-41994-fundamentals-welding-metallurgy-vol-1-aws-wm1","status":"publish","type":"product","link":"https:\/\/www.ikonorm.com\/index.php\/producto\/wm1-41994-fundamentals-welding-metallurgy-vol-1-aws-wm1\/","title":{"rendered":"WM1.4:1994 FUNDAMENTALS WELDING METALLURGY &#8211; VOL.1 (AWS WM1)"},"content":{"rendered":"<p>WM1.4:1994 FUNDAMENTALS WELDING METALLURGY &#8211; VOL.1 (AWS WM1) fundamentos de la metalurgia en soldadura volumen1.<\/p>\n<p>Ponga a su alcance toda una vida de investigaci\u00f3n y experiencia en soldadura con esta visi\u00f3n pr\u00e1ctica de la ciencia y la tecnolog\u00eda de los metales.<\/p>\n<p>autor: George E. Linnert Idioma : ingl\u00e9s formato: tapa dura\/PDF paginas: 950<\/p>\n","protected":false},"excerpt":{"rendered":"<p>Ponga a su alcance toda una vida de investigaci\u00f3n y experiencia en soldadura con esta visi\u00f3n pr\u00e1ctica de la ciencia y la tecnolog\u00eda de los metales.<\/p>\n","protected":false},"featured_media":306,"comment_status":"open","ping_status":"closed","template":"","meta":{"_monsterinsights_skip_tracking":false,"_monsterinsights_sitenote_active":false,"_monsterinsights_sitenote_note":"","_monsterinsights_sitenote_category":0},"class_list":["post-305","product","type-product","status-publish","has-post-thumbnail","hentry","product_cat-libros-y-guias","product_cat-recipientes-presion","col-xs-6 col-sm-4","col-mf-5","un--cols"],"yoast_head":"<!-- This site is optimized with the Yoast SEO plugin v15.9.2 - https:\/\/yoast.com\/wordpress\/plugins\/seo\/ -->\n<title>WM1.4:1994 FUNDAMENTALS WELDING METALLURGY - VOL.1 (AWS WM1) - Tienda de normas e informaci\u00f3n t\u00e9cnica- IKONORM<\/title>\n<link rel=\"canonical\" href=\"https:\/\/www.ikonorm.com\/index.php\/producto\/wm1-41994-fundamentals-welding-metallurgy-vol-1-aws-wm1\/\" \/>\n<meta property=\"og:locale\" content=\"es_ES\" \/>\n<meta property=\"og:type\" content=\"article\" \/>\n<meta property=\"og:title\" content=\"WM1.4:1994 FUNDAMENTALS WELDING METALLURGY - VOL.1 (AWS WM1) - Tienda de normas e informaci\u00f3n t\u00e9cnica- IKONORM\" \/>\n<meta property=\"og:description\" content=\"Ponga a su alcance toda una vida de investigaci\u00f3n y experiencia en soldadura con esta visi\u00f3n pr\u00e1ctica de la ciencia y la tecnolog\u00eda de los metales.\" \/>\n<meta property=\"og:url\" content=\"https:\/\/www.ikonorm.com\/index.php\/producto\/wm1-41994-fundamentals-welding-metallurgy-vol-1-aws-wm1\/\" \/>\n<meta property=\"og:site_name\" content=\"Tienda de normas e informaci\u00f3n t\u00e9cnica- IKONORM\" \/>\n<meta property=\"article:modified_time\" content=\"2026-04-24T01:15:09+00:00\" \/>\n<meta property=\"og:image\" content=\"https:\/\/www.ikonorm.com\/wp-content\/uploads\/2020\/05\/433x449-HANDBOOK-FUNDAMENTALS-WELDING-METALLURGY-VOL-1-IKONORM.jpg\" \/>\n\t<meta property=\"og:image:width\" content=\"433\" \/>\n\t<meta property=\"og:image:height\" content=\"449\" \/>\n<meta name=\"twitter:card\" content=\"summary_large_image\" \/>\n<script type=\"application\/ld+json\" class=\"yoast-schema-graph\">{\"@context\":\"https:\/\/schema.org\",\"@graph\":[{\"@type\":\"WebSite\",\"@id\":\"https:\/\/www.ikonorm.com\/#website\",\"url\":\"https:\/\/www.ikonorm.com\/\",\"name\":\"Tienda de normas e informaci\\u00f3n t\\u00e9cnica- IKONORM\",\"description\":\"\",\"potentialAction\":[{\"@type\":\"SearchAction\",\"target\":\"https:\/\/www.ikonorm.com\/?s={search_term_string}\",\"query-input\":\"required name=search_term_string\"}],\"inLanguage\":\"es\"},{\"@type\":\"ImageObject\",\"@id\":\"https:\/\/www.ikonorm.com\/index.php\/producto\/wm1-41994-fundamentals-welding-metallurgy-vol-1-aws-wm1\/#primaryimage\",\"inLanguage\":\"es\",\"url\":\"https:\/\/www.ikonorm.com\/wp-content\/uploads\/2020\/05\/433x449-HANDBOOK-FUNDAMENTALS-WELDING-METALLURGY-VOL-1-IKONORM.jpg\",\"width\":433,\"height\":449},{\"@type\":\"WebPage\",\"@id\":\"https:\/\/www.ikonorm.com\/index.php\/producto\/wm1-41994-fundamentals-welding-metallurgy-vol-1-aws-wm1\/#webpage\",\"url\":\"https:\/\/www.ikonorm.com\/index.php\/producto\/wm1-41994-fundamentals-welding-metallurgy-vol-1-aws-wm1\/\",\"name\":\"WM1.4:1994 FUNDAMENTALS WELDING METALLURGY - VOL.1 (AWS WM1) - Tienda de normas e informaci\\u00f3n t\\u00e9cnica- IKONORM\",\"isPartOf\":{\"@id\":\"https:\/\/www.ikonorm.com\/#website\"},\"primaryImageOfPage\":{\"@id\":\"https:\/\/www.ikonorm.com\/index.php\/producto\/wm1-41994-fundamentals-welding-metallurgy-vol-1-aws-wm1\/#primaryimage\"},\"datePublished\":\"2020-05-12T15:43:05+00:00\",\"dateModified\":\"2026-04-24T01:15:09+00:00\",\"breadcrumb\":{\"@id\":\"https:\/\/www.ikonorm.com\/index.php\/producto\/wm1-41994-fundamentals-welding-metallurgy-vol-1-aws-wm1\/#breadcrumb\"},\"inLanguage\":\"es\",\"potentialAction\":[{\"@type\":\"ReadAction\",\"target\":[\"https:\/\/www.ikonorm.com\/index.php\/producto\/wm1-41994-fundamentals-welding-metallurgy-vol-1-aws-wm1\/\"]}]},{\"@type\":\"BreadcrumbList\",\"@id\":\"https:\/\/www.ikonorm.com\/index.php\/producto\/wm1-41994-fundamentals-welding-metallurgy-vol-1-aws-wm1\/#breadcrumb\",\"itemListElement\":[{\"@type\":\"ListItem\",\"position\":1,\"item\":{\"@type\":\"WebPage\",\"@id\":\"https:\/\/www.ikonorm.com\/\",\"url\":\"https:\/\/www.ikonorm.com\/\",\"name\":\"Portada\"}},{\"@type\":\"ListItem\",\"position\":2,\"item\":{\"@type\":\"WebPage\",\"@id\":\"https:\/\/www.ikonorm.com\/index.php\/shop\/\",\"url\":\"https:\/\/www.ikonorm.com\/index.php\/shop\/\",\"name\":\"Productos\"}},{\"@type\":\"ListItem\",\"position\":3,\"item\":{\"@type\":\"WebPage\",\"@id\":\"https:\/\/www.ikonorm.com\/index.php\/producto\/wm1-41994-fundamentals-welding-metallurgy-vol-1-aws-wm1\/\",\"url\":\"https:\/\/www.ikonorm.com\/index.php\/producto\/wm1-41994-fundamentals-welding-metallurgy-vol-1-aws-wm1\/\",\"name\":\"WM1.4:1994 FUNDAMENTALS WELDING METALLURGY &#8211; VOL.1 (AWS WM1)\"}}]}]}<\/script>\n<!-- \/ Yoast SEO plugin. -->","_links":{"self":[{"href":"https:\/\/www.ikonorm.com\/index.php\/wp-json\/wp\/v2\/product\/305","targetHints":{"allow":["GET"]}}],"collection":[{"href":"https:\/\/www.ikonorm.com\/index.php\/wp-json\/wp\/v2\/product"}],"about":[{"href":"https:\/\/www.ikonorm.com\/index.php\/wp-json\/wp\/v2\/types\/product"}],"replies":[{"embeddable":true,"href":"https:\/\/www.ikonorm.com\/index.php\/wp-json\/wp\/v2\/comments?post=305"}],"wp:featuredmedia":[{"embeddable":true,"href":"https:\/\/www.ikonorm.com\/index.php\/wp-json\/wp\/v2\/media\/306"}],"wp:attachment":[{"href":"https:\/\/www.ikonorm.com\/index.php\/wp-json\/wp\/v2\/media?parent=305"}],"curies":[{"name":"wp","href":"https:\/\/api.w.org\/{rel}","templated":true}]}}