{"id":303,"date":"2020-05-12T15:38:40","date_gmt":"2020-05-12T15:38:40","guid":{"rendered":"https:\/\/www.ikonorm.com\/?post_type=product&#038;p=303"},"modified":"2026-04-08T18:56:01","modified_gmt":"2026-04-08T18:56:01","slug":"pwe2000-practical-welding-engineer-ingenieria-de-soldadura-practica","status":"publish","type":"product","link":"https:\/\/www.ikonorm.com\/index.php\/producto\/pwe2000-practical-welding-engineer-ingenieria-de-soldadura-practica\/","title":{"rendered":"PWE:2000 PRACTICAL WELDING ENGINEER ingenier\u00eda de soldadura pr\u00e1ctica"},"content":{"rendered":"<p>PWE:2000 PRACTICAL WELDING ENGINEER ingenier\u00eda de soldadura pr\u00e1ctica<\/p>\n<p>Un enfoque pr\u00e1ctico para la aplicaci\u00f3n de teor\u00edas de soldadura. Consejos en la aplicaci\u00f3n real de la metalurgia de soldadura,comportamiento de los materiales, mec\u00e1nica de fracturas y mucho m\u00e1s.<\/p>\n<p>autor: J. Crawford Lochhead y Ken Rodgers. Idioma : ingl\u00e9s formato: tapa dura\/ PDF paginas: 152 ISBN-10: 0871716208 ISBN 0-87171-620-8.<\/p>\n<p>&nbsp;<\/p>\n","protected":false},"excerpt":{"rendered":"<p>Un enfoque pr\u00e1ctico para la aplicaci\u00f3n de teor\u00edas de soldadura. Consejos en la aplicaci\u00f3n real de la metalurgia de soldadura,comportamiento de los materiales, mec\u00e1nica de fracturas y mucho m\u00e1s<\/p>\n","protected":false},"featured_media":304,"comment_status":"open","ping_status":"closed","template":"","meta":{"_monsterinsights_skip_tracking":false,"_monsterinsights_sitenote_active":false,"_monsterinsights_sitenote_note":"","_monsterinsights_sitenote_category":0},"class_list":["post-303","product","type-product","status-publish","has-post-thumbnail","hentry","product_cat-libros-y-guias","product_cat-recipientes-presion","col-xs-6 col-sm-4","col-mf-5","un--cols"],"yoast_head":"<!-- This site is optimized with the Yoast SEO plugin v15.9.2 - https:\/\/yoast.com\/wordpress\/plugins\/seo\/ -->\n<title>PWE:2000 PRACTICAL WELDING ENGINEER ingenier\u00eda de soldadura pr\u00e1ctica - Tienda de normas e informaci\u00f3n t\u00e9cnica- IKONORM<\/title>\n<link rel=\"canonical\" href=\"https:\/\/www.ikonorm.com\/index.php\/producto\/pwe2000-practical-welding-engineer-ingenieria-de-soldadura-practica\/\" \/>\n<meta property=\"og:locale\" content=\"es_ES\" \/>\n<meta property=\"og:type\" content=\"article\" \/>\n<meta property=\"og:title\" content=\"PWE:2000 PRACTICAL WELDING ENGINEER ingenier\u00eda de soldadura pr\u00e1ctica - Tienda de normas e informaci\u00f3n t\u00e9cnica- IKONORM\" \/>\n<meta property=\"og:description\" content=\"Un enfoque pr\u00e1ctico para la aplicaci\u00f3n de teor\u00edas de soldadura. Consejos en la aplicaci\u00f3n real de la metalurgia de soldadura,comportamiento de los materiales, mec\u00e1nica de fracturas y mucho m\u00e1s\" \/>\n<meta property=\"og:url\" content=\"https:\/\/www.ikonorm.com\/index.php\/producto\/pwe2000-practical-welding-engineer-ingenieria-de-soldadura-practica\/\" \/>\n<meta property=\"og:site_name\" content=\"Tienda de normas e informaci\u00f3n t\u00e9cnica- IKONORM\" \/>\n<meta property=\"article:modified_time\" content=\"2026-04-08T18:56:01+00:00\" \/>\n<meta property=\"og:image\" content=\"https:\/\/www.ikonorm.com\/wp-content\/uploads\/2020\/05\/433x449-LIBROS-PWE-2000-PRACTICAL-WELDING-ENGINEER-IKONORM.jpg\" \/>\n\t<meta property=\"og:image:width\" content=\"433\" \/>\n\t<meta property=\"og:image:height\" content=\"449\" \/>\n<meta name=\"twitter:card\" content=\"summary_large_image\" \/>\n<script type=\"application\/ld+json\" class=\"yoast-schema-graph\">{\"@context\":\"https:\/\/schema.org\",\"@graph\":[{\"@type\":\"WebSite\",\"@id\":\"https:\/\/www.ikonorm.com\/#website\",\"url\":\"https:\/\/www.ikonorm.com\/\",\"name\":\"Tienda de normas e informaci\\u00f3n t\\u00e9cnica- IKONORM\",\"description\":\"\",\"potentialAction\":[{\"@type\":\"SearchAction\",\"target\":\"https:\/\/www.ikonorm.com\/?s={search_term_string}\",\"query-input\":\"required name=search_term_string\"}],\"inLanguage\":\"es\"},{\"@type\":\"ImageObject\",\"@id\":\"https:\/\/www.ikonorm.com\/index.php\/producto\/pwe2000-practical-welding-engineer-ingenieria-de-soldadura-practica\/#primaryimage\",\"inLanguage\":\"es\",\"url\":\"https:\/\/www.ikonorm.com\/wp-content\/uploads\/2020\/05\/433x449-LIBROS-PWE-2000-PRACTICAL-WELDING-ENGINEER-IKONORM.jpg\",\"width\":433,\"height\":449},{\"@type\":\"WebPage\",\"@id\":\"https:\/\/www.ikonorm.com\/index.php\/producto\/pwe2000-practical-welding-engineer-ingenieria-de-soldadura-practica\/#webpage\",\"url\":\"https:\/\/www.ikonorm.com\/index.php\/producto\/pwe2000-practical-welding-engineer-ingenieria-de-soldadura-practica\/\",\"name\":\"PWE:2000 PRACTICAL WELDING ENGINEER ingenier\\u00eda de soldadura pr\\u00e1ctica - Tienda de normas e informaci\\u00f3n t\\u00e9cnica- IKONORM\",\"isPartOf\":{\"@id\":\"https:\/\/www.ikonorm.com\/#website\"},\"primaryImageOfPage\":{\"@id\":\"https:\/\/www.ikonorm.com\/index.php\/producto\/pwe2000-practical-welding-engineer-ingenieria-de-soldadura-practica\/#primaryimage\"},\"datePublished\":\"2020-05-12T15:38:40+00:00\",\"dateModified\":\"2026-04-08T18:56:01+00:00\",\"breadcrumb\":{\"@id\":\"https:\/\/www.ikonorm.com\/index.php\/producto\/pwe2000-practical-welding-engineer-ingenieria-de-soldadura-practica\/#breadcrumb\"},\"inLanguage\":\"es\",\"potentialAction\":[{\"@type\":\"ReadAction\",\"target\":[\"https:\/\/www.ikonorm.com\/index.php\/producto\/pwe2000-practical-welding-engineer-ingenieria-de-soldadura-practica\/\"]}]},{\"@type\":\"BreadcrumbList\",\"@id\":\"https:\/\/www.ikonorm.com\/index.php\/producto\/pwe2000-practical-welding-engineer-ingenieria-de-soldadura-practica\/#breadcrumb\",\"itemListElement\":[{\"@type\":\"ListItem\",\"position\":1,\"item\":{\"@type\":\"WebPage\",\"@id\":\"https:\/\/www.ikonorm.com\/\",\"url\":\"https:\/\/www.ikonorm.com\/\",\"name\":\"Portada\"}},{\"@type\":\"ListItem\",\"position\":2,\"item\":{\"@type\":\"WebPage\",\"@id\":\"https:\/\/www.ikonorm.com\/index.php\/shop\/\",\"url\":\"https:\/\/www.ikonorm.com\/index.php\/shop\/\",\"name\":\"Productos\"}},{\"@type\":\"ListItem\",\"position\":3,\"item\":{\"@type\":\"WebPage\",\"@id\":\"https:\/\/www.ikonorm.com\/index.php\/producto\/pwe2000-practical-welding-engineer-ingenieria-de-soldadura-practica\/\",\"url\":\"https:\/\/www.ikonorm.com\/index.php\/producto\/pwe2000-practical-welding-engineer-ingenieria-de-soldadura-practica\/\",\"name\":\"PWE:2000 PRACTICAL WELDING ENGINEER ingenier\\u00eda de soldadura pr\\u00e1ctica\"}}]}]}<\/script>\n<!-- \/ Yoast SEO plugin. -->","_links":{"self":[{"href":"https:\/\/www.ikonorm.com\/index.php\/wp-json\/wp\/v2\/product\/303","targetHints":{"allow":["GET"]}}],"collection":[{"href":"https:\/\/www.ikonorm.com\/index.php\/wp-json\/wp\/v2\/product"}],"about":[{"href":"https:\/\/www.ikonorm.com\/index.php\/wp-json\/wp\/v2\/types\/product"}],"replies":[{"embeddable":true,"href":"https:\/\/www.ikonorm.com\/index.php\/wp-json\/wp\/v2\/comments?post=303"}],"wp:featuredmedia":[{"embeddable":true,"href":"https:\/\/www.ikonorm.com\/index.php\/wp-json\/wp\/v2\/media\/304"}],"wp:attachment":[{"href":"https:\/\/www.ikonorm.com\/index.php\/wp-json\/wp\/v2\/media?parent=303"}],"curies":[{"name":"wp","href":"https:\/\/api.w.org\/{rel}","templated":true}]}}