{"id":298,"date":"2020-05-12T15:30:41","date_gmt":"2020-05-12T15:30:41","guid":{"rendered":"https:\/\/www.ikonorm.com\/?post_type=product&#038;p=298"},"modified":"2026-04-08T18:57:29","modified_gmt":"2026-04-08T18:57:29","slug":"wi2000-manual-de-inspeccion-de-soldadura","status":"publish","type":"product","link":"https:\/\/www.ikonorm.com\/index.php\/producto\/wi2000-manual-de-inspeccion-de-soldadura\/","title":{"rendered":"WI:2000 MANUAL DE INSPECCI\u00d3N DE SOLDADURA"},"content":{"rendered":"<p>HANDBOOK\/ MANUAL WI:2000 MANUAL DE INSPECCI\u00d3N DE SOLDADURA<\/p>\n<p>Manual de referencia de entrenamiento para ayudar a inspectores, ingenieros y soldadores a evaluar la diferencia entre discontinuidades y defectos rechazables.<\/p>\n<p>Preparado por el Comit\u00e9 de M\u00e9todos de Inspecci\u00f3n de la AWS aprobado por la Junta Directiva de la AWS formato: impreso\/ PDF idioma: espa\u00f1ol\/ingl\u00e9s ISBN: 0-87171-560-0.<\/p>\n","protected":false},"excerpt":{"rendered":"<p>Manual de referencia de entrenamiento para ayudar a inspectores, ingenieros y soldadores a evaluar la diferencia entre discontinuidades y defectos rechazables.<\/p>\n","protected":false},"featured_media":299,"comment_status":"open","ping_status":"closed","template":"","meta":{"_monsterinsights_skip_tracking":false,"_monsterinsights_sitenote_active":false,"_monsterinsights_sitenote_note":"","_monsterinsights_sitenote_category":0},"class_list":["post-298","product","type-product","status-publish","has-post-thumbnail","hentry","product_cat-manuales","product_cat-recipientes-presion-manuales","col-xs-6 col-sm-4","col-mf-5","un--cols"],"yoast_head":"<!-- This site is optimized with the Yoast SEO plugin v15.9.2 - https:\/\/yoast.com\/wordpress\/plugins\/seo\/ -->\n<title>WI:2000 MANUAL DE INSPECCI\u00d3N DE SOLDADURA - Tienda de normas e informaci\u00f3n t\u00e9cnica- IKONORM<\/title>\n<link rel=\"canonical\" href=\"https:\/\/www.ikonorm.com\/index.php\/producto\/wi2000-manual-de-inspeccion-de-soldadura\/\" \/>\n<meta property=\"og:locale\" content=\"es_ES\" \/>\n<meta property=\"og:type\" content=\"article\" \/>\n<meta property=\"og:title\" content=\"WI:2000 MANUAL DE INSPECCI\u00d3N DE SOLDADURA - Tienda de normas e informaci\u00f3n t\u00e9cnica- IKONORM\" \/>\n<meta property=\"og:description\" content=\"Manual de referencia de entrenamiento para ayudar a inspectores, ingenieros y soldadores a evaluar la diferencia entre discontinuidades y defectos rechazables.\" \/>\n<meta property=\"og:url\" content=\"https:\/\/www.ikonorm.com\/index.php\/producto\/wi2000-manual-de-inspeccion-de-soldadura\/\" \/>\n<meta property=\"og:site_name\" content=\"Tienda de normas e informaci\u00f3n t\u00e9cnica- IKONORM\" \/>\n<meta property=\"article:modified_time\" content=\"2026-04-08T18:57:29+00:00\" \/>\n<meta property=\"og:image\" content=\"https:\/\/www.ikonorm.com\/wp-content\/uploads\/2020\/05\/433x449-HANDBOOK-WI-2000-MANUAL-INSPECCION-DE-SOLDADURA-IKONORM.jpg\" \/>\n\t<meta property=\"og:image:width\" content=\"433\" \/>\n\t<meta property=\"og:image:height\" content=\"449\" \/>\n<meta name=\"twitter:card\" content=\"summary_large_image\" \/>\n<script type=\"application\/ld+json\" class=\"yoast-schema-graph\">{\"@context\":\"https:\/\/schema.org\",\"@graph\":[{\"@type\":\"WebSite\",\"@id\":\"https:\/\/www.ikonorm.com\/#website\",\"url\":\"https:\/\/www.ikonorm.com\/\",\"name\":\"Tienda de normas e informaci\\u00f3n t\\u00e9cnica- IKONORM\",\"description\":\"\",\"potentialAction\":[{\"@type\":\"SearchAction\",\"target\":\"https:\/\/www.ikonorm.com\/?s={search_term_string}\",\"query-input\":\"required name=search_term_string\"}],\"inLanguage\":\"es\"},{\"@type\":\"ImageObject\",\"@id\":\"https:\/\/www.ikonorm.com\/index.php\/producto\/wi2000-manual-de-inspeccion-de-soldadura\/#primaryimage\",\"inLanguage\":\"es\",\"url\":\"https:\/\/www.ikonorm.com\/wp-content\/uploads\/2020\/05\/433x449-HANDBOOK-WI-2000-MANUAL-INSPECCION-DE-SOLDADURA-IKONORM.jpg\",\"width\":433,\"height\":449},{\"@type\":\"WebPage\",\"@id\":\"https:\/\/www.ikonorm.com\/index.php\/producto\/wi2000-manual-de-inspeccion-de-soldadura\/#webpage\",\"url\":\"https:\/\/www.ikonorm.com\/index.php\/producto\/wi2000-manual-de-inspeccion-de-soldadura\/\",\"name\":\"WI:2000 MANUAL DE INSPECCI\\u00d3N DE SOLDADURA - Tienda de normas e informaci\\u00f3n t\\u00e9cnica- IKONORM\",\"isPartOf\":{\"@id\":\"https:\/\/www.ikonorm.com\/#website\"},\"primaryImageOfPage\":{\"@id\":\"https:\/\/www.ikonorm.com\/index.php\/producto\/wi2000-manual-de-inspeccion-de-soldadura\/#primaryimage\"},\"datePublished\":\"2020-05-12T15:30:41+00:00\",\"dateModified\":\"2026-04-08T18:57:29+00:00\",\"breadcrumb\":{\"@id\":\"https:\/\/www.ikonorm.com\/index.php\/producto\/wi2000-manual-de-inspeccion-de-soldadura\/#breadcrumb\"},\"inLanguage\":\"es\",\"potentialAction\":[{\"@type\":\"ReadAction\",\"target\":[\"https:\/\/www.ikonorm.com\/index.php\/producto\/wi2000-manual-de-inspeccion-de-soldadura\/\"]}]},{\"@type\":\"BreadcrumbList\",\"@id\":\"https:\/\/www.ikonorm.com\/index.php\/producto\/wi2000-manual-de-inspeccion-de-soldadura\/#breadcrumb\",\"itemListElement\":[{\"@type\":\"ListItem\",\"position\":1,\"item\":{\"@type\":\"WebPage\",\"@id\":\"https:\/\/www.ikonorm.com\/\",\"url\":\"https:\/\/www.ikonorm.com\/\",\"name\":\"Portada\"}},{\"@type\":\"ListItem\",\"position\":2,\"item\":{\"@type\":\"WebPage\",\"@id\":\"https:\/\/www.ikonorm.com\/index.php\/shop\/\",\"url\":\"https:\/\/www.ikonorm.com\/index.php\/shop\/\",\"name\":\"Productos\"}},{\"@type\":\"ListItem\",\"position\":3,\"item\":{\"@type\":\"WebPage\",\"@id\":\"https:\/\/www.ikonorm.com\/index.php\/producto\/wi2000-manual-de-inspeccion-de-soldadura\/\",\"url\":\"https:\/\/www.ikonorm.com\/index.php\/producto\/wi2000-manual-de-inspeccion-de-soldadura\/\",\"name\":\"WI:2000 MANUAL DE INSPECCI\\u00d3N DE SOLDADURA\"}}]}]}<\/script>\n<!-- \/ Yoast SEO plugin. -->","_links":{"self":[{"href":"https:\/\/www.ikonorm.com\/index.php\/wp-json\/wp\/v2\/product\/298","targetHints":{"allow":["GET"]}}],"collection":[{"href":"https:\/\/www.ikonorm.com\/index.php\/wp-json\/wp\/v2\/product"}],"about":[{"href":"https:\/\/www.ikonorm.com\/index.php\/wp-json\/wp\/v2\/types\/product"}],"replies":[{"embeddable":true,"href":"https:\/\/www.ikonorm.com\/index.php\/wp-json\/wp\/v2\/comments?post=298"}],"wp:featuredmedia":[{"embeddable":true,"href":"https:\/\/www.ikonorm.com\/index.php\/wp-json\/wp\/v2\/media\/299"}],"wp:attachment":[{"href":"https:\/\/www.ikonorm.com\/index.php\/wp-json\/wp\/v2\/media?parent=298"}],"curies":[{"name":"wp","href":"https:\/\/api.w.org\/{rel}","templated":true}]}}