{"id":252,"date":"2020-05-12T01:54:03","date_gmt":"2020-05-12T01:54:03","guid":{"rendered":"https:\/\/www.ikonorm.com\/?post_type=product&#038;p=252"},"modified":"2026-04-06T19:43:53","modified_gmt":"2026-04-06T19:43:53","slug":"asme-bpvc-ii-b-codigo-asme-bpvc-ii-b-2019","status":"publish","type":"product","link":"https:\/\/www.ikonorm.com\/index.php\/producto\/asme-bpvc-ii-b-codigo-asme-bpvc-ii-b-2019\/","title":{"rendered":"ASME BPVC-II B  CODIGO ASME BPVC.II.B-2019"},"content":{"rendered":"<p>SECCI\u00d3N II B ESPECIFICACIONES DE MATERIALES NO FERROSOS &#8211; MATERIALES C\u00d3DIGO ASME CALDERAS Y RECIPIENTES A PRESI\u00d3N 2019 SECCI\u00d3N II: MATERIALES PARTE B: ESPECIFICACIONES DE MATERIALES NO FERROSOS<\/p>\n<p>Se designan mediante n\u00fameros SB y son id\u00e9nticos o similares a los de las especificaciones publicadas por ASTM y otras organizaciones nacionales o internacionales reconocidas. esta secci\u00f3n del c\u00f3digo asme bpvc edicion 2019 contienen requisitos para el tratamiento t\u00e9rmico, fabricaci\u00f3n, composici\u00f3n qu\u00edmica, an\u00e1lisis de calor y de productos, los requisitos para ensayos mec\u00e1nicos y las propiedades mec\u00e1nicas, los m\u00e9todos de ensayo.<\/p>\n<p>Fecha: 2019 Idioma: ingl\u00e9s Publicado por: ASME International (ASME) p\u00e1ginas: 1263 formato: impreso<\/p>\n","protected":false},"excerpt":{"rendered":"<p>Se designan mediante n\u00fameros SB y son id\u00e9nticos o similares a los de las especificaciones publicadas por ASTM y otras organizaciones nacionales o internacionales reconocidas. esta secci\u00f3n del c\u00f3digo asme bpvc edicion 2019 contienen requisitos para el tratamiento t\u00e9rmico, fabricaci\u00f3n, composici\u00f3n qu\u00edmica, an\u00e1lisis de calor y de productos, los requisitos para ensayos mec\u00e1nicos y las propiedades mec\u00e1nicas, los m\u00e9todos de ensayo.<\/p>\n","protected":false},"featured_media":496,"comment_status":"open","ping_status":"closed","template":"","meta":{"_monsterinsights_skip_tracking":false,"_monsterinsights_sitenote_active":false,"_monsterinsights_sitenote_note":"","_monsterinsights_sitenote_category":0},"class_list":["post-252","product","type-product","status-publish","has-post-thumbnail","hentry","product_cat-manuales","product_cat-recipientes-presion-manuales","col-xs-6 col-sm-4","col-mf-5","un--cols"],"yoast_head":"<!-- This site is optimized with the Yoast SEO plugin v15.9.2 - https:\/\/yoast.com\/wordpress\/plugins\/seo\/ -->\n<title>ASME BPVC-II B CODIGO ASME BPVC.II.B-2019 - Tienda de normas e informaci\u00f3n t\u00e9cnica- IKONORM<\/title>\n<link rel=\"canonical\" href=\"https:\/\/www.ikonorm.com\/index.php\/producto\/asme-bpvc-ii-b-codigo-asme-bpvc-ii-b-2019\/\" \/>\n<meta property=\"og:locale\" content=\"es_ES\" \/>\n<meta property=\"og:type\" content=\"article\" \/>\n<meta property=\"og:title\" content=\"ASME BPVC-II B CODIGO ASME BPVC.II.B-2019 - Tienda de normas e informaci\u00f3n t\u00e9cnica- IKONORM\" \/>\n<meta property=\"og:description\" content=\"Se designan mediante n\u00fameros SB y son id\u00e9nticos o similares a los de las especificaciones publicadas por ASTM y otras organizaciones nacionales o internacionales reconocidas. esta secci\u00f3n del c\u00f3digo asme bpvc edicion 2019 contienen requisitos para el tratamiento t\u00e9rmico, fabricaci\u00f3n, composici\u00f3n qu\u00edmica, an\u00e1lisis de calor y de productos, los requisitos para ensayos mec\u00e1nicos y las propiedades mec\u00e1nicas, los m\u00e9todos de ensayo.\" \/>\n<meta property=\"og:url\" content=\"https:\/\/www.ikonorm.com\/index.php\/producto\/asme-bpvc-ii-b-codigo-asme-bpvc-ii-b-2019\/\" \/>\n<meta property=\"og:site_name\" content=\"Tienda de normas e informaci\u00f3n t\u00e9cnica- IKONORM\" \/>\n<meta property=\"article:modified_time\" content=\"2026-04-06T19:43:53+00:00\" \/>\n<meta property=\"og:image\" content=\"https:\/\/www.ikonorm.com\/wp-content\/uploads\/2020\/05\/433x449-NORMAS-ASME-BPVC-II-B-IKONORM-1.jpg\" \/>\n\t<meta property=\"og:image:width\" content=\"433\" \/>\n\t<meta property=\"og:image:height\" content=\"449\" \/>\n<meta name=\"twitter:card\" content=\"summary_large_image\" \/>\n<meta name=\"twitter:label1\" content=\"Tiempo estimado de lectura\">\n\t<meta name=\"twitter:data1\" content=\"1 minuto\">\n<script type=\"application\/ld+json\" class=\"yoast-schema-graph\">{\"@context\":\"https:\/\/schema.org\",\"@graph\":[{\"@type\":\"WebSite\",\"@id\":\"https:\/\/www.ikonorm.com\/#website\",\"url\":\"https:\/\/www.ikonorm.com\/\",\"name\":\"Tienda de normas e informaci\\u00f3n t\\u00e9cnica- IKONORM\",\"description\":\"\",\"potentialAction\":[{\"@type\":\"SearchAction\",\"target\":\"https:\/\/www.ikonorm.com\/?s={search_term_string}\",\"query-input\":\"required name=search_term_string\"}],\"inLanguage\":\"es\"},{\"@type\":\"ImageObject\",\"@id\":\"https:\/\/www.ikonorm.com\/index.php\/producto\/asme-bpvc-ii-b-codigo-asme-bpvc-ii-b-2019\/#primaryimage\",\"inLanguage\":\"es\",\"url\":\"https:\/\/www.ikonorm.com\/wp-content\/uploads\/2020\/05\/433x449-NORMAS-ASME-BPVC-II-B-IKONORM-1.jpg\",\"width\":433,\"height\":449},{\"@type\":\"WebPage\",\"@id\":\"https:\/\/www.ikonorm.com\/index.php\/producto\/asme-bpvc-ii-b-codigo-asme-bpvc-ii-b-2019\/#webpage\",\"url\":\"https:\/\/www.ikonorm.com\/index.php\/producto\/asme-bpvc-ii-b-codigo-asme-bpvc-ii-b-2019\/\",\"name\":\"ASME BPVC-II B CODIGO ASME BPVC.II.B-2019 - Tienda de normas e informaci\\u00f3n t\\u00e9cnica- IKONORM\",\"isPartOf\":{\"@id\":\"https:\/\/www.ikonorm.com\/#website\"},\"primaryImageOfPage\":{\"@id\":\"https:\/\/www.ikonorm.com\/index.php\/producto\/asme-bpvc-ii-b-codigo-asme-bpvc-ii-b-2019\/#primaryimage\"},\"datePublished\":\"2020-05-12T01:54:03+00:00\",\"dateModified\":\"2026-04-06T19:43:53+00:00\",\"breadcrumb\":{\"@id\":\"https:\/\/www.ikonorm.com\/index.php\/producto\/asme-bpvc-ii-b-codigo-asme-bpvc-ii-b-2019\/#breadcrumb\"},\"inLanguage\":\"es\",\"potentialAction\":[{\"@type\":\"ReadAction\",\"target\":[\"https:\/\/www.ikonorm.com\/index.php\/producto\/asme-bpvc-ii-b-codigo-asme-bpvc-ii-b-2019\/\"]}]},{\"@type\":\"BreadcrumbList\",\"@id\":\"https:\/\/www.ikonorm.com\/index.php\/producto\/asme-bpvc-ii-b-codigo-asme-bpvc-ii-b-2019\/#breadcrumb\",\"itemListElement\":[{\"@type\":\"ListItem\",\"position\":1,\"item\":{\"@type\":\"WebPage\",\"@id\":\"https:\/\/www.ikonorm.com\/\",\"url\":\"https:\/\/www.ikonorm.com\/\",\"name\":\"Portada\"}},{\"@type\":\"ListItem\",\"position\":2,\"item\":{\"@type\":\"WebPage\",\"@id\":\"https:\/\/www.ikonorm.com\/index.php\/shop\/\",\"url\":\"https:\/\/www.ikonorm.com\/index.php\/shop\/\",\"name\":\"Productos\"}},{\"@type\":\"ListItem\",\"position\":3,\"item\":{\"@type\":\"WebPage\",\"@id\":\"https:\/\/www.ikonorm.com\/index.php\/producto\/asme-bpvc-ii-b-codigo-asme-bpvc-ii-b-2019\/\",\"url\":\"https:\/\/www.ikonorm.com\/index.php\/producto\/asme-bpvc-ii-b-codigo-asme-bpvc-ii-b-2019\/\",\"name\":\"ASME BPVC-II B CODIGO ASME BPVC.II.B-2019\"}}]}]}<\/script>\n<!-- \/ Yoast SEO plugin. -->","_links":{"self":[{"href":"https:\/\/www.ikonorm.com\/index.php\/wp-json\/wp\/v2\/product\/252","targetHints":{"allow":["GET"]}}],"collection":[{"href":"https:\/\/www.ikonorm.com\/index.php\/wp-json\/wp\/v2\/product"}],"about":[{"href":"https:\/\/www.ikonorm.com\/index.php\/wp-json\/wp\/v2\/types\/product"}],"replies":[{"embeddable":true,"href":"https:\/\/www.ikonorm.com\/index.php\/wp-json\/wp\/v2\/comments?post=252"}],"wp:featuredmedia":[{"embeddable":true,"href":"https:\/\/www.ikonorm.com\/index.php\/wp-json\/wp\/v2\/media\/496"}],"wp:attachment":[{"href":"https:\/\/www.ikonorm.com\/index.php\/wp-json\/wp\/v2\/media?parent=252"}],"curies":[{"name":"wp","href":"https:\/\/api.w.org\/{rel}","templated":true}]}}