{"id":246,"date":"2020-05-12T01:39:25","date_gmt":"2020-05-12T01:39:25","guid":{"rendered":"https:\/\/www.ikonorm.com\/?post_type=product&#038;p=246"},"modified":"2026-04-24T14:11:18","modified_gmt":"2026-04-24T14:11:18","slug":"asme-bpvc-viii-1-codigo-asme-bpvc-viii-1-2019","status":"publish","type":"product","link":"https:\/\/www.ikonorm.com\/index.php\/producto\/asme-bpvc-viii-1-codigo-asme-bpvc-viii-1-2019\/","title":{"rendered":"ASME BPVC -VIII-1 CODIGO ASME BPVC.VIII.1-2019"},"content":{"rendered":"<p>SECCI\u00d3N VIII DIVISI\u00d3N 1 REGLAS PARA LA CONSTRUCCI\u00d3N RECIPIENTES A PRESI\u00d3N C\u00d3DIGO ASME PARA CALDERAS Y RECIPIENTES A PRESI\u00d3N 2019 SECCI\u00d3N VII PARTE 1: REGLAS PARA LA CONSTRUCCI\u00d3N RECIPIENTES A PRESI\u00d3N<\/p>\n<p>Proporciona los requisitos aplicables al dise\u00f1o, fabricaci\u00f3n, inspecci\u00f3n, prueba y certificaci\u00f3n de recipientes a presi\u00f3n que funcionan a presiones internas o externas superiores a 15 psig esta secci\u00f3n del c\u00f3digo asme bpvc edicion 2019 proporciona los requisitos aplicables al dise\u00f1o, fabricaci\u00f3n, inspecci\u00f3n, prueba y certificaci\u00f3n de recipientes a presi\u00f3n que funcionan a presiones internas o externas superiores a 15 psig.<\/p>\n<p>Fecha: 2017 Idioma: ingl\u00e9s Publicado por: ASME International p\u00e1ginas: 777 formato: impreso<\/p>\n","protected":false},"excerpt":{"rendered":"<p>Proporciona los requisitos aplicables al dise\u00f1o, fabricaci\u00f3n, inspecci\u00f3n, prueba y certificaci\u00f3n de recipientes a presi\u00f3n que funcionan a presiones internas o externas superiores a 15 psig esta secci\u00f3n del c\u00f3digo asme bpvc edicion 2019 proporciona los requisitos aplicables al dise\u00f1o, fabricaci\u00f3n, inspecci\u00f3n, prueba y certificaci\u00f3n de recipientes a presi\u00f3n que funcionan a presiones internas o externas superiores a 15 psig<\/p>\n","protected":false},"featured_media":498,"comment_status":"open","ping_status":"closed","template":"","meta":{"_monsterinsights_skip_tracking":false,"_monsterinsights_sitenote_active":false,"_monsterinsights_sitenote_note":"","_monsterinsights_sitenote_category":0},"class_list":["post-246","product","type-product","status-publish","has-post-thumbnail","hentry","product_cat-manuales","product_cat-recipientes-presion-manuales","col-xs-6 col-sm-4","col-mf-5","un--cols"],"yoast_head":"<!-- This site is optimized with the Yoast SEO plugin v15.9.2 - https:\/\/yoast.com\/wordpress\/plugins\/seo\/ -->\n<title>ASME BPVC -VIII-1 CODIGO ASME BPVC.VIII.1-2019 - Tienda de normas e informaci\u00f3n t\u00e9cnica- IKONORM<\/title>\n<link rel=\"canonical\" href=\"https:\/\/www.ikonorm.com\/index.php\/producto\/asme-bpvc-viii-1-codigo-asme-bpvc-viii-1-2019\/\" \/>\n<meta property=\"og:locale\" content=\"es_ES\" \/>\n<meta property=\"og:type\" content=\"article\" \/>\n<meta property=\"og:title\" content=\"ASME BPVC -VIII-1 CODIGO ASME BPVC.VIII.1-2019 - Tienda de normas e informaci\u00f3n t\u00e9cnica- IKONORM\" \/>\n<meta property=\"og:description\" content=\"Proporciona los requisitos aplicables al dise\u00f1o, fabricaci\u00f3n, inspecci\u00f3n, prueba y certificaci\u00f3n de recipientes a presi\u00f3n que funcionan a presiones internas o externas superiores a 15 psig esta secci\u00f3n del c\u00f3digo asme bpvc edicion 2019 proporciona los requisitos aplicables al dise\u00f1o, fabricaci\u00f3n, inspecci\u00f3n, prueba y certificaci\u00f3n de recipientes a presi\u00f3n que funcionan a presiones internas o externas superiores a 15 psig\" \/>\n<meta property=\"og:url\" content=\"https:\/\/www.ikonorm.com\/index.php\/producto\/asme-bpvc-viii-1-codigo-asme-bpvc-viii-1-2019\/\" \/>\n<meta property=\"og:site_name\" content=\"Tienda de normas e informaci\u00f3n t\u00e9cnica- IKONORM\" \/>\n<meta property=\"article:modified_time\" content=\"2026-04-24T14:11:18+00:00\" \/>\n<meta property=\"og:image\" content=\"https:\/\/www.ikonorm.com\/wp-content\/uploads\/2020\/05\/433x449-NORMAS-ASME-BPVC-VIII-1-IKONORM-1.jpg\" \/>\n\t<meta property=\"og:image:width\" content=\"433\" \/>\n\t<meta property=\"og:image:height\" content=\"449\" \/>\n<meta name=\"twitter:card\" content=\"summary_large_image\" \/>\n<meta name=\"twitter:label1\" content=\"Tiempo estimado de lectura\">\n\t<meta name=\"twitter:data1\" content=\"1 minuto\">\n<script type=\"application\/ld+json\" class=\"yoast-schema-graph\">{\"@context\":\"https:\/\/schema.org\",\"@graph\":[{\"@type\":\"WebSite\",\"@id\":\"https:\/\/www.ikonorm.com\/#website\",\"url\":\"https:\/\/www.ikonorm.com\/\",\"name\":\"Tienda de normas e informaci\\u00f3n t\\u00e9cnica- IKONORM\",\"description\":\"\",\"potentialAction\":[{\"@type\":\"SearchAction\",\"target\":\"https:\/\/www.ikonorm.com\/?s={search_term_string}\",\"query-input\":\"required name=search_term_string\"}],\"inLanguage\":\"es\"},{\"@type\":\"ImageObject\",\"@id\":\"https:\/\/www.ikonorm.com\/index.php\/producto\/asme-bpvc-viii-1-codigo-asme-bpvc-viii-1-2019\/#primaryimage\",\"inLanguage\":\"es\",\"url\":\"https:\/\/www.ikonorm.com\/wp-content\/uploads\/2020\/05\/433x449-NORMAS-ASME-BPVC-VIII-1-IKONORM-1.jpg\",\"width\":433,\"height\":449},{\"@type\":\"WebPage\",\"@id\":\"https:\/\/www.ikonorm.com\/index.php\/producto\/asme-bpvc-viii-1-codigo-asme-bpvc-viii-1-2019\/#webpage\",\"url\":\"https:\/\/www.ikonorm.com\/index.php\/producto\/asme-bpvc-viii-1-codigo-asme-bpvc-viii-1-2019\/\",\"name\":\"ASME BPVC -VIII-1 CODIGO ASME BPVC.VIII.1-2019 - Tienda de normas e informaci\\u00f3n t\\u00e9cnica- IKONORM\",\"isPartOf\":{\"@id\":\"https:\/\/www.ikonorm.com\/#website\"},\"primaryImageOfPage\":{\"@id\":\"https:\/\/www.ikonorm.com\/index.php\/producto\/asme-bpvc-viii-1-codigo-asme-bpvc-viii-1-2019\/#primaryimage\"},\"datePublished\":\"2020-05-12T01:39:25+00:00\",\"dateModified\":\"2026-04-24T14:11:18+00:00\",\"breadcrumb\":{\"@id\":\"https:\/\/www.ikonorm.com\/index.php\/producto\/asme-bpvc-viii-1-codigo-asme-bpvc-viii-1-2019\/#breadcrumb\"},\"inLanguage\":\"es\",\"potentialAction\":[{\"@type\":\"ReadAction\",\"target\":[\"https:\/\/www.ikonorm.com\/index.php\/producto\/asme-bpvc-viii-1-codigo-asme-bpvc-viii-1-2019\/\"]}]},{\"@type\":\"BreadcrumbList\",\"@id\":\"https:\/\/www.ikonorm.com\/index.php\/producto\/asme-bpvc-viii-1-codigo-asme-bpvc-viii-1-2019\/#breadcrumb\",\"itemListElement\":[{\"@type\":\"ListItem\",\"position\":1,\"item\":{\"@type\":\"WebPage\",\"@id\":\"https:\/\/www.ikonorm.com\/\",\"url\":\"https:\/\/www.ikonorm.com\/\",\"name\":\"Portada\"}},{\"@type\":\"ListItem\",\"position\":2,\"item\":{\"@type\":\"WebPage\",\"@id\":\"https:\/\/www.ikonorm.com\/index.php\/shop\/\",\"url\":\"https:\/\/www.ikonorm.com\/index.php\/shop\/\",\"name\":\"Productos\"}},{\"@type\":\"ListItem\",\"position\":3,\"item\":{\"@type\":\"WebPage\",\"@id\":\"https:\/\/www.ikonorm.com\/index.php\/producto\/asme-bpvc-viii-1-codigo-asme-bpvc-viii-1-2019\/\",\"url\":\"https:\/\/www.ikonorm.com\/index.php\/producto\/asme-bpvc-viii-1-codigo-asme-bpvc-viii-1-2019\/\",\"name\":\"ASME BPVC -VIII-1 CODIGO ASME BPVC.VIII.1-2019\"}}]}]}<\/script>\n<!-- \/ Yoast SEO plugin. -->","_links":{"self":[{"href":"https:\/\/www.ikonorm.com\/index.php\/wp-json\/wp\/v2\/product\/246","targetHints":{"allow":["GET"]}}],"collection":[{"href":"https:\/\/www.ikonorm.com\/index.php\/wp-json\/wp\/v2\/product"}],"about":[{"href":"https:\/\/www.ikonorm.com\/index.php\/wp-json\/wp\/v2\/types\/product"}],"replies":[{"embeddable":true,"href":"https:\/\/www.ikonorm.com\/index.php\/wp-json\/wp\/v2\/comments?post=246"}],"wp:featuredmedia":[{"embeddable":true,"href":"https:\/\/www.ikonorm.com\/index.php\/wp-json\/wp\/v2\/media\/498"}],"wp:attachment":[{"href":"https:\/\/www.ikonorm.com\/index.php\/wp-json\/wp\/v2\/media?parent=246"}],"curies":[{"name":"wp","href":"https:\/\/api.w.org\/{rel}","templated":true}]}}