{"id":244,"date":"2020-05-12T01:35:23","date_gmt":"2020-05-12T01:35:23","guid":{"rendered":"https:\/\/www.ikonorm.com\/?post_type=product&#038;p=244"},"modified":"2026-03-30T00:28:49","modified_gmt":"2026-03-30T00:28:49","slug":"aws-f4-1-practicas-de-preparacion-y-corte-de-contenedores-y-tuberias","status":"publish","type":"product","link":"https:\/\/www.ikonorm.com\/index.php\/producto\/aws-f4-1-practicas-de-preparacion-y-corte-de-contenedores-y-tuberias\/","title":{"rendered":"AWS F4.1 Pr\u00e1cticas  de  preparaci\u00f3n y corte de contenedores y tuber\u00edas"},"content":{"rendered":"<p>Pr\u00e1cticas de preparaci\u00f3n y corte de contenedores y tuber\u00edas para procesos de soldadura<\/p>\n<p>Estas pr\u00e1cticas de seguridad se aplicar\u00e1n a la preparaci\u00f3n para soldar o cortar recipientes met\u00e1licos y tuber\u00edas.<\/p>\n<p>Fecha: enero 2017 Publicado por: American Welding Society, Inc. (AWS) Idioma: ingl\u00e9s N\u00famero de p\u00e1ginas: 22 formato: impreso\/PDF<\/p>\n","protected":false},"excerpt":{"rendered":"<p>Estas pr\u00e1cticas de seguridad se aplicar\u00e1n a la preparaci\u00f3n para soldar o cortar recipientes met\u00e1licos y tuber\u00edas.<\/p>\n","protected":false},"featured_media":245,"comment_status":"open","ping_status":"closed","template":"","meta":{"_monsterinsights_skip_tracking":false,"_monsterinsights_sitenote_active":false,"_monsterinsights_sitenote_note":"","_monsterinsights_sitenote_category":0},"class_list":["post-244","product","type-product","status-publish","has-post-thumbnail","hentry","product_cat-normas","product_cat-recipientes-a-presion","col-xs-6 col-sm-4","col-mf-5","un--cols"],"yoast_head":"<!-- This site is optimized with the Yoast SEO plugin v15.9.2 - https:\/\/yoast.com\/wordpress\/plugins\/seo\/ -->\n<title>AWS F4.1 Pr\u00e1cticas de preparaci\u00f3n y corte de contenedores y tuber\u00edas - Tienda de normas e informaci\u00f3n t\u00e9cnica- IKONORM<\/title>\n<link rel=\"canonical\" href=\"https:\/\/www.ikonorm.com\/index.php\/producto\/aws-f4-1-practicas-de-preparacion-y-corte-de-contenedores-y-tuberias\/\" \/>\n<meta property=\"og:locale\" content=\"es_ES\" \/>\n<meta property=\"og:type\" content=\"article\" \/>\n<meta property=\"og:title\" content=\"AWS F4.1 Pr\u00e1cticas de preparaci\u00f3n y corte de contenedores y tuber\u00edas - Tienda de normas e informaci\u00f3n t\u00e9cnica- IKONORM\" \/>\n<meta property=\"og:description\" content=\"Estas pr\u00e1cticas de seguridad se aplicar\u00e1n a la preparaci\u00f3n para soldar o cortar recipientes met\u00e1licos y tuber\u00edas.\" \/>\n<meta property=\"og:url\" content=\"https:\/\/www.ikonorm.com\/index.php\/producto\/aws-f4-1-practicas-de-preparacion-y-corte-de-contenedores-y-tuberias\/\" \/>\n<meta property=\"og:site_name\" content=\"Tienda de normas e informaci\u00f3n t\u00e9cnica- IKONORM\" \/>\n<meta property=\"article:modified_time\" content=\"2026-03-30T00:28:49+00:00\" \/>\n<meta property=\"og:image\" content=\"https:\/\/www.ikonorm.com\/wp-content\/uploads\/2020\/05\/433x449-NORMAS-AWSF4-1-IKONORM.jpg\" \/>\n\t<meta property=\"og:image:width\" content=\"433\" \/>\n\t<meta property=\"og:image:height\" content=\"449\" \/>\n<meta name=\"twitter:card\" content=\"summary_large_image\" \/>\n<script type=\"application\/ld+json\" class=\"yoast-schema-graph\">{\"@context\":\"https:\/\/schema.org\",\"@graph\":[{\"@type\":\"WebSite\",\"@id\":\"https:\/\/www.ikonorm.com\/#website\",\"url\":\"https:\/\/www.ikonorm.com\/\",\"name\":\"Tienda de normas e informaci\\u00f3n t\\u00e9cnica- IKONORM\",\"description\":\"\",\"potentialAction\":[{\"@type\":\"SearchAction\",\"target\":\"https:\/\/www.ikonorm.com\/?s={search_term_string}\",\"query-input\":\"required name=search_term_string\"}],\"inLanguage\":\"es\"},{\"@type\":\"ImageObject\",\"@id\":\"https:\/\/www.ikonorm.com\/index.php\/producto\/aws-f4-1-practicas-de-preparacion-y-corte-de-contenedores-y-tuberias\/#primaryimage\",\"inLanguage\":\"es\",\"url\":\"https:\/\/www.ikonorm.com\/wp-content\/uploads\/2020\/05\/433x449-NORMAS-AWSF4-1-IKONORM.jpg\",\"width\":433,\"height\":449},{\"@type\":\"WebPage\",\"@id\":\"https:\/\/www.ikonorm.com\/index.php\/producto\/aws-f4-1-practicas-de-preparacion-y-corte-de-contenedores-y-tuberias\/#webpage\",\"url\":\"https:\/\/www.ikonorm.com\/index.php\/producto\/aws-f4-1-practicas-de-preparacion-y-corte-de-contenedores-y-tuberias\/\",\"name\":\"AWS F4.1 Pr\\u00e1cticas de preparaci\\u00f3n y corte de contenedores y tuber\\u00edas - Tienda de normas e informaci\\u00f3n t\\u00e9cnica- IKONORM\",\"isPartOf\":{\"@id\":\"https:\/\/www.ikonorm.com\/#website\"},\"primaryImageOfPage\":{\"@id\":\"https:\/\/www.ikonorm.com\/index.php\/producto\/aws-f4-1-practicas-de-preparacion-y-corte-de-contenedores-y-tuberias\/#primaryimage\"},\"datePublished\":\"2020-05-12T01:35:23+00:00\",\"dateModified\":\"2026-03-30T00:28:49+00:00\",\"breadcrumb\":{\"@id\":\"https:\/\/www.ikonorm.com\/index.php\/producto\/aws-f4-1-practicas-de-preparacion-y-corte-de-contenedores-y-tuberias\/#breadcrumb\"},\"inLanguage\":\"es\",\"potentialAction\":[{\"@type\":\"ReadAction\",\"target\":[\"https:\/\/www.ikonorm.com\/index.php\/producto\/aws-f4-1-practicas-de-preparacion-y-corte-de-contenedores-y-tuberias\/\"]}]},{\"@type\":\"BreadcrumbList\",\"@id\":\"https:\/\/www.ikonorm.com\/index.php\/producto\/aws-f4-1-practicas-de-preparacion-y-corte-de-contenedores-y-tuberias\/#breadcrumb\",\"itemListElement\":[{\"@type\":\"ListItem\",\"position\":1,\"item\":{\"@type\":\"WebPage\",\"@id\":\"https:\/\/www.ikonorm.com\/\",\"url\":\"https:\/\/www.ikonorm.com\/\",\"name\":\"Portada\"}},{\"@type\":\"ListItem\",\"position\":2,\"item\":{\"@type\":\"WebPage\",\"@id\":\"https:\/\/www.ikonorm.com\/index.php\/shop\/\",\"url\":\"https:\/\/www.ikonorm.com\/index.php\/shop\/\",\"name\":\"Productos\"}},{\"@type\":\"ListItem\",\"position\":3,\"item\":{\"@type\":\"WebPage\",\"@id\":\"https:\/\/www.ikonorm.com\/index.php\/producto\/aws-f4-1-practicas-de-preparacion-y-corte-de-contenedores-y-tuberias\/\",\"url\":\"https:\/\/www.ikonorm.com\/index.php\/producto\/aws-f4-1-practicas-de-preparacion-y-corte-de-contenedores-y-tuberias\/\",\"name\":\"AWS F4.1 Pr\\u00e1cticas de preparaci\\u00f3n y corte de contenedores y tuber\\u00edas\"}}]}]}<\/script>\n<!-- \/ Yoast SEO plugin. -->","_links":{"self":[{"href":"https:\/\/www.ikonorm.com\/index.php\/wp-json\/wp\/v2\/product\/244","targetHints":{"allow":["GET"]}}],"collection":[{"href":"https:\/\/www.ikonorm.com\/index.php\/wp-json\/wp\/v2\/product"}],"about":[{"href":"https:\/\/www.ikonorm.com\/index.php\/wp-json\/wp\/v2\/types\/product"}],"replies":[{"embeddable":true,"href":"https:\/\/www.ikonorm.com\/index.php\/wp-json\/wp\/v2\/comments?post=244"}],"wp:featuredmedia":[{"embeddable":true,"href":"https:\/\/www.ikonorm.com\/index.php\/wp-json\/wp\/v2\/media\/245"}],"wp:attachment":[{"href":"https:\/\/www.ikonorm.com\/index.php\/wp-json\/wp\/v2\/media?parent=244"}],"curies":[{"name":"wp","href":"https:\/\/api.w.org\/{rel}","templated":true}]}}