{"id":237,"date":"2020-05-11T22:33:05","date_gmt":"2020-05-11T22:33:05","guid":{"rendered":"https:\/\/www.ikonorm.com\/?post_type=product&#038;p=237"},"modified":"2026-04-08T18:49:51","modified_gmt":"2026-04-08T18:49:51","slug":"aws-d1-1-d1-1m-codigo-de-soldadura-estructural-acero","status":"publish","type":"product","link":"https:\/\/www.ikonorm.com\/index.php\/producto\/aws-d1-1-d1-1m-codigo-de-soldadura-estructural-acero\/","title":{"rendered":"AWS D1.1\/ D1.1M C\u00f3digo de Soldadura Estructural &#8211; Acero"},"content":{"rendered":"<p>C\u00f3digo de Soldadura Estructural &#8211; Acero<\/p>\n<p>Es el c\u00f3digo de soldadura imprescindible para todo especialista en soldadura. Explica los requisitos de dise\u00f1o, procedimientos, calificaciones, fabricaci\u00f3n, inspecci\u00f3n y reparaci\u00f3n de estructuras de acero, como tubos, placas y formas estructurales que est\u00e1n sujetas a cargas est\u00e1ticas o c\u00edclicas<\/p>\n<p>Fecha: Enero de 2020 Estado:activo\u00a0 Publicado por: American Welding Society, Inc. (AWS) Idioma: ingl\u00e9s\u00a0 N\u00famero de p\u00e1ginas: 664 formato: impreso\/PDF<\/p>\n","protected":false},"excerpt":{"rendered":"<p>Es el c\u00f3digo de soldadura imprescindible para todo especialista en soldadura. Explica los requisitos de dise\u00f1o, procedimientos, calificaciones, fabricaci\u00f3n, inspecci\u00f3n y reparaci\u00f3n de estructuras de acero, como tubos, placas y formas estructurales que est\u00e1n sujetas a cargas est\u00e1ticas o c\u00edclicas<\/p>\n","protected":false},"featured_media":238,"comment_status":"open","ping_status":"closed","template":"","meta":{"_monsterinsights_skip_tracking":false,"_monsterinsights_sitenote_active":false,"_monsterinsights_sitenote_note":"","_monsterinsights_sitenote_category":0},"class_list":["post-237","product","type-product","status-publish","has-post-thumbnail","hentry","product_cat-normas","product_cat-recipientes-a-presion","col-xs-6 col-sm-4","col-mf-5","un--cols"],"yoast_head":"<!-- This site is optimized with the Yoast SEO plugin v15.9.2 - https:\/\/yoast.com\/wordpress\/plugins\/seo\/ -->\n<title>AWS D1.1\/ D1.1M C\u00f3digo de Soldadura Estructural - Acero - Tienda de normas e informaci\u00f3n t\u00e9cnica- IKONORM<\/title>\n<link rel=\"canonical\" href=\"https:\/\/www.ikonorm.com\/index.php\/producto\/aws-d1-1-d1-1m-codigo-de-soldadura-estructural-acero\/\" \/>\n<meta property=\"og:locale\" content=\"es_ES\" \/>\n<meta property=\"og:type\" content=\"article\" \/>\n<meta property=\"og:title\" content=\"AWS D1.1\/ D1.1M C\u00f3digo de Soldadura Estructural - Acero - Tienda de normas e informaci\u00f3n t\u00e9cnica- IKONORM\" \/>\n<meta property=\"og:description\" content=\"Es el c\u00f3digo de soldadura imprescindible para todo especialista en soldadura. Explica los requisitos de dise\u00f1o, procedimientos, calificaciones, fabricaci\u00f3n, inspecci\u00f3n y reparaci\u00f3n de estructuras de acero, como tubos, placas y formas estructurales que est\u00e1n sujetas a cargas est\u00e1ticas o c\u00edclicas\" \/>\n<meta property=\"og:url\" content=\"https:\/\/www.ikonorm.com\/index.php\/producto\/aws-d1-1-d1-1m-codigo-de-soldadura-estructural-acero\/\" \/>\n<meta property=\"og:site_name\" content=\"Tienda de normas e informaci\u00f3n t\u00e9cnica- IKONORM\" \/>\n<meta property=\"article:modified_time\" content=\"2026-04-08T18:49:51+00:00\" \/>\n<meta property=\"og:image\" content=\"https:\/\/www.ikonorm.com\/wp-content\/uploads\/2020\/05\/433x449-NORMAS-AWSD1-1-IKONORM.jpg\" \/>\n\t<meta property=\"og:image:width\" content=\"433\" \/>\n\t<meta property=\"og:image:height\" content=\"449\" \/>\n<meta name=\"twitter:card\" content=\"summary_large_image\" \/>\n<script type=\"application\/ld+json\" class=\"yoast-schema-graph\">{\"@context\":\"https:\/\/schema.org\",\"@graph\":[{\"@type\":\"WebSite\",\"@id\":\"https:\/\/www.ikonorm.com\/#website\",\"url\":\"https:\/\/www.ikonorm.com\/\",\"name\":\"Tienda de normas e informaci\\u00f3n t\\u00e9cnica- IKONORM\",\"description\":\"\",\"potentialAction\":[{\"@type\":\"SearchAction\",\"target\":\"https:\/\/www.ikonorm.com\/?s={search_term_string}\",\"query-input\":\"required name=search_term_string\"}],\"inLanguage\":\"es\"},{\"@type\":\"ImageObject\",\"@id\":\"https:\/\/www.ikonorm.com\/index.php\/producto\/aws-d1-1-d1-1m-codigo-de-soldadura-estructural-acero\/#primaryimage\",\"inLanguage\":\"es\",\"url\":\"https:\/\/www.ikonorm.com\/wp-content\/uploads\/2020\/05\/433x449-NORMAS-AWSD1-1-IKONORM.jpg\",\"width\":433,\"height\":449},{\"@type\":\"WebPage\",\"@id\":\"https:\/\/www.ikonorm.com\/index.php\/producto\/aws-d1-1-d1-1m-codigo-de-soldadura-estructural-acero\/#webpage\",\"url\":\"https:\/\/www.ikonorm.com\/index.php\/producto\/aws-d1-1-d1-1m-codigo-de-soldadura-estructural-acero\/\",\"name\":\"AWS D1.1\/ D1.1M C\\u00f3digo de Soldadura Estructural - Acero - Tienda de normas e informaci\\u00f3n t\\u00e9cnica- IKONORM\",\"isPartOf\":{\"@id\":\"https:\/\/www.ikonorm.com\/#website\"},\"primaryImageOfPage\":{\"@id\":\"https:\/\/www.ikonorm.com\/index.php\/producto\/aws-d1-1-d1-1m-codigo-de-soldadura-estructural-acero\/#primaryimage\"},\"datePublished\":\"2020-05-11T22:33:05+00:00\",\"dateModified\":\"2026-04-08T18:49:51+00:00\",\"breadcrumb\":{\"@id\":\"https:\/\/www.ikonorm.com\/index.php\/producto\/aws-d1-1-d1-1m-codigo-de-soldadura-estructural-acero\/#breadcrumb\"},\"inLanguage\":\"es\",\"potentialAction\":[{\"@type\":\"ReadAction\",\"target\":[\"https:\/\/www.ikonorm.com\/index.php\/producto\/aws-d1-1-d1-1m-codigo-de-soldadura-estructural-acero\/\"]}]},{\"@type\":\"BreadcrumbList\",\"@id\":\"https:\/\/www.ikonorm.com\/index.php\/producto\/aws-d1-1-d1-1m-codigo-de-soldadura-estructural-acero\/#breadcrumb\",\"itemListElement\":[{\"@type\":\"ListItem\",\"position\":1,\"item\":{\"@type\":\"WebPage\",\"@id\":\"https:\/\/www.ikonorm.com\/\",\"url\":\"https:\/\/www.ikonorm.com\/\",\"name\":\"Portada\"}},{\"@type\":\"ListItem\",\"position\":2,\"item\":{\"@type\":\"WebPage\",\"@id\":\"https:\/\/www.ikonorm.com\/index.php\/shop\/\",\"url\":\"https:\/\/www.ikonorm.com\/index.php\/shop\/\",\"name\":\"Productos\"}},{\"@type\":\"ListItem\",\"position\":3,\"item\":{\"@type\":\"WebPage\",\"@id\":\"https:\/\/www.ikonorm.com\/index.php\/producto\/aws-d1-1-d1-1m-codigo-de-soldadura-estructural-acero\/\",\"url\":\"https:\/\/www.ikonorm.com\/index.php\/producto\/aws-d1-1-d1-1m-codigo-de-soldadura-estructural-acero\/\",\"name\":\"AWS D1.1\/ D1.1M C\\u00f3digo de Soldadura Estructural &#8211; Acero\"}}]}]}<\/script>\n<!-- \/ Yoast SEO plugin. -->","_links":{"self":[{"href":"https:\/\/www.ikonorm.com\/index.php\/wp-json\/wp\/v2\/product\/237","targetHints":{"allow":["GET"]}}],"collection":[{"href":"https:\/\/www.ikonorm.com\/index.php\/wp-json\/wp\/v2\/product"}],"about":[{"href":"https:\/\/www.ikonorm.com\/index.php\/wp-json\/wp\/v2\/types\/product"}],"replies":[{"embeddable":true,"href":"https:\/\/www.ikonorm.com\/index.php\/wp-json\/wp\/v2\/comments?post=237"}],"wp:featuredmedia":[{"embeddable":true,"href":"https:\/\/www.ikonorm.com\/index.php\/wp-json\/wp\/v2\/media\/238"}],"wp:attachment":[{"href":"https:\/\/www.ikonorm.com\/index.php\/wp-json\/wp\/v2\/media?parent=237"}],"curies":[{"name":"wp","href":"https:\/\/api.w.org\/{rel}","templated":true}]}}