{"id":227,"date":"2020-05-11T22:17:36","date_gmt":"2020-05-11T22:17:36","guid":{"rendered":"https:\/\/www.ikonorm.com\/?post_type=product&#038;p=227"},"modified":"2026-04-08T18:46:53","modified_gmt":"2026-04-08T18:46:53","slug":"astm-a370-metodos-de-ensayo-estandar","status":"publish","type":"product","link":"https:\/\/www.ikonorm.com\/index.php\/producto\/astm-a370-metodos-de-ensayo-estandar\/","title":{"rendered":"ASTM A370 M\u00e9todos de ensayo estandar"},"content":{"rendered":"<p>M\u00e9todos de ensayo estandar, definiciones para pruebas mec\u00e1nicas de productos de acero<\/p>\n<p>M\u00e9todos de ensayos que abarcan los procedimientos y definiciones para las pruebas mec\u00e1nicas en aceros, inoxidables y aleaciones relacionadas.<\/p>\n<p>Fecha: 2017 Publicado: International (ASTM) Idioma: ingl\u00e9s p\u00e1ginas: 50 formato: impreso\/ PDF<\/p>\n","protected":false},"excerpt":{"rendered":"<p>M\u00e9todos de ensayos que abarcan los procedimientos y definiciones para las pruebas mec\u00e1nicas en aceros, inoxidables y aleaciones relacionadas.<\/p>\n","protected":false},"featured_media":228,"comment_status":"open","ping_status":"closed","template":"","meta":{"_monsterinsights_skip_tracking":false,"_monsterinsights_sitenote_active":false,"_monsterinsights_sitenote_note":"","_monsterinsights_sitenote_category":0},"class_list":["post-227","product","type-product","status-publish","has-post-thumbnail","hentry","product_cat-ensayos","product_cat-normas","col-xs-6 col-sm-4","col-mf-5","un--cols"],"yoast_head":"<!-- This site is optimized with the Yoast SEO plugin v15.9.2 - https:\/\/yoast.com\/wordpress\/plugins\/seo\/ -->\n<title>ASTM A370 M\u00e9todos de ensayo estandar - Tienda de normas e informaci\u00f3n t\u00e9cnica- IKONORM<\/title>\n<link rel=\"canonical\" href=\"https:\/\/www.ikonorm.com\/index.php\/producto\/astm-a370-metodos-de-ensayo-estandar\/\" \/>\n<meta property=\"og:locale\" content=\"es_ES\" \/>\n<meta property=\"og:type\" content=\"article\" \/>\n<meta property=\"og:title\" content=\"ASTM A370 M\u00e9todos de ensayo estandar - Tienda de normas e informaci\u00f3n t\u00e9cnica- IKONORM\" \/>\n<meta property=\"og:description\" content=\"M\u00e9todos de ensayos que abarcan los procedimientos y definiciones para las pruebas mec\u00e1nicas en aceros, inoxidables y aleaciones relacionadas.\" \/>\n<meta property=\"og:url\" content=\"https:\/\/www.ikonorm.com\/index.php\/producto\/astm-a370-metodos-de-ensayo-estandar\/\" \/>\n<meta property=\"og:site_name\" content=\"Tienda de normas e informaci\u00f3n t\u00e9cnica- IKONORM\" \/>\n<meta property=\"article:modified_time\" content=\"2026-04-08T18:46:53+00:00\" \/>\n<meta property=\"og:image\" content=\"https:\/\/www.ikonorm.com\/wp-content\/uploads\/2020\/05\/433x449-NORMAS-ASTMA370-IKONORM.jpg\" \/>\n\t<meta property=\"og:image:width\" content=\"433\" \/>\n\t<meta property=\"og:image:height\" content=\"449\" \/>\n<meta name=\"twitter:card\" content=\"summary_large_image\" \/>\n<script type=\"application\/ld+json\" class=\"yoast-schema-graph\">{\"@context\":\"https:\/\/schema.org\",\"@graph\":[{\"@type\":\"WebSite\",\"@id\":\"https:\/\/www.ikonorm.com\/#website\",\"url\":\"https:\/\/www.ikonorm.com\/\",\"name\":\"Tienda de normas e informaci\\u00f3n t\\u00e9cnica- IKONORM\",\"description\":\"\",\"potentialAction\":[{\"@type\":\"SearchAction\",\"target\":\"https:\/\/www.ikonorm.com\/?s={search_term_string}\",\"query-input\":\"required name=search_term_string\"}],\"inLanguage\":\"es\"},{\"@type\":\"ImageObject\",\"@id\":\"https:\/\/www.ikonorm.com\/index.php\/producto\/astm-a370-metodos-de-ensayo-estandar\/#primaryimage\",\"inLanguage\":\"es\",\"url\":\"https:\/\/www.ikonorm.com\/wp-content\/uploads\/2020\/05\/433x449-NORMAS-ASTMA370-IKONORM.jpg\",\"width\":433,\"height\":449},{\"@type\":\"WebPage\",\"@id\":\"https:\/\/www.ikonorm.com\/index.php\/producto\/astm-a370-metodos-de-ensayo-estandar\/#webpage\",\"url\":\"https:\/\/www.ikonorm.com\/index.php\/producto\/astm-a370-metodos-de-ensayo-estandar\/\",\"name\":\"ASTM A370 M\\u00e9todos de ensayo estandar - Tienda de normas e informaci\\u00f3n t\\u00e9cnica- IKONORM\",\"isPartOf\":{\"@id\":\"https:\/\/www.ikonorm.com\/#website\"},\"primaryImageOfPage\":{\"@id\":\"https:\/\/www.ikonorm.com\/index.php\/producto\/astm-a370-metodos-de-ensayo-estandar\/#primaryimage\"},\"datePublished\":\"2020-05-11T22:17:36+00:00\",\"dateModified\":\"2026-04-08T18:46:53+00:00\",\"breadcrumb\":{\"@id\":\"https:\/\/www.ikonorm.com\/index.php\/producto\/astm-a370-metodos-de-ensayo-estandar\/#breadcrumb\"},\"inLanguage\":\"es\",\"potentialAction\":[{\"@type\":\"ReadAction\",\"target\":[\"https:\/\/www.ikonorm.com\/index.php\/producto\/astm-a370-metodos-de-ensayo-estandar\/\"]}]},{\"@type\":\"BreadcrumbList\",\"@id\":\"https:\/\/www.ikonorm.com\/index.php\/producto\/astm-a370-metodos-de-ensayo-estandar\/#breadcrumb\",\"itemListElement\":[{\"@type\":\"ListItem\",\"position\":1,\"item\":{\"@type\":\"WebPage\",\"@id\":\"https:\/\/www.ikonorm.com\/\",\"url\":\"https:\/\/www.ikonorm.com\/\",\"name\":\"Portada\"}},{\"@type\":\"ListItem\",\"position\":2,\"item\":{\"@type\":\"WebPage\",\"@id\":\"https:\/\/www.ikonorm.com\/index.php\/shop\/\",\"url\":\"https:\/\/www.ikonorm.com\/index.php\/shop\/\",\"name\":\"Productos\"}},{\"@type\":\"ListItem\",\"position\":3,\"item\":{\"@type\":\"WebPage\",\"@id\":\"https:\/\/www.ikonorm.com\/index.php\/producto\/astm-a370-metodos-de-ensayo-estandar\/\",\"url\":\"https:\/\/www.ikonorm.com\/index.php\/producto\/astm-a370-metodos-de-ensayo-estandar\/\",\"name\":\"ASTM A370 M\\u00e9todos de ensayo estandar\"}}]}]}<\/script>\n<!-- \/ Yoast SEO plugin. -->","_links":{"self":[{"href":"https:\/\/www.ikonorm.com\/index.php\/wp-json\/wp\/v2\/product\/227","targetHints":{"allow":["GET"]}}],"collection":[{"href":"https:\/\/www.ikonorm.com\/index.php\/wp-json\/wp\/v2\/product"}],"about":[{"href":"https:\/\/www.ikonorm.com\/index.php\/wp-json\/wp\/v2\/types\/product"}],"replies":[{"embeddable":true,"href":"https:\/\/www.ikonorm.com\/index.php\/wp-json\/wp\/v2\/comments?post=227"}],"wp:featuredmedia":[{"embeddable":true,"href":"https:\/\/www.ikonorm.com\/index.php\/wp-json\/wp\/v2\/media\/228"}],"wp:attachment":[{"href":"https:\/\/www.ikonorm.com\/index.php\/wp-json\/wp\/v2\/media?parent=227"}],"curies":[{"name":"wp","href":"https:\/\/api.w.org\/{rel}","templated":true}]}}