{"id":190,"date":"2020-05-11T21:14:37","date_gmt":"2020-05-11T21:14:37","guid":{"rendered":"https:\/\/www.ikonorm.com\/?post_type=product&#038;p=190"},"modified":"2026-04-14T20:29:12","modified_gmt":"2026-04-14T20:29:12","slug":"astm-d790-metodos-de-prueba-estandar","status":"publish","type":"product","link":"https:\/\/www.ikonorm.com\/index.php\/producto\/astm-d790-metodos-de-prueba-estandar\/","title":{"rendered":"ASTM D790 M\u00e9todos de prueba est\u00e1ndar"},"content":{"rendered":"<p>M\u00e9todos de prueba est\u00e1ndar para propiedades de flexi\u00f3n de pl\u00e1sticos no reforzados, reforzados y materiales aislantes el\u00e9ctricos<\/p>\n<p>Las propiedades de flexi\u00f3n seg\u00fan lo determinado por este m\u00e9todo de prueba son especialmente \u00fatiles para control de calidad y prop\u00f3sitos de especificaci\u00f3n.<\/p>\n<p>publicaci\u00f3n: 2017 Idioma: ingl\u00e9s Publicado por: ASTM International p\u00e1ginas: 12 formato: PDF\/ impreso<\/p>\n","protected":false},"excerpt":{"rendered":"<p>Las propiedades de flexi\u00f3n seg\u00fan lo determinado por este m\u00e9todo de prueba son especialmente \u00fatiles para control de calidad y prop\u00f3sitos de especificaci\u00f3n<\/p>\n","protected":false},"featured_media":191,"comment_status":"open","ping_status":"closed","template":"","meta":{"_monsterinsights_skip_tracking":false,"_monsterinsights_sitenote_active":false,"_monsterinsights_sitenote_note":"","_monsterinsights_sitenote_category":0},"class_list":["post-190","product","type-product","status-publish","has-post-thumbnail","hentry","product_cat-materiales","product_cat-normas","col-xs-6 col-sm-4","col-mf-5","un--cols"],"yoast_head":"<!-- This site is optimized with the Yoast SEO plugin v15.9.2 - https:\/\/yoast.com\/wordpress\/plugins\/seo\/ -->\n<title>ASTM D790 M\u00e9todos de prueba est\u00e1ndar - Tienda de normas e informaci\u00f3n t\u00e9cnica- IKONORM<\/title>\n<link rel=\"canonical\" href=\"https:\/\/www.ikonorm.com\/index.php\/producto\/astm-d790-metodos-de-prueba-estandar\/\" \/>\n<meta property=\"og:locale\" content=\"es_ES\" \/>\n<meta property=\"og:type\" content=\"article\" \/>\n<meta property=\"og:title\" content=\"ASTM D790 M\u00e9todos de prueba est\u00e1ndar - Tienda de normas e informaci\u00f3n t\u00e9cnica- IKONORM\" \/>\n<meta property=\"og:description\" content=\"Las propiedades de flexi\u00f3n seg\u00fan lo determinado por este m\u00e9todo de prueba son especialmente \u00fatiles para control de calidad y prop\u00f3sitos de especificaci\u00f3n\" \/>\n<meta property=\"og:url\" content=\"https:\/\/www.ikonorm.com\/index.php\/producto\/astm-d790-metodos-de-prueba-estandar\/\" \/>\n<meta property=\"og:site_name\" content=\"Tienda de normas e informaci\u00f3n t\u00e9cnica- IKONORM\" \/>\n<meta property=\"article:modified_time\" content=\"2026-04-14T20:29:12+00:00\" \/>\n<meta property=\"og:image\" content=\"https:\/\/www.ikonorm.com\/wp-content\/uploads\/2020\/05\/433x449-NORMAS-ASTMD790-IKONORM.jpg\" \/>\n\t<meta property=\"og:image:width\" content=\"433\" \/>\n\t<meta property=\"og:image:height\" content=\"449\" \/>\n<meta name=\"twitter:card\" content=\"summary_large_image\" \/>\n<script type=\"application\/ld+json\" class=\"yoast-schema-graph\">{\"@context\":\"https:\/\/schema.org\",\"@graph\":[{\"@type\":\"WebSite\",\"@id\":\"https:\/\/www.ikonorm.com\/#website\",\"url\":\"https:\/\/www.ikonorm.com\/\",\"name\":\"Tienda de normas e informaci\\u00f3n t\\u00e9cnica- IKONORM\",\"description\":\"\",\"potentialAction\":[{\"@type\":\"SearchAction\",\"target\":\"https:\/\/www.ikonorm.com\/?s={search_term_string}\",\"query-input\":\"required name=search_term_string\"}],\"inLanguage\":\"es\"},{\"@type\":\"ImageObject\",\"@id\":\"https:\/\/www.ikonorm.com\/index.php\/producto\/astm-d790-metodos-de-prueba-estandar\/#primaryimage\",\"inLanguage\":\"es\",\"url\":\"https:\/\/www.ikonorm.com\/wp-content\/uploads\/2020\/05\/433x449-NORMAS-ASTMD790-IKONORM.jpg\",\"width\":433,\"height\":449},{\"@type\":\"WebPage\",\"@id\":\"https:\/\/www.ikonorm.com\/index.php\/producto\/astm-d790-metodos-de-prueba-estandar\/#webpage\",\"url\":\"https:\/\/www.ikonorm.com\/index.php\/producto\/astm-d790-metodos-de-prueba-estandar\/\",\"name\":\"ASTM D790 M\\u00e9todos de prueba est\\u00e1ndar - Tienda de normas e informaci\\u00f3n t\\u00e9cnica- IKONORM\",\"isPartOf\":{\"@id\":\"https:\/\/www.ikonorm.com\/#website\"},\"primaryImageOfPage\":{\"@id\":\"https:\/\/www.ikonorm.com\/index.php\/producto\/astm-d790-metodos-de-prueba-estandar\/#primaryimage\"},\"datePublished\":\"2020-05-11T21:14:37+00:00\",\"dateModified\":\"2026-04-14T20:29:12+00:00\",\"breadcrumb\":{\"@id\":\"https:\/\/www.ikonorm.com\/index.php\/producto\/astm-d790-metodos-de-prueba-estandar\/#breadcrumb\"},\"inLanguage\":\"es\",\"potentialAction\":[{\"@type\":\"ReadAction\",\"target\":[\"https:\/\/www.ikonorm.com\/index.php\/producto\/astm-d790-metodos-de-prueba-estandar\/\"]}]},{\"@type\":\"BreadcrumbList\",\"@id\":\"https:\/\/www.ikonorm.com\/index.php\/producto\/astm-d790-metodos-de-prueba-estandar\/#breadcrumb\",\"itemListElement\":[{\"@type\":\"ListItem\",\"position\":1,\"item\":{\"@type\":\"WebPage\",\"@id\":\"https:\/\/www.ikonorm.com\/\",\"url\":\"https:\/\/www.ikonorm.com\/\",\"name\":\"Portada\"}},{\"@type\":\"ListItem\",\"position\":2,\"item\":{\"@type\":\"WebPage\",\"@id\":\"https:\/\/www.ikonorm.com\/index.php\/shop\/\",\"url\":\"https:\/\/www.ikonorm.com\/index.php\/shop\/\",\"name\":\"Productos\"}},{\"@type\":\"ListItem\",\"position\":3,\"item\":{\"@type\":\"WebPage\",\"@id\":\"https:\/\/www.ikonorm.com\/index.php\/producto\/astm-d790-metodos-de-prueba-estandar\/\",\"url\":\"https:\/\/www.ikonorm.com\/index.php\/producto\/astm-d790-metodos-de-prueba-estandar\/\",\"name\":\"ASTM D790 M\\u00e9todos de prueba est\\u00e1ndar\"}}]}]}<\/script>\n<!-- \/ Yoast SEO plugin. -->","_links":{"self":[{"href":"https:\/\/www.ikonorm.com\/index.php\/wp-json\/wp\/v2\/product\/190","targetHints":{"allow":["GET"]}}],"collection":[{"href":"https:\/\/www.ikonorm.com\/index.php\/wp-json\/wp\/v2\/product"}],"about":[{"href":"https:\/\/www.ikonorm.com\/index.php\/wp-json\/wp\/v2\/types\/product"}],"replies":[{"embeddable":true,"href":"https:\/\/www.ikonorm.com\/index.php\/wp-json\/wp\/v2\/comments?post=190"}],"wp:featuredmedia":[{"embeddable":true,"href":"https:\/\/www.ikonorm.com\/index.php\/wp-json\/wp\/v2\/media\/191"}],"wp:attachment":[{"href":"https:\/\/www.ikonorm.com\/index.php\/wp-json\/wp\/v2\/media?parent=190"}],"curies":[{"name":"wp","href":"https:\/\/api.w.org\/{rel}","templated":true}]}}