{"id":184,"date":"2020-05-11T21:06:11","date_gmt":"2020-05-11T21:06:11","guid":{"rendered":"https:\/\/www.ikonorm.com\/?post_type=product&#038;p=184"},"modified":"2026-04-14T20:41:54","modified_gmt":"2026-04-14T20:41:54","slug":"astm-a-36-a-36m-especificacion-estandar","status":"publish","type":"product","link":"https:\/\/www.ikonorm.com\/index.php\/producto\/astm-a-36-a-36m-especificacion-estandar\/","title":{"rendered":"ASTM A 36\/ A 36M Especificaci\u00f3n est\u00e1ndar"},"content":{"rendered":"<p>Especificaci\u00f3n est\u00e1ndar para aceros al carbono estructural<\/p>\n<p>Esta especificaci\u00f3n cubre placas y barras de acero al carbono de calidad estructural para su uso en remachado, atornillado o soldado en construcci\u00f3n de puentes, edificios y para fines estructurales generales.<\/p>\n<p>Fecha: diciembre-2014 Idioma: ingl\u00e9s Autor: ASTM International p\u00e1ginas: 3 formato: PDF<\/p>\n<p>&nbsp;<\/p>\n","protected":false},"excerpt":{"rendered":"<p>Esta especificaci\u00f3n cubre placas y barras de acero al carbono de calidad estructural para su uso en remachado, atornillado o soldado en construcci\u00f3n de puentes, edificios y para fines estructurales generales.<\/p>\n","protected":false},"featured_media":185,"comment_status":"open","ping_status":"closed","template":"","meta":{"_monsterinsights_skip_tracking":false,"_monsterinsights_sitenote_active":false,"_monsterinsights_sitenote_note":"","_monsterinsights_sitenote_category":0},"class_list":["post-184","product","type-product","status-publish","has-post-thumbnail","hentry","product_cat-materiales","product_cat-normas","col-xs-6 col-sm-4","col-mf-5","un--cols"],"yoast_head":"<!-- This site is optimized with the Yoast SEO plugin v15.9.2 - https:\/\/yoast.com\/wordpress\/plugins\/seo\/ -->\n<title>ASTM A 36\/ A 36M Especificaci\u00f3n est\u00e1ndar - Tienda de normas e informaci\u00f3n t\u00e9cnica- IKONORM<\/title>\n<link rel=\"canonical\" href=\"https:\/\/www.ikonorm.com\/index.php\/producto\/astm-a-36-a-36m-especificacion-estandar\/\" \/>\n<meta property=\"og:locale\" content=\"es_ES\" \/>\n<meta property=\"og:type\" content=\"article\" \/>\n<meta property=\"og:title\" content=\"ASTM A 36\/ A 36M Especificaci\u00f3n est\u00e1ndar - Tienda de normas e informaci\u00f3n t\u00e9cnica- IKONORM\" \/>\n<meta property=\"og:description\" content=\"Esta especificaci\u00f3n cubre placas y barras de acero al carbono de calidad estructural para su uso en remachado, atornillado o soldado en construcci\u00f3n de puentes, edificios y para fines estructurales generales.\" \/>\n<meta property=\"og:url\" content=\"https:\/\/www.ikonorm.com\/index.php\/producto\/astm-a-36-a-36m-especificacion-estandar\/\" \/>\n<meta property=\"og:site_name\" content=\"Tienda de normas e informaci\u00f3n t\u00e9cnica- IKONORM\" \/>\n<meta property=\"article:modified_time\" content=\"2026-04-14T20:41:54+00:00\" \/>\n<meta property=\"og:image\" content=\"https:\/\/www.ikonorm.com\/wp-content\/uploads\/2020\/05\/433x449-NORMAS-ASTMA36-IKONORM.jpg\" \/>\n\t<meta property=\"og:image:width\" content=\"433\" \/>\n\t<meta property=\"og:image:height\" content=\"449\" \/>\n<meta name=\"twitter:card\" content=\"summary_large_image\" \/>\n<script type=\"application\/ld+json\" class=\"yoast-schema-graph\">{\"@context\":\"https:\/\/schema.org\",\"@graph\":[{\"@type\":\"WebSite\",\"@id\":\"https:\/\/www.ikonorm.com\/#website\",\"url\":\"https:\/\/www.ikonorm.com\/\",\"name\":\"Tienda de normas e informaci\\u00f3n t\\u00e9cnica- IKONORM\",\"description\":\"\",\"potentialAction\":[{\"@type\":\"SearchAction\",\"target\":\"https:\/\/www.ikonorm.com\/?s={search_term_string}\",\"query-input\":\"required name=search_term_string\"}],\"inLanguage\":\"es\"},{\"@type\":\"ImageObject\",\"@id\":\"https:\/\/www.ikonorm.com\/index.php\/producto\/astm-a-36-a-36m-especificacion-estandar\/#primaryimage\",\"inLanguage\":\"es\",\"url\":\"https:\/\/www.ikonorm.com\/wp-content\/uploads\/2020\/05\/433x449-NORMAS-ASTMA36-IKONORM.jpg\",\"width\":433,\"height\":449},{\"@type\":\"WebPage\",\"@id\":\"https:\/\/www.ikonorm.com\/index.php\/producto\/astm-a-36-a-36m-especificacion-estandar\/#webpage\",\"url\":\"https:\/\/www.ikonorm.com\/index.php\/producto\/astm-a-36-a-36m-especificacion-estandar\/\",\"name\":\"ASTM A 36\/ A 36M Especificaci\\u00f3n est\\u00e1ndar - Tienda de normas e informaci\\u00f3n t\\u00e9cnica- IKONORM\",\"isPartOf\":{\"@id\":\"https:\/\/www.ikonorm.com\/#website\"},\"primaryImageOfPage\":{\"@id\":\"https:\/\/www.ikonorm.com\/index.php\/producto\/astm-a-36-a-36m-especificacion-estandar\/#primaryimage\"},\"datePublished\":\"2020-05-11T21:06:11+00:00\",\"dateModified\":\"2026-04-14T20:41:54+00:00\",\"breadcrumb\":{\"@id\":\"https:\/\/www.ikonorm.com\/index.php\/producto\/astm-a-36-a-36m-especificacion-estandar\/#breadcrumb\"},\"inLanguage\":\"es\",\"potentialAction\":[{\"@type\":\"ReadAction\",\"target\":[\"https:\/\/www.ikonorm.com\/index.php\/producto\/astm-a-36-a-36m-especificacion-estandar\/\"]}]},{\"@type\":\"BreadcrumbList\",\"@id\":\"https:\/\/www.ikonorm.com\/index.php\/producto\/astm-a-36-a-36m-especificacion-estandar\/#breadcrumb\",\"itemListElement\":[{\"@type\":\"ListItem\",\"position\":1,\"item\":{\"@type\":\"WebPage\",\"@id\":\"https:\/\/www.ikonorm.com\/\",\"url\":\"https:\/\/www.ikonorm.com\/\",\"name\":\"Portada\"}},{\"@type\":\"ListItem\",\"position\":2,\"item\":{\"@type\":\"WebPage\",\"@id\":\"https:\/\/www.ikonorm.com\/index.php\/shop\/\",\"url\":\"https:\/\/www.ikonorm.com\/index.php\/shop\/\",\"name\":\"Productos\"}},{\"@type\":\"ListItem\",\"position\":3,\"item\":{\"@type\":\"WebPage\",\"@id\":\"https:\/\/www.ikonorm.com\/index.php\/producto\/astm-a-36-a-36m-especificacion-estandar\/\",\"url\":\"https:\/\/www.ikonorm.com\/index.php\/producto\/astm-a-36-a-36m-especificacion-estandar\/\",\"name\":\"ASTM A 36\/ A 36M Especificaci\\u00f3n est\\u00e1ndar\"}}]}]}<\/script>\n<!-- \/ Yoast SEO plugin. -->","_links":{"self":[{"href":"https:\/\/www.ikonorm.com\/index.php\/wp-json\/wp\/v2\/product\/184","targetHints":{"allow":["GET"]}}],"collection":[{"href":"https:\/\/www.ikonorm.com\/index.php\/wp-json\/wp\/v2\/product"}],"about":[{"href":"https:\/\/www.ikonorm.com\/index.php\/wp-json\/wp\/v2\/types\/product"}],"replies":[{"embeddable":true,"href":"https:\/\/www.ikonorm.com\/index.php\/wp-json\/wp\/v2\/comments?post=184"}],"wp:featuredmedia":[{"embeddable":true,"href":"https:\/\/www.ikonorm.com\/index.php\/wp-json\/wp\/v2\/media\/185"}],"wp:attachment":[{"href":"https:\/\/www.ikonorm.com\/index.php\/wp-json\/wp\/v2\/media?parent=184"}],"curies":[{"name":"wp","href":"https:\/\/api.w.org\/{rel}","templated":true}]}}