{"id":17,"date":"2020-04-29T16:31:24","date_gmt":"2020-04-29T16:31:24","guid":{"rendered":"https:\/\/www.ikonorm.com\/?post_type=product&#038;p=17"},"modified":"2026-02-10T05:37:52","modified_gmt":"2026-02-10T05:37:52","slug":"api-570-codigo-de-inspeccion-de-tuberias","status":"publish","type":"product","link":"https:\/\/www.ikonorm.com\/index.php\/producto\/api-570-codigo-de-inspeccion-de-tuberias\/","title":{"rendered":"API 570 C\u00f3digo de inspecci\u00f3n de tuber\u00edas"},"content":{"rendered":"<p>API 570 C\u00f3digo de inspecci\u00f3n de tuber\u00edas: inspecci\u00f3n en servicio, clasificaci\u00f3n, reparaci\u00f3n y alteraci\u00f3n de los sistemas de tuber\u00edas<\/p>\n<p>Cubre los procedimientos de inspecci\u00f3n, clasificaci\u00f3n, reparaci\u00f3n y alteraci\u00f3n de los sistemas de tuber\u00edas de pl\u00e1stico reforzado con fibra de vidrio y metal (FRP) y sus dispositivos asociados de alivio de presi\u00f3n que se han puesto en servicio.<\/p>\n<p>Fecha: abril &#8211; 2018 Idioma: ingl\u00e9s Autor: American Petroleum Institute (API) p\u00e1ginas: 90 formato: PDF<\/p>\n","protected":false},"excerpt":{"rendered":"<p>Cubre los procedimientos de inspecci\u00f3n, clasificaci\u00f3n, reparaci\u00f3n y alteraci\u00f3n de los sistemas de tuber\u00edas de pl\u00e1stico reforzado con fibra de vidrio y metal (FRP) y sus dispositivos asociados de alivio de presi\u00f3n que se han puesto en servicio.<\/p>\n","protected":false},"featured_media":18,"comment_status":"open","ping_status":"closed","template":"","meta":{"_monsterinsights_skip_tracking":false,"_monsterinsights_sitenote_active":false,"_monsterinsights_sitenote_note":"","_monsterinsights_sitenote_category":0},"class_list":["post-17","product","type-product","status-publish","has-post-thumbnail","hentry","product_cat-materiales","product_cat-normas","col-xs-6 col-sm-4","col-mf-5","un--cols"],"yoast_head":"<!-- This site is optimized with the Yoast SEO plugin v15.9.2 - https:\/\/yoast.com\/wordpress\/plugins\/seo\/ -->\n<title>API 570 C\u00f3digo de inspecci\u00f3n de tuber\u00edas - Tienda de normas e informaci\u00f3n t\u00e9cnica- IKONORM<\/title>\n<link rel=\"canonical\" href=\"https:\/\/www.ikonorm.com\/index.php\/producto\/api-570-codigo-de-inspeccion-de-tuberias\/\" \/>\n<meta property=\"og:locale\" content=\"es_ES\" \/>\n<meta property=\"og:type\" content=\"article\" \/>\n<meta property=\"og:title\" content=\"API 570 C\u00f3digo de inspecci\u00f3n de tuber\u00edas - Tienda de normas e informaci\u00f3n t\u00e9cnica- IKONORM\" \/>\n<meta property=\"og:description\" content=\"Cubre los procedimientos de inspecci\u00f3n, clasificaci\u00f3n, reparaci\u00f3n y alteraci\u00f3n de los sistemas de tuber\u00edas de pl\u00e1stico reforzado con fibra de vidrio y metal (FRP) y sus dispositivos asociados de alivio de presi\u00f3n que se han puesto en servicio.\" \/>\n<meta property=\"og:url\" content=\"https:\/\/www.ikonorm.com\/index.php\/producto\/api-570-codigo-de-inspeccion-de-tuberias\/\" \/>\n<meta property=\"og:site_name\" content=\"Tienda de normas e informaci\u00f3n t\u00e9cnica- IKONORM\" \/>\n<meta property=\"article:modified_time\" content=\"2026-02-10T05:37:52+00:00\" \/>\n<meta property=\"og:image\" content=\"https:\/\/www.ikonorm.com\/wp-content\/uploads\/2020\/04\/NORMA-433X449-PRUEBA.jpg\" \/>\n\t<meta property=\"og:image:width\" content=\"433\" \/>\n\t<meta property=\"og:image:height\" content=\"449\" \/>\n<meta name=\"twitter:card\" content=\"summary_large_image\" \/>\n<script type=\"application\/ld+json\" class=\"yoast-schema-graph\">{\"@context\":\"https:\/\/schema.org\",\"@graph\":[{\"@type\":\"WebSite\",\"@id\":\"https:\/\/www.ikonorm.com\/#website\",\"url\":\"https:\/\/www.ikonorm.com\/\",\"name\":\"Tienda de normas e informaci\\u00f3n t\\u00e9cnica- IKONORM\",\"description\":\"\",\"potentialAction\":[{\"@type\":\"SearchAction\",\"target\":\"https:\/\/www.ikonorm.com\/?s={search_term_string}\",\"query-input\":\"required name=search_term_string\"}],\"inLanguage\":\"es\"},{\"@type\":\"ImageObject\",\"@id\":\"https:\/\/www.ikonorm.com\/index.php\/producto\/api-570-codigo-de-inspeccion-de-tuberias\/#primaryimage\",\"inLanguage\":\"es\",\"url\":\"https:\/\/www.ikonorm.com\/wp-content\/uploads\/2020\/04\/NORMA-433X449-PRUEBA.jpg\",\"width\":433,\"height\":449},{\"@type\":\"WebPage\",\"@id\":\"https:\/\/www.ikonorm.com\/index.php\/producto\/api-570-codigo-de-inspeccion-de-tuberias\/#webpage\",\"url\":\"https:\/\/www.ikonorm.com\/index.php\/producto\/api-570-codigo-de-inspeccion-de-tuberias\/\",\"name\":\"API 570 C\\u00f3digo de inspecci\\u00f3n de tuber\\u00edas - Tienda de normas e informaci\\u00f3n t\\u00e9cnica- IKONORM\",\"isPartOf\":{\"@id\":\"https:\/\/www.ikonorm.com\/#website\"},\"primaryImageOfPage\":{\"@id\":\"https:\/\/www.ikonorm.com\/index.php\/producto\/api-570-codigo-de-inspeccion-de-tuberias\/#primaryimage\"},\"datePublished\":\"2020-04-29T16:31:24+00:00\",\"dateModified\":\"2026-02-10T05:37:52+00:00\",\"breadcrumb\":{\"@id\":\"https:\/\/www.ikonorm.com\/index.php\/producto\/api-570-codigo-de-inspeccion-de-tuberias\/#breadcrumb\"},\"inLanguage\":\"es\",\"potentialAction\":[{\"@type\":\"ReadAction\",\"target\":[\"https:\/\/www.ikonorm.com\/index.php\/producto\/api-570-codigo-de-inspeccion-de-tuberias\/\"]}]},{\"@type\":\"BreadcrumbList\",\"@id\":\"https:\/\/www.ikonorm.com\/index.php\/producto\/api-570-codigo-de-inspeccion-de-tuberias\/#breadcrumb\",\"itemListElement\":[{\"@type\":\"ListItem\",\"position\":1,\"item\":{\"@type\":\"WebPage\",\"@id\":\"https:\/\/www.ikonorm.com\/\",\"url\":\"https:\/\/www.ikonorm.com\/\",\"name\":\"Portada\"}},{\"@type\":\"ListItem\",\"position\":2,\"item\":{\"@type\":\"WebPage\",\"@id\":\"https:\/\/www.ikonorm.com\/index.php\/shop\/\",\"url\":\"https:\/\/www.ikonorm.com\/index.php\/shop\/\",\"name\":\"Productos\"}},{\"@type\":\"ListItem\",\"position\":3,\"item\":{\"@type\":\"WebPage\",\"@id\":\"https:\/\/www.ikonorm.com\/index.php\/producto\/api-570-codigo-de-inspeccion-de-tuberias\/\",\"url\":\"https:\/\/www.ikonorm.com\/index.php\/producto\/api-570-codigo-de-inspeccion-de-tuberias\/\",\"name\":\"API 570 C\\u00f3digo de inspecci\\u00f3n de tuber\\u00edas\"}}]}]}<\/script>\n<!-- \/ Yoast SEO plugin. -->","_links":{"self":[{"href":"https:\/\/www.ikonorm.com\/index.php\/wp-json\/wp\/v2\/product\/17","targetHints":{"allow":["GET"]}}],"collection":[{"href":"https:\/\/www.ikonorm.com\/index.php\/wp-json\/wp\/v2\/product"}],"about":[{"href":"https:\/\/www.ikonorm.com\/index.php\/wp-json\/wp\/v2\/types\/product"}],"replies":[{"embeddable":true,"href":"https:\/\/www.ikonorm.com\/index.php\/wp-json\/wp\/v2\/comments?post=17"}],"wp:featuredmedia":[{"embeddable":true,"href":"https:\/\/www.ikonorm.com\/index.php\/wp-json\/wp\/v2\/media\/18"}],"wp:attachment":[{"href":"https:\/\/www.ikonorm.com\/index.php\/wp-json\/wp\/v2\/media?parent=17"}],"curies":[{"name":"wp","href":"https:\/\/api.w.org\/{rel}","templated":true}]}}