{"id":158,"date":"2020-05-11T17:34:21","date_gmt":"2020-05-11T17:34:21","guid":{"rendered":"https:\/\/www.ikonorm.com\/?post_type=product&#038;p=158"},"modified":"2026-03-08T15:07:41","modified_gmt":"2026-03-08T15:07:41","slug":"une-en-iso-iec-17025","status":"publish","type":"product","link":"https:\/\/www.ikonorm.com\/index.php\/producto\/une-en-iso-iec-17025\/","title":{"rendered":"UNE-EN ISO\/IEC 17025"},"content":{"rendered":"<p>Requisitos generales para la competencia de los laboratorios de prueba y calibraci\u00f3n<\/p>\n<p>Este documento especifica los requisitos generales para la competencia, la imparcialidad y el funcionamiento constante de los laboratorios.<\/p>\n<p>Fecha:2017 Publicado: Organizaci\u00f3n Internacional de Normalizaci\u00f3n (ISO) Idioma: espa\u00f1ol\/ingl\u00e9s p\u00e1ginas: 38, formato: impreso\/PDF<\/p>\n","protected":false},"excerpt":{"rendered":"<p>Requisitos generales para la competencia de los laboratorios de prueba y calibraci\u00f3n<\/p>\n<p>Este documento especifica los requisitos generales para la competencia, la imparcialidad y el funcionamiento constante de los laboratorios.<\/p>\n","protected":false},"featured_media":159,"comment_status":"open","ping_status":"closed","template":"","meta":{"_monsterinsights_skip_tracking":false,"_monsterinsights_sitenote_active":false,"_monsterinsights_sitenote_note":"","_monsterinsights_sitenote_category":0},"class_list":["post-158","product","type-product","status-publish","has-post-thumbnail","hentry","product_cat-normas","product_cat-practica-de-ingenieria","col-xs-6 col-sm-4","col-mf-5","un--cols"],"yoast_head":"<!-- This site is optimized with the Yoast SEO plugin v15.9.2 - https:\/\/yoast.com\/wordpress\/plugins\/seo\/ -->\n<title>UNE-EN ISO\/IEC 17025 - Tienda de normas e informaci\u00f3n t\u00e9cnica- IKONORM<\/title>\n<link rel=\"canonical\" href=\"https:\/\/www.ikonorm.com\/index.php\/producto\/une-en-iso-iec-17025\/\" \/>\n<meta property=\"og:locale\" content=\"es_ES\" \/>\n<meta property=\"og:type\" content=\"article\" \/>\n<meta property=\"og:title\" content=\"UNE-EN ISO\/IEC 17025 - Tienda de normas e informaci\u00f3n t\u00e9cnica- IKONORM\" \/>\n<meta property=\"og:description\" content=\"Requisitos generales para la competencia de los laboratorios de prueba y calibraci\u00f3n  Este documento especifica los requisitos generales para la competencia, la imparcialidad y el funcionamiento constante de los laboratorios.\" \/>\n<meta property=\"og:url\" content=\"https:\/\/www.ikonorm.com\/index.php\/producto\/une-en-iso-iec-17025\/\" \/>\n<meta property=\"og:site_name\" content=\"Tienda de normas e informaci\u00f3n t\u00e9cnica- IKONORM\" \/>\n<meta property=\"article:modified_time\" content=\"2026-03-08T15:07:41+00:00\" \/>\n<meta property=\"og:image\" content=\"https:\/\/www.ikonorm.com\/wp-content\/uploads\/2020\/05\/433x449-NORMAS-UNE-EN-ISO-17025-2017-IKONORM.jpg\" \/>\n\t<meta property=\"og:image:width\" content=\"433\" \/>\n\t<meta property=\"og:image:height\" content=\"449\" \/>\n<meta name=\"twitter:card\" content=\"summary_large_image\" \/>\n<script type=\"application\/ld+json\" class=\"yoast-schema-graph\">{\"@context\":\"https:\/\/schema.org\",\"@graph\":[{\"@type\":\"WebSite\",\"@id\":\"https:\/\/www.ikonorm.com\/#website\",\"url\":\"https:\/\/www.ikonorm.com\/\",\"name\":\"Tienda de normas e informaci\\u00f3n t\\u00e9cnica- IKONORM\",\"description\":\"\",\"potentialAction\":[{\"@type\":\"SearchAction\",\"target\":\"https:\/\/www.ikonorm.com\/?s={search_term_string}\",\"query-input\":\"required name=search_term_string\"}],\"inLanguage\":\"es\"},{\"@type\":\"ImageObject\",\"@id\":\"https:\/\/www.ikonorm.com\/index.php\/producto\/une-en-iso-iec-17025\/#primaryimage\",\"inLanguage\":\"es\",\"url\":\"https:\/\/www.ikonorm.com\/wp-content\/uploads\/2020\/05\/433x449-NORMAS-UNE-EN-ISO-17025-2017-IKONORM.jpg\",\"width\":433,\"height\":449},{\"@type\":\"WebPage\",\"@id\":\"https:\/\/www.ikonorm.com\/index.php\/producto\/une-en-iso-iec-17025\/#webpage\",\"url\":\"https:\/\/www.ikonorm.com\/index.php\/producto\/une-en-iso-iec-17025\/\",\"name\":\"UNE-EN ISO\/IEC 17025 - Tienda de normas e informaci\\u00f3n t\\u00e9cnica- IKONORM\",\"isPartOf\":{\"@id\":\"https:\/\/www.ikonorm.com\/#website\"},\"primaryImageOfPage\":{\"@id\":\"https:\/\/www.ikonorm.com\/index.php\/producto\/une-en-iso-iec-17025\/#primaryimage\"},\"datePublished\":\"2020-05-11T17:34:21+00:00\",\"dateModified\":\"2026-03-08T15:07:41+00:00\",\"breadcrumb\":{\"@id\":\"https:\/\/www.ikonorm.com\/index.php\/producto\/une-en-iso-iec-17025\/#breadcrumb\"},\"inLanguage\":\"es\",\"potentialAction\":[{\"@type\":\"ReadAction\",\"target\":[\"https:\/\/www.ikonorm.com\/index.php\/producto\/une-en-iso-iec-17025\/\"]}]},{\"@type\":\"BreadcrumbList\",\"@id\":\"https:\/\/www.ikonorm.com\/index.php\/producto\/une-en-iso-iec-17025\/#breadcrumb\",\"itemListElement\":[{\"@type\":\"ListItem\",\"position\":1,\"item\":{\"@type\":\"WebPage\",\"@id\":\"https:\/\/www.ikonorm.com\/\",\"url\":\"https:\/\/www.ikonorm.com\/\",\"name\":\"Portada\"}},{\"@type\":\"ListItem\",\"position\":2,\"item\":{\"@type\":\"WebPage\",\"@id\":\"https:\/\/www.ikonorm.com\/index.php\/shop\/\",\"url\":\"https:\/\/www.ikonorm.com\/index.php\/shop\/\",\"name\":\"Productos\"}},{\"@type\":\"ListItem\",\"position\":3,\"item\":{\"@type\":\"WebPage\",\"@id\":\"https:\/\/www.ikonorm.com\/index.php\/producto\/une-en-iso-iec-17025\/\",\"url\":\"https:\/\/www.ikonorm.com\/index.php\/producto\/une-en-iso-iec-17025\/\",\"name\":\"UNE-EN ISO\/IEC 17025\"}}]}]}<\/script>\n<!-- \/ Yoast SEO plugin. -->","_links":{"self":[{"href":"https:\/\/www.ikonorm.com\/index.php\/wp-json\/wp\/v2\/product\/158","targetHints":{"allow":["GET"]}}],"collection":[{"href":"https:\/\/www.ikonorm.com\/index.php\/wp-json\/wp\/v2\/product"}],"about":[{"href":"https:\/\/www.ikonorm.com\/index.php\/wp-json\/wp\/v2\/types\/product"}],"replies":[{"embeddable":true,"href":"https:\/\/www.ikonorm.com\/index.php\/wp-json\/wp\/v2\/comments?post=158"}],"wp:featuredmedia":[{"embeddable":true,"href":"https:\/\/www.ikonorm.com\/index.php\/wp-json\/wp\/v2\/media\/159"}],"wp:attachment":[{"href":"https:\/\/www.ikonorm.com\/index.php\/wp-json\/wp\/v2\/media?parent=158"}],"curies":[{"name":"wp","href":"https:\/\/api.w.org\/{rel}","templated":true}]}}