{"id":145,"date":"2020-05-11T17:10:15","date_gmt":"2020-05-11T17:10:15","guid":{"rendered":"https:\/\/www.ikonorm.com\/?post_type=product&#038;p=145"},"modified":"2026-04-14T16:42:33","modified_gmt":"2026-04-14T16:42:33","slug":"nfpa-252018-estandar-para-la-inspeccion","status":"publish","type":"product","link":"https:\/\/www.ikonorm.com\/index.php\/producto\/nfpa-252018-estandar-para-la-inspeccion\/","title":{"rendered":"NFPA 25:2018 EST\u00c1NDAR PARA LA INSPECCI\u00d3N"},"content":{"rendered":"<p>EST\u00c1NDAR PARA LA INSPECCI\u00d3N, PRUEBAS Y MANTENIMIENTO DE LOS SISTEMAS DE PROTECCI\u00d3N CONTRA INCENDIOS A BASE DE AGUA<\/p>\n<p>NFPA 25 es la l\u00ednea de base para la inspecci\u00f3n, prueba y mantenimiento de sistemas de protecci\u00f3n contra incendios a base de agua.<\/p>\n<p>Fecha: 2018 Publicado por: Asociaci\u00f3n Nacional de Protecci\u00f3n contra Incendios (NFPA) Idioma:Ingl\u00e9s\/espa\u00f1ol p\u00e1ginas: 238 formato: PDF\/IMPRESO<\/p>\n","protected":false},"excerpt":{"rendered":"<p>NFPA 25 es la l\u00ednea de base para la inspecci\u00f3n, prueba y mantenimiento de sistemas de protecci\u00f3n contra incendios a base de agua<\/p>\n","protected":false},"featured_media":146,"comment_status":"open","ping_status":"closed","template":"","meta":{"_monsterinsights_skip_tracking":false,"_monsterinsights_sitenote_active":false,"_monsterinsights_sitenote_note":"","_monsterinsights_sitenote_category":0},"class_list":["post-145","product","type-product","status-publish","has-post-thumbnail","hentry","product_cat-normas","product_cat-practica-de-ingenieria","col-xs-6 col-sm-4","col-mf-5","un--cols"],"yoast_head":"<!-- This site is optimized with the Yoast SEO plugin v15.9.2 - https:\/\/yoast.com\/wordpress\/plugins\/seo\/ -->\n<title>NFPA 25:2018 EST\u00c1NDAR PARA LA INSPECCI\u00d3N - Tienda de normas e informaci\u00f3n t\u00e9cnica- IKONORM<\/title>\n<link rel=\"canonical\" href=\"https:\/\/www.ikonorm.com\/index.php\/producto\/nfpa-252018-estandar-para-la-inspeccion\/\" \/>\n<meta property=\"og:locale\" content=\"es_ES\" \/>\n<meta property=\"og:type\" content=\"article\" \/>\n<meta property=\"og:title\" content=\"NFPA 25:2018 EST\u00c1NDAR PARA LA INSPECCI\u00d3N - Tienda de normas e informaci\u00f3n t\u00e9cnica- IKONORM\" \/>\n<meta property=\"og:description\" content=\"NFPA 25 es la l\u00ednea de base para la inspecci\u00f3n, prueba y mantenimiento de sistemas de protecci\u00f3n contra incendios a base de agua\" \/>\n<meta property=\"og:url\" content=\"https:\/\/www.ikonorm.com\/index.php\/producto\/nfpa-252018-estandar-para-la-inspeccion\/\" \/>\n<meta property=\"og:site_name\" content=\"Tienda de normas e informaci\u00f3n t\u00e9cnica- IKONORM\" \/>\n<meta property=\"article:modified_time\" content=\"2026-04-14T16:42:33+00:00\" \/>\n<meta property=\"og:image\" content=\"https:\/\/www.ikonorm.com\/wp-content\/uploads\/2020\/05\/433x449-NORMAS-NFPA25-2018-IKONORM.jpg\" \/>\n\t<meta property=\"og:image:width\" content=\"433\" \/>\n\t<meta property=\"og:image:height\" content=\"449\" \/>\n<meta name=\"twitter:card\" content=\"summary_large_image\" \/>\n<script type=\"application\/ld+json\" class=\"yoast-schema-graph\">{\"@context\":\"https:\/\/schema.org\",\"@graph\":[{\"@type\":\"WebSite\",\"@id\":\"https:\/\/www.ikonorm.com\/#website\",\"url\":\"https:\/\/www.ikonorm.com\/\",\"name\":\"Tienda de normas e informaci\\u00f3n t\\u00e9cnica- IKONORM\",\"description\":\"\",\"potentialAction\":[{\"@type\":\"SearchAction\",\"target\":\"https:\/\/www.ikonorm.com\/?s={search_term_string}\",\"query-input\":\"required name=search_term_string\"}],\"inLanguage\":\"es\"},{\"@type\":\"ImageObject\",\"@id\":\"https:\/\/www.ikonorm.com\/index.php\/producto\/nfpa-252018-estandar-para-la-inspeccion\/#primaryimage\",\"inLanguage\":\"es\",\"url\":\"https:\/\/www.ikonorm.com\/wp-content\/uploads\/2020\/05\/433x449-NORMAS-NFPA25-2018-IKONORM.jpg\",\"width\":433,\"height\":449},{\"@type\":\"WebPage\",\"@id\":\"https:\/\/www.ikonorm.com\/index.php\/producto\/nfpa-252018-estandar-para-la-inspeccion\/#webpage\",\"url\":\"https:\/\/www.ikonorm.com\/index.php\/producto\/nfpa-252018-estandar-para-la-inspeccion\/\",\"name\":\"NFPA 25:2018 EST\\u00c1NDAR PARA LA INSPECCI\\u00d3N - Tienda de normas e informaci\\u00f3n t\\u00e9cnica- IKONORM\",\"isPartOf\":{\"@id\":\"https:\/\/www.ikonorm.com\/#website\"},\"primaryImageOfPage\":{\"@id\":\"https:\/\/www.ikonorm.com\/index.php\/producto\/nfpa-252018-estandar-para-la-inspeccion\/#primaryimage\"},\"datePublished\":\"2020-05-11T17:10:15+00:00\",\"dateModified\":\"2026-04-14T16:42:33+00:00\",\"breadcrumb\":{\"@id\":\"https:\/\/www.ikonorm.com\/index.php\/producto\/nfpa-252018-estandar-para-la-inspeccion\/#breadcrumb\"},\"inLanguage\":\"es\",\"potentialAction\":[{\"@type\":\"ReadAction\",\"target\":[\"https:\/\/www.ikonorm.com\/index.php\/producto\/nfpa-252018-estandar-para-la-inspeccion\/\"]}]},{\"@type\":\"BreadcrumbList\",\"@id\":\"https:\/\/www.ikonorm.com\/index.php\/producto\/nfpa-252018-estandar-para-la-inspeccion\/#breadcrumb\",\"itemListElement\":[{\"@type\":\"ListItem\",\"position\":1,\"item\":{\"@type\":\"WebPage\",\"@id\":\"https:\/\/www.ikonorm.com\/\",\"url\":\"https:\/\/www.ikonorm.com\/\",\"name\":\"Portada\"}},{\"@type\":\"ListItem\",\"position\":2,\"item\":{\"@type\":\"WebPage\",\"@id\":\"https:\/\/www.ikonorm.com\/index.php\/shop\/\",\"url\":\"https:\/\/www.ikonorm.com\/index.php\/shop\/\",\"name\":\"Productos\"}},{\"@type\":\"ListItem\",\"position\":3,\"item\":{\"@type\":\"WebPage\",\"@id\":\"https:\/\/www.ikonorm.com\/index.php\/producto\/nfpa-252018-estandar-para-la-inspeccion\/\",\"url\":\"https:\/\/www.ikonorm.com\/index.php\/producto\/nfpa-252018-estandar-para-la-inspeccion\/\",\"name\":\"NFPA 25:2018 EST\\u00c1NDAR PARA LA INSPECCI\\u00d3N\"}}]}]}<\/script>\n<!-- \/ Yoast SEO plugin. -->","_links":{"self":[{"href":"https:\/\/www.ikonorm.com\/index.php\/wp-json\/wp\/v2\/product\/145","targetHints":{"allow":["GET"]}}],"collection":[{"href":"https:\/\/www.ikonorm.com\/index.php\/wp-json\/wp\/v2\/product"}],"about":[{"href":"https:\/\/www.ikonorm.com\/index.php\/wp-json\/wp\/v2\/types\/product"}],"replies":[{"embeddable":true,"href":"https:\/\/www.ikonorm.com\/index.php\/wp-json\/wp\/v2\/comments?post=145"}],"wp:featuredmedia":[{"embeddable":true,"href":"https:\/\/www.ikonorm.com\/index.php\/wp-json\/wp\/v2\/media\/146"}],"wp:attachment":[{"href":"https:\/\/www.ikonorm.com\/index.php\/wp-json\/wp\/v2\/media?parent=145"}],"curies":[{"name":"wp","href":"https:\/\/api.w.org\/{rel}","templated":true}]}}