{"id":133,"date":"2020-05-11T16:49:04","date_gmt":"2020-05-11T16:49:04","guid":{"rendered":"https:\/\/www.ikonorm.com\/?post_type=product&#038;p=133"},"modified":"2026-02-21T12:27:03","modified_gmt":"2026-02-21T12:27:03","slug":"une-en-iso-iec-27002-tecnologia-de-la-informacion","status":"publish","type":"product","link":"https:\/\/www.ikonorm.com\/index.php\/producto\/une-en-iso-iec-27002-tecnologia-de-la-informacion\/","title":{"rendered":"UNE-EN ISO\/IEC 27002 TECNOLOG\u00cdA DE LA INFORMACI\u00d3N"},"content":{"rendered":"<p>TECNOLOG\u00cdA DE LA INFORMACI\u00d3N &#8211; T\u00c9CNICAS DE SEGURIDAD &#8211; C\u00d3DIGO DE PR\u00c1CTICAS PARA LOS CONTROLES DE SEGURIDAD DE LA INFORMACI\u00d3N<\/p>\n<p>Proporciona recomendaciones de las mejores pr\u00e1cticas en la gesti\u00f3n de la seguridad de la informaci\u00f3n a todos los interesados y responsables en iniciar, implantar o mantener sistemas de gesti\u00f3n de la seguridad de la informaci\u00f3n<\/p>\n<p>Fecha: 2015 Publicado por: Organizaci\u00f3n Internacional de Normalizaci\u00f3n (ISO) idioma: ingl\u00e9s\/espa\u00f1ol p\u00e1ginas: 96 formato: PDF\/impreso iniciar, implantar o mantener sistemas de gesti\u00f3n de la seguridad de la informaci\u00f3n<\/p>\n<p>&nbsp;<\/p>\n","protected":false},"excerpt":{"rendered":"<p>Proporciona recomendaciones de las mejores pr\u00e1cticas en la gesti\u00f3n de la seguridad de la informaci\u00f3n a todos los interesados y responsables en iniciar, implantar o mantener sistemas de gesti\u00f3n de la seguridad de la informaci\u00f3n<\/p>\n","protected":false},"featured_media":134,"comment_status":"open","ping_status":"closed","template":"","meta":{"_monsterinsights_skip_tracking":false,"_monsterinsights_sitenote_active":false,"_monsterinsights_sitenote_note":"","_monsterinsights_sitenote_category":0},"class_list":["post-133","product","type-product","status-publish","has-post-thumbnail","hentry","product_cat-normas","product_cat-practica-de-ingenieria","col-xs-6 col-sm-4","col-mf-5","un--cols"],"yoast_head":"<!-- This site is optimized with the Yoast SEO plugin v15.9.2 - https:\/\/yoast.com\/wordpress\/plugins\/seo\/ -->\n<title>UNE-EN ISO\/IEC 27002 TECNOLOG\u00cdA DE LA INFORMACI\u00d3N - Tienda de normas e informaci\u00f3n t\u00e9cnica- IKONORM<\/title>\n<link rel=\"canonical\" href=\"https:\/\/www.ikonorm.com\/index.php\/producto\/une-en-iso-iec-27002-tecnologia-de-la-informacion\/\" \/>\n<meta property=\"og:locale\" content=\"es_ES\" \/>\n<meta property=\"og:type\" content=\"article\" \/>\n<meta property=\"og:title\" content=\"UNE-EN ISO\/IEC 27002 TECNOLOG\u00cdA DE LA INFORMACI\u00d3N - Tienda de normas e informaci\u00f3n t\u00e9cnica- IKONORM\" \/>\n<meta property=\"og:description\" content=\"Proporciona recomendaciones de las mejores pr\u00e1cticas en la gesti\u00f3n de la seguridad de la informaci\u00f3n a todos los interesados y responsables en iniciar, implantar o mantener sistemas de gesti\u00f3n de la seguridad de la informaci\u00f3n\" \/>\n<meta property=\"og:url\" content=\"https:\/\/www.ikonorm.com\/index.php\/producto\/une-en-iso-iec-27002-tecnologia-de-la-informacion\/\" \/>\n<meta property=\"og:site_name\" content=\"Tienda de normas e informaci\u00f3n t\u00e9cnica- IKONORM\" \/>\n<meta property=\"article:modified_time\" content=\"2026-02-21T12:27:03+00:00\" \/>\n<meta property=\"og:image\" content=\"https:\/\/www.ikonorm.com\/wp-content\/uploads\/2020\/05\/433x449-NORMAS-UNE-EN-ISO-IEC-27002-IKONORM.jpg\" \/>\n\t<meta property=\"og:image:width\" content=\"433\" \/>\n\t<meta property=\"og:image:height\" content=\"449\" \/>\n<meta name=\"twitter:card\" content=\"summary_large_image\" \/>\n<meta name=\"twitter:label1\" content=\"Tiempo estimado de lectura\">\n\t<meta name=\"twitter:data1\" content=\"1 minuto\">\n<script type=\"application\/ld+json\" class=\"yoast-schema-graph\">{\"@context\":\"https:\/\/schema.org\",\"@graph\":[{\"@type\":\"WebSite\",\"@id\":\"https:\/\/www.ikonorm.com\/#website\",\"url\":\"https:\/\/www.ikonorm.com\/\",\"name\":\"Tienda de normas e informaci\\u00f3n t\\u00e9cnica- IKONORM\",\"description\":\"\",\"potentialAction\":[{\"@type\":\"SearchAction\",\"target\":\"https:\/\/www.ikonorm.com\/?s={search_term_string}\",\"query-input\":\"required name=search_term_string\"}],\"inLanguage\":\"es\"},{\"@type\":\"ImageObject\",\"@id\":\"https:\/\/www.ikonorm.com\/index.php\/producto\/une-en-iso-iec-27002-tecnologia-de-la-informacion\/#primaryimage\",\"inLanguage\":\"es\",\"url\":\"https:\/\/www.ikonorm.com\/wp-content\/uploads\/2020\/05\/433x449-NORMAS-UNE-EN-ISO-IEC-27002-IKONORM.jpg\",\"width\":433,\"height\":449},{\"@type\":\"WebPage\",\"@id\":\"https:\/\/www.ikonorm.com\/index.php\/producto\/une-en-iso-iec-27002-tecnologia-de-la-informacion\/#webpage\",\"url\":\"https:\/\/www.ikonorm.com\/index.php\/producto\/une-en-iso-iec-27002-tecnologia-de-la-informacion\/\",\"name\":\"UNE-EN ISO\/IEC 27002 TECNOLOG\\u00cdA DE LA INFORMACI\\u00d3N - Tienda de normas e informaci\\u00f3n t\\u00e9cnica- IKONORM\",\"isPartOf\":{\"@id\":\"https:\/\/www.ikonorm.com\/#website\"},\"primaryImageOfPage\":{\"@id\":\"https:\/\/www.ikonorm.com\/index.php\/producto\/une-en-iso-iec-27002-tecnologia-de-la-informacion\/#primaryimage\"},\"datePublished\":\"2020-05-11T16:49:04+00:00\",\"dateModified\":\"2026-02-21T12:27:03+00:00\",\"breadcrumb\":{\"@id\":\"https:\/\/www.ikonorm.com\/index.php\/producto\/une-en-iso-iec-27002-tecnologia-de-la-informacion\/#breadcrumb\"},\"inLanguage\":\"es\",\"potentialAction\":[{\"@type\":\"ReadAction\",\"target\":[\"https:\/\/www.ikonorm.com\/index.php\/producto\/une-en-iso-iec-27002-tecnologia-de-la-informacion\/\"]}]},{\"@type\":\"BreadcrumbList\",\"@id\":\"https:\/\/www.ikonorm.com\/index.php\/producto\/une-en-iso-iec-27002-tecnologia-de-la-informacion\/#breadcrumb\",\"itemListElement\":[{\"@type\":\"ListItem\",\"position\":1,\"item\":{\"@type\":\"WebPage\",\"@id\":\"https:\/\/www.ikonorm.com\/\",\"url\":\"https:\/\/www.ikonorm.com\/\",\"name\":\"Portada\"}},{\"@type\":\"ListItem\",\"position\":2,\"item\":{\"@type\":\"WebPage\",\"@id\":\"https:\/\/www.ikonorm.com\/index.php\/shop\/\",\"url\":\"https:\/\/www.ikonorm.com\/index.php\/shop\/\",\"name\":\"Productos\"}},{\"@type\":\"ListItem\",\"position\":3,\"item\":{\"@type\":\"WebPage\",\"@id\":\"https:\/\/www.ikonorm.com\/index.php\/producto\/une-en-iso-iec-27002-tecnologia-de-la-informacion\/\",\"url\":\"https:\/\/www.ikonorm.com\/index.php\/producto\/une-en-iso-iec-27002-tecnologia-de-la-informacion\/\",\"name\":\"UNE-EN ISO\/IEC 27002 TECNOLOG\\u00cdA DE LA INFORMACI\\u00d3N\"}}]}]}<\/script>\n<!-- \/ Yoast SEO plugin. -->","_links":{"self":[{"href":"https:\/\/www.ikonorm.com\/index.php\/wp-json\/wp\/v2\/product\/133","targetHints":{"allow":["GET"]}}],"collection":[{"href":"https:\/\/www.ikonorm.com\/index.php\/wp-json\/wp\/v2\/product"}],"about":[{"href":"https:\/\/www.ikonorm.com\/index.php\/wp-json\/wp\/v2\/types\/product"}],"replies":[{"embeddable":true,"href":"https:\/\/www.ikonorm.com\/index.php\/wp-json\/wp\/v2\/comments?post=133"}],"wp:featuredmedia":[{"embeddable":true,"href":"https:\/\/www.ikonorm.com\/index.php\/wp-json\/wp\/v2\/media\/134"}],"wp:attachment":[{"href":"https:\/\/www.ikonorm.com\/index.php\/wp-json\/wp\/v2\/media?parent=133"}],"curies":[{"name":"wp","href":"https:\/\/api.w.org\/{rel}","templated":true}]}}