{"id":1042,"date":"2020-11-12T12:41:22","date_gmt":"2020-11-12T12:41:22","guid":{"rendered":"https:\/\/www.ikonorm.com\/?post_type=product&#038;p=1042"},"modified":"2020-11-12T12:41:22","modified_gmt":"2020-11-12T12:41:22","slug":"visum-studio-2","status":"publish","type":"product","link":"https:\/\/www.ikonorm.com\/index.php\/producto\/visum-studio-2\/","title":{"rendered":"Visum Studio"},"content":{"rendered":"","protected":false},"excerpt":{"rendered":"<p>VISUM \u00e9 uma ferramenta estat\u00edstica avan\u00e7ada que se concentra em tornar o processo editorial da revista transparente, ao mesmo tempo em que fornece informa\u00e7\u00f5es de visibilidade sobre a publica\u00e7\u00e3o e seus autores, atrav\u00e9s da obten\u00e7\u00e3o de m\u00e9tricas do OJS da revista.<\/p>\n<p>Oferecendo 6 gr\u00e1ficos b\u00e1sicos:<\/p>\n<ol>\n<li>artigos mais baixados<\/li>\n<li>os sum\u00e1rios mais populares<\/li>\n<li>Status editorial dos artigos.<\/li>\n<li>Tipos de usu\u00e1rios (leitores, autores, revisores e outros).<\/li>\n<li>A internacionalidade dos autores.<\/li>\n<li>Autores com ORCID da revista.<\/li>\n<\/ol>\n<p><strong>Melhore seu tempo de publica\u00e7\u00e3o e aumente a visibilidade de suas publica\u00e7\u00f5es!<\/strong><\/p>\n","protected":false},"featured_media":583,"comment_status":"open","ping_status":"closed","template":"","meta":{"_monsterinsights_skip_tracking":false,"_monsterinsights_sitenote_active":false,"_monsterinsights_sitenote_note":"","_monsterinsights_sitenote_category":0},"class_list":["post-1042","product","type-product","status-publish","has-post-thumbnail","hentry","product_cat-packs-pt","col-xs-6 col-sm-4","col-mf-5","un--cols"],"yoast_head":"<!-- This site is optimized with the Yoast SEO plugin v15.9.2 - https:\/\/yoast.com\/wordpress\/plugins\/seo\/ -->\n<title>Visum Studio - Tienda de normas e informaci\u00f3n t\u00e9cnica- IKONORM<\/title>\n<link rel=\"canonical\" href=\"https:\/\/www.ikonorm.com\/index.php\/producto\/visum-studio-2\/\" \/>\n<meta property=\"og:locale\" content=\"es_ES\" \/>\n<meta property=\"og:type\" content=\"article\" \/>\n<meta property=\"og:title\" content=\"Visum Studio - Tienda de normas e informaci\u00f3n t\u00e9cnica- IKONORM\" \/>\n<meta property=\"og:description\" content=\"VISUM \u00e9 uma ferramenta estat\u00edstica avan\u00e7ada que se concentra em tornar o processo editorial da revista transparente, ao mesmo tempo em que fornece informa\u00e7\u00f5es de visibilidade sobre a publica\u00e7\u00e3o e seus autores, atrav\u00e9s da obten\u00e7\u00e3o de m\u00e9tricas do OJS da revista.  Oferecendo 6 gr\u00e1ficos b\u00e1sicos:   artigos mais baixados  os sum\u00e1rios mais populares  Status editorial dos artigos.  Tipos de usu\u00e1rios (leitores, autores, revisores e outros).  A internacionalidade dos autores.  Autores com ORCID da revista.  Melhore seu tempo de publica\u00e7\u00e3o e aumente a visibilidade de suas publica\u00e7\u00f5es!\" \/>\n<meta property=\"og:url\" content=\"https:\/\/www.ikonorm.com\/index.php\/producto\/visum-studio-2\/\" \/>\n<meta property=\"og:site_name\" content=\"Tienda de normas e informaci\u00f3n t\u00e9cnica- IKONORM\" \/>\n<meta property=\"og:image\" content=\"https:\/\/www.ikonorm.com\/wp-content\/uploads\/2020\/10\/Visum-producto-ikonorm.png\" \/>\n\t<meta property=\"og:image:width\" content=\"576\" \/>\n\t<meta property=\"og:image:height\" content=\"576\" \/>\n<meta name=\"twitter:card\" content=\"summary_large_image\" \/>\n<script type=\"application\/ld+json\" class=\"yoast-schema-graph\">{\"@context\":\"https:\/\/schema.org\",\"@graph\":[{\"@type\":\"WebSite\",\"@id\":\"https:\/\/www.ikonorm.com\/#website\",\"url\":\"https:\/\/www.ikonorm.com\/\",\"name\":\"Tienda de normas e informaci\\u00f3n t\\u00e9cnica- IKONORM\",\"description\":\"\",\"potentialAction\":[{\"@type\":\"SearchAction\",\"target\":\"https:\/\/www.ikonorm.com\/?s={search_term_string}\",\"query-input\":\"required name=search_term_string\"}],\"inLanguage\":\"es\"},{\"@type\":\"ImageObject\",\"@id\":\"https:\/\/www.ikonorm.com\/index.php\/producto\/visum-studio-2\/#primaryimage\",\"inLanguage\":\"es\",\"url\":\"https:\/\/www.ikonorm.com\/wp-content\/uploads\/2020\/10\/Visum-producto-ikonorm.png\",\"width\":576,\"height\":576},{\"@type\":\"WebPage\",\"@id\":\"https:\/\/www.ikonorm.com\/index.php\/producto\/visum-studio-2\/#webpage\",\"url\":\"https:\/\/www.ikonorm.com\/index.php\/producto\/visum-studio-2\/\",\"name\":\"Visum Studio - Tienda de normas e informaci\\u00f3n t\\u00e9cnica- IKONORM\",\"isPartOf\":{\"@id\":\"https:\/\/www.ikonorm.com\/#website\"},\"primaryImageOfPage\":{\"@id\":\"https:\/\/www.ikonorm.com\/index.php\/producto\/visum-studio-2\/#primaryimage\"},\"datePublished\":\"2020-11-12T12:41:22+00:00\",\"dateModified\":\"2020-11-12T12:41:22+00:00\",\"breadcrumb\":{\"@id\":\"https:\/\/www.ikonorm.com\/index.php\/producto\/visum-studio-2\/#breadcrumb\"},\"inLanguage\":\"es\",\"potentialAction\":[{\"@type\":\"ReadAction\",\"target\":[\"https:\/\/www.ikonorm.com\/index.php\/producto\/visum-studio-2\/\"]}]},{\"@type\":\"BreadcrumbList\",\"@id\":\"https:\/\/www.ikonorm.com\/index.php\/producto\/visum-studio-2\/#breadcrumb\",\"itemListElement\":[{\"@type\":\"ListItem\",\"position\":1,\"item\":{\"@type\":\"WebPage\",\"@id\":\"https:\/\/www.ikonorm.com\/\",\"url\":\"https:\/\/www.ikonorm.com\/\",\"name\":\"Portada\"}},{\"@type\":\"ListItem\",\"position\":2,\"item\":{\"@type\":\"WebPage\",\"@id\":\"https:\/\/www.ikonorm.com\/index.php\/shop\/\",\"url\":\"https:\/\/www.ikonorm.com\/index.php\/shop\/\",\"name\":\"Productos\"}},{\"@type\":\"ListItem\",\"position\":3,\"item\":{\"@type\":\"WebPage\",\"@id\":\"https:\/\/www.ikonorm.com\/index.php\/producto\/visum-studio-2\/\",\"url\":\"https:\/\/www.ikonorm.com\/index.php\/producto\/visum-studio-2\/\",\"name\":\"Visum Studio\"}}]}]}<\/script>\n<!-- \/ Yoast SEO plugin. -->","_links":{"self":[{"href":"https:\/\/www.ikonorm.com\/index.php\/wp-json\/wp\/v2\/product\/1042","targetHints":{"allow":["GET"]}}],"collection":[{"href":"https:\/\/www.ikonorm.com\/index.php\/wp-json\/wp\/v2\/product"}],"about":[{"href":"https:\/\/www.ikonorm.com\/index.php\/wp-json\/wp\/v2\/types\/product"}],"replies":[{"embeddable":true,"href":"https:\/\/www.ikonorm.com\/index.php\/wp-json\/wp\/v2\/comments?post=1042"}],"wp:featuredmedia":[{"embeddable":true,"href":"https:\/\/www.ikonorm.com\/index.php\/wp-json\/wp\/v2\/media\/583"}],"wp:attachment":[{"href":"https:\/\/www.ikonorm.com\/index.php\/wp-json\/wp\/v2\/media?parent=1042"}],"curies":[{"name":"wp","href":"https:\/\/api.w.org\/{rel}","templated":true}]}}