{"id":1020,"date":"2020-11-11T00:22:49","date_gmt":"2020-11-11T00:22:49","guid":{"rendered":"https:\/\/www.ikonorm.com\/?post_type=product&#038;p=1020"},"modified":"2020-11-11T00:42:25","modified_gmt":"2020-11-11T00:42:25","slug":"astm-a370-metodos-de-teste-padrao-definicoes-para-testes-mecanicos-de-produtos-siderurgicos","status":"publish","type":"product","link":"https:\/\/www.ikonorm.com\/index.php\/producto\/astm-a370-metodos-de-teste-padrao-definicoes-para-testes-mecanicos-de-produtos-siderurgicos\/","title":{"rendered":"ASTM A370 M\u00e9todos de teste padr\u00e3o, defini\u00e7\u00f5es para testes mec\u00e2nicos de produtos sider\u00fargicos"},"content":{"rendered":"","protected":false},"excerpt":{"rendered":"<p>m\u00e9todos de teste que abrangem os procedimentos e defini\u00e7\u00f5es para testes mec\u00e2nicos em a\u00e7os inoxid\u00e1veis e ligas relacionadas<\/p>\n","protected":false},"featured_media":228,"comment_status":"open","ping_status":"closed","template":"","meta":{"_monsterinsights_skip_tracking":false,"_monsterinsights_sitenote_active":false,"_monsterinsights_sitenote_note":"","_monsterinsights_sitenote_category":0},"class_list":["post-1020","product","type-product","status-publish","has-post-thumbnail","hentry","product_cat-ensaios-regras","product_cat-regras","col-xs-6 col-sm-4","col-mf-5","un--cols"],"yoast_head":"<!-- This site is optimized with the Yoast SEO plugin v15.9.2 - https:\/\/yoast.com\/wordpress\/plugins\/seo\/ -->\n<title>ASTM A370 M\u00e9todos de teste padr\u00e3o, defini\u00e7\u00f5es para testes mec\u00e2nicos de produtos sider\u00fargicos - Tienda de normas e informaci\u00f3n t\u00e9cnica- IKONORM<\/title>\n<link rel=\"canonical\" href=\"https:\/\/www.ikonorm.com\/index.php\/producto\/astm-a370-metodos-de-teste-padrao-definicoes-para-testes-mecanicos-de-produtos-siderurgicos\/\" \/>\n<meta property=\"og:locale\" content=\"es_ES\" \/>\n<meta property=\"og:type\" content=\"article\" \/>\n<meta property=\"og:title\" content=\"ASTM A370 M\u00e9todos de teste padr\u00e3o, defini\u00e7\u00f5es para testes mec\u00e2nicos de produtos sider\u00fargicos - Tienda de normas e informaci\u00f3n t\u00e9cnica- IKONORM\" \/>\n<meta property=\"og:description\" content=\"m\u00e9todos de teste que abrangem os procedimentos e defini\u00e7\u00f5es para testes mec\u00e2nicos em a\u00e7os inoxid\u00e1veis e ligas relacionadas\" \/>\n<meta property=\"og:url\" content=\"https:\/\/www.ikonorm.com\/index.php\/producto\/astm-a370-metodos-de-teste-padrao-definicoes-para-testes-mecanicos-de-produtos-siderurgicos\/\" \/>\n<meta property=\"og:site_name\" content=\"Tienda de normas e informaci\u00f3n t\u00e9cnica- IKONORM\" \/>\n<meta property=\"article:modified_time\" content=\"2020-11-11T00:42:25+00:00\" \/>\n<meta property=\"og:image\" content=\"https:\/\/www.ikonorm.com\/wp-content\/uploads\/2020\/05\/433x449-NORMAS-ASTMA370-IKONORM.jpg\" \/>\n\t<meta property=\"og:image:width\" content=\"433\" \/>\n\t<meta property=\"og:image:height\" content=\"449\" \/>\n<meta name=\"twitter:card\" content=\"summary_large_image\" \/>\n<script type=\"application\/ld+json\" class=\"yoast-schema-graph\">{\"@context\":\"https:\/\/schema.org\",\"@graph\":[{\"@type\":\"WebSite\",\"@id\":\"https:\/\/www.ikonorm.com\/#website\",\"url\":\"https:\/\/www.ikonorm.com\/\",\"name\":\"Tienda de normas e informaci\\u00f3n t\\u00e9cnica- IKONORM\",\"description\":\"\",\"potentialAction\":[{\"@type\":\"SearchAction\",\"target\":\"https:\/\/www.ikonorm.com\/?s={search_term_string}\",\"query-input\":\"required name=search_term_string\"}],\"inLanguage\":\"es\"},{\"@type\":\"ImageObject\",\"@id\":\"https:\/\/www.ikonorm.com\/index.php\/producto\/astm-a370-metodos-de-teste-padrao-definicoes-para-testes-mecanicos-de-produtos-siderurgicos\/#primaryimage\",\"inLanguage\":\"es\",\"url\":\"https:\/\/www.ikonorm.com\/wp-content\/uploads\/2020\/05\/433x449-NORMAS-ASTMA370-IKONORM.jpg\",\"width\":433,\"height\":449},{\"@type\":\"WebPage\",\"@id\":\"https:\/\/www.ikonorm.com\/index.php\/producto\/astm-a370-metodos-de-teste-padrao-definicoes-para-testes-mecanicos-de-produtos-siderurgicos\/#webpage\",\"url\":\"https:\/\/www.ikonorm.com\/index.php\/producto\/astm-a370-metodos-de-teste-padrao-definicoes-para-testes-mecanicos-de-produtos-siderurgicos\/\",\"name\":\"ASTM A370 M\\u00e9todos de teste padr\\u00e3o, defini\\u00e7\\u00f5es para testes mec\\u00e2nicos de produtos sider\\u00fargicos - Tienda de normas e informaci\\u00f3n t\\u00e9cnica- IKONORM\",\"isPartOf\":{\"@id\":\"https:\/\/www.ikonorm.com\/#website\"},\"primaryImageOfPage\":{\"@id\":\"https:\/\/www.ikonorm.com\/index.php\/producto\/astm-a370-metodos-de-teste-padrao-definicoes-para-testes-mecanicos-de-produtos-siderurgicos\/#primaryimage\"},\"datePublished\":\"2020-11-11T00:22:49+00:00\",\"dateModified\":\"2020-11-11T00:42:25+00:00\",\"breadcrumb\":{\"@id\":\"https:\/\/www.ikonorm.com\/index.php\/producto\/astm-a370-metodos-de-teste-padrao-definicoes-para-testes-mecanicos-de-produtos-siderurgicos\/#breadcrumb\"},\"inLanguage\":\"es\",\"potentialAction\":[{\"@type\":\"ReadAction\",\"target\":[\"https:\/\/www.ikonorm.com\/index.php\/producto\/astm-a370-metodos-de-teste-padrao-definicoes-para-testes-mecanicos-de-produtos-siderurgicos\/\"]}]},{\"@type\":\"BreadcrumbList\",\"@id\":\"https:\/\/www.ikonorm.com\/index.php\/producto\/astm-a370-metodos-de-teste-padrao-definicoes-para-testes-mecanicos-de-produtos-siderurgicos\/#breadcrumb\",\"itemListElement\":[{\"@type\":\"ListItem\",\"position\":1,\"item\":{\"@type\":\"WebPage\",\"@id\":\"https:\/\/www.ikonorm.com\/\",\"url\":\"https:\/\/www.ikonorm.com\/\",\"name\":\"Portada\"}},{\"@type\":\"ListItem\",\"position\":2,\"item\":{\"@type\":\"WebPage\",\"@id\":\"https:\/\/www.ikonorm.com\/index.php\/shop\/\",\"url\":\"https:\/\/www.ikonorm.com\/index.php\/shop\/\",\"name\":\"Productos\"}},{\"@type\":\"ListItem\",\"position\":3,\"item\":{\"@type\":\"WebPage\",\"@id\":\"https:\/\/www.ikonorm.com\/index.php\/producto\/astm-a370-metodos-de-teste-padrao-definicoes-para-testes-mecanicos-de-produtos-siderurgicos\/\",\"url\":\"https:\/\/www.ikonorm.com\/index.php\/producto\/astm-a370-metodos-de-teste-padrao-definicoes-para-testes-mecanicos-de-produtos-siderurgicos\/\",\"name\":\"ASTM A370 M\\u00e9todos de teste padr\\u00e3o, defini\\u00e7\\u00f5es para testes mec\\u00e2nicos de produtos sider\\u00fargicos\"}}]}]}<\/script>\n<!-- \/ Yoast SEO plugin. -->","_links":{"self":[{"href":"https:\/\/www.ikonorm.com\/index.php\/wp-json\/wp\/v2\/product\/1020","targetHints":{"allow":["GET"]}}],"collection":[{"href":"https:\/\/www.ikonorm.com\/index.php\/wp-json\/wp\/v2\/product"}],"about":[{"href":"https:\/\/www.ikonorm.com\/index.php\/wp-json\/wp\/v2\/types\/product"}],"replies":[{"embeddable":true,"href":"https:\/\/www.ikonorm.com\/index.php\/wp-json\/wp\/v2\/comments?post=1020"}],"wp:featuredmedia":[{"embeddable":true,"href":"https:\/\/www.ikonorm.com\/index.php\/wp-json\/wp\/v2\/media\/228"}],"wp:attachment":[{"href":"https:\/\/www.ikonorm.com\/index.php\/wp-json\/wp\/v2\/media?parent=1020"}],"curies":[{"name":"wp","href":"https:\/\/api.w.org\/{rel}","templated":true}]}}