{"id":1011,"date":"2020-11-10T02:47:03","date_gmt":"2020-11-10T02:47:03","guid":{"rendered":"https:\/\/www.ikonorm.com\/?post_type=product&#038;p=1011"},"modified":"2020-11-10T02:47:03","modified_gmt":"2020-11-10T02:47:03","slug":"une-en-iso-27001-tecnologia-da-informacao","status":"publish","type":"product","link":"https:\/\/www.ikonorm.com\/index.php\/producto\/une-en-iso-27001-tecnologia-da-informacao\/","title":{"rendered":"UNE EN-ISO 27001 Tecnologia da informa\u00e7\u00e3o"},"content":{"rendered":"","protected":false},"excerpt":{"rendered":"<p>Tecnologia da informa\u00e7\u00e3o &#8211; T\u00e9cnicas de seguran\u00e7a &#8211; Sistemas de gerenciamento de seguran\u00e7a da informa\u00e7\u00e3o &#8211; Requisitos<\/p>\n<p>fornece os requisitos para estabelecer, implementar, manter e melhorar continuamente um sistema de gerenciamento de seguran\u00e7a da informa\u00e7\u00e3o.<\/p>\n","protected":false},"featured_media":140,"comment_status":"open","ping_status":"closed","template":"","meta":{"_monsterinsights_skip_tracking":false,"_monsterinsights_sitenote_active":false,"_monsterinsights_sitenote_note":"","_monsterinsights_sitenote_category":0},"class_list":["post-1011","product","type-product","status-publish","has-post-thumbnail","hentry","product_cat-pratica-de-engenharia-regras","product_cat-regras","col-xs-6 col-sm-4","col-mf-5","un--cols"],"yoast_head":"<!-- This site is optimized with the Yoast SEO plugin v15.9.2 - https:\/\/yoast.com\/wordpress\/plugins\/seo\/ -->\n<title>UNE EN-ISO 27001 Tecnologia da informa\u00e7\u00e3o - Tienda de normas e informaci\u00f3n t\u00e9cnica- IKONORM<\/title>\n<link rel=\"canonical\" href=\"https:\/\/www.ikonorm.com\/index.php\/producto\/une-en-iso-27001-tecnologia-da-informacao\/\" \/>\n<meta property=\"og:locale\" content=\"es_ES\" \/>\n<meta property=\"og:type\" content=\"article\" \/>\n<meta property=\"og:title\" content=\"UNE EN-ISO 27001 Tecnologia da informa\u00e7\u00e3o - Tienda de normas e informaci\u00f3n t\u00e9cnica- IKONORM\" \/>\n<meta property=\"og:description\" content=\"Tecnologia da informa\u00e7\u00e3o - T\u00e9cnicas de seguran\u00e7a - Sistemas de gerenciamento de seguran\u00e7a da informa\u00e7\u00e3o - Requisitos  fornece os requisitos para estabelecer, implementar, manter e melhorar continuamente um sistema de gerenciamento de seguran\u00e7a da informa\u00e7\u00e3o.\" \/>\n<meta property=\"og:url\" content=\"https:\/\/www.ikonorm.com\/index.php\/producto\/une-en-iso-27001-tecnologia-da-informacao\/\" \/>\n<meta property=\"og:site_name\" content=\"Tienda de normas e informaci\u00f3n t\u00e9cnica- IKONORM\" \/>\n<meta property=\"og:image\" content=\"https:\/\/www.ikonorm.com\/wp-content\/uploads\/2020\/05\/433x449-NORMAS-UNE-EN-ISO-IEC-27001-IKONORM.jpg\" \/>\n\t<meta property=\"og:image:width\" content=\"433\" \/>\n\t<meta property=\"og:image:height\" content=\"449\" \/>\n<meta name=\"twitter:card\" content=\"summary_large_image\" \/>\n<script type=\"application\/ld+json\" class=\"yoast-schema-graph\">{\"@context\":\"https:\/\/schema.org\",\"@graph\":[{\"@type\":\"WebSite\",\"@id\":\"https:\/\/www.ikonorm.com\/#website\",\"url\":\"https:\/\/www.ikonorm.com\/\",\"name\":\"Tienda de normas e informaci\\u00f3n t\\u00e9cnica- IKONORM\",\"description\":\"\",\"potentialAction\":[{\"@type\":\"SearchAction\",\"target\":\"https:\/\/www.ikonorm.com\/?s={search_term_string}\",\"query-input\":\"required name=search_term_string\"}],\"inLanguage\":\"es\"},{\"@type\":\"ImageObject\",\"@id\":\"https:\/\/www.ikonorm.com\/index.php\/producto\/une-en-iso-27001-tecnologia-da-informacao\/#primaryimage\",\"inLanguage\":\"es\",\"url\":\"https:\/\/www.ikonorm.com\/wp-content\/uploads\/2020\/05\/433x449-NORMAS-UNE-EN-ISO-IEC-27001-IKONORM.jpg\",\"width\":433,\"height\":449},{\"@type\":\"WebPage\",\"@id\":\"https:\/\/www.ikonorm.com\/index.php\/producto\/une-en-iso-27001-tecnologia-da-informacao\/#webpage\",\"url\":\"https:\/\/www.ikonorm.com\/index.php\/producto\/une-en-iso-27001-tecnologia-da-informacao\/\",\"name\":\"UNE EN-ISO 27001 Tecnologia da informa\\u00e7\\u00e3o - Tienda de normas e informaci\\u00f3n t\\u00e9cnica- IKONORM\",\"isPartOf\":{\"@id\":\"https:\/\/www.ikonorm.com\/#website\"},\"primaryImageOfPage\":{\"@id\":\"https:\/\/www.ikonorm.com\/index.php\/producto\/une-en-iso-27001-tecnologia-da-informacao\/#primaryimage\"},\"datePublished\":\"2020-11-10T02:47:03+00:00\",\"dateModified\":\"2020-11-10T02:47:03+00:00\",\"breadcrumb\":{\"@id\":\"https:\/\/www.ikonorm.com\/index.php\/producto\/une-en-iso-27001-tecnologia-da-informacao\/#breadcrumb\"},\"inLanguage\":\"es\",\"potentialAction\":[{\"@type\":\"ReadAction\",\"target\":[\"https:\/\/www.ikonorm.com\/index.php\/producto\/une-en-iso-27001-tecnologia-da-informacao\/\"]}]},{\"@type\":\"BreadcrumbList\",\"@id\":\"https:\/\/www.ikonorm.com\/index.php\/producto\/une-en-iso-27001-tecnologia-da-informacao\/#breadcrumb\",\"itemListElement\":[{\"@type\":\"ListItem\",\"position\":1,\"item\":{\"@type\":\"WebPage\",\"@id\":\"https:\/\/www.ikonorm.com\/\",\"url\":\"https:\/\/www.ikonorm.com\/\",\"name\":\"Portada\"}},{\"@type\":\"ListItem\",\"position\":2,\"item\":{\"@type\":\"WebPage\",\"@id\":\"https:\/\/www.ikonorm.com\/index.php\/shop\/\",\"url\":\"https:\/\/www.ikonorm.com\/index.php\/shop\/\",\"name\":\"Productos\"}},{\"@type\":\"ListItem\",\"position\":3,\"item\":{\"@type\":\"WebPage\",\"@id\":\"https:\/\/www.ikonorm.com\/index.php\/producto\/une-en-iso-27001-tecnologia-da-informacao\/\",\"url\":\"https:\/\/www.ikonorm.com\/index.php\/producto\/une-en-iso-27001-tecnologia-da-informacao\/\",\"name\":\"UNE EN-ISO 27001 Tecnologia da informa\\u00e7\\u00e3o\"}}]}]}<\/script>\n<!-- \/ Yoast SEO plugin. -->","_links":{"self":[{"href":"https:\/\/www.ikonorm.com\/index.php\/wp-json\/wp\/v2\/product\/1011","targetHints":{"allow":["GET"]}}],"collection":[{"href":"https:\/\/www.ikonorm.com\/index.php\/wp-json\/wp\/v2\/product"}],"about":[{"href":"https:\/\/www.ikonorm.com\/index.php\/wp-json\/wp\/v2\/types\/product"}],"replies":[{"embeddable":true,"href":"https:\/\/www.ikonorm.com\/index.php\/wp-json\/wp\/v2\/comments?post=1011"}],"wp:featuredmedia":[{"embeddable":true,"href":"https:\/\/www.ikonorm.com\/index.php\/wp-json\/wp\/v2\/media\/140"}],"wp:attachment":[{"href":"https:\/\/www.ikonorm.com\/index.php\/wp-json\/wp\/v2\/media?parent=1011"}],"curies":[{"name":"wp","href":"https:\/\/api.w.org\/{rel}","templated":true}]}}