{"id":859,"date":"2020-11-04T16:13:58","date_gmt":"2020-11-04T16:13:58","guid":{"rendered":"https:\/\/www.ikonorm.com\/?page_id=859"},"modified":"2020-11-04T16:22:42","modified_gmt":"2020-11-04T16:22:42","slug":"quienes-somos-2","status":"publish","type":"page","link":"https:\/\/www.ikonorm.com\/index.php\/pt\/quienes-somos-2\/","title":{"rendered":"\u00bfQui\u00e9nes somos?"},"content":{"rendered":"\t\t<div data-elementor-type=\"wp-page\" data-elementor-id=\"859\" class=\"elementor elementor-859\" data-elementor-settings=\"[]\">\n\t\t\t\t\t\t<div class=\"elementor-inner\">\n\t\t\t\t\t\t\t<div class=\"elementor-section-wrap\">\n\t\t\t\t\t\t\t<section class=\"elementor-section elementor-top-section elementor-element elementor-element-b9f53aa elementor-section-boxed elementor-section-height-default elementor-section-height-default\" data-id=\"b9f53aa\" data-element_type=\"section\">\n\t\t\t\t\t\t<div class=\"elementor-container elementor-column-gap-default\">\n\t\t\t\t\t\t\t<div class=\"elementor-row\">\n\t\t\t\t\t<div class=\"elementor-column elementor-col-100 elementor-top-column elementor-element elementor-element-eeab9f7\" data-id=\"eeab9f7\" data-element_type=\"column\">\n\t\t\t<div class=\"elementor-column-wrap elementor-element-populated\">\n\t\t\t\t\t\t\t<div class=\"elementor-widget-wrap\">\n\t\t\t\t\t\t<div class=\"elementor-element elementor-element-0db76a2 elementor-widget elementor-widget-heading\" data-id=\"0db76a2\" data-element_type=\"widget\" data-widget_type=\"heading.default\">\n\t\t\t\t<div class=\"elementor-widget-container\">\n\t\t\t<h2 class=\"elementor-heading-title elementor-size-default\">\u00bfQui\u00e9nes somos?<\/h2>\t\t<\/div>\n\t\t\t\t<\/div>\n\t\t\t\t<div class=\"elementor-element elementor-element-57e0d65 elementor-widget elementor-widget-text-editor\" data-id=\"57e0d65\" data-element_type=\"widget\" data-widget_type=\"text-editor.default\">\n\t\t\t\t<div class=\"elementor-widget-container\">\n\t\t\t\t\t<div class=\"elementor-text-editor elementor-clearfix\"><p>\u00a0A Ikonorm \u00e9 um dos produtos pertencentes ao <a href=\"https:\/\/grupoptg.com\/\" target=\"_blank\" rel=\"noopener\">Grupo PTG<\/a>, empresa que fornece produtos, servi\u00e7os de informa\u00e7\u00e3o cient\u00edfica e t\u00e9cnica, oferecendo solu\u00e7\u00f5es, fontes de informa\u00e7\u00e3o e assessoria para as principais ind\u00fastrias e governos da Am\u00e9rica Latina.<\/p><p>Somos a loja virtual especializada, que fornece aos nossos clientes solu\u00e7\u00f5es nas \u00e1reas de Engenharia, tecnologia, qualidade, seguran\u00e7a, entre outras. Somos fornecedores das principais SDO&#8217;s de padr\u00f5es regulat\u00f3rios mundiais.<\/p><p>Al\u00e9m disso, no iKonorm voc\u00ea poder\u00e1 encontrar os e-books mais populares e cl\u00e1ssicos da ind\u00fastria, bem como adquirir cursos presenciais ou online de renomadas empresas que voc\u00ea pode cancelar em nosso portal.<\/p><p>Para iKonorm, as pessoas s\u00e3o a chave da nossa organiza\u00e7\u00e3o; por isso, trabalhamos para atrair e motivar talentos. Queremos ser a plataforma onde profissionais com experi\u00eancia industrial, acad\u00eamica e de pesquisa possam compartilhar seus conhecimentos atrav\u00e9s de seus manuscritos e assim gerar renda a partir de suas contribui\u00e7\u00f5es.<\/p><p>Volte e conhe\u00e7a os novos produtos das diferentes categorias que temos, pois estamos sempre renovando nosso cat\u00e1logo.<\/p><p>Al\u00e9m disso, voc\u00ea pode nos acompanhar no Facebook, Instagram e LinkedIn, para manter-se atualizado sobre as \u00faltimas publica\u00e7\u00f5es, ofertas e not\u00edcias.<\/p><\/div>\n\t\t\t\t<\/div>\n\t\t\t\t<\/div>\n\t\t\t\t\t\t<\/div>\n\t\t\t\t\t<\/div>\n\t\t<\/div>\n\t\t\t\t\t\t\t\t<\/div>\n\t\t\t\t\t<\/div>\n\t\t<\/section>\n\t\t\t\t\t\t<\/div>\n\t\t\t\t\t\t<\/div>\n\t\t\t\t\t<\/div>\n\t\t","protected":false},"excerpt":{"rendered":"<p>\u00bfQui\u00e9nes somos? \u00a0A Ikonorm \u00e9 um dos produtos pertencentes ao Grupo PTG, empresa que fornece produtos, servi\u00e7os de informa\u00e7\u00e3o cient\u00edfica e t\u00e9cnica, oferecendo solu\u00e7\u00f5es, fontes de informa\u00e7\u00e3o e assessoria para as principais ind\u00fastrias e governos da Am\u00e9rica Latina. Somos a loja virtual especializada, que fornece aos nossos clientes solu\u00e7\u00f5es nas \u00e1reas de Engenharia, tecnologia, qualidade,&hellip;<\/p>\n","protected":false},"author":1,"featured_media":0,"parent":0,"menu_order":0,"comment_status":"closed","ping_status":"closed","template":"","meta":{"_monsterinsights_skip_tracking":false,"_monsterinsights_sitenote_active":false,"_monsterinsights_sitenote_note":"","_monsterinsights_sitenote_category":0,"footnotes":""},"class_list":["post-859","page","type-page","status-publish","hentry"],"yoast_head":"<!-- This site is optimized with the Yoast SEO plugin v15.9.2 - https:\/\/yoast.com\/wordpress\/plugins\/seo\/ -->\n<title>\u00bfQui\u00e9nes somos? - Tienda de normas e informaci\u00f3n t\u00e9cnica- IKONORM<\/title>\n<link rel=\"canonical\" href=\"https:\/\/www.ikonorm.com\/index.php\/pt\/quienes-somos-2\/\" \/>\n<meta property=\"og:locale\" content=\"es_ES\" \/>\n<meta property=\"og:type\" content=\"article\" \/>\n<meta property=\"og:title\" content=\"\u00bfQui\u00e9nes somos? - Tienda de normas e informaci\u00f3n t\u00e9cnica- IKONORM\" \/>\n<meta property=\"og:description\" content=\"\u00bfQui\u00e9nes somos? \u00a0A Ikonorm \u00e9 um dos produtos pertencentes ao Grupo PTG, empresa que fornece produtos, servi\u00e7os de informa\u00e7\u00e3o cient\u00edfica e t\u00e9cnica, oferecendo solu\u00e7\u00f5es, fontes de informa\u00e7\u00e3o e assessoria para as principais ind\u00fastrias e governos da Am\u00e9rica Latina. Somos a loja virtual especializada, que fornece aos nossos clientes solu\u00e7\u00f5es nas \u00e1reas de Engenharia, tecnologia, qualidade,&hellip;\" \/>\n<meta property=\"og:url\" content=\"https:\/\/www.ikonorm.com\/index.php\/pt\/quienes-somos-2\/\" \/>\n<meta property=\"og:site_name\" content=\"Tienda de normas e informaci\u00f3n t\u00e9cnica- IKONORM\" \/>\n<meta property=\"article:modified_time\" content=\"2020-11-04T16:22:42+00:00\" \/>\n<meta name=\"twitter:card\" content=\"summary_large_image\" \/>\n<meta name=\"twitter:label1\" content=\"Tiempo estimado de lectura\">\n\t<meta name=\"twitter:data1\" content=\"1 minuto\">\n<script type=\"application\/ld+json\" class=\"yoast-schema-graph\">{\"@context\":\"https:\/\/schema.org\",\"@graph\":[{\"@type\":\"WebSite\",\"@id\":\"https:\/\/www.ikonorm.com\/#website\",\"url\":\"https:\/\/www.ikonorm.com\/\",\"name\":\"Tienda de normas e informaci\\u00f3n t\\u00e9cnica- IKONORM\",\"description\":\"\",\"potentialAction\":[{\"@type\":\"SearchAction\",\"target\":\"https:\/\/www.ikonorm.com\/?s={search_term_string}\",\"query-input\":\"required name=search_term_string\"}],\"inLanguage\":\"es\"},{\"@type\":\"WebPage\",\"@id\":\"https:\/\/www.ikonorm.com\/index.php\/pt\/quienes-somos-2\/#webpage\",\"url\":\"https:\/\/www.ikonorm.com\/index.php\/pt\/quienes-somos-2\/\",\"name\":\"\\u00bfQui\\u00e9nes somos? - Tienda de normas e informaci\\u00f3n t\\u00e9cnica- IKONORM\",\"isPartOf\":{\"@id\":\"https:\/\/www.ikonorm.com\/#website\"},\"datePublished\":\"2020-11-04T16:13:58+00:00\",\"dateModified\":\"2020-11-04T16:22:42+00:00\",\"breadcrumb\":{\"@id\":\"https:\/\/www.ikonorm.com\/index.php\/pt\/quienes-somos-2\/#breadcrumb\"},\"inLanguage\":\"es\",\"potentialAction\":[{\"@type\":\"ReadAction\",\"target\":[\"https:\/\/www.ikonorm.com\/index.php\/pt\/quienes-somos-2\/\"]}]},{\"@type\":\"BreadcrumbList\",\"@id\":\"https:\/\/www.ikonorm.com\/index.php\/pt\/quienes-somos-2\/#breadcrumb\",\"itemListElement\":[{\"@type\":\"ListItem\",\"position\":1,\"item\":{\"@type\":\"WebPage\",\"@id\":\"https:\/\/www.ikonorm.com\/\",\"url\":\"https:\/\/www.ikonorm.com\/\",\"name\":\"Portada\"}},{\"@type\":\"ListItem\",\"position\":2,\"item\":{\"@type\":\"WebPage\",\"@id\":\"https:\/\/www.ikonorm.com\/index.php\/pt\/quienes-somos-2\/\",\"url\":\"https:\/\/www.ikonorm.com\/index.php\/pt\/quienes-somos-2\/\",\"name\":\"\\u00bfQui\\u00e9nes somos?\"}}]}]}<\/script>\n<!-- \/ Yoast SEO plugin. -->","_links":{"self":[{"href":"https:\/\/www.ikonorm.com\/index.php\/wp-json\/wp\/v2\/pages\/859","targetHints":{"allow":["GET"]}}],"collection":[{"href":"https:\/\/www.ikonorm.com\/index.php\/wp-json\/wp\/v2\/pages"}],"about":[{"href":"https:\/\/www.ikonorm.com\/index.php\/wp-json\/wp\/v2\/types\/page"}],"author":[{"embeddable":true,"href":"https:\/\/www.ikonorm.com\/index.php\/wp-json\/wp\/v2\/users\/1"}],"replies":[{"embeddable":true,"href":"https:\/\/www.ikonorm.com\/index.php\/wp-json\/wp\/v2\/comments?post=859"}],"version-history":[{"count":4,"href":"https:\/\/www.ikonorm.com\/index.php\/wp-json\/wp\/v2\/pages\/859\/revisions"}],"predecessor-version":[{"id":864,"href":"https:\/\/www.ikonorm.com\/index.php\/wp-json\/wp\/v2\/pages\/859\/revisions\/864"}],"wp:attachment":[{"href":"https:\/\/www.ikonorm.com\/index.php\/wp-json\/wp\/v2\/media?parent=859"}],"curies":[{"name":"wp","href":"https:\/\/api.w.org\/{rel}","templated":true}]}}