{"id":848,"date":"2020-11-04T14:56:58","date_gmt":"2020-11-04T14:56:58","guid":{"rendered":"https:\/\/www.ikonorm.com\/?page_id=848"},"modified":"2020-11-04T15:00:16","modified_gmt":"2020-11-04T15:00:16","slug":"packs","status":"publish","type":"page","link":"https:\/\/www.ikonorm.com\/index.php\/pt\/packs\/","title":{"rendered":"Packs"},"content":{"rendered":"\t\t<div data-elementor-type=\"wp-page\" data-elementor-id=\"848\" class=\"elementor elementor-848\" data-elementor-settings=\"[]\">\n\t\t\t\t\t\t<div class=\"elementor-inner\">\n\t\t\t\t\t\t\t<div class=\"elementor-section-wrap\">\n\t\t\t\t\t\t\t<section class=\"elementor-section elementor-top-section elementor-element elementor-element-11ce04e elementor-section-boxed elementor-section-height-default elementor-section-height-default\" data-id=\"11ce04e\" data-element_type=\"section\">\n\t\t\t\t\t\t<div class=\"elementor-container elementor-column-gap-default\">\n\t\t\t\t\t\t\t<div class=\"elementor-row\">\n\t\t\t\t\t<div class=\"elementor-column elementor-col-100 elementor-top-column elementor-element elementor-element-9390fcd\" data-id=\"9390fcd\" data-element_type=\"column\">\n\t\t\t<div class=\"elementor-column-wrap elementor-element-populated\">\n\t\t\t\t\t\t\t<div class=\"elementor-widget-wrap\">\n\t\t\t\t\t\t<div class=\"elementor-element elementor-element-f559ad3 elementor-widget elementor-widget-heading\" data-id=\"f559ad3\" data-element_type=\"widget\" data-widget_type=\"heading.default\">\n\t\t\t\t<div class=\"elementor-widget-container\">\n\t\t\t<h2 class=\"elementor-heading-title elementor-size-default\">Packs<\/h2>\t\t<\/div>\n\t\t\t\t<\/div>\n\t\t\t\t\t\t<\/div>\n\t\t\t\t\t<\/div>\n\t\t<\/div>\n\t\t\t\t\t\t\t\t<\/div>\n\t\t\t\t\t<\/div>\n\t\t<\/section>\n\t\t\t\t<section class=\"elementor-section elementor-top-section elementor-element elementor-element-f11ddb3 elementor-section-boxed elementor-section-height-default elementor-section-height-default\" data-id=\"f11ddb3\" data-element_type=\"section\">\n\t\t\t\t\t\t<div class=\"elementor-container elementor-column-gap-default\">\n\t\t\t\t\t\t\t<div class=\"elementor-row\">\n\t\t\t\t\t<div class=\"elementor-column elementor-col-100 elementor-top-column elementor-element elementor-element-5c12d6a\" data-id=\"5c12d6a\" data-element_type=\"column\">\n\t\t\t<div class=\"elementor-column-wrap elementor-element-populated\">\n\t\t\t\t\t\t\t<div class=\"elementor-widget-wrap\">\n\t\t\t\t\t\t<div class=\"elementor-element elementor-element-07f6b96 elementor-products-columns-4 elementor-products-grid elementor-wc-products elementor-show-pagination-border-yes elementor-widget elementor-widget-woocommerce-products\" data-id=\"07f6b96\" data-element_type=\"widget\" data-widget_type=\"woocommerce-products.default\">\n\t\t\t\t<div class=\"elementor-widget-container\">\n\t\t\t<div class=\"woocommerce columns-4 \"><ul class=\"products columns-4\">\n<li class=\"col-xs-6 col-sm-4 col-md-3 col-lg-3 un-4-cols product type-product post-1042 status-publish first instock product_cat-packs-pt has-post-thumbnail shipping-taxable purchasable product-type-simple\">\r\n\t<div class=\"product-inner  clearfix\"><div class=\"mf-product-thumbnail\"><a href=\"https:\/\/www.ikonorm.com\/index.php\/producto\/visum-studio-2\/\"><img loading=\"lazy\" decoding=\"async\" src=\"https:\/\/www.ikonorm.com\/wp-content\/themes\/martfury\/images\/transparent.png\" data-original=\"https:\/\/www.ikonorm.com\/wp-content\/uploads\/2020\/10\/Visum-producto-ikonorm-300x300.png\"  alt=\"\" class=\"lazy \" width=\"300\" height=\"300\"><\/a><div class=\"footer-button\"><a href=\"?add-to-cart=1042\" data-quantity=\"1\" data-title=\"Visum Studio\" class=\"button product_type_simple add_to_cart_button ajax_add_to_cart\" data-product_id=\"1042\" data-product_sku=\"\" aria-label=\"Add &ldquo;Visum Studio&rdquo; to your cart\" rel=\"nofollow\"><i class=\"p-icon icon-bag2\" data-rel=\"tooltip\" title=\"Add to cart\"><\/i><span class=\"add-to-cart-text\">Add to cart<\/span><\/a><a href=\"https:\/\/www.ikonorm.com\/index.php\/producto\/visum-studio-2\/\" data-id=\"1042\"  class=\"mf-product-quick-view\"><i class=\"p-icon icon-eye\" title=\"Quick View\" data-rel=\"tooltip\"><\/i><\/a>\r\n<div class=\"yith-wcwl-add-to-wishlist add-to-wishlist-1042  wishlist-fragment on-first-load\"\r\n     data-fragment-ref=\"1042\"\r\n     data-fragment-options=\"{&quot;base_url&quot;:&quot;&quot;,&quot;in_default_wishlist&quot;:false,&quot;is_single&quot;:false,&quot;show_exists&quot;:false,&quot;product_id&quot;:1042,&quot;parent_product_id&quot;:1042,&quot;product_type&quot;:&quot;simple&quot;,&quot;show_view&quot;:false,&quot;browse_wishlist_text&quot;:&quot;Explorar la lista de deseos&quot;,&quot;already_in_wishslist_text&quot;:&quot;\\u00a1El producto ya est\\u00e1 en la lista de deseos!&quot;,&quot;product_added_text&quot;:&quot;\\u00a1Producto a\\u00f1adido!&quot;,&quot;heading_icon&quot;:&quot;fa-heart-o&quot;,&quot;available_multi_wishlist&quot;:false,&quot;disable_wishlist&quot;:false,&quot;show_count&quot;:false,&quot;ajax_loading&quot;:false,&quot;loop_position&quot;:&quot;after_add_to_cart&quot;,&quot;item&quot;:&quot;add_to_wishlist&quot;}\">\r\n\t\t\t\r\n            <!-- ADD TO WISHLIST -->\r\n\t\t\t\r\n<div class=\"yith-wcwl-add-button\">\r\n    <a href=\"?add_to_wishlist=1042\" data-rel=\"tooltip\"\r\n       data-product-id=\"1042\" data-product-type=\"simple\"\r\n       data-original-product-id=\"1042\" class=\"add_to_wishlist single_add_to_wishlist\"\r\n       data-product-title=\"Visum Studio\" title=\"A\u00f1adir a la lista de deseos\">\r\n\t\t<i class=\"yith-wcwl-icon fa fa-heart-o\"><\/i>        <span>A\u00f1adir a la lista de deseos<\/span>\r\n    <\/a>\r\n<\/div>\r\n            <!-- COUNT TEXT -->\r\n\t\t\t\r\n\t\t\t<\/div><div class=\"compare-button mf-compare-button\"><a href=\"https:\/\/www.ikonorm.com?action=yith-woocompare-add-product&#038;id=1042&#038;lang=all\" class=\"compare\" title=\"Compare\" data-product_id=\"1042\">Compare<\/a><\/div><\/div><\/div><div class=\"mf-product-details\"><div class=\"mf-product-content\"><h2><a href=\"https:\/\/www.ikonorm.com\/index.php\/producto\/visum-studio-2\/\">Visum Studio<\/a><\/h2><\/div><div class=\"mf-product-price-box\"><\/div><div class=\"mf-product-details-hover\"><h2><a href=\"https:\/\/www.ikonorm.com\/index.php\/producto\/visum-studio-2\/\">Visum Studio<\/a><\/h2>\n\t<span class=\"price\"><span class=\"woocommerce-Price-amount amount\"><bdi><span class=\"woocommerce-Price-currencySymbol\">&#36;<\/span>122.00<\/bdi><\/span><\/span>\n<\/div><\/div><\/div><\/li>\r\n<li class=\"col-xs-6 col-sm-4 col-md-3 col-lg-3 un-4-cols product type-product post-1061 status-publish instock product_cat-packs-pt has-post-thumbnail shipping-taxable purchasable product-type-simple\">\r\n\t<div class=\"product-inner  clearfix\"><div class=\"mf-product-thumbnail\"><a href=\"https:\/\/www.ikonorm.com\/index.php\/producto\/o-pack-de-qualidade-contem-normas-de-qualidade-fundamentais-e-guias-de-aplicacao\/\"><img loading=\"lazy\" decoding=\"async\" src=\"https:\/\/www.ikonorm.com\/wp-content\/themes\/martfury\/images\/transparent.png\" data-original=\"https:\/\/www.ikonorm.com\/wp-content\/uploads\/2020\/05\/Pack-03-300x292.jpg\"  alt=\"\" class=\"lazy \" width=\"300\" height=\"292\"><\/a><div class=\"footer-button\"><a href=\"?add-to-cart=1061\" data-quantity=\"1\" data-title=\"O PACK DE QUALIDADE CONT\u00c9M NORMAS DE QUALIDADE FUNDAMENTAIS E GUIAS DE APLICA\u00c7\u00c3O\" class=\"button product_type_simple add_to_cart_button ajax_add_to_cart\" data-product_id=\"1061\" data-product_sku=\"\" aria-label=\"Add &ldquo;O PACK DE QUALIDADE CONT\u00c9M NORMAS DE QUALIDADE FUNDAMENTAIS E GUIAS DE APLICA\u00c7\u00c3O&rdquo; to your cart\" rel=\"nofollow\"><i class=\"p-icon icon-bag2\" data-rel=\"tooltip\" title=\"Add to cart\"><\/i><span class=\"add-to-cart-text\">Add to cart<\/span><\/a><a href=\"https:\/\/www.ikonorm.com\/index.php\/producto\/o-pack-de-qualidade-contem-normas-de-qualidade-fundamentais-e-guias-de-aplicacao\/\" data-id=\"1061\"  class=\"mf-product-quick-view\"><i class=\"p-icon icon-eye\" title=\"Quick View\" data-rel=\"tooltip\"><\/i><\/a>\r\n<div class=\"yith-wcwl-add-to-wishlist add-to-wishlist-1061  wishlist-fragment on-first-load\"\r\n     data-fragment-ref=\"1061\"\r\n     data-fragment-options=\"{&quot;base_url&quot;:&quot;&quot;,&quot;in_default_wishlist&quot;:false,&quot;is_single&quot;:false,&quot;show_exists&quot;:false,&quot;product_id&quot;:1061,&quot;parent_product_id&quot;:1061,&quot;product_type&quot;:&quot;simple&quot;,&quot;show_view&quot;:false,&quot;browse_wishlist_text&quot;:&quot;Explorar la lista de deseos&quot;,&quot;already_in_wishslist_text&quot;:&quot;\\u00a1El producto ya est\\u00e1 en la lista de deseos!&quot;,&quot;product_added_text&quot;:&quot;\\u00a1Producto a\\u00f1adido!&quot;,&quot;heading_icon&quot;:&quot;fa-heart-o&quot;,&quot;available_multi_wishlist&quot;:false,&quot;disable_wishlist&quot;:false,&quot;show_count&quot;:false,&quot;ajax_loading&quot;:false,&quot;loop_position&quot;:&quot;after_add_to_cart&quot;,&quot;item&quot;:&quot;add_to_wishlist&quot;}\">\r\n\t\t\t\r\n            <!-- ADD TO WISHLIST -->\r\n\t\t\t\r\n<div class=\"yith-wcwl-add-button\">\r\n    <a href=\"?add_to_wishlist=1061\" data-rel=\"tooltip\"\r\n       data-product-id=\"1061\" data-product-type=\"simple\"\r\n       data-original-product-id=\"1061\" class=\"add_to_wishlist single_add_to_wishlist\"\r\n       data-product-title=\"O PACK DE QUALIDADE CONT\u00c9M NORMAS DE QUALIDADE FUNDAMENTAIS E GUIAS DE APLICA\u00c7\u00c3O\" title=\"A\u00f1adir a la lista de deseos\">\r\n\t\t<i class=\"yith-wcwl-icon fa fa-heart-o\"><\/i>        <span>A\u00f1adir a la lista de deseos<\/span>\r\n    <\/a>\r\n<\/div>\r\n            <!-- COUNT TEXT -->\r\n\t\t\t\r\n\t\t\t<\/div><div class=\"compare-button mf-compare-button\"><a href=\"https:\/\/www.ikonorm.com?action=yith-woocompare-add-product&#038;id=1061&#038;lang=all\" class=\"compare\" title=\"Compare\" data-product_id=\"1061\">Compare<\/a><\/div><\/div><\/div><div class=\"mf-product-details\"><div class=\"mf-product-content\"><h2><a href=\"https:\/\/www.ikonorm.com\/index.php\/producto\/o-pack-de-qualidade-contem-normas-de-qualidade-fundamentais-e-guias-de-aplicacao\/\">O PACK DE QUALIDADE CONT\u00c9M NORMAS DE QUALIDADE FUNDAMENTAIS E GUIAS DE APLICA\u00c7\u00c3O<\/a><\/h2><\/div><div class=\"mf-product-price-box\"><\/div><div class=\"mf-product-details-hover\"><h2><a href=\"https:\/\/www.ikonorm.com\/index.php\/producto\/o-pack-de-qualidade-contem-normas-de-qualidade-fundamentais-e-guias-de-aplicacao\/\">O PACK DE QUALIDADE CONT\u00c9M NORMAS DE QUALIDADE FUNDAMENTAIS E GUIAS DE APLICA\u00c7\u00c3O<\/a><\/h2>\n\t<span class=\"price\"><span class=\"woocommerce-Price-amount amount\"><bdi><span class=\"woocommerce-Price-currencySymbol\">&#36;<\/span>2,480.00<\/bdi><\/span><\/span>\n<\/div><\/div><\/div><\/li>\r\n<li class=\"col-xs-6 col-sm-4 col-md-3 col-lg-3 un-4-cols product type-product post-1063 status-publish instock product_cat-packs-pt has-post-thumbnail shipping-taxable purchasable product-type-simple\">\r\n\t<div class=\"product-inner  clearfix\"><div class=\"mf-product-thumbnail\"><a href=\"https:\/\/www.ikonorm.com\/index.php\/producto\/o-pack-de-qualidade-contem-normas-de-qualidade-fundamentais-e-guias-de-aplicacao-2\/\"><img loading=\"lazy\" decoding=\"async\" src=\"https:\/\/www.ikonorm.com\/wp-content\/themes\/martfury\/images\/transparent.png\" data-original=\"https:\/\/www.ikonorm.com\/wp-content\/uploads\/2020\/05\/Pack-02-300x292.jpg\"  alt=\"\" class=\"lazy \" width=\"300\" height=\"292\"><\/a><div class=\"footer-button\"><a href=\"?add-to-cart=1063\" data-quantity=\"1\" data-title=\"O PACK DE QUALIDADE CONT\u00c9M NORMAS DE QUALIDADE FUNDAMENTAIS E GUIAS DE APLICA\u00c7\u00c3O\" class=\"button product_type_simple add_to_cart_button ajax_add_to_cart\" data-product_id=\"1063\" data-product_sku=\"\" aria-label=\"Add &ldquo;O PACK DE QUALIDADE CONT\u00c9M NORMAS DE QUALIDADE FUNDAMENTAIS E GUIAS DE APLICA\u00c7\u00c3O&rdquo; to your cart\" rel=\"nofollow\"><i class=\"p-icon icon-bag2\" data-rel=\"tooltip\" title=\"Add to cart\"><\/i><span class=\"add-to-cart-text\">Add to cart<\/span><\/a><a href=\"https:\/\/www.ikonorm.com\/index.php\/producto\/o-pack-de-qualidade-contem-normas-de-qualidade-fundamentais-e-guias-de-aplicacao-2\/\" data-id=\"1063\"  class=\"mf-product-quick-view\"><i class=\"p-icon icon-eye\" title=\"Quick View\" data-rel=\"tooltip\"><\/i><\/a>\r\n<div class=\"yith-wcwl-add-to-wishlist add-to-wishlist-1063  wishlist-fragment on-first-load\"\r\n     data-fragment-ref=\"1063\"\r\n     data-fragment-options=\"{&quot;base_url&quot;:&quot;&quot;,&quot;in_default_wishlist&quot;:false,&quot;is_single&quot;:false,&quot;show_exists&quot;:false,&quot;product_id&quot;:1063,&quot;parent_product_id&quot;:1063,&quot;product_type&quot;:&quot;simple&quot;,&quot;show_view&quot;:false,&quot;browse_wishlist_text&quot;:&quot;Explorar la lista de deseos&quot;,&quot;already_in_wishslist_text&quot;:&quot;\\u00a1El producto ya est\\u00e1 en la lista de deseos!&quot;,&quot;product_added_text&quot;:&quot;\\u00a1Producto a\\u00f1adido!&quot;,&quot;heading_icon&quot;:&quot;fa-heart-o&quot;,&quot;available_multi_wishlist&quot;:false,&quot;disable_wishlist&quot;:false,&quot;show_count&quot;:false,&quot;ajax_loading&quot;:false,&quot;loop_position&quot;:&quot;after_add_to_cart&quot;,&quot;item&quot;:&quot;add_to_wishlist&quot;}\">\r\n\t\t\t\r\n            <!-- ADD TO WISHLIST -->\r\n\t\t\t\r\n<div class=\"yith-wcwl-add-button\">\r\n    <a href=\"?add_to_wishlist=1063\" data-rel=\"tooltip\"\r\n       data-product-id=\"1063\" data-product-type=\"simple\"\r\n       data-original-product-id=\"1063\" class=\"add_to_wishlist single_add_to_wishlist\"\r\n       data-product-title=\"O PACK DE QUALIDADE CONT\u00c9M NORMAS DE QUALIDADE FUNDAMENTAIS E GUIAS DE APLICA\u00c7\u00c3O\" title=\"A\u00f1adir a la lista de deseos\">\r\n\t\t<i class=\"yith-wcwl-icon fa fa-heart-o\"><\/i>        <span>A\u00f1adir a la lista de deseos<\/span>\r\n    <\/a>\r\n<\/div>\r\n            <!-- COUNT TEXT -->\r\n\t\t\t\r\n\t\t\t<\/div><div class=\"compare-button mf-compare-button\"><a href=\"https:\/\/www.ikonorm.com?action=yith-woocompare-add-product&#038;id=1063&#038;lang=all\" class=\"compare\" title=\"Compare\" data-product_id=\"1063\">Compare<\/a><\/div><\/div><\/div><div class=\"mf-product-details\"><div class=\"mf-product-content\"><h2><a href=\"https:\/\/www.ikonorm.com\/index.php\/producto\/o-pack-de-qualidade-contem-normas-de-qualidade-fundamentais-e-guias-de-aplicacao-2\/\">O PACK DE QUALIDADE CONT\u00c9M NORMAS DE QUALIDADE FUNDAMENTAIS E GUIAS DE APLICA\u00c7\u00c3O<\/a><\/h2><\/div><div class=\"mf-product-price-box\"><\/div><div class=\"mf-product-details-hover\"><h2><a href=\"https:\/\/www.ikonorm.com\/index.php\/producto\/o-pack-de-qualidade-contem-normas-de-qualidade-fundamentais-e-guias-de-aplicacao-2\/\">O PACK DE QUALIDADE CONT\u00c9M NORMAS DE QUALIDADE FUNDAMENTAIS E GUIAS DE APLICA\u00c7\u00c3O<\/a><\/h2>\n\t<span class=\"price\"><span class=\"woocommerce-Price-amount amount\"><bdi><span class=\"woocommerce-Price-currencySymbol\">&#36;<\/span>657.08<\/bdi><\/span><\/span>\n<\/div><\/div><\/div><\/li>\r\n<li class=\"col-xs-6 col-sm-4 col-md-3 col-lg-3 un-4-cols product type-product post-1065 status-publish last instock product_cat-packs-pt has-post-thumbnail shipping-taxable purchasable product-type-simple\">\r\n\t<div class=\"product-inner  clearfix\"><div class=\"mf-product-thumbnail\"><a href=\"https:\/\/www.ikonorm.com\/index.php\/producto\/o-pack-de-qualidade-contem-normas-de-qualidade-fundamentais-e-guias-de-aplicacao-3\/\"><img loading=\"lazy\" decoding=\"async\" src=\"https:\/\/www.ikonorm.com\/wp-content\/themes\/martfury\/images\/transparent.png\" data-original=\"https:\/\/www.ikonorm.com\/wp-content\/uploads\/2020\/05\/Pack-01-300x292.jpg\"  alt=\"\" class=\"lazy \" width=\"300\" height=\"292\"><\/a><div class=\"footer-button\"><a href=\"?add-to-cart=1065\" data-quantity=\"1\" data-title=\"O PACK DE QUALIDADE CONT\u00c9M NORMAS DE QUALIDADE FUNDAMENTAIS E GUIAS DE APLICA\u00c7\u00c3O\" class=\"button product_type_simple add_to_cart_button ajax_add_to_cart\" data-product_id=\"1065\" data-product_sku=\"\" aria-label=\"Add &ldquo;O PACK DE QUALIDADE CONT\u00c9M NORMAS DE QUALIDADE FUNDAMENTAIS E GUIAS DE APLICA\u00c7\u00c3O&rdquo; to your cart\" rel=\"nofollow\"><i class=\"p-icon icon-bag2\" data-rel=\"tooltip\" title=\"Add to cart\"><\/i><span class=\"add-to-cart-text\">Add to cart<\/span><\/a><a href=\"https:\/\/www.ikonorm.com\/index.php\/producto\/o-pack-de-qualidade-contem-normas-de-qualidade-fundamentais-e-guias-de-aplicacao-3\/\" data-id=\"1065\"  class=\"mf-product-quick-view\"><i class=\"p-icon icon-eye\" title=\"Quick View\" data-rel=\"tooltip\"><\/i><\/a>\r\n<div class=\"yith-wcwl-add-to-wishlist add-to-wishlist-1065  wishlist-fragment on-first-load\"\r\n     data-fragment-ref=\"1065\"\r\n     data-fragment-options=\"{&quot;base_url&quot;:&quot;&quot;,&quot;in_default_wishlist&quot;:false,&quot;is_single&quot;:false,&quot;show_exists&quot;:false,&quot;product_id&quot;:1065,&quot;parent_product_id&quot;:1065,&quot;product_type&quot;:&quot;simple&quot;,&quot;show_view&quot;:false,&quot;browse_wishlist_text&quot;:&quot;Explorar la lista de deseos&quot;,&quot;already_in_wishslist_text&quot;:&quot;\\u00a1El producto ya est\\u00e1 en la lista de deseos!&quot;,&quot;product_added_text&quot;:&quot;\\u00a1Producto a\\u00f1adido!&quot;,&quot;heading_icon&quot;:&quot;fa-heart-o&quot;,&quot;available_multi_wishlist&quot;:false,&quot;disable_wishlist&quot;:false,&quot;show_count&quot;:false,&quot;ajax_loading&quot;:false,&quot;loop_position&quot;:&quot;after_add_to_cart&quot;,&quot;item&quot;:&quot;add_to_wishlist&quot;}\">\r\n\t\t\t\r\n            <!-- ADD TO WISHLIST -->\r\n\t\t\t\r\n<div class=\"yith-wcwl-add-button\">\r\n    <a href=\"?add_to_wishlist=1065\" data-rel=\"tooltip\"\r\n       data-product-id=\"1065\" data-product-type=\"simple\"\r\n       data-original-product-id=\"1065\" class=\"add_to_wishlist single_add_to_wishlist\"\r\n       data-product-title=\"O PACK DE QUALIDADE CONT\u00c9M NORMAS DE QUALIDADE FUNDAMENTAIS E GUIAS DE APLICA\u00c7\u00c3O\" title=\"A\u00f1adir a la lista de deseos\">\r\n\t\t<i class=\"yith-wcwl-icon fa fa-heart-o\"><\/i>        <span>A\u00f1adir a la lista de deseos<\/span>\r\n    <\/a>\r\n<\/div>\r\n            <!-- COUNT TEXT -->\r\n\t\t\t\r\n\t\t\t<\/div><div class=\"compare-button mf-compare-button\"><a href=\"https:\/\/www.ikonorm.com?action=yith-woocompare-add-product&#038;id=1065&#038;lang=all\" class=\"compare\" title=\"Compare\" data-product_id=\"1065\">Compare<\/a><\/div><\/div><\/div><div class=\"mf-product-details\"><div class=\"mf-product-content\"><h2><a href=\"https:\/\/www.ikonorm.com\/index.php\/producto\/o-pack-de-qualidade-contem-normas-de-qualidade-fundamentais-e-guias-de-aplicacao-3\/\">O PACK DE QUALIDADE CONT\u00c9M NORMAS DE QUALIDADE FUNDAMENTAIS E GUIAS DE APLICA\u00c7\u00c3O<\/a><\/h2><\/div><div class=\"mf-product-price-box\"><\/div><div class=\"mf-product-details-hover\"><h2><a href=\"https:\/\/www.ikonorm.com\/index.php\/producto\/o-pack-de-qualidade-contem-normas-de-qualidade-fundamentais-e-guias-de-aplicacao-3\/\">O PACK DE QUALIDADE CONT\u00c9M NORMAS DE QUALIDADE FUNDAMENTAIS E GUIAS DE APLICA\u00c7\u00c3O<\/a><\/h2>\n\t<span class=\"price\"><span class=\"woocommerce-Price-amount amount\"><bdi><span class=\"woocommerce-Price-currencySymbol\">&#36;<\/span>1,006.26<\/bdi><\/span><\/span>\n<\/div><\/div><\/div><\/li>\r\n<\/ul>\n<\/div>\t\t<\/div>\n\t\t\t\t<\/div>\n\t\t\t\t\t\t<\/div>\n\t\t\t\t\t<\/div>\n\t\t<\/div>\n\t\t\t\t\t\t\t\t<\/div>\n\t\t\t\t\t<\/div>\n\t\t<\/section>\n\t\t\t\t\t\t<\/div>\n\t\t\t\t\t\t<\/div>\n\t\t\t\t\t<\/div>\n\t\t","protected":false},"excerpt":{"rendered":"<p>Packs<\/p>\n","protected":false},"author":1,"featured_media":0,"parent":0,"menu_order":0,"comment_status":"closed","ping_status":"closed","template":"","meta":{"_monsterinsights_skip_tracking":false,"_monsterinsights_sitenote_active":false,"_monsterinsights_sitenote_note":"","_monsterinsights_sitenote_category":0,"footnotes":""},"class_list":["post-848","page","type-page","status-publish","hentry"],"yoast_head":"<!-- This site is optimized with the Yoast SEO plugin v15.9.2 - https:\/\/yoast.com\/wordpress\/plugins\/seo\/ -->\n<title>Packs - Tienda de normas e informaci\u00f3n t\u00e9cnica- IKONORM<\/title>\n<link rel=\"canonical\" href=\"https:\/\/www.ikonorm.com\/index.php\/pt\/packs\/\" \/>\n<meta property=\"og:locale\" content=\"es_ES\" \/>\n<meta property=\"og:type\" content=\"article\" \/>\n<meta property=\"og:title\" content=\"Packs - Tienda de normas e informaci\u00f3n t\u00e9cnica- IKONORM\" \/>\n<meta property=\"og:description\" content=\"Packs\" \/>\n<meta property=\"og:url\" content=\"https:\/\/www.ikonorm.com\/index.php\/pt\/packs\/\" \/>\n<meta property=\"og:site_name\" content=\"Tienda de normas e informaci\u00f3n t\u00e9cnica- IKONORM\" \/>\n<meta property=\"article:modified_time\" content=\"2020-11-04T15:00:16+00:00\" \/>\n<meta name=\"twitter:card\" content=\"summary_large_image\" \/>\n<script type=\"application\/ld+json\" class=\"yoast-schema-graph\">{\"@context\":\"https:\/\/schema.org\",\"@graph\":[{\"@type\":\"WebSite\",\"@id\":\"https:\/\/www.ikonorm.com\/#website\",\"url\":\"https:\/\/www.ikonorm.com\/\",\"name\":\"Tienda de normas e informaci\\u00f3n t\\u00e9cnica- IKONORM\",\"description\":\"\",\"potentialAction\":[{\"@type\":\"SearchAction\",\"target\":\"https:\/\/www.ikonorm.com\/?s={search_term_string}\",\"query-input\":\"required name=search_term_string\"}],\"inLanguage\":\"es\"},{\"@type\":\"WebPage\",\"@id\":\"https:\/\/www.ikonorm.com\/index.php\/pt\/packs\/#webpage\",\"url\":\"https:\/\/www.ikonorm.com\/index.php\/pt\/packs\/\",\"name\":\"Packs - Tienda de normas e informaci\\u00f3n t\\u00e9cnica- IKONORM\",\"isPartOf\":{\"@id\":\"https:\/\/www.ikonorm.com\/#website\"},\"datePublished\":\"2020-11-04T14:56:58+00:00\",\"dateModified\":\"2020-11-04T15:00:16+00:00\",\"breadcrumb\":{\"@id\":\"https:\/\/www.ikonorm.com\/index.php\/pt\/packs\/#breadcrumb\"},\"inLanguage\":\"es\",\"potentialAction\":[{\"@type\":\"ReadAction\",\"target\":[\"https:\/\/www.ikonorm.com\/index.php\/pt\/packs\/\"]}]},{\"@type\":\"BreadcrumbList\",\"@id\":\"https:\/\/www.ikonorm.com\/index.php\/pt\/packs\/#breadcrumb\",\"itemListElement\":[{\"@type\":\"ListItem\",\"position\":1,\"item\":{\"@type\":\"WebPage\",\"@id\":\"https:\/\/www.ikonorm.com\/\",\"url\":\"https:\/\/www.ikonorm.com\/\",\"name\":\"Portada\"}},{\"@type\":\"ListItem\",\"position\":2,\"item\":{\"@type\":\"WebPage\",\"@id\":\"https:\/\/www.ikonorm.com\/index.php\/pt\/packs\/\",\"url\":\"https:\/\/www.ikonorm.com\/index.php\/pt\/packs\/\",\"name\":\"Packs\"}}]}]}<\/script>\n<!-- \/ Yoast SEO plugin. -->","_links":{"self":[{"href":"https:\/\/www.ikonorm.com\/index.php\/wp-json\/wp\/v2\/pages\/848","targetHints":{"allow":["GET"]}}],"collection":[{"href":"https:\/\/www.ikonorm.com\/index.php\/wp-json\/wp\/v2\/pages"}],"about":[{"href":"https:\/\/www.ikonorm.com\/index.php\/wp-json\/wp\/v2\/types\/page"}],"author":[{"embeddable":true,"href":"https:\/\/www.ikonorm.com\/index.php\/wp-json\/wp\/v2\/users\/1"}],"replies":[{"embeddable":true,"href":"https:\/\/www.ikonorm.com\/index.php\/wp-json\/wp\/v2\/comments?post=848"}],"version-history":[{"count":2,"href":"https:\/\/www.ikonorm.com\/index.php\/wp-json\/wp\/v2\/pages\/848\/revisions"}],"predecessor-version":[{"id":852,"href":"https:\/\/www.ikonorm.com\/index.php\/wp-json\/wp\/v2\/pages\/848\/revisions\/852"}],"wp:attachment":[{"href":"https:\/\/www.ikonorm.com\/index.php\/wp-json\/wp\/v2\/media?parent=848"}],"curies":[{"name":"wp","href":"https:\/\/api.w.org\/{rel}","templated":true}]}}