{"id":842,"date":"2020-11-04T14:51:03","date_gmt":"2020-11-04T14:51:03","guid":{"rendered":"https:\/\/www.ikonorm.com\/?page_id=842"},"modified":"2020-11-04T14:54:09","modified_gmt":"2020-11-04T14:54:09","slug":"manuais-vasos-de-pressao","status":"publish","type":"page","link":"https:\/\/www.ikonorm.com\/index.php\/pt\/manuais-vasos-de-pressao\/","title":{"rendered":"Manuais \/ Vasos de press\u00e3o"},"content":{"rendered":"\t\t<div data-elementor-type=\"wp-page\" data-elementor-id=\"842\" class=\"elementor elementor-842\" data-elementor-settings=\"[]\">\n\t\t\t\t\t\t<div class=\"elementor-inner\">\n\t\t\t\t\t\t\t<div class=\"elementor-section-wrap\">\n\t\t\t\t\t\t\t<section class=\"elementor-section elementor-top-section elementor-element elementor-element-168f1bc elementor-section-boxed elementor-section-height-default elementor-section-height-default\" data-id=\"168f1bc\" data-element_type=\"section\">\n\t\t\t\t\t\t<div class=\"elementor-container elementor-column-gap-default\">\n\t\t\t\t\t\t\t<div class=\"elementor-row\">\n\t\t\t\t\t<div class=\"elementor-column elementor-col-100 elementor-top-column elementor-element elementor-element-1c8d069\" data-id=\"1c8d069\" data-element_type=\"column\">\n\t\t\t<div class=\"elementor-column-wrap elementor-element-populated\">\n\t\t\t\t\t\t\t<div class=\"elementor-widget-wrap\">\n\t\t\t\t\t\t<div class=\"elementor-element elementor-element-5f6d2cb elementor-widget elementor-widget-heading\" data-id=\"5f6d2cb\" data-element_type=\"widget\" data-widget_type=\"heading.default\">\n\t\t\t\t<div class=\"elementor-widget-container\">\n\t\t\t<h2 class=\"elementor-heading-title elementor-size-default\">Manuais \/ Vasos de press\u00e3o<\/h2>\t\t<\/div>\n\t\t\t\t<\/div>\n\t\t\t\t\t\t<\/div>\n\t\t\t\t\t<\/div>\n\t\t<\/div>\n\t\t\t\t\t\t\t\t<\/div>\n\t\t\t\t\t<\/div>\n\t\t<\/section>\n\t\t\t\t<section class=\"elementor-section elementor-top-section elementor-element elementor-element-704aeb7 elementor-section-boxed elementor-section-height-default elementor-section-height-default\" data-id=\"704aeb7\" data-element_type=\"section\">\n\t\t\t\t\t\t<div class=\"elementor-container elementor-column-gap-default\">\n\t\t\t\t\t\t\t<div class=\"elementor-row\">\n\t\t\t\t\t<div class=\"elementor-column elementor-col-100 elementor-top-column elementor-element elementor-element-b21309f\" data-id=\"b21309f\" data-element_type=\"column\">\n\t\t\t<div class=\"elementor-column-wrap elementor-element-populated\">\n\t\t\t\t\t\t\t<div class=\"elementor-widget-wrap\">\n\t\t\t\t\t\t<div class=\"elementor-element elementor-element-03a9dbc elementor-products-columns-4 elementor-products-grid elementor-wc-products elementor-show-pagination-border-yes elementor-widget elementor-widget-woocommerce-products\" data-id=\"03a9dbc\" data-element_type=\"widget\" data-widget_type=\"woocommerce-products.default\">\n\t\t\t\t<div class=\"elementor-widget-container\">\n\t\t\t<div class=\"woocommerce columns-4 \"><ul class=\"products columns-4\">\n<li class=\"col-xs-6 col-sm-4 col-md-3 col-lg-3 un-4-cols product type-product post-1004 status-publish first instock product_cat-manuais product_cat-vasos-de-pressao-manuais has-post-thumbnail shipping-taxable purchasable product-type-simple\">\r\n\t<div class=\"product-inner  clearfix\"><div class=\"mf-product-thumbnail\"><a href=\"https:\/\/www.ikonorm.com\/index.php\/producto\/asme-bpvc-ii-d-codigo-asme-bpvc-ii-d-2019-2\/\"><img loading=\"lazy\" decoding=\"async\" src=\"https:\/\/www.ikonorm.com\/wp-content\/themes\/martfury\/images\/transparent.png\" data-original=\"https:\/\/www.ikonorm.com\/wp-content\/uploads\/2020\/05\/433x449-NORMAS-ASME-BPVC-II-D-IKONORM-300x300.jpg\"  alt=\"\" class=\"lazy \" width=\"300\" height=\"300\"><\/a><div class=\"footer-button\"><a href=\"?add-to-cart=1004\" data-quantity=\"1\" data-title=\"ASME BPVC-II D CODIGO ASME  BPVC.II.D-2019\" class=\"button product_type_simple add_to_cart_button ajax_add_to_cart\" data-product_id=\"1004\" data-product_sku=\"\" aria-label=\"Add &ldquo;ASME BPVC-II D CODIGO ASME  BPVC.II.D-2019&rdquo; to your cart\" rel=\"nofollow\"><i class=\"p-icon icon-bag2\" data-rel=\"tooltip\" title=\"Add to cart\"><\/i><span class=\"add-to-cart-text\">Add to cart<\/span><\/a><a href=\"https:\/\/www.ikonorm.com\/index.php\/producto\/asme-bpvc-ii-d-codigo-asme-bpvc-ii-d-2019-2\/\" data-id=\"1004\"  class=\"mf-product-quick-view\"><i class=\"p-icon icon-eye\" title=\"Quick View\" data-rel=\"tooltip\"><\/i><\/a>\r\n<div class=\"yith-wcwl-add-to-wishlist add-to-wishlist-1004  wishlist-fragment on-first-load\"\r\n     data-fragment-ref=\"1004\"\r\n     data-fragment-options=\"{&quot;base_url&quot;:&quot;&quot;,&quot;in_default_wishlist&quot;:false,&quot;is_single&quot;:false,&quot;show_exists&quot;:false,&quot;product_id&quot;:1004,&quot;parent_product_id&quot;:1004,&quot;product_type&quot;:&quot;simple&quot;,&quot;show_view&quot;:false,&quot;browse_wishlist_text&quot;:&quot;Explorar la lista de deseos&quot;,&quot;already_in_wishslist_text&quot;:&quot;\\u00a1El producto ya est\\u00e1 en la lista de deseos!&quot;,&quot;product_added_text&quot;:&quot;\\u00a1Producto a\\u00f1adido!&quot;,&quot;heading_icon&quot;:&quot;fa-heart-o&quot;,&quot;available_multi_wishlist&quot;:false,&quot;disable_wishlist&quot;:false,&quot;show_count&quot;:false,&quot;ajax_loading&quot;:false,&quot;loop_position&quot;:&quot;after_add_to_cart&quot;,&quot;item&quot;:&quot;add_to_wishlist&quot;}\">\r\n\t\t\t\r\n            <!-- ADD TO WISHLIST -->\r\n\t\t\t\r\n<div class=\"yith-wcwl-add-button\">\r\n    <a href=\"?add_to_wishlist=1004\" data-rel=\"tooltip\"\r\n       data-product-id=\"1004\" data-product-type=\"simple\"\r\n       data-original-product-id=\"1004\" class=\"add_to_wishlist single_add_to_wishlist\"\r\n       data-product-title=\"ASME BPVC-II D CODIGO ASME  BPVC.II.D-2019\" title=\"A\u00f1adir a la lista de deseos\">\r\n\t\t<i class=\"yith-wcwl-icon fa fa-heart-o\"><\/i>        <span>A\u00f1adir a la lista de deseos<\/span>\r\n    <\/a>\r\n<\/div>\r\n            <!-- COUNT TEXT -->\r\n\t\t\t\r\n\t\t\t<\/div><div class=\"compare-button mf-compare-button\"><a href=\"https:\/\/www.ikonorm.com?action=yith-woocompare-add-product&#038;id=1004&#038;lang=all\" class=\"compare\" title=\"Compare\" data-product_id=\"1004\">Compare<\/a><\/div><\/div><\/div><div class=\"mf-product-details\"><div class=\"mf-product-content\"><h2><a href=\"https:\/\/www.ikonorm.com\/index.php\/producto\/asme-bpvc-ii-d-codigo-asme-bpvc-ii-d-2019-2\/\">ASME BPVC-II D CODIGO ASME  BPVC.II.D-2019<\/a><\/h2><\/div><div class=\"mf-product-price-box\"><\/div><div class=\"mf-product-details-hover\"><h2><a href=\"https:\/\/www.ikonorm.com\/index.php\/producto\/asme-bpvc-ii-d-codigo-asme-bpvc-ii-d-2019-2\/\">ASME BPVC-II D CODIGO ASME  BPVC.II.D-2019<\/a><\/h2>\n\t<span class=\"price\"><span class=\"woocommerce-Price-amount amount\"><bdi><span class=\"woocommerce-Price-currencySymbol\">&#36;<\/span>690.00<\/bdi><\/span><\/span>\n<\/div><\/div><\/div><\/li>\r\n<li class=\"col-xs-6 col-sm-4 col-md-3 col-lg-3 un-4-cols product type-product post-1001 status-publish instock product_cat-manuais product_cat-vasos-de-pressao-manuais has-post-thumbnail shipping-taxable purchasable product-type-simple\">\r\n\t<div class=\"product-inner  clearfix\"><div class=\"mf-product-thumbnail\"><a href=\"https:\/\/www.ikonorm.com\/index.php\/producto\/asme-bpvc-ii-a-codigo-asme-bpvc-ii-a-2019-2\/\"><img loading=\"lazy\" decoding=\"async\" src=\"https:\/\/www.ikonorm.com\/wp-content\/themes\/martfury\/images\/transparent.png\" data-original=\"https:\/\/www.ikonorm.com\/wp-content\/uploads\/2020\/05\/433x449-NORMAS-ASME-BPVC-II-A-IKONORM-1-300x300.jpg\"  alt=\"\" class=\"lazy \" width=\"300\" height=\"300\"><\/a><div class=\"footer-button\"><a href=\"?add-to-cart=1001\" data-quantity=\"1\" data-title=\"ASME BPVC-II A  CODIGO ASME BPVC.II.A-2019\" class=\"button product_type_simple add_to_cart_button ajax_add_to_cart\" data-product_id=\"1001\" data-product_sku=\"\" aria-label=\"Add &ldquo;ASME BPVC-II A  CODIGO ASME BPVC.II.A-2019&rdquo; to your cart\" rel=\"nofollow\"><i class=\"p-icon icon-bag2\" data-rel=\"tooltip\" title=\"Add to cart\"><\/i><span class=\"add-to-cart-text\">Add to cart<\/span><\/a><a href=\"https:\/\/www.ikonorm.com\/index.php\/producto\/asme-bpvc-ii-a-codigo-asme-bpvc-ii-a-2019-2\/\" data-id=\"1001\"  class=\"mf-product-quick-view\"><i class=\"p-icon icon-eye\" title=\"Quick View\" data-rel=\"tooltip\"><\/i><\/a>\r\n<div class=\"yith-wcwl-add-to-wishlist add-to-wishlist-1001  wishlist-fragment on-first-load\"\r\n     data-fragment-ref=\"1001\"\r\n     data-fragment-options=\"{&quot;base_url&quot;:&quot;&quot;,&quot;in_default_wishlist&quot;:false,&quot;is_single&quot;:false,&quot;show_exists&quot;:false,&quot;product_id&quot;:1001,&quot;parent_product_id&quot;:1001,&quot;product_type&quot;:&quot;simple&quot;,&quot;show_view&quot;:false,&quot;browse_wishlist_text&quot;:&quot;Explorar la lista de deseos&quot;,&quot;already_in_wishslist_text&quot;:&quot;\\u00a1El producto ya est\\u00e1 en la lista de deseos!&quot;,&quot;product_added_text&quot;:&quot;\\u00a1Producto a\\u00f1adido!&quot;,&quot;heading_icon&quot;:&quot;fa-heart-o&quot;,&quot;available_multi_wishlist&quot;:false,&quot;disable_wishlist&quot;:false,&quot;show_count&quot;:false,&quot;ajax_loading&quot;:false,&quot;loop_position&quot;:&quot;after_add_to_cart&quot;,&quot;item&quot;:&quot;add_to_wishlist&quot;}\">\r\n\t\t\t\r\n            <!-- ADD TO WISHLIST -->\r\n\t\t\t\r\n<div class=\"yith-wcwl-add-button\">\r\n    <a href=\"?add_to_wishlist=1001\" data-rel=\"tooltip\"\r\n       data-product-id=\"1001\" data-product-type=\"simple\"\r\n       data-original-product-id=\"1001\" class=\"add_to_wishlist single_add_to_wishlist\"\r\n       data-product-title=\"ASME BPVC-II A  CODIGO ASME BPVC.II.A-2019\" title=\"A\u00f1adir a la lista de deseos\">\r\n\t\t<i class=\"yith-wcwl-icon fa fa-heart-o\"><\/i>        <span>A\u00f1adir a la lista de deseos<\/span>\r\n    <\/a>\r\n<\/div>\r\n            <!-- COUNT TEXT -->\r\n\t\t\t\r\n\t\t\t<\/div><div class=\"compare-button mf-compare-button\"><a href=\"https:\/\/www.ikonorm.com?action=yith-woocompare-add-product&#038;id=1001&#038;lang=all\" class=\"compare\" title=\"Compare\" data-product_id=\"1001\">Compare<\/a><\/div><\/div><\/div><div class=\"mf-product-details\"><div class=\"mf-product-content\"><h2><a href=\"https:\/\/www.ikonorm.com\/index.php\/producto\/asme-bpvc-ii-a-codigo-asme-bpvc-ii-a-2019-2\/\">ASME BPVC-II A  CODIGO ASME BPVC.II.A-2019<\/a><\/h2><\/div><div class=\"mf-product-price-box\"><\/div><div class=\"mf-product-details-hover\"><h2><a href=\"https:\/\/www.ikonorm.com\/index.php\/producto\/asme-bpvc-ii-a-codigo-asme-bpvc-ii-a-2019-2\/\">ASME BPVC-II A  CODIGO ASME BPVC.II.A-2019<\/a><\/h2>\n\t<span class=\"price\"><span class=\"woocommerce-Price-amount amount\"><bdi><span class=\"woocommerce-Price-currencySymbol\">&#36;<\/span>690.00<\/bdi><\/span><\/span>\n<\/div><\/div><\/div><\/li>\r\n<li class=\"col-xs-6 col-sm-4 col-md-3 col-lg-3 un-4-cols product type-product post-1002 status-publish instock product_cat-manuais product_cat-vasos-de-pressao-manuais has-post-thumbnail shipping-taxable purchasable product-type-simple\">\r\n\t<div class=\"product-inner  clearfix\"><div class=\"mf-product-thumbnail\"><a href=\"https:\/\/www.ikonorm.com\/index.php\/producto\/asme-bpvc-ii-b-codigo-asme-bpvc-ii-b-2019-2\/\"><img loading=\"lazy\" decoding=\"async\" src=\"https:\/\/www.ikonorm.com\/wp-content\/themes\/martfury\/images\/transparent.png\" data-original=\"https:\/\/www.ikonorm.com\/wp-content\/uploads\/2020\/05\/433x449-NORMAS-ASME-BPVC-II-B-IKONORM-1-300x300.jpg\"  alt=\"\" class=\"lazy \" width=\"300\" height=\"300\"><\/a><div class=\"footer-button\"><a href=\"?add-to-cart=1002\" data-quantity=\"1\" data-title=\"ASME BPVC-II B  CODIGO ASME BPVC.II.B-2019\" class=\"button product_type_simple add_to_cart_button ajax_add_to_cart\" data-product_id=\"1002\" data-product_sku=\"\" aria-label=\"Add &ldquo;ASME BPVC-II B  CODIGO ASME BPVC.II.B-2019&rdquo; to your cart\" rel=\"nofollow\"><i class=\"p-icon icon-bag2\" data-rel=\"tooltip\" title=\"Add to cart\"><\/i><span class=\"add-to-cart-text\">Add to cart<\/span><\/a><a href=\"https:\/\/www.ikonorm.com\/index.php\/producto\/asme-bpvc-ii-b-codigo-asme-bpvc-ii-b-2019-2\/\" data-id=\"1002\"  class=\"mf-product-quick-view\"><i class=\"p-icon icon-eye\" title=\"Quick View\" data-rel=\"tooltip\"><\/i><\/a>\r\n<div class=\"yith-wcwl-add-to-wishlist add-to-wishlist-1002  wishlist-fragment on-first-load\"\r\n     data-fragment-ref=\"1002\"\r\n     data-fragment-options=\"{&quot;base_url&quot;:&quot;&quot;,&quot;in_default_wishlist&quot;:false,&quot;is_single&quot;:false,&quot;show_exists&quot;:false,&quot;product_id&quot;:1002,&quot;parent_product_id&quot;:1002,&quot;product_type&quot;:&quot;simple&quot;,&quot;show_view&quot;:false,&quot;browse_wishlist_text&quot;:&quot;Explorar la lista de deseos&quot;,&quot;already_in_wishslist_text&quot;:&quot;\\u00a1El producto ya est\\u00e1 en la lista de deseos!&quot;,&quot;product_added_text&quot;:&quot;\\u00a1Producto a\\u00f1adido!&quot;,&quot;heading_icon&quot;:&quot;fa-heart-o&quot;,&quot;available_multi_wishlist&quot;:false,&quot;disable_wishlist&quot;:false,&quot;show_count&quot;:false,&quot;ajax_loading&quot;:false,&quot;loop_position&quot;:&quot;after_add_to_cart&quot;,&quot;item&quot;:&quot;add_to_wishlist&quot;}\">\r\n\t\t\t\r\n            <!-- ADD TO WISHLIST -->\r\n\t\t\t\r\n<div class=\"yith-wcwl-add-button\">\r\n    <a href=\"?add_to_wishlist=1002\" data-rel=\"tooltip\"\r\n       data-product-id=\"1002\" data-product-type=\"simple\"\r\n       data-original-product-id=\"1002\" class=\"add_to_wishlist single_add_to_wishlist\"\r\n       data-product-title=\"ASME BPVC-II B  CODIGO ASME BPVC.II.B-2019\" title=\"A\u00f1adir a la lista de deseos\">\r\n\t\t<i class=\"yith-wcwl-icon fa fa-heart-o\"><\/i>        <span>A\u00f1adir a la lista de deseos<\/span>\r\n    <\/a>\r\n<\/div>\r\n            <!-- COUNT TEXT -->\r\n\t\t\t\r\n\t\t\t<\/div><div class=\"compare-button mf-compare-button\"><a href=\"https:\/\/www.ikonorm.com?action=yith-woocompare-add-product&#038;id=1002&#038;lang=all\" class=\"compare\" title=\"Compare\" data-product_id=\"1002\">Compare<\/a><\/div><\/div><\/div><div class=\"mf-product-details\"><div class=\"mf-product-content\"><h2><a href=\"https:\/\/www.ikonorm.com\/index.php\/producto\/asme-bpvc-ii-b-codigo-asme-bpvc-ii-b-2019-2\/\">ASME BPVC-II B  CODIGO ASME BPVC.II.B-2019<\/a><\/h2><\/div><div class=\"mf-product-price-box\"><\/div><div class=\"mf-product-details-hover\"><h2><a href=\"https:\/\/www.ikonorm.com\/index.php\/producto\/asme-bpvc-ii-b-codigo-asme-bpvc-ii-b-2019-2\/\">ASME BPVC-II B  CODIGO ASME BPVC.II.B-2019<\/a><\/h2>\n\t<span class=\"price\"><span class=\"woocommerce-Price-amount amount\"><bdi><span class=\"woocommerce-Price-currencySymbol\">&#36;<\/span>690.00<\/bdi><\/span><\/span>\n<\/div><\/div><\/div><\/li>\r\n<li class=\"col-xs-6 col-sm-4 col-md-3 col-lg-3 un-4-cols product type-product post-999 status-publish last instock product_cat-manuais product_cat-vasos-de-pressao-manuais has-post-thumbnail shipping-taxable purchasable product-type-simple\">\r\n\t<div class=\"product-inner  clearfix\"><div class=\"mf-product-thumbnail\"><a href=\"https:\/\/www.ikonorm.com\/index.php\/producto\/asme-bpvc-ii-c-codigo-asme-bpvc-ii-c-2019-2\/\"><img loading=\"lazy\" decoding=\"async\" src=\"https:\/\/www.ikonorm.com\/wp-content\/themes\/martfury\/images\/transparent.png\" data-original=\"https:\/\/www.ikonorm.com\/wp-content\/uploads\/2020\/05\/433x449-NORMAS-ASME-BPVC-II-C-IKONORM-1-300x300.jpg\"  alt=\"\" class=\"lazy \" width=\"300\" height=\"300\"><\/a><div class=\"footer-button\"><a href=\"?add-to-cart=999\" data-quantity=\"1\" data-title=\"ASME BPVC-II C  CODIGO ASME       BPVC.II.C-2019\" class=\"button product_type_simple add_to_cart_button ajax_add_to_cart\" data-product_id=\"999\" data-product_sku=\"\" aria-label=\"Add &ldquo;ASME BPVC-II C  CODIGO ASME       BPVC.II.C-2019&rdquo; to your cart\" rel=\"nofollow\"><i class=\"p-icon icon-bag2\" data-rel=\"tooltip\" title=\"Add to cart\"><\/i><span class=\"add-to-cart-text\">Add to cart<\/span><\/a><a href=\"https:\/\/www.ikonorm.com\/index.php\/producto\/asme-bpvc-ii-c-codigo-asme-bpvc-ii-c-2019-2\/\" data-id=\"999\"  class=\"mf-product-quick-view\"><i class=\"p-icon icon-eye\" title=\"Quick View\" data-rel=\"tooltip\"><\/i><\/a>\r\n<div class=\"yith-wcwl-add-to-wishlist add-to-wishlist-999  wishlist-fragment on-first-load\"\r\n     data-fragment-ref=\"999\"\r\n     data-fragment-options=\"{&quot;base_url&quot;:&quot;&quot;,&quot;in_default_wishlist&quot;:false,&quot;is_single&quot;:false,&quot;show_exists&quot;:false,&quot;product_id&quot;:999,&quot;parent_product_id&quot;:999,&quot;product_type&quot;:&quot;simple&quot;,&quot;show_view&quot;:false,&quot;browse_wishlist_text&quot;:&quot;Explorar la lista de deseos&quot;,&quot;already_in_wishslist_text&quot;:&quot;\\u00a1El producto ya est\\u00e1 en la lista de deseos!&quot;,&quot;product_added_text&quot;:&quot;\\u00a1Producto a\\u00f1adido!&quot;,&quot;heading_icon&quot;:&quot;fa-heart-o&quot;,&quot;available_multi_wishlist&quot;:false,&quot;disable_wishlist&quot;:false,&quot;show_count&quot;:false,&quot;ajax_loading&quot;:false,&quot;loop_position&quot;:&quot;after_add_to_cart&quot;,&quot;item&quot;:&quot;add_to_wishlist&quot;}\">\r\n\t\t\t\r\n            <!-- ADD TO WISHLIST -->\r\n\t\t\t\r\n<div class=\"yith-wcwl-add-button\">\r\n    <a href=\"?add_to_wishlist=999\" data-rel=\"tooltip\"\r\n       data-product-id=\"999\" data-product-type=\"simple\"\r\n       data-original-product-id=\"999\" class=\"add_to_wishlist single_add_to_wishlist\"\r\n       data-product-title=\"ASME BPVC-II C  CODIGO ASME       BPVC.II.C-2019\" title=\"A\u00f1adir a la lista de deseos\">\r\n\t\t<i class=\"yith-wcwl-icon fa fa-heart-o\"><\/i>        <span>A\u00f1adir a la lista de deseos<\/span>\r\n    <\/a>\r\n<\/div>\r\n            <!-- COUNT TEXT -->\r\n\t\t\t\r\n\t\t\t<\/div><div class=\"compare-button mf-compare-button\"><a href=\"https:\/\/www.ikonorm.com?action=yith-woocompare-add-product&#038;id=999&#038;lang=all\" class=\"compare\" title=\"Compare\" data-product_id=\"999\">Compare<\/a><\/div><\/div><\/div><div class=\"mf-product-details\"><div class=\"mf-product-content\"><h2><a href=\"https:\/\/www.ikonorm.com\/index.php\/producto\/asme-bpvc-ii-c-codigo-asme-bpvc-ii-c-2019-2\/\">ASME BPVC-II C  CODIGO ASME       BPVC.II.C-2019<\/a><\/h2><\/div><div class=\"mf-product-price-box\"><\/div><div class=\"mf-product-details-hover\"><h2><a href=\"https:\/\/www.ikonorm.com\/index.php\/producto\/asme-bpvc-ii-c-codigo-asme-bpvc-ii-c-2019-2\/\">ASME BPVC-II C  CODIGO ASME       BPVC.II.C-2019<\/a><\/h2>\n\t<span class=\"price\"><span class=\"woocommerce-Price-amount amount\"><bdi><span class=\"woocommerce-Price-currencySymbol\">&#36;<\/span>790.00<\/bdi><\/span><\/span>\n<\/div><\/div><\/div><\/li>\r\n<li class=\"col-xs-6 col-sm-4 col-md-3 col-lg-3 un-4-cols product type-product post-998 status-publish first instock product_cat-manuais product_cat-vasos-de-pressao-manuais has-post-thumbnail shipping-taxable purchasable product-type-simple\">\r\n\t<div class=\"product-inner  clearfix\"><div class=\"mf-product-thumbnail\"><a href=\"https:\/\/www.ikonorm.com\/index.php\/producto\/asme-bpvc-viii-1-codigo-asme-bpvc-viii-1-2019-2\/\"><img loading=\"lazy\" decoding=\"async\" src=\"https:\/\/www.ikonorm.com\/wp-content\/themes\/martfury\/images\/transparent.png\" data-original=\"https:\/\/www.ikonorm.com\/wp-content\/uploads\/2020\/05\/433x449-NORMAS-ASME-BPVC-VIII-1-IKONORM-1-300x300.jpg\"  alt=\"\" class=\"lazy \" width=\"300\" height=\"300\"><\/a><div class=\"footer-button\"><a href=\"?add-to-cart=998\" data-quantity=\"1\" data-title=\"ASME BPVC -VIII-1 CODIGO ASME        BPVC.VIII.1-2019\" class=\"button product_type_simple add_to_cart_button ajax_add_to_cart\" data-product_id=\"998\" data-product_sku=\"\" aria-label=\"Add &ldquo;ASME BPVC -VIII-1 CODIGO ASME        BPVC.VIII.1-2019&rdquo; to your cart\" rel=\"nofollow\"><i class=\"p-icon icon-bag2\" data-rel=\"tooltip\" title=\"Add to cart\"><\/i><span class=\"add-to-cart-text\">Add to cart<\/span><\/a><a href=\"https:\/\/www.ikonorm.com\/index.php\/producto\/asme-bpvc-viii-1-codigo-asme-bpvc-viii-1-2019-2\/\" data-id=\"998\"  class=\"mf-product-quick-view\"><i class=\"p-icon icon-eye\" title=\"Quick View\" data-rel=\"tooltip\"><\/i><\/a>\r\n<div class=\"yith-wcwl-add-to-wishlist add-to-wishlist-998  wishlist-fragment on-first-load\"\r\n     data-fragment-ref=\"998\"\r\n     data-fragment-options=\"{&quot;base_url&quot;:&quot;&quot;,&quot;in_default_wishlist&quot;:false,&quot;is_single&quot;:false,&quot;show_exists&quot;:false,&quot;product_id&quot;:998,&quot;parent_product_id&quot;:998,&quot;product_type&quot;:&quot;simple&quot;,&quot;show_view&quot;:false,&quot;browse_wishlist_text&quot;:&quot;Explorar la lista de deseos&quot;,&quot;already_in_wishslist_text&quot;:&quot;\\u00a1El producto ya est\\u00e1 en la lista de deseos!&quot;,&quot;product_added_text&quot;:&quot;\\u00a1Producto a\\u00f1adido!&quot;,&quot;heading_icon&quot;:&quot;fa-heart-o&quot;,&quot;available_multi_wishlist&quot;:false,&quot;disable_wishlist&quot;:false,&quot;show_count&quot;:false,&quot;ajax_loading&quot;:false,&quot;loop_position&quot;:&quot;after_add_to_cart&quot;,&quot;item&quot;:&quot;add_to_wishlist&quot;}\">\r\n\t\t\t\r\n            <!-- ADD TO WISHLIST -->\r\n\t\t\t\r\n<div class=\"yith-wcwl-add-button\">\r\n    <a href=\"?add_to_wishlist=998\" data-rel=\"tooltip\"\r\n       data-product-id=\"998\" data-product-type=\"simple\"\r\n       data-original-product-id=\"998\" class=\"add_to_wishlist single_add_to_wishlist\"\r\n       data-product-title=\"ASME BPVC -VIII-1 CODIGO ASME        BPVC.VIII.1-2019\" title=\"A\u00f1adir a la lista de deseos\">\r\n\t\t<i class=\"yith-wcwl-icon fa fa-heart-o\"><\/i>        <span>A\u00f1adir a la lista de deseos<\/span>\r\n    <\/a>\r\n<\/div>\r\n            <!-- COUNT TEXT -->\r\n\t\t\t\r\n\t\t\t<\/div><div class=\"compare-button mf-compare-button\"><a href=\"https:\/\/www.ikonorm.com?action=yith-woocompare-add-product&#038;id=998&#038;lang=all\" class=\"compare\" title=\"Compare\" data-product_id=\"998\">Compare<\/a><\/div><\/div><\/div><div class=\"mf-product-details\"><div class=\"mf-product-content\"><h2><a href=\"https:\/\/www.ikonorm.com\/index.php\/producto\/asme-bpvc-viii-1-codigo-asme-bpvc-viii-1-2019-2\/\">ASME BPVC -VIII-1 CODIGO ASME        BPVC.VIII.1-2019<\/a><\/h2><\/div><div class=\"mf-product-price-box\"><\/div><div class=\"mf-product-details-hover\"><h2><a href=\"https:\/\/www.ikonorm.com\/index.php\/producto\/asme-bpvc-viii-1-codigo-asme-bpvc-viii-1-2019-2\/\">ASME BPVC -VIII-1 CODIGO ASME        BPVC.VIII.1-2019<\/a><\/h2>\n\t<span class=\"price\"><span class=\"woocommerce-Price-amount amount\"><bdi><span class=\"woocommerce-Price-currencySymbol\">&#36;<\/span>704.00<\/bdi><\/span><\/span>\n<\/div><\/div><\/div><\/li>\r\n<\/ul>\n<\/div>\t\t<\/div>\n\t\t\t\t<\/div>\n\t\t\t\t\t\t<\/div>\n\t\t\t\t\t<\/div>\n\t\t<\/div>\n\t\t\t\t\t\t\t\t<\/div>\n\t\t\t\t\t<\/div>\n\t\t<\/section>\n\t\t\t\t\t\t<\/div>\n\t\t\t\t\t\t<\/div>\n\t\t\t\t\t<\/div>\n\t\t","protected":false},"excerpt":{"rendered":"<p>Manuais \/ Vasos de press\u00e3o<\/p>\n","protected":false},"author":1,"featured_media":0,"parent":0,"menu_order":0,"comment_status":"closed","ping_status":"closed","template":"","meta":{"_monsterinsights_skip_tracking":false,"_monsterinsights_sitenote_active":false,"_monsterinsights_sitenote_note":"","_monsterinsights_sitenote_category":0,"footnotes":""},"class_list":["post-842","page","type-page","status-publish","hentry"],"yoast_head":"<!-- This site is optimized with the Yoast SEO plugin v15.9.2 - https:\/\/yoast.com\/wordpress\/plugins\/seo\/ -->\n<title>Manuais \/ Vasos de press\u00e3o - Tienda de normas e informaci\u00f3n t\u00e9cnica- IKONORM<\/title>\n<link rel=\"canonical\" href=\"https:\/\/www.ikonorm.com\/index.php\/pt\/manuais-vasos-de-pressao\/\" \/>\n<meta property=\"og:locale\" content=\"es_ES\" \/>\n<meta property=\"og:type\" content=\"article\" \/>\n<meta property=\"og:title\" content=\"Manuais \/ Vasos de press\u00e3o - Tienda de normas e informaci\u00f3n t\u00e9cnica- IKONORM\" \/>\n<meta property=\"og:description\" content=\"Manuais \/ Vasos de press\u00e3o\" \/>\n<meta property=\"og:url\" content=\"https:\/\/www.ikonorm.com\/index.php\/pt\/manuais-vasos-de-pressao\/\" \/>\n<meta property=\"og:site_name\" content=\"Tienda de normas e informaci\u00f3n t\u00e9cnica- IKONORM\" \/>\n<meta property=\"article:modified_time\" content=\"2020-11-04T14:54:09+00:00\" \/>\n<meta name=\"twitter:card\" content=\"summary_large_image\" \/>\n<script type=\"application\/ld+json\" class=\"yoast-schema-graph\">{\"@context\":\"https:\/\/schema.org\",\"@graph\":[{\"@type\":\"WebSite\",\"@id\":\"https:\/\/www.ikonorm.com\/#website\",\"url\":\"https:\/\/www.ikonorm.com\/\",\"name\":\"Tienda de normas e informaci\\u00f3n t\\u00e9cnica- IKONORM\",\"description\":\"\",\"potentialAction\":[{\"@type\":\"SearchAction\",\"target\":\"https:\/\/www.ikonorm.com\/?s={search_term_string}\",\"query-input\":\"required name=search_term_string\"}],\"inLanguage\":\"es\"},{\"@type\":\"WebPage\",\"@id\":\"https:\/\/www.ikonorm.com\/index.php\/pt\/manuais-vasos-de-pressao\/#webpage\",\"url\":\"https:\/\/www.ikonorm.com\/index.php\/pt\/manuais-vasos-de-pressao\/\",\"name\":\"Manuais \/ Vasos de press\\u00e3o - Tienda de normas e informaci\\u00f3n t\\u00e9cnica- IKONORM\",\"isPartOf\":{\"@id\":\"https:\/\/www.ikonorm.com\/#website\"},\"datePublished\":\"2020-11-04T14:51:03+00:00\",\"dateModified\":\"2020-11-04T14:54:09+00:00\",\"breadcrumb\":{\"@id\":\"https:\/\/www.ikonorm.com\/index.php\/pt\/manuais-vasos-de-pressao\/#breadcrumb\"},\"inLanguage\":\"es\",\"potentialAction\":[{\"@type\":\"ReadAction\",\"target\":[\"https:\/\/www.ikonorm.com\/index.php\/pt\/manuais-vasos-de-pressao\/\"]}]},{\"@type\":\"BreadcrumbList\",\"@id\":\"https:\/\/www.ikonorm.com\/index.php\/pt\/manuais-vasos-de-pressao\/#breadcrumb\",\"itemListElement\":[{\"@type\":\"ListItem\",\"position\":1,\"item\":{\"@type\":\"WebPage\",\"@id\":\"https:\/\/www.ikonorm.com\/\",\"url\":\"https:\/\/www.ikonorm.com\/\",\"name\":\"Portada\"}},{\"@type\":\"ListItem\",\"position\":2,\"item\":{\"@type\":\"WebPage\",\"@id\":\"https:\/\/www.ikonorm.com\/index.php\/pt\/manuais-vasos-de-pressao\/\",\"url\":\"https:\/\/www.ikonorm.com\/index.php\/pt\/manuais-vasos-de-pressao\/\",\"name\":\"Manuais \/ Vasos de press\\u00e3o\"}}]}]}<\/script>\n<!-- \/ Yoast SEO plugin. -->","_links":{"self":[{"href":"https:\/\/www.ikonorm.com\/index.php\/wp-json\/wp\/v2\/pages\/842","targetHints":{"allow":["GET"]}}],"collection":[{"href":"https:\/\/www.ikonorm.com\/index.php\/wp-json\/wp\/v2\/pages"}],"about":[{"href":"https:\/\/www.ikonorm.com\/index.php\/wp-json\/wp\/v2\/types\/page"}],"author":[{"embeddable":true,"href":"https:\/\/www.ikonorm.com\/index.php\/wp-json\/wp\/v2\/users\/1"}],"replies":[{"embeddable":true,"href":"https:\/\/www.ikonorm.com\/index.php\/wp-json\/wp\/v2\/comments?post=842"}],"version-history":[{"count":2,"href":"https:\/\/www.ikonorm.com\/index.php\/wp-json\/wp\/v2\/pages\/842\/revisions"}],"predecessor-version":[{"id":845,"href":"https:\/\/www.ikonorm.com\/index.php\/wp-json\/wp\/v2\/pages\/842\/revisions\/845"}],"wp:attachment":[{"href":"https:\/\/www.ikonorm.com\/index.php\/wp-json\/wp\/v2\/media?parent=842"}],"curies":[{"name":"wp","href":"https:\/\/api.w.org\/{rel}","templated":true}]}}