{"id":833,"date":"2020-10-30T16:10:47","date_gmt":"2020-10-30T16:10:47","guid":{"rendered":"https:\/\/www.ikonorm.com\/?page_id=833"},"modified":"2020-10-30T16:12:21","modified_gmt":"2020-10-30T16:12:21","slug":"manuais-ensaios","status":"publish","type":"page","link":"https:\/\/www.ikonorm.com\/index.php\/pt\/manuais-ensaios\/","title":{"rendered":"Manuais \/ Ensaios"},"content":{"rendered":"\t\t<div data-elementor-type=\"wp-page\" data-elementor-id=\"833\" class=\"elementor elementor-833\" data-elementor-settings=\"[]\">\n\t\t\t\t\t\t<div class=\"elementor-inner\">\n\t\t\t\t\t\t\t<div class=\"elementor-section-wrap\">\n\t\t\t\t\t\t\t<section class=\"elementor-section elementor-top-section elementor-element elementor-element-db2c956 elementor-section-boxed elementor-section-height-default elementor-section-height-default\" data-id=\"db2c956\" data-element_type=\"section\">\n\t\t\t\t\t\t<div class=\"elementor-container elementor-column-gap-default\">\n\t\t\t\t\t\t\t<div class=\"elementor-row\">\n\t\t\t\t\t<div class=\"elementor-column elementor-col-100 elementor-top-column elementor-element elementor-element-1fc245b\" data-id=\"1fc245b\" data-element_type=\"column\">\n\t\t\t<div class=\"elementor-column-wrap elementor-element-populated\">\n\t\t\t\t\t\t\t<div class=\"elementor-widget-wrap\">\n\t\t\t\t\t\t<div class=\"elementor-element elementor-element-c3f28f1 elementor-widget elementor-widget-heading\" data-id=\"c3f28f1\" data-element_type=\"widget\" data-widget_type=\"heading.default\">\n\t\t\t\t<div class=\"elementor-widget-container\">\n\t\t\t<h2 class=\"elementor-heading-title elementor-size-default\">Manuais \/ Ensaios<\/h2>\t\t<\/div>\n\t\t\t\t<\/div>\n\t\t\t\t<div class=\"elementor-element elementor-element-253768c elementor-products-columns-4 elementor-products-grid elementor-wc-products elementor-show-pagination-border-yes elementor-widget elementor-widget-woocommerce-products\" data-id=\"253768c\" data-element_type=\"widget\" data-widget_type=\"woocommerce-products.default\">\n\t\t\t\t<div class=\"elementor-widget-container\">\n\t\t\t<div class=\"woocommerce columns-4 \"><ul class=\"products columns-4\">\n<li class=\"col-xs-6 col-sm-4 col-md-3 col-lg-3 un-4-cols product type-product post-963 status-publish first instock product_cat-ensaios-manuais product_cat-manuais has-post-thumbnail shipping-taxable purchasable product-type-simple\">\r\n\t<div class=\"product-inner  clearfix\"><div class=\"mf-product-thumbnail\"><a href=\"https:\/\/www.ikonorm.com\/index.php\/producto\/manual-de-teste-de-materiais-avancados\/\"><img loading=\"lazy\" decoding=\"async\" src=\"https:\/\/www.ikonorm.com\/wp-content\/themes\/martfury\/images\/transparent.png\" data-original=\"https:\/\/www.ikonorm.com\/wp-content\/uploads\/2020\/05\/433x449-HANDBOOK-Advanced-Materials-Testing-IKONORM-300x300.jpg\"  alt=\"\" class=\"lazy \" width=\"300\" height=\"300\"><\/a><div class=\"footer-button\"><a href=\"?add-to-cart=963\" data-quantity=\"1\" data-title=\"Manual de teste de materiais avan\u00e7ados\" class=\"button product_type_simple add_to_cart_button ajax_add_to_cart\" data-product_id=\"963\" data-product_sku=\"\" aria-label=\"Add &ldquo;Manual de teste de materiais avan\u00e7ados&rdquo; to your cart\" rel=\"nofollow\"><i class=\"p-icon icon-bag2\" data-rel=\"tooltip\" title=\"Add to cart\"><\/i><span class=\"add-to-cart-text\">Add to cart<\/span><\/a><a href=\"https:\/\/www.ikonorm.com\/index.php\/producto\/manual-de-teste-de-materiais-avancados\/\" data-id=\"963\"  class=\"mf-product-quick-view\"><i class=\"p-icon icon-eye\" title=\"Quick View\" data-rel=\"tooltip\"><\/i><\/a>\r\n<div class=\"yith-wcwl-add-to-wishlist add-to-wishlist-963  wishlist-fragment on-first-load\"\r\n     data-fragment-ref=\"963\"\r\n     data-fragment-options=\"{&quot;base_url&quot;:&quot;&quot;,&quot;in_default_wishlist&quot;:false,&quot;is_single&quot;:false,&quot;show_exists&quot;:false,&quot;product_id&quot;:963,&quot;parent_product_id&quot;:963,&quot;product_type&quot;:&quot;simple&quot;,&quot;show_view&quot;:false,&quot;browse_wishlist_text&quot;:&quot;Explorar la lista de deseos&quot;,&quot;already_in_wishslist_text&quot;:&quot;\\u00a1El producto ya est\\u00e1 en la lista de deseos!&quot;,&quot;product_added_text&quot;:&quot;\\u00a1Producto a\\u00f1adido!&quot;,&quot;heading_icon&quot;:&quot;fa-heart-o&quot;,&quot;available_multi_wishlist&quot;:false,&quot;disable_wishlist&quot;:false,&quot;show_count&quot;:false,&quot;ajax_loading&quot;:false,&quot;loop_position&quot;:&quot;after_add_to_cart&quot;,&quot;item&quot;:&quot;add_to_wishlist&quot;}\">\r\n\t\t\t\r\n            <!-- ADD TO WISHLIST -->\r\n\t\t\t\r\n<div class=\"yith-wcwl-add-button\">\r\n    <a href=\"?add_to_wishlist=963\" data-rel=\"tooltip\"\r\n       data-product-id=\"963\" data-product-type=\"simple\"\r\n       data-original-product-id=\"963\" class=\"add_to_wishlist single_add_to_wishlist\"\r\n       data-product-title=\"Manual de teste de materiais avan\u00e7ados\" title=\"A\u00f1adir a la lista de deseos\">\r\n\t\t<i class=\"yith-wcwl-icon fa fa-heart-o\"><\/i>        <span>A\u00f1adir a la lista de deseos<\/span>\r\n    <\/a>\r\n<\/div>\r\n            <!-- COUNT TEXT -->\r\n\t\t\t\r\n\t\t\t<\/div><div class=\"compare-button mf-compare-button\"><a href=\"https:\/\/www.ikonorm.com?action=yith-woocompare-add-product&#038;id=963&#038;lang=all\" class=\"compare\" title=\"Compare\" data-product_id=\"963\">Compare<\/a><\/div><\/div><\/div><div class=\"mf-product-details\"><div class=\"mf-product-content\"><h2><a href=\"https:\/\/www.ikonorm.com\/index.php\/producto\/manual-de-teste-de-materiais-avancados\/\">Manual de teste de materiais avan\u00e7ados<\/a><\/h2><\/div><div class=\"mf-product-price-box\"><\/div><div class=\"mf-product-details-hover\"><h2><a href=\"https:\/\/www.ikonorm.com\/index.php\/producto\/manual-de-teste-de-materiais-avancados\/\">Manual de teste de materiais avan\u00e7ados<\/a><\/h2>\n\t<span class=\"price\"><span class=\"woocommerce-Price-amount amount\"><bdi><span class=\"woocommerce-Price-currencySymbol\">&#36;<\/span>455.00<\/bdi><\/span><\/span>\n<\/div><\/div><\/div><\/li>\r\n<li class=\"col-xs-6 col-sm-4 col-md-3 col-lg-3 un-4-cols product type-product post-957 status-publish instock product_cat-ensaios-manuais product_cat-manuais has-post-thumbnail shipping-taxable purchasable product-type-simple\">\r\n\t<div class=\"product-inner  clearfix\"><div class=\"mf-product-thumbnail\"><a href=\"https:\/\/www.ikonorm.com\/index.php\/producto\/uma-guia-de-qualificacao-e-certificacao-do-pessoal\/\"><img loading=\"lazy\" decoding=\"async\" src=\"https:\/\/www.ikonorm.com\/wp-content\/themes\/martfury\/images\/transparent.png\" data-original=\"https:\/\/www.ikonorm.com\/wp-content\/uploads\/2020\/05\/433x449-GUIA-Personnel-Qualification-Certification-IKONORM-300x300.jpg\"  alt=\"\" class=\"lazy \" width=\"300\" height=\"300\"><\/a><div class=\"footer-button\"><a href=\"?add-to-cart=957\" data-quantity=\"1\" data-title=\"Uma guia de qualifica\u00e7\u00e3o e certifica\u00e7\u00e3o do pessoal\" class=\"button product_type_simple add_to_cart_button ajax_add_to_cart\" data-product_id=\"957\" data-product_sku=\"\" aria-label=\"Add &ldquo;Uma guia de qualifica\u00e7\u00e3o e certifica\u00e7\u00e3o do pessoal&rdquo; to your cart\" rel=\"nofollow\"><i class=\"p-icon icon-bag2\" data-rel=\"tooltip\" title=\"Add to cart\"><\/i><span class=\"add-to-cart-text\">Add to cart<\/span><\/a><a href=\"https:\/\/www.ikonorm.com\/index.php\/producto\/uma-guia-de-qualificacao-e-certificacao-do-pessoal\/\" data-id=\"957\"  class=\"mf-product-quick-view\"><i class=\"p-icon icon-eye\" title=\"Quick View\" data-rel=\"tooltip\"><\/i><\/a>\r\n<div class=\"yith-wcwl-add-to-wishlist add-to-wishlist-957  wishlist-fragment on-first-load\"\r\n     data-fragment-ref=\"957\"\r\n     data-fragment-options=\"{&quot;base_url&quot;:&quot;&quot;,&quot;in_default_wishlist&quot;:false,&quot;is_single&quot;:false,&quot;show_exists&quot;:false,&quot;product_id&quot;:957,&quot;parent_product_id&quot;:957,&quot;product_type&quot;:&quot;simple&quot;,&quot;show_view&quot;:false,&quot;browse_wishlist_text&quot;:&quot;Explorar la lista de deseos&quot;,&quot;already_in_wishslist_text&quot;:&quot;\\u00a1El producto ya est\\u00e1 en la lista de deseos!&quot;,&quot;product_added_text&quot;:&quot;\\u00a1Producto a\\u00f1adido!&quot;,&quot;heading_icon&quot;:&quot;fa-heart-o&quot;,&quot;available_multi_wishlist&quot;:false,&quot;disable_wishlist&quot;:false,&quot;show_count&quot;:false,&quot;ajax_loading&quot;:false,&quot;loop_position&quot;:&quot;after_add_to_cart&quot;,&quot;item&quot;:&quot;add_to_wishlist&quot;}\">\r\n\t\t\t\r\n            <!-- ADD TO WISHLIST -->\r\n\t\t\t\r\n<div class=\"yith-wcwl-add-button\">\r\n    <a href=\"?add_to_wishlist=957\" data-rel=\"tooltip\"\r\n       data-product-id=\"957\" data-product-type=\"simple\"\r\n       data-original-product-id=\"957\" class=\"add_to_wishlist single_add_to_wishlist\"\r\n       data-product-title=\"Uma guia de qualifica\u00e7\u00e3o e certifica\u00e7\u00e3o do pessoal\" title=\"A\u00f1adir a la lista de deseos\">\r\n\t\t<i class=\"yith-wcwl-icon fa fa-heart-o\"><\/i>        <span>A\u00f1adir a la lista de deseos<\/span>\r\n    <\/a>\r\n<\/div>\r\n            <!-- COUNT TEXT -->\r\n\t\t\t\r\n\t\t\t<\/div><div class=\"compare-button mf-compare-button\"><a href=\"https:\/\/www.ikonorm.com?action=yith-woocompare-add-product&#038;id=957&#038;lang=all\" class=\"compare\" title=\"Compare\" data-product_id=\"957\">Compare<\/a><\/div><\/div><\/div><div class=\"mf-product-details\"><div class=\"mf-product-content\"><h2><a href=\"https:\/\/www.ikonorm.com\/index.php\/producto\/uma-guia-de-qualificacao-e-certificacao-do-pessoal\/\">Uma guia de qualifica\u00e7\u00e3o e certifica\u00e7\u00e3o do pessoal<\/a><\/h2><\/div><div class=\"mf-product-price-box\"><\/div><div class=\"mf-product-details-hover\"><h2><a href=\"https:\/\/www.ikonorm.com\/index.php\/producto\/uma-guia-de-qualificacao-e-certificacao-do-pessoal\/\">Uma guia de qualifica\u00e7\u00e3o e certifica\u00e7\u00e3o do pessoal<\/a><\/h2>\n\t<span class=\"price\"><span class=\"woocommerce-Price-amount amount\"><bdi><span class=\"woocommerce-Price-currencySymbol\">&#36;<\/span>25.00<\/bdi><\/span><\/span>\n<\/div><\/div><\/div><\/li>\r\n<li class=\"col-xs-6 col-sm-4 col-md-3 col-lg-3 un-4-cols product type-product post-956 status-publish instock product_cat-ensaios-manuais product_cat-manuais has-post-thumbnail shipping-taxable purchasable product-type-simple\">\r\n\t<div class=\"product-inner  clearfix\"><div class=\"mf-product-thumbnail\"><a href=\"https:\/\/www.ikonorm.com\/index.php\/producto\/manual-asm-avaliacao-nao-destrutiva-e-controle-de-qualidade\/\"><img loading=\"lazy\" decoding=\"async\" src=\"https:\/\/www.ikonorm.com\/wp-content\/themes\/martfury\/images\/transparent.png\" data-original=\"https:\/\/www.ikonorm.com\/wp-content\/uploads\/2020\/05\/433x449-HANDBOOK-ASM-Nondestructive-Evaluation-Quality-Control-IKONORM-300x300.jpg\"  alt=\"\" class=\"lazy \" width=\"300\" height=\"300\"><\/a><div class=\"footer-button\"><a href=\"?add-to-cart=956\" data-quantity=\"1\" data-title=\"Manual ASM: Avalia\u00e7\u00e3o n\u00e3o destrutiva e controle de qualidade\" class=\"button product_type_simple add_to_cart_button ajax_add_to_cart\" data-product_id=\"956\" data-product_sku=\"\" aria-label=\"Add &ldquo;Manual ASM: Avalia\u00e7\u00e3o n\u00e3o destrutiva e controle de qualidade&rdquo; to your cart\" rel=\"nofollow\"><i class=\"p-icon icon-bag2\" data-rel=\"tooltip\" title=\"Add to cart\"><\/i><span class=\"add-to-cart-text\">Add to cart<\/span><\/a><a href=\"https:\/\/www.ikonorm.com\/index.php\/producto\/manual-asm-avaliacao-nao-destrutiva-e-controle-de-qualidade\/\" data-id=\"956\"  class=\"mf-product-quick-view\"><i class=\"p-icon icon-eye\" title=\"Quick View\" data-rel=\"tooltip\"><\/i><\/a>\r\n<div class=\"yith-wcwl-add-to-wishlist add-to-wishlist-956  wishlist-fragment on-first-load\"\r\n     data-fragment-ref=\"956\"\r\n     data-fragment-options=\"{&quot;base_url&quot;:&quot;&quot;,&quot;in_default_wishlist&quot;:false,&quot;is_single&quot;:false,&quot;show_exists&quot;:false,&quot;product_id&quot;:956,&quot;parent_product_id&quot;:956,&quot;product_type&quot;:&quot;simple&quot;,&quot;show_view&quot;:false,&quot;browse_wishlist_text&quot;:&quot;Explorar la lista de deseos&quot;,&quot;already_in_wishslist_text&quot;:&quot;\\u00a1El producto ya est\\u00e1 en la lista de deseos!&quot;,&quot;product_added_text&quot;:&quot;\\u00a1Producto a\\u00f1adido!&quot;,&quot;heading_icon&quot;:&quot;fa-heart-o&quot;,&quot;available_multi_wishlist&quot;:false,&quot;disable_wishlist&quot;:false,&quot;show_count&quot;:false,&quot;ajax_loading&quot;:false,&quot;loop_position&quot;:&quot;after_add_to_cart&quot;,&quot;item&quot;:&quot;add_to_wishlist&quot;}\">\r\n\t\t\t\r\n            <!-- ADD TO WISHLIST -->\r\n\t\t\t\r\n<div class=\"yith-wcwl-add-button\">\r\n    <a href=\"?add_to_wishlist=956\" data-rel=\"tooltip\"\r\n       data-product-id=\"956\" data-product-type=\"simple\"\r\n       data-original-product-id=\"956\" class=\"add_to_wishlist single_add_to_wishlist\"\r\n       data-product-title=\"Manual ASM: Avalia\u00e7\u00e3o n\u00e3o destrutiva e controle de qualidade\" title=\"A\u00f1adir a la lista de deseos\">\r\n\t\t<i class=\"yith-wcwl-icon fa fa-heart-o\"><\/i>        <span>A\u00f1adir a la lista de deseos<\/span>\r\n    <\/a>\r\n<\/div>\r\n            <!-- COUNT TEXT -->\r\n\t\t\t\r\n\t\t\t<\/div><div class=\"compare-button mf-compare-button\"><a href=\"https:\/\/www.ikonorm.com?action=yith-woocompare-add-product&#038;id=956&#038;lang=all\" class=\"compare\" title=\"Compare\" data-product_id=\"956\">Compare<\/a><\/div><\/div><\/div><div class=\"mf-product-details\"><div class=\"mf-product-content\"><h2><a href=\"https:\/\/www.ikonorm.com\/index.php\/producto\/manual-asm-avaliacao-nao-destrutiva-e-controle-de-qualidade\/\">Manual ASM: Avalia\u00e7\u00e3o n\u00e3o destrutiva e controle de qualidade<\/a><\/h2><\/div><div class=\"mf-product-price-box\"><\/div><div class=\"mf-product-details-hover\"><h2><a href=\"https:\/\/www.ikonorm.com\/index.php\/producto\/manual-asm-avaliacao-nao-destrutiva-e-controle-de-qualidade\/\">Manual ASM: Avalia\u00e7\u00e3o n\u00e3o destrutiva e controle de qualidade<\/a><\/h2>\n\t<span class=\"price\"><span class=\"woocommerce-Price-amount amount\"><bdi><span class=\"woocommerce-Price-currencySymbol\">&#36;<\/span>282.00<\/bdi><\/span><\/span>\n<\/div><\/div><\/div><\/li>\r\n<\/ul>\n<\/div>\t\t<\/div>\n\t\t\t\t<\/div>\n\t\t\t\t\t\t<\/div>\n\t\t\t\t\t<\/div>\n\t\t<\/div>\n\t\t\t\t\t\t\t\t<\/div>\n\t\t\t\t\t<\/div>\n\t\t<\/section>\n\t\t\t\t\t\t<\/div>\n\t\t\t\t\t\t<\/div>\n\t\t\t\t\t<\/div>\n\t\t","protected":false},"excerpt":{"rendered":"<p>Manuais \/ Ensaios<\/p>\n","protected":false},"author":1,"featured_media":0,"parent":0,"menu_order":0,"comment_status":"closed","ping_status":"closed","template":"","meta":{"_monsterinsights_skip_tracking":false,"_monsterinsights_sitenote_active":false,"_monsterinsights_sitenote_note":"","_monsterinsights_sitenote_category":0,"footnotes":""},"class_list":["post-833","page","type-page","status-publish","hentry"],"yoast_head":"<!-- This site is optimized with the Yoast SEO plugin v15.9.2 - https:\/\/yoast.com\/wordpress\/plugins\/seo\/ -->\n<title>Manuais \/ Ensaios - Tienda de normas e informaci\u00f3n t\u00e9cnica- IKONORM<\/title>\n<link rel=\"canonical\" href=\"https:\/\/www.ikonorm.com\/index.php\/pt\/manuais-ensaios\/\" \/>\n<meta property=\"og:locale\" content=\"es_ES\" \/>\n<meta property=\"og:type\" content=\"article\" \/>\n<meta property=\"og:title\" content=\"Manuais \/ Ensaios - Tienda de normas e informaci\u00f3n t\u00e9cnica- IKONORM\" \/>\n<meta property=\"og:description\" content=\"Manuais \/ Ensaios\" \/>\n<meta property=\"og:url\" content=\"https:\/\/www.ikonorm.com\/index.php\/pt\/manuais-ensaios\/\" \/>\n<meta property=\"og:site_name\" content=\"Tienda de normas e informaci\u00f3n t\u00e9cnica- IKONORM\" \/>\n<meta property=\"article:modified_time\" content=\"2020-10-30T16:12:21+00:00\" \/>\n<meta name=\"twitter:card\" content=\"summary_large_image\" \/>\n<script type=\"application\/ld+json\" class=\"yoast-schema-graph\">{\"@context\":\"https:\/\/schema.org\",\"@graph\":[{\"@type\":\"WebSite\",\"@id\":\"https:\/\/www.ikonorm.com\/#website\",\"url\":\"https:\/\/www.ikonorm.com\/\",\"name\":\"Tienda de normas e informaci\\u00f3n t\\u00e9cnica- IKONORM\",\"description\":\"\",\"potentialAction\":[{\"@type\":\"SearchAction\",\"target\":\"https:\/\/www.ikonorm.com\/?s={search_term_string}\",\"query-input\":\"required name=search_term_string\"}],\"inLanguage\":\"es\"},{\"@type\":\"WebPage\",\"@id\":\"https:\/\/www.ikonorm.com\/index.php\/pt\/manuais-ensaios\/#webpage\",\"url\":\"https:\/\/www.ikonorm.com\/index.php\/pt\/manuais-ensaios\/\",\"name\":\"Manuais \/ Ensaios - Tienda de normas e informaci\\u00f3n t\\u00e9cnica- IKONORM\",\"isPartOf\":{\"@id\":\"https:\/\/www.ikonorm.com\/#website\"},\"datePublished\":\"2020-10-30T16:10:47+00:00\",\"dateModified\":\"2020-10-30T16:12:21+00:00\",\"breadcrumb\":{\"@id\":\"https:\/\/www.ikonorm.com\/index.php\/pt\/manuais-ensaios\/#breadcrumb\"},\"inLanguage\":\"es\",\"potentialAction\":[{\"@type\":\"ReadAction\",\"target\":[\"https:\/\/www.ikonorm.com\/index.php\/pt\/manuais-ensaios\/\"]}]},{\"@type\":\"BreadcrumbList\",\"@id\":\"https:\/\/www.ikonorm.com\/index.php\/pt\/manuais-ensaios\/#breadcrumb\",\"itemListElement\":[{\"@type\":\"ListItem\",\"position\":1,\"item\":{\"@type\":\"WebPage\",\"@id\":\"https:\/\/www.ikonorm.com\/\",\"url\":\"https:\/\/www.ikonorm.com\/\",\"name\":\"Portada\"}},{\"@type\":\"ListItem\",\"position\":2,\"item\":{\"@type\":\"WebPage\",\"@id\":\"https:\/\/www.ikonorm.com\/index.php\/pt\/manuais-ensaios\/\",\"url\":\"https:\/\/www.ikonorm.com\/index.php\/pt\/manuais-ensaios\/\",\"name\":\"Manuais \/ Ensaios\"}}]}]}<\/script>\n<!-- \/ Yoast SEO plugin. -->","_links":{"self":[{"href":"https:\/\/www.ikonorm.com\/index.php\/wp-json\/wp\/v2\/pages\/833","targetHints":{"allow":["GET"]}}],"collection":[{"href":"https:\/\/www.ikonorm.com\/index.php\/wp-json\/wp\/v2\/pages"}],"about":[{"href":"https:\/\/www.ikonorm.com\/index.php\/wp-json\/wp\/v2\/types\/page"}],"author":[{"embeddable":true,"href":"https:\/\/www.ikonorm.com\/index.php\/wp-json\/wp\/v2\/users\/1"}],"replies":[{"embeddable":true,"href":"https:\/\/www.ikonorm.com\/index.php\/wp-json\/wp\/v2\/comments?post=833"}],"version-history":[{"count":2,"href":"https:\/\/www.ikonorm.com\/index.php\/wp-json\/wp\/v2\/pages\/833\/revisions"}],"predecessor-version":[{"id":836,"href":"https:\/\/www.ikonorm.com\/index.php\/wp-json\/wp\/v2\/pages\/833\/revisions\/836"}],"wp:attachment":[{"href":"https:\/\/www.ikonorm.com\/index.php\/wp-json\/wp\/v2\/media?parent=833"}],"curies":[{"name":"wp","href":"https:\/\/api.w.org\/{rel}","templated":true}]}}