{"id":415,"date":"2020-05-13T03:40:04","date_gmt":"2020-05-13T03:40:04","guid":{"rendered":"https:\/\/www.ikonorm.com\/?page_id=415"},"modified":"2020-05-13T03:43:03","modified_gmt":"2020-05-13T03:43:03","slug":"libros-y-guias-practicas-ingenieria","status":"publish","type":"page","link":"https:\/\/www.ikonorm.com\/index.php\/libros-y-guias-practicas-ingenieria\/","title":{"rendered":"Libros y Gu\u00edas \/ Practicas Ingenier\u00eda"},"content":{"rendered":"\t\t<div data-elementor-type=\"wp-page\" data-elementor-id=\"415\" class=\"elementor elementor-415\" data-elementor-settings=\"[]\">\n\t\t\t\t\t\t<div class=\"elementor-inner\">\n\t\t\t\t\t\t\t<div class=\"elementor-section-wrap\">\n\t\t\t\t\t\t\t<section class=\"elementor-section elementor-top-section elementor-element elementor-element-0b73aec elementor-section-boxed elementor-section-height-default elementor-section-height-default\" data-id=\"0b73aec\" data-element_type=\"section\">\n\t\t\t\t\t\t<div class=\"elementor-container elementor-column-gap-default\">\n\t\t\t\t\t\t\t<div class=\"elementor-row\">\n\t\t\t\t\t<div class=\"elementor-column elementor-col-100 elementor-top-column elementor-element elementor-element-9c10bf5\" data-id=\"9c10bf5\" data-element_type=\"column\">\n\t\t\t<div class=\"elementor-column-wrap elementor-element-populated\">\n\t\t\t\t\t\t\t<div class=\"elementor-widget-wrap\">\n\t\t\t\t\t\t<div class=\"elementor-element elementor-element-f730b33 elementor-widget elementor-widget-heading\" data-id=\"f730b33\" data-element_type=\"widget\" data-widget_type=\"heading.default\">\n\t\t\t\t<div class=\"elementor-widget-container\">\n\t\t\t<h2 class=\"elementor-heading-title elementor-size-default\">Libros y Gu\u00edas \/ Practicas Ingenier\u00eda <\/h2>\t\t<\/div>\n\t\t\t\t<\/div>\n\t\t\t\t\t\t<\/div>\n\t\t\t\t\t<\/div>\n\t\t<\/div>\n\t\t\t\t\t\t\t\t<\/div>\n\t\t\t\t\t<\/div>\n\t\t<\/section>\n\t\t\t\t<section class=\"elementor-section elementor-top-section elementor-element elementor-element-728a8bf elementor-section-boxed elementor-section-height-default elementor-section-height-default\" data-id=\"728a8bf\" data-element_type=\"section\">\n\t\t\t\t\t\t<div class=\"elementor-container elementor-column-gap-default\">\n\t\t\t\t\t\t\t<div class=\"elementor-row\">\n\t\t\t\t\t<div class=\"elementor-column elementor-col-100 elementor-top-column elementor-element elementor-element-b921c17\" data-id=\"b921c17\" data-element_type=\"column\">\n\t\t\t<div class=\"elementor-column-wrap elementor-element-populated\">\n\t\t\t\t\t\t\t<div class=\"elementor-widget-wrap\">\n\t\t\t\t\t\t<div class=\"elementor-element elementor-element-1b86063 elementor-products-columns-4 elementor-products-grid elementor-wc-products elementor-show-pagination-border-yes elementor-widget elementor-widget-woocommerce-products\" data-id=\"1b86063\" data-element_type=\"widget\" data-widget_type=\"woocommerce-products.default\">\n\t\t\t\t<div class=\"elementor-widget-container\">\n\t\t\t<div class=\"woocommerce columns-4 \"><ul class=\"products columns-4\">\n<li class=\"col-xs-6 col-sm-4 col-md-3 col-lg-3 un-4-cols product type-product post-368 status-publish first instock product_cat-libros-y-guias product_cat-practica-de-ingenieria-libros-y-guias has-post-thumbnail shipping-taxable purchasable product-type-simple\">\r\n\t<div class=\"product-inner  clearfix\"><div class=\"mf-product-thumbnail\"><a href=\"https:\/\/www.ikonorm.com\/index.php\/producto\/principios-de-proteccion-contra-incendios\/\"><img loading=\"lazy\" decoding=\"async\" src=\"https:\/\/www.ikonorm.com\/wp-content\/themes\/martfury\/images\/transparent.png\" data-original=\"https:\/\/www.ikonorm.com\/wp-content\/uploads\/2020\/05\/433x449-LIBROS-Principios-de-ProtecciOn-contra-Incendios-IKONORM-300x300.jpg\"  alt=\"\" class=\"lazy \" width=\"300\" height=\"300\"><\/a><div class=\"footer-button\"><a href=\"?add-to-cart=368\" data-quantity=\"1\" data-title=\"Principios de Protecci\u00f3n contra Incendios\" class=\"button product_type_simple add_to_cart_button ajax_add_to_cart\" data-product_id=\"368\" data-product_sku=\"\" aria-label=\"Add &ldquo;Principios de Protecci\u00f3n contra Incendios&rdquo; to your cart\" rel=\"nofollow\"><i class=\"p-icon icon-bag2\" data-rel=\"tooltip\" title=\"Add to cart\"><\/i><span class=\"add-to-cart-text\">Add to cart<\/span><\/a><a href=\"https:\/\/www.ikonorm.com\/index.php\/producto\/principios-de-proteccion-contra-incendios\/\" data-id=\"368\"  class=\"mf-product-quick-view\"><i class=\"p-icon icon-eye\" title=\"Quick View\" data-rel=\"tooltip\"><\/i><\/a>\r\n<div class=\"yith-wcwl-add-to-wishlist add-to-wishlist-368  wishlist-fragment on-first-load\"\r\n     data-fragment-ref=\"368\"\r\n     data-fragment-options=\"{&quot;base_url&quot;:&quot;&quot;,&quot;in_default_wishlist&quot;:false,&quot;is_single&quot;:false,&quot;show_exists&quot;:false,&quot;product_id&quot;:368,&quot;parent_product_id&quot;:368,&quot;product_type&quot;:&quot;simple&quot;,&quot;show_view&quot;:false,&quot;browse_wishlist_text&quot;:&quot;Explorar la lista de deseos&quot;,&quot;already_in_wishslist_text&quot;:&quot;\\u00a1El producto ya est\\u00e1 en la lista de deseos!&quot;,&quot;product_added_text&quot;:&quot;\\u00a1Producto a\\u00f1adido!&quot;,&quot;heading_icon&quot;:&quot;fa-heart-o&quot;,&quot;available_multi_wishlist&quot;:false,&quot;disable_wishlist&quot;:false,&quot;show_count&quot;:false,&quot;ajax_loading&quot;:false,&quot;loop_position&quot;:&quot;after_add_to_cart&quot;,&quot;item&quot;:&quot;add_to_wishlist&quot;}\">\r\n\t\t\t\r\n            <!-- ADD TO WISHLIST -->\r\n\t\t\t\r\n<div class=\"yith-wcwl-add-button\">\r\n    <a href=\"?add_to_wishlist=368\" data-rel=\"tooltip\"\r\n       data-product-id=\"368\" data-product-type=\"simple\"\r\n       data-original-product-id=\"368\" class=\"add_to_wishlist single_add_to_wishlist\"\r\n       data-product-title=\"Principios de Protecci\u00f3n contra Incendios\" title=\"A\u00f1adir a la lista de deseos\">\r\n\t\t<i class=\"yith-wcwl-icon fa fa-heart-o\"><\/i>        <span>A\u00f1adir a la lista de deseos<\/span>\r\n    <\/a>\r\n<\/div>\r\n            <!-- COUNT TEXT -->\r\n\t\t\t\r\n\t\t\t<\/div><div class=\"compare-button mf-compare-button\"><a href=\"https:\/\/www.ikonorm.com?action=yith-woocompare-add-product&#038;id=368&#038;lang=all\" class=\"compare\" title=\"Compare\" data-product_id=\"368\">Compare<\/a><\/div><\/div><\/div><div class=\"mf-product-details\"><div class=\"mf-product-content\"><h2><a href=\"https:\/\/www.ikonorm.com\/index.php\/producto\/principios-de-proteccion-contra-incendios\/\">Principios de Protecci\u00f3n contra Incendios<\/a><\/h2><\/div><div class=\"mf-product-price-box\"><\/div><div class=\"mf-product-details-hover\"><h2><a href=\"https:\/\/www.ikonorm.com\/index.php\/producto\/principios-de-proteccion-contra-incendios\/\">Principios de Protecci\u00f3n contra Incendios<\/a><\/h2><div class=\"mf-rating\"><div class=\"star-rating\" role=\"img\" aria-label=\"Rated 1.00 out of 5\"><span style=\"width:20%\">Rated <strong class=\"rating\">1.00<\/strong> out of 5<\/span><\/div><span class=\"count\">10<\/span><\/div>\n\t<span class=\"price\"><span class=\"woocommerce-Price-amount amount\"><bdi><span class=\"woocommerce-Price-currencySymbol\">&#36;<\/span>143.95<\/bdi><\/span><\/span>\n<\/div><\/div><\/div><\/li>\r\n<li class=\"col-xs-6 col-sm-4 col-md-3 col-lg-3 un-4-cols product type-product post-371 status-publish instock product_cat-libros-y-guias product_cat-practica-de-ingenieria-libros-y-guias has-post-thumbnail shipping-taxable purchasable product-type-simple\">\r\n\t<div class=\"product-inner  clearfix\"><div class=\"mf-product-thumbnail\"><a href=\"https:\/\/www.ikonorm.com\/index.php\/producto\/sistemas-de-gestion-ambiental\/\"><img loading=\"lazy\" decoding=\"async\" src=\"https:\/\/www.ikonorm.com\/wp-content\/themes\/martfury\/images\/transparent.png\" data-original=\"https:\/\/www.ikonorm.com\/wp-content\/uploads\/2020\/05\/433x449-LIBROS-Environmental-ManagemenT-Systems-IKONORM-300x300.jpg\"  alt=\"\" class=\"lazy \" width=\"300\" height=\"300\"><\/a><div class=\"footer-button\"><a href=\"?add-to-cart=371\" data-quantity=\"1\" data-title=\"Sistemas de gesti\u00f3n ambiental\" class=\"button product_type_simple add_to_cart_button ajax_add_to_cart\" data-product_id=\"371\" data-product_sku=\"\" aria-label=\"Add &ldquo;Sistemas de gesti\u00f3n ambiental&rdquo; to your cart\" rel=\"nofollow\"><i class=\"p-icon icon-bag2\" data-rel=\"tooltip\" title=\"Add to cart\"><\/i><span class=\"add-to-cart-text\">Add to cart<\/span><\/a><a href=\"https:\/\/www.ikonorm.com\/index.php\/producto\/sistemas-de-gestion-ambiental\/\" data-id=\"371\"  class=\"mf-product-quick-view\"><i class=\"p-icon icon-eye\" title=\"Quick View\" data-rel=\"tooltip\"><\/i><\/a>\r\n<div class=\"yith-wcwl-add-to-wishlist add-to-wishlist-371  wishlist-fragment on-first-load\"\r\n     data-fragment-ref=\"371\"\r\n     data-fragment-options=\"{&quot;base_url&quot;:&quot;&quot;,&quot;in_default_wishlist&quot;:false,&quot;is_single&quot;:false,&quot;show_exists&quot;:false,&quot;product_id&quot;:371,&quot;parent_product_id&quot;:371,&quot;product_type&quot;:&quot;simple&quot;,&quot;show_view&quot;:false,&quot;browse_wishlist_text&quot;:&quot;Explorar la lista de deseos&quot;,&quot;already_in_wishslist_text&quot;:&quot;\\u00a1El producto ya est\\u00e1 en la lista de deseos!&quot;,&quot;product_added_text&quot;:&quot;\\u00a1Producto a\\u00f1adido!&quot;,&quot;heading_icon&quot;:&quot;fa-heart-o&quot;,&quot;available_multi_wishlist&quot;:false,&quot;disable_wishlist&quot;:false,&quot;show_count&quot;:false,&quot;ajax_loading&quot;:false,&quot;loop_position&quot;:&quot;after_add_to_cart&quot;,&quot;item&quot;:&quot;add_to_wishlist&quot;}\">\r\n\t\t\t\r\n            <!-- ADD TO WISHLIST -->\r\n\t\t\t\r\n<div class=\"yith-wcwl-add-button\">\r\n    <a href=\"?add_to_wishlist=371\" data-rel=\"tooltip\"\r\n       data-product-id=\"371\" data-product-type=\"simple\"\r\n       data-original-product-id=\"371\" class=\"add_to_wishlist single_add_to_wishlist\"\r\n       data-product-title=\"Sistemas de gesti\u00f3n ambiental\" title=\"A\u00f1adir a la lista de deseos\">\r\n\t\t<i class=\"yith-wcwl-icon fa fa-heart-o\"><\/i>        <span>A\u00f1adir a la lista de deseos<\/span>\r\n    <\/a>\r\n<\/div>\r\n            <!-- COUNT TEXT -->\r\n\t\t\t\r\n\t\t\t<\/div><div class=\"compare-button mf-compare-button\"><a href=\"https:\/\/www.ikonorm.com?action=yith-woocompare-add-product&#038;id=371&#038;lang=all\" class=\"compare\" title=\"Compare\" data-product_id=\"371\">Compare<\/a><\/div><\/div><\/div><div class=\"mf-product-details\"><div class=\"mf-product-content\"><h2><a href=\"https:\/\/www.ikonorm.com\/index.php\/producto\/sistemas-de-gestion-ambiental\/\">Sistemas de gesti\u00f3n ambiental<\/a><\/h2><\/div><div class=\"mf-product-price-box\"><\/div><div class=\"mf-product-details-hover\"><h2><a href=\"https:\/\/www.ikonorm.com\/index.php\/producto\/sistemas-de-gestion-ambiental\/\">Sistemas de gesti\u00f3n ambiental<\/a><\/h2><div class=\"mf-rating\"><div class=\"star-rating\" role=\"img\" aria-label=\"Rated 1.00 out of 5\"><span style=\"width:20%\">Rated <strong class=\"rating\">1.00<\/strong> out of 5<\/span><\/div><span class=\"count\">13<\/span><\/div>\n\t<span class=\"price\"><span class=\"woocommerce-Price-amount amount\"><bdi><span class=\"woocommerce-Price-currencySymbol\">&#36;<\/span>148.00<\/bdi><\/span><\/span>\n<\/div><\/div><\/div><\/li>\r\n<\/ul>\n<\/div>\t\t<\/div>\n\t\t\t\t<\/div>\n\t\t\t\t\t\t<\/div>\n\t\t\t\t\t<\/div>\n\t\t<\/div>\n\t\t\t\t\t\t\t\t<\/div>\n\t\t\t\t\t<\/div>\n\t\t<\/section>\n\t\t\t\t\t\t<\/div>\n\t\t\t\t\t\t<\/div>\n\t\t\t\t\t<\/div>\n\t\t","protected":false},"excerpt":{"rendered":"<p>Libros y Gu\u00edas \/ Practicas Ingenier\u00eda<\/p>\n","protected":false},"author":1,"featured_media":0,"parent":0,"menu_order":0,"comment_status":"closed","ping_status":"closed","template":"","meta":{"_monsterinsights_skip_tracking":false,"_monsterinsights_sitenote_active":false,"_monsterinsights_sitenote_note":"","_monsterinsights_sitenote_category":0,"footnotes":""},"class_list":["post-415","page","type-page","status-publish","hentry"],"yoast_head":"<!-- This site is optimized with the Yoast SEO plugin v15.9.2 - https:\/\/yoast.com\/wordpress\/plugins\/seo\/ -->\n<title>Libros y Gu\u00edas \/ Practicas Ingenier\u00eda - Tienda de normas e informaci\u00f3n t\u00e9cnica- IKONORM<\/title>\n<link rel=\"canonical\" href=\"https:\/\/www.ikonorm.com\/index.php\/libros-y-guias-practicas-ingenieria\/\" \/>\n<meta property=\"og:locale\" content=\"es_ES\" \/>\n<meta property=\"og:type\" content=\"article\" \/>\n<meta property=\"og:title\" content=\"Libros y Gu\u00edas \/ Practicas Ingenier\u00eda - Tienda de normas e informaci\u00f3n t\u00e9cnica- IKONORM\" \/>\n<meta property=\"og:description\" content=\"Libros y Gu\u00edas \/ Practicas Ingenier\u00eda\" \/>\n<meta property=\"og:url\" content=\"https:\/\/www.ikonorm.com\/index.php\/libros-y-guias-practicas-ingenieria\/\" \/>\n<meta property=\"og:site_name\" content=\"Tienda de normas e informaci\u00f3n t\u00e9cnica- IKONORM\" \/>\n<meta property=\"article:modified_time\" content=\"2020-05-13T03:43:03+00:00\" \/>\n<meta name=\"twitter:card\" content=\"summary_large_image\" \/>\n<script type=\"application\/ld+json\" class=\"yoast-schema-graph\">{\"@context\":\"https:\/\/schema.org\",\"@graph\":[{\"@type\":\"WebSite\",\"@id\":\"https:\/\/www.ikonorm.com\/#website\",\"url\":\"https:\/\/www.ikonorm.com\/\",\"name\":\"Tienda de normas e informaci\\u00f3n t\\u00e9cnica- IKONORM\",\"description\":\"\",\"potentialAction\":[{\"@type\":\"SearchAction\",\"target\":\"https:\/\/www.ikonorm.com\/?s={search_term_string}\",\"query-input\":\"required name=search_term_string\"}],\"inLanguage\":\"es\"},{\"@type\":\"WebPage\",\"@id\":\"https:\/\/www.ikonorm.com\/index.php\/libros-y-guias-practicas-ingenieria\/#webpage\",\"url\":\"https:\/\/www.ikonorm.com\/index.php\/libros-y-guias-practicas-ingenieria\/\",\"name\":\"Libros y Gu\\u00edas \/ Practicas Ingenier\\u00eda - Tienda de normas e informaci\\u00f3n t\\u00e9cnica- IKONORM\",\"isPartOf\":{\"@id\":\"https:\/\/www.ikonorm.com\/#website\"},\"datePublished\":\"2020-05-13T03:40:04+00:00\",\"dateModified\":\"2020-05-13T03:43:03+00:00\",\"breadcrumb\":{\"@id\":\"https:\/\/www.ikonorm.com\/index.php\/libros-y-guias-practicas-ingenieria\/#breadcrumb\"},\"inLanguage\":\"es\",\"potentialAction\":[{\"@type\":\"ReadAction\",\"target\":[\"https:\/\/www.ikonorm.com\/index.php\/libros-y-guias-practicas-ingenieria\/\"]}]},{\"@type\":\"BreadcrumbList\",\"@id\":\"https:\/\/www.ikonorm.com\/index.php\/libros-y-guias-practicas-ingenieria\/#breadcrumb\",\"itemListElement\":[{\"@type\":\"ListItem\",\"position\":1,\"item\":{\"@type\":\"WebPage\",\"@id\":\"https:\/\/www.ikonorm.com\/\",\"url\":\"https:\/\/www.ikonorm.com\/\",\"name\":\"Portada\"}},{\"@type\":\"ListItem\",\"position\":2,\"item\":{\"@type\":\"WebPage\",\"@id\":\"https:\/\/www.ikonorm.com\/index.php\/libros-y-guias-practicas-ingenieria\/\",\"url\":\"https:\/\/www.ikonorm.com\/index.php\/libros-y-guias-practicas-ingenieria\/\",\"name\":\"Libros y Gu\\u00edas \/ Practicas Ingenier\\u00eda\"}}]}]}<\/script>\n<!-- \/ Yoast SEO plugin. -->","_links":{"self":[{"href":"https:\/\/www.ikonorm.com\/index.php\/wp-json\/wp\/v2\/pages\/415","targetHints":{"allow":["GET"]}}],"collection":[{"href":"https:\/\/www.ikonorm.com\/index.php\/wp-json\/wp\/v2\/pages"}],"about":[{"href":"https:\/\/www.ikonorm.com\/index.php\/wp-json\/wp\/v2\/types\/page"}],"author":[{"embeddable":true,"href":"https:\/\/www.ikonorm.com\/index.php\/wp-json\/wp\/v2\/users\/1"}],"replies":[{"embeddable":true,"href":"https:\/\/www.ikonorm.com\/index.php\/wp-json\/wp\/v2\/comments?post=415"}],"version-history":[{"count":0,"href":"https:\/\/www.ikonorm.com\/index.php\/wp-json\/wp\/v2\/pages\/415\/revisions"}],"wp:attachment":[{"href":"https:\/\/www.ikonorm.com\/index.php\/wp-json\/wp\/v2\/media?parent=415"}],"curies":[{"name":"wp","href":"https:\/\/api.w.org\/{rel}","templated":true}]}}