{"id":29,"date":"2020-04-29T20:33:46","date_gmt":"2020-04-29T20:33:46","guid":{"rendered":"https:\/\/www.ikonorm.com\/?page_id=29"},"modified":"2020-05-14T20:22:05","modified_gmt":"2020-05-14T20:22:05","slug":"trabaja-con-nosotros","status":"publish","type":"page","link":"https:\/\/www.ikonorm.com\/index.php\/trabaja-con-nosotros\/","title":{"rendered":"Trabaja con Nosotros"},"content":{"rendered":"\t\t<div data-elementor-type=\"wp-page\" data-elementor-id=\"29\" class=\"elementor elementor-29\" data-elementor-settings=\"[]\">\n\t\t\t\t\t\t<div class=\"elementor-inner\">\n\t\t\t\t\t\t\t<div class=\"elementor-section-wrap\">\n\t\t\t\t\t\t\t<section class=\"elementor-section elementor-top-section elementor-element elementor-element-83a3e62 elementor-section-boxed elementor-section-height-default elementor-section-height-default\" data-id=\"83a3e62\" data-element_type=\"section\">\n\t\t\t\t\t\t<div class=\"elementor-container elementor-column-gap-default\">\n\t\t\t\t\t\t\t<div class=\"elementor-row\">\n\t\t\t\t\t<div class=\"elementor-column elementor-col-100 elementor-top-column elementor-element elementor-element-3aa90a5\" data-id=\"3aa90a5\" data-element_type=\"column\">\n\t\t\t<div class=\"elementor-column-wrap elementor-element-populated\">\n\t\t\t\t\t\t\t<div class=\"elementor-widget-wrap\">\n\t\t\t\t\t\t<div class=\"elementor-element elementor-element-f561fe4 elementor-widget elementor-widget-text-editor\" data-id=\"f561fe4\" data-element_type=\"widget\" data-widget_type=\"text-editor.default\">\n\t\t\t\t<div class=\"elementor-widget-container\">\n\t\t\t\t\t<div class=\"elementor-text-editor elementor-clearfix\"><h2 id=\"E133\" style=\"text-align: center; color: #29923b;\"><span id=\"E134\">EXPLOTA TUS CONOCIMIENTOS<\/span><\/h2>\n<ol>\n \t<li id=\"E122\" class=\"qowt-li-1_0 qowt-list qowt-stl-Prrafodelista\"><span id=\"E123\">Eres un profesional con experiencia en \u00e1reas acad\u00e9micas, industrial e investigaci\u00f3n<\/span><\/li>\n \t<li id=\"E124\" class=\"qowt-li-1_0 qowt-list qowt-stl-Prrafodelista\"><span id=\"E125\">Produce tus<\/span><span id=\"E126\"> <\/span><span id=\"E127\">documentos t\u00e9cnicos <\/span><span id=\"E128\">como gu\u00eda<\/span><span id=\"E129\">s o manuales en formato digital e impreso <\/span><\/li>\n \t<li id=\"E130\" class=\"qowt-li-1_0 qowt-list qowt-stl-Prrafodelista\"><span id=\"E131\">Genera ingresos en regal\u00edas por tus documentos t\u00e9cnicos<\/span><\/li>\n<\/ol>\n<h2 id=\"E133\" style=\"text-align: center; color: #29923b;\"><span id=\"E134\">VISUALIZA TU \u00c9XITO<\/span><\/h2>\n<ol>\n \t<li id=\"E135\" class=\"qowt-li-0_0 qowt-list qowt-stl-Prrafodelista\"><span id=\"E136\">G<\/span><span id=\"E137\">ana dinero exponiendo<\/span><span id=\"E138\"> tus documentos t\u00e9cnicos en <\/span><span id=\"E140\">ikonorm<\/span><span id=\"E142\"> <\/span><\/li>\n \t<li id=\"E143\" class=\"qowt-li-0_0 qowt-list qowt-stl-Prrafodelista\"><span id=\"E144\">Inspira a otros a compartir sus conocimientos a trav\u00e9s de sus documentos t\u00e9cnicos <\/span><\/li>\n \t<li id=\"E145\" class=\"qowt-li-0_0 qowt-list qowt-stl-Prrafodelista\"><span id=\"E146\">\u00danete al grupo PTG y explota todas las opciones que tenemos para ti. <\/span><\/li>\n \t<li id=\"E147\" class=\"qowt-li-1_0 qowt-list qowt-stl-Prrafodelista\"><span id=\"E149\">Envia<\/span><span id=\"E151\"> a nuestro correo tu CV en formato, <\/span><span id=\"E153\">word<\/span><span id=\"E155\">\/<\/span><span id=\"E157\">pdf<\/span><span id=\"E159\"> a nuestro Correo: <\/span><a id=\"E160\" contenteditable=\"false\" href=\"chrome-extension:\/\/bpmcpldpdmajfigpchkicefoigmkfalc\/views\/qowt.html#mailto:infotiendavirtual@grupoptg.com\"><span id=\"E161\" class=\"qowt-stl-Hipervnculo\">infotiendavirtual@grupoptg.com<\/span><\/a><span id=\"E162\"> cu\u00e9ntanos sobre tus documentos t\u00e9cnicos y nos contactaremos contigo.<\/span><\/li>\n<\/ol><\/div>\n\t\t\t\t<\/div>\n\t\t\t\t<\/div>\n\t\t\t\t<div class=\"elementor-element elementor-element-3625b73 elementor-widget elementor-widget-text-editor\" data-id=\"3625b73\" data-element_type=\"widget\" data-widget_type=\"text-editor.default\">\n\t\t\t\t<div class=\"elementor-widget-container\">\n\t\t\t\t\t<div class=\"elementor-text-editor elementor-clearfix\"><p id=\"E167\"><span id=\"E168\">ESTAMOS AQU\u00cd PARA AYUDARTE<\/span><\/p><p id=\"E169\"><span id=\"E170\">Nuestro equipo de asistencia al escritor est\u00e1 disponible para ayudarte a mejorar la redacci\u00f3n, correcci\u00f3n y edici\u00f3n de tus documentos t\u00e9cnicos.<\/span><\/p><p id=\"E172\"><span id=\"E173\">COMIENZA A COMPARTIR TUS CONOCIMIENTOS<\/span><\/p><\/div>\n\t\t\t\t<\/div>\n\t\t\t\t<\/div>\n\t\t\t\t<div class=\"elementor-element elementor-element-05a00f4 elementor-widget elementor-widget-martfury-contact-form-7\" data-id=\"05a00f4\" data-element_type=\"widget\" data-widget_type=\"martfury-contact-form-7.default\">\n\t\t\t\t<div class=\"elementor-widget-container\">\n\t\t\t\t\t<div class=\"martfury-contact-form-7\">\r\n\t\t\t<div role=\"form\" class=\"wpcf7\" id=\"wpcf7-f10-o1\" lang=\"es-VE\" dir=\"ltr\">\n<div class=\"screen-reader-response\"><p role=\"status\" aria-live=\"polite\" aria-atomic=\"true\"><\/p> <ul><\/ul><\/div>\n<form action=\"\/index.php\/wp-json\/wp\/v2\/pages\/29#wpcf7-f10-o1\" method=\"post\" class=\"wpcf7-form init\" novalidate=\"novalidate\" data-status=\"init\">\n<div style=\"display: none;\">\n<input type=\"hidden\" name=\"_wpcf7\" value=\"10\" \/>\n<input type=\"hidden\" name=\"_wpcf7_version\" value=\"5.4\" \/>\n<input type=\"hidden\" name=\"_wpcf7_locale\" value=\"es_VE\" \/>\n<input type=\"hidden\" name=\"_wpcf7_unit_tag\" value=\"wpcf7-f10-o1\" \/>\n<input type=\"hidden\" name=\"_wpcf7_container_post\" value=\"0\" \/>\n<input type=\"hidden\" name=\"_wpcf7_posted_data_hash\" value=\"\" \/>\n<input type=\"hidden\" name=\"_wpcf7_recaptcha_response\" value=\"\" \/>\n<\/div>\n<p><label> Nombre (requerido)<br \/>\n    <span class=\"wpcf7-form-control-wrap your-name\"><input type=\"text\" name=\"your-name\" value=\"\" size=\"40\" class=\"wpcf7-form-control wpcf7-text wpcf7-validates-as-required\" aria-required=\"true\" aria-invalid=\"false\" \/><\/span> <\/label><\/p>\n<p><label> Correo electr\u00f3nico (requerido)<br \/>\n    <span class=\"wpcf7-form-control-wrap your-email\"><input type=\"email\" name=\"your-email\" value=\"\" size=\"40\" class=\"wpcf7-form-control wpcf7-text wpcf7-email wpcf7-validates-as-required wpcf7-validates-as-email\" aria-required=\"true\" aria-invalid=\"false\" \/><\/span> <\/label><\/p>\n<p><label> Asunto<br \/>\n    <span class=\"wpcf7-form-control-wrap your-subject\"><input type=\"text\" name=\"your-subject\" value=\"\" size=\"40\" class=\"wpcf7-form-control wpcf7-text\" aria-invalid=\"false\" \/><\/span> <\/label><\/p>\n<p><label> Mensaje<br \/>\n    <span class=\"wpcf7-form-control-wrap your-message\"><textarea name=\"your-message\" cols=\"40\" rows=\"10\" class=\"wpcf7-form-control wpcf7-textarea\" aria-invalid=\"false\"><\/textarea><\/span> <\/label><\/p>\n<p><input type=\"submit\" value=\"Enviar\" class=\"wpcf7-form-control wpcf7-submit\" \/><\/p>\n<p style=\"display: none !important;\" class=\"akismet-fields-container\" data-prefix=\"_wpcf7_ak_\"><label>&#916;<textarea name=\"_wpcf7_ak_hp_textarea\" cols=\"45\" rows=\"8\" maxlength=\"100\"><\/textarea><\/label><input type=\"hidden\" id=\"ak_js_1\" name=\"_wpcf7_ak_js\" value=\"17\"\/><script>document.getElementById( \"ak_js_1\" ).setAttribute( \"value\", ( new Date() ).getTime() );<\/script><\/p><div class=\"wpcf7-response-output\" aria-hidden=\"true\"><\/div><\/form><\/div>\t\t<\/div>\r\n\t\t\t\t<\/div>\n\t\t\t\t<\/div>\n\t\t\t\t\t\t<\/div>\n\t\t\t\t\t<\/div>\n\t\t<\/div>\n\t\t\t\t\t\t\t\t<\/div>\n\t\t\t\t\t<\/div>\n\t\t<\/section>\n\t\t\t\t\t\t<\/div>\n\t\t\t\t\t\t<\/div>\n\t\t\t\t\t<\/div>\n\t\t","protected":false},"excerpt":{"rendered":"<p>EXPLOTA TUS CONOCIMIENTOS Eres un profesional con experiencia en \u00e1reas acad\u00e9micas, industrial e investigaci\u00f3n Produce tus documentos t\u00e9cnicos como gu\u00edas o manuales en formato digital e impreso Genera ingresos en regal\u00edas por tus documentos t\u00e9cnicos VISUALIZA TU \u00c9XITO Gana dinero exponiendo tus documentos t\u00e9cnicos en ikonorm Inspira a otros a compartir sus conocimientos a trav\u00e9s&hellip;<\/p>\n","protected":false},"author":1,"featured_media":0,"parent":0,"menu_order":0,"comment_status":"closed","ping_status":"closed","template":"","meta":{"_monsterinsights_skip_tracking":false,"_monsterinsights_sitenote_active":false,"_monsterinsights_sitenote_note":"","_monsterinsights_sitenote_category":0,"footnotes":""},"class_list":["post-29","page","type-page","status-publish","hentry"],"yoast_head":"<!-- This site is optimized with the Yoast SEO plugin v15.9.2 - https:\/\/yoast.com\/wordpress\/plugins\/seo\/ -->\n<title>Trabaja con Nosotros - Tienda de normas e informaci\u00f3n t\u00e9cnica- IKONORM<\/title>\n<link rel=\"canonical\" href=\"https:\/\/www.ikonorm.com\/index.php\/trabaja-con-nosotros\/\" \/>\n<meta property=\"og:locale\" content=\"es_ES\" \/>\n<meta property=\"og:type\" content=\"article\" \/>\n<meta property=\"og:title\" content=\"Trabaja con Nosotros - Tienda de normas e informaci\u00f3n t\u00e9cnica- IKONORM\" \/>\n<meta property=\"og:description\" content=\"EXPLOTA TUS CONOCIMIENTOS Eres un profesional con experiencia en \u00e1reas acad\u00e9micas, industrial e investigaci\u00f3n Produce tus documentos t\u00e9cnicos como gu\u00edas o manuales en formato digital e impreso Genera ingresos en regal\u00edas por tus documentos t\u00e9cnicos VISUALIZA TU \u00c9XITO Gana dinero exponiendo tus documentos t\u00e9cnicos en ikonorm Inspira a otros a compartir sus conocimientos a trav\u00e9s&hellip;\" \/>\n<meta property=\"og:url\" content=\"https:\/\/www.ikonorm.com\/index.php\/trabaja-con-nosotros\/\" \/>\n<meta property=\"og:site_name\" content=\"Tienda de normas e informaci\u00f3n t\u00e9cnica- IKONORM\" \/>\n<meta property=\"article:modified_time\" content=\"2020-05-14T20:22:05+00:00\" \/>\n<meta name=\"twitter:card\" content=\"summary_large_image\" \/>\n<meta name=\"twitter:label1\" content=\"Tiempo estimado de lectura\">\n\t<meta name=\"twitter:data1\" content=\"1 minuto\">\n<script type=\"application\/ld+json\" class=\"yoast-schema-graph\">{\"@context\":\"https:\/\/schema.org\",\"@graph\":[{\"@type\":\"WebSite\",\"@id\":\"https:\/\/www.ikonorm.com\/#website\",\"url\":\"https:\/\/www.ikonorm.com\/\",\"name\":\"Tienda de normas e informaci\\u00f3n t\\u00e9cnica- IKONORM\",\"description\":\"\",\"potentialAction\":[{\"@type\":\"SearchAction\",\"target\":\"https:\/\/www.ikonorm.com\/?s={search_term_string}\",\"query-input\":\"required name=search_term_string\"}],\"inLanguage\":\"es\"},{\"@type\":\"WebPage\",\"@id\":\"https:\/\/www.ikonorm.com\/index.php\/trabaja-con-nosotros\/#webpage\",\"url\":\"https:\/\/www.ikonorm.com\/index.php\/trabaja-con-nosotros\/\",\"name\":\"Trabaja con Nosotros - Tienda de normas e informaci\\u00f3n t\\u00e9cnica- IKONORM\",\"isPartOf\":{\"@id\":\"https:\/\/www.ikonorm.com\/#website\"},\"datePublished\":\"2020-04-29T20:33:46+00:00\",\"dateModified\":\"2020-05-14T20:22:05+00:00\",\"breadcrumb\":{\"@id\":\"https:\/\/www.ikonorm.com\/index.php\/trabaja-con-nosotros\/#breadcrumb\"},\"inLanguage\":\"es\",\"potentialAction\":[{\"@type\":\"ReadAction\",\"target\":[\"https:\/\/www.ikonorm.com\/index.php\/trabaja-con-nosotros\/\"]}]},{\"@type\":\"BreadcrumbList\",\"@id\":\"https:\/\/www.ikonorm.com\/index.php\/trabaja-con-nosotros\/#breadcrumb\",\"itemListElement\":[{\"@type\":\"ListItem\",\"position\":1,\"item\":{\"@type\":\"WebPage\",\"@id\":\"https:\/\/www.ikonorm.com\/\",\"url\":\"https:\/\/www.ikonorm.com\/\",\"name\":\"Portada\"}},{\"@type\":\"ListItem\",\"position\":2,\"item\":{\"@type\":\"WebPage\",\"@id\":\"https:\/\/www.ikonorm.com\/index.php\/trabaja-con-nosotros\/\",\"url\":\"https:\/\/www.ikonorm.com\/index.php\/trabaja-con-nosotros\/\",\"name\":\"Trabaja con Nosotros\"}}]}]}<\/script>\n<!-- \/ Yoast SEO plugin. -->","_links":{"self":[{"href":"https:\/\/www.ikonorm.com\/index.php\/wp-json\/wp\/v2\/pages\/29","targetHints":{"allow":["GET"]}}],"collection":[{"href":"https:\/\/www.ikonorm.com\/index.php\/wp-json\/wp\/v2\/pages"}],"about":[{"href":"https:\/\/www.ikonorm.com\/index.php\/wp-json\/wp\/v2\/types\/page"}],"author":[{"embeddable":true,"href":"https:\/\/www.ikonorm.com\/index.php\/wp-json\/wp\/v2\/users\/1"}],"replies":[{"embeddable":true,"href":"https:\/\/www.ikonorm.com\/index.php\/wp-json\/wp\/v2\/comments?post=29"}],"version-history":[{"count":0,"href":"https:\/\/www.ikonorm.com\/index.php\/wp-json\/wp\/v2\/pages\/29\/revisions"}],"wp:attachment":[{"href":"https:\/\/www.ikonorm.com\/index.php\/wp-json\/wp\/v2\/media?parent=29"}],"curies":[{"name":"wp","href":"https:\/\/api.w.org\/{rel}","templated":true}]}}