{"id":25,"date":"2020-04-29T20:31:13","date_gmt":"2020-04-29T20:31:13","guid":{"rendered":"https:\/\/www.ikonorm.com\/?page_id=25"},"modified":"2020-05-15T17:20:39","modified_gmt":"2020-05-15T17:20:39","slug":"quienes-somos","status":"publish","type":"page","link":"https:\/\/www.ikonorm.com\/index.php\/quienes-somos\/","title":{"rendered":"\u00bfQui\u00e9nes Somos?"},"content":{"rendered":"\t\t<div data-elementor-type=\"wp-page\" data-elementor-id=\"25\" class=\"elementor elementor-25\" data-elementor-settings=\"[]\">\n\t\t\t\t\t\t<div class=\"elementor-inner\">\n\t\t\t\t\t\t\t<div class=\"elementor-section-wrap\">\n\t\t\t\t\t\t\t<section class=\"elementor-section elementor-top-section elementor-element elementor-element-fe81f19 elementor-section-boxed elementor-section-height-default elementor-section-height-default\" data-id=\"fe81f19\" data-element_type=\"section\">\n\t\t\t\t\t\t<div class=\"elementor-container elementor-column-gap-default\">\n\t\t\t\t\t\t\t<div class=\"elementor-row\">\n\t\t\t\t\t<div class=\"elementor-column elementor-col-100 elementor-top-column elementor-element elementor-element-1b91ff8\" data-id=\"1b91ff8\" data-element_type=\"column\">\n\t\t\t<div class=\"elementor-column-wrap elementor-element-populated\">\n\t\t\t\t\t\t\t<div class=\"elementor-widget-wrap\">\n\t\t\t\t\t\t<div class=\"elementor-element elementor-element-339da55 elementor-widget elementor-widget-heading\" data-id=\"339da55\" data-element_type=\"widget\" data-widget_type=\"heading.default\">\n\t\t\t\t<div class=\"elementor-widget-container\">\n\t\t\t<h2 class=\"elementor-heading-title elementor-size-default\">\u00bfQui\u00e9nes Somos?<\/h2>\t\t<\/div>\n\t\t\t\t<\/div>\n\t\t\t\t<div class=\"elementor-element elementor-element-dec47f8 elementor-widget elementor-widget-spacer\" data-id=\"dec47f8\" data-element_type=\"widget\" data-widget_type=\"spacer.default\">\n\t\t\t\t<div class=\"elementor-widget-container\">\n\t\t\t\t\t<div class=\"elementor-spacer\">\n\t\t\t<div class=\"elementor-spacer-inner\"><\/div>\n\t\t<\/div>\n\t\t\t\t<\/div>\n\t\t\t\t<\/div>\n\t\t\t\t<div class=\"elementor-element elementor-element-7b683ea elementor-widget elementor-widget-text-editor\" data-id=\"7b683ea\" data-element_type=\"widget\" data-widget_type=\"text-editor.default\">\n\t\t\t\t<div class=\"elementor-widget-container\">\n\t\t\t\t\t<div class=\"elementor-text-editor elementor-clearfix\"><p id=\"E67\"><span style=\"color: #000000;\"><span id=\"E69\" class=\"qowt-font3-Arial\">\u00a0 \u00a0 \u00a0 \u00a0Ikonorm<\/span><span id=\"E71\" class=\"qowt-font3-Arial\"> es<\/span><span id=\"E72\" class=\"qowt-font3-Arial\"> <\/span><span id=\"E73\" class=\"qowt-font3-Arial\">uno de los productos pertenecientes a <\/span><a href=\"https:\/\/grupoptg.com\/\" target=\"_blank\" rel=\"noopener\"><span id=\"E74\" class=\"qowt-font3-Arial\">Grupo PTG<\/span><\/a><span id=\"E85\" class=\"qowt-font3-Arial\">, empresa proveedora de productos, servicios de informaci\u00f3n cient\u00edfica y t\u00e9cnica, que ofrece soluciones, fuentes de informaci\u00f3n y asesor\u00eda para las principales industrias y gobiernos de Am\u00e9rica Latina.<\/span><span id=\"E86\" class=\"qowt-font3-Arial\"> <\/span><\/span><\/p><p id=\"E87\"><span style=\"color: #000000;\"><span id=\"E88\" class=\"qowt-font3-Arial\">Somos <\/span><span id=\"E89\" class=\"qowt-font3-Arial\">una tienda virtual especializada, que brinda a nuestros clientes soluciones en las \u00e1reas de Ingenier\u00eda, tecnolog\u00eda, ca<\/span><span id=\"E90\" class=\"qowt-font3-Arial\">lidad, seguridad, entre otros. S<\/span><span id=\"E91\" class=\"qowt-font3-Arial\">omos prov<\/span><span id=\"E92\" class=\"qowt-font3-Arial\">eedores de los principales <\/span><span id=\"E94\" class=\"qowt-font3-Arial\">SDO\u2019s<\/span><span id=\"E96\" class=\"qowt-font3-Arial\"> de est\u00e1ndares normativos a nivel mundial.<\/span><\/span><\/p><p id=\"E97\"><span style=\"color: #000000;\"><span id=\"E98\" class=\"qowt-font3-Arial\">Adem\u00e1s<\/span><span id=\"E99\" class=\"qowt-font3-Arial\">, e<\/span><span id=\"E100\" class=\"qowt-font3-Arial\">n <\/span><span id=\"E102\" class=\"qowt-font3-Arial\">iK<\/span><span id=\"E103\" class=\"qowt-font3-Arial\">onorm<\/span><span id=\"E105\" class=\"qowt-font3-Arial\"> podr\u00e1s encontrar los libros electr\u00f3nicos m\u00e1s populares y cl\u00e1sicos en la industria, as\u00ed como adquirir cursos presenciales u Online<\/span><span id=\"E106\" class=\"qowt-font3-Arial\">,<\/span><span id=\"E107\" class=\"qowt-font3-Arial\"> de empresas de renombre que podr\u00e1s cancelar en nuestro portal. <\/span><\/span><\/p><p id=\"E108\"><span style=\"color: #000000;\"><span id=\"E109\" class=\"qowt-font3-Arial\">Para <\/span><span id=\"E111\" class=\"qowt-font3-Arial\">iK<\/span><span id=\"E112\" class=\"qowt-font3-Arial\">onorm<\/span><span id=\"E114\" class=\"qowt-font3-Arial\"> las personas son la clave de nuestra organizaci\u00f3n; por ello, trabajamos para atraer y motivar el talento, queremos ser la plataforma donde profesionales con experiencia industrial, acad\u00e9mico e investigaci\u00f3n puedan compartir sus conocimientos a trav\u00e9s de sus manuscritos y as\u00ed generar ingresos por sus aportes<\/span><span id=\"E115\" class=\"qowt-font3-Arial\">.<\/span><\/span><\/p><p id=\"E116\"><span id=\"E117\" class=\"qowt-font3-Arial\" style=\"color: #000000;\">Vuelva y conozca los nuevos productos de las diferentes categor\u00edas con los que contamos, porque siempre estamos en constante renovaci\u00f3n\u00a0de nuestro cat\u00e1logo.<\/span><\/p><p id=\"E118\"><span style=\"color: #000000;\"><span id=\"E119\" class=\"qowt-font3-Arial\">Tambi\u00e9n, puede seguirnos en\u00a0<\/span><span id=\"E121\" class=\"qowt-font3-Arial\">Facebook\u00a0<\/span><span id=\"E122\" class=\"qowt-font3-Arial\">,<\/span><span id=\"E124\" class=\"qowt-font3-Arial\"> <\/span><span id=\"E125\" class=\"qowt-font3-Arial\">Instagram<\/span><span id=\"E126\" class=\"qowt-font3-Arial\">\u00a0y <\/span><span id=\"E127\" class=\"qowt-font3-Arial\">LinkedIn<\/span><span id=\"E128\" class=\"qowt-font3-Arial\">, para estar al d\u00eda sobre las \u00faltimas publicaciones, ofertas y noticias.<\/span><\/span><\/p><\/div>\n\t\t\t\t<\/div>\n\t\t\t\t<\/div>\n\t\t\t\t\t\t<\/div>\n\t\t\t\t\t<\/div>\n\t\t<\/div>\n\t\t\t\t\t\t\t\t<\/div>\n\t\t\t\t\t<\/div>\n\t\t<\/section>\n\t\t\t\t\t\t<\/div>\n\t\t\t\t\t\t<\/div>\n\t\t\t\t\t<\/div>\n\t\t","protected":false},"excerpt":{"rendered":"<p>\u00bfQui\u00e9nes Somos? \u00a0 \u00a0 \u00a0 \u00a0Ikonorm es uno de los productos pertenecientes a Grupo PTG, empresa proveedora de productos, servicios de informaci\u00f3n cient\u00edfica y t\u00e9cnica, que ofrece soluciones, fuentes de informaci\u00f3n y asesor\u00eda para las principales industrias y gobiernos de Am\u00e9rica Latina. Somos una tienda virtual especializada, que brinda a nuestros clientes soluciones en las&hellip;<\/p>\n","protected":false},"author":1,"featured_media":0,"parent":0,"menu_order":0,"comment_status":"closed","ping_status":"closed","template":"","meta":{"_monsterinsights_skip_tracking":false,"_monsterinsights_sitenote_active":false,"_monsterinsights_sitenote_note":"","_monsterinsights_sitenote_category":0,"footnotes":""},"class_list":["post-25","page","type-page","status-publish","hentry"],"yoast_head":"<!-- This site is optimized with the Yoast SEO plugin v15.9.2 - https:\/\/yoast.com\/wordpress\/plugins\/seo\/ -->\n<title>\u00bfQui\u00e9nes Somos? - Tienda de normas e informaci\u00f3n t\u00e9cnica- IKONORM<\/title>\n<link rel=\"canonical\" href=\"https:\/\/www.ikonorm.com\/index.php\/quienes-somos\/\" \/>\n<meta property=\"og:locale\" content=\"es_ES\" \/>\n<meta property=\"og:type\" content=\"article\" \/>\n<meta property=\"og:title\" content=\"\u00bfQui\u00e9nes Somos? - Tienda de normas e informaci\u00f3n t\u00e9cnica- IKONORM\" \/>\n<meta property=\"og:description\" content=\"\u00bfQui\u00e9nes Somos? \u00a0 \u00a0 \u00a0 \u00a0Ikonorm es uno de los productos pertenecientes a Grupo PTG, empresa proveedora de productos, servicios de informaci\u00f3n cient\u00edfica y t\u00e9cnica, que ofrece soluciones, fuentes de informaci\u00f3n y asesor\u00eda para las principales industrias y gobiernos de Am\u00e9rica Latina. Somos una tienda virtual especializada, que brinda a nuestros clientes soluciones en las&hellip;\" \/>\n<meta property=\"og:url\" content=\"https:\/\/www.ikonorm.com\/index.php\/quienes-somos\/\" \/>\n<meta property=\"og:site_name\" content=\"Tienda de normas e informaci\u00f3n t\u00e9cnica- IKONORM\" \/>\n<meta property=\"article:modified_time\" content=\"2020-05-15T17:20:39+00:00\" \/>\n<meta name=\"twitter:card\" content=\"summary_large_image\" \/>\n<meta name=\"twitter:label1\" content=\"Tiempo estimado de lectura\">\n\t<meta name=\"twitter:data1\" content=\"1 minuto\">\n<script type=\"application\/ld+json\" class=\"yoast-schema-graph\">{\"@context\":\"https:\/\/schema.org\",\"@graph\":[{\"@type\":\"WebSite\",\"@id\":\"https:\/\/www.ikonorm.com\/#website\",\"url\":\"https:\/\/www.ikonorm.com\/\",\"name\":\"Tienda de normas e informaci\\u00f3n t\\u00e9cnica- IKONORM\",\"description\":\"\",\"potentialAction\":[{\"@type\":\"SearchAction\",\"target\":\"https:\/\/www.ikonorm.com\/?s={search_term_string}\",\"query-input\":\"required name=search_term_string\"}],\"inLanguage\":\"es\"},{\"@type\":\"WebPage\",\"@id\":\"https:\/\/www.ikonorm.com\/index.php\/quienes-somos\/#webpage\",\"url\":\"https:\/\/www.ikonorm.com\/index.php\/quienes-somos\/\",\"name\":\"\\u00bfQui\\u00e9nes Somos? - Tienda de normas e informaci\\u00f3n t\\u00e9cnica- IKONORM\",\"isPartOf\":{\"@id\":\"https:\/\/www.ikonorm.com\/#website\"},\"datePublished\":\"2020-04-29T20:31:13+00:00\",\"dateModified\":\"2020-05-15T17:20:39+00:00\",\"breadcrumb\":{\"@id\":\"https:\/\/www.ikonorm.com\/index.php\/quienes-somos\/#breadcrumb\"},\"inLanguage\":\"es\",\"potentialAction\":[{\"@type\":\"ReadAction\",\"target\":[\"https:\/\/www.ikonorm.com\/index.php\/quienes-somos\/\"]}]},{\"@type\":\"BreadcrumbList\",\"@id\":\"https:\/\/www.ikonorm.com\/index.php\/quienes-somos\/#breadcrumb\",\"itemListElement\":[{\"@type\":\"ListItem\",\"position\":1,\"item\":{\"@type\":\"WebPage\",\"@id\":\"https:\/\/www.ikonorm.com\/\",\"url\":\"https:\/\/www.ikonorm.com\/\",\"name\":\"Portada\"}},{\"@type\":\"ListItem\",\"position\":2,\"item\":{\"@type\":\"WebPage\",\"@id\":\"https:\/\/www.ikonorm.com\/index.php\/quienes-somos\/\",\"url\":\"https:\/\/www.ikonorm.com\/index.php\/quienes-somos\/\",\"name\":\"\\u00bfQui\\u00e9nes Somos?\"}}]}]}<\/script>\n<!-- \/ Yoast SEO plugin. -->","_links":{"self":[{"href":"https:\/\/www.ikonorm.com\/index.php\/wp-json\/wp\/v2\/pages\/25","targetHints":{"allow":["GET"]}}],"collection":[{"href":"https:\/\/www.ikonorm.com\/index.php\/wp-json\/wp\/v2\/pages"}],"about":[{"href":"https:\/\/www.ikonorm.com\/index.php\/wp-json\/wp\/v2\/types\/page"}],"author":[{"embeddable":true,"href":"https:\/\/www.ikonorm.com\/index.php\/wp-json\/wp\/v2\/users\/1"}],"replies":[{"embeddable":true,"href":"https:\/\/www.ikonorm.com\/index.php\/wp-json\/wp\/v2\/comments?post=25"}],"version-history":[{"count":0,"href":"https:\/\/www.ikonorm.com\/index.php\/wp-json\/wp\/v2\/pages\/25\/revisions"}],"wp:attachment":[{"href":"https:\/\/www.ikonorm.com\/index.php\/wp-json\/wp\/v2\/media?parent=25"}],"curies":[{"name":"wp","href":"https:\/\/api.w.org\/{rel}","templated":true}]}}